{"id":17501,"date":"2024-12-05T12:27:10","date_gmt":"2024-12-05T04:27:10","guid":{"rendered":"https:\/\/insurepart.com\/?post_type=product&#038;p=17501"},"modified":"2026-01-05T15:08:01","modified_gmt":"2026-01-05T07:08:01","slug":"high-resolution-replacement-screen-for-google-pixel-4-true-colors-brightness-for-sharp-visuals","status":"publish","type":"product","link":"https:\/\/www.dt-smart.com\/es\/producto\/high-resolution-replacement-screen-for-google-pixel-4-true-colors-brightness-for-sharp-visuals\/","title":{"rendered":"Pantalla de repuesto para Google Pixel 4: pantalla de alta resoluci\u00f3n con colores y brillo reales para im\u00e1genes n\u00edtidas; frecuencia de actualizaci\u00f3n de 90 Hz; calidad OEM; garant\u00eda de calidad; env\u00edo r\u00e1pido."},"content":{"rendered":"<p><img fetchpriority=\"high\" decoding=\"async\" class=\"size-full wp-image-15567 aligncenter\" src=\"https:\/\/insurepart.com\/wp-content\/uploads\/2024\/08\/\u4e3a\u4ec0\u4e48\u9009\u62e9\u6211\u4eec22.webp\" alt=\"\" width=\"1000\" height=\"786\" srcset=\"https:\/\/www.dt-smart.com\/wp-content\/uploads\/2024\/08\/\u4e3a\u4ec0\u4e48\u9009\u62e9\u6211\u4eec22.webp 1000w, https:\/\/www.dt-smart.com\/wp-content\/uploads\/2024\/08\/\u4e3a\u4ec0\u4e48\u9009\u62e9\u6211\u4eec22-300x236.webp 300w, https:\/\/www.dt-smart.com\/wp-content\/uploads\/2024\/08\/\u4e3a\u4ec0\u4e48\u9009\u62e9\u6211\u4eec22-150x118.webp 150w, https:\/\/www.dt-smart.com\/wp-content\/uploads\/2024\/08\/\u4e3a\u4ec0\u4e48\u9009\u62e9\u6211\u4eec22-800x629.webp 800w, https:\/\/www.dt-smart.com\/wp-content\/uploads\/2024\/08\/\u4e3a\u4ec0\u4e48\u9009\u62e9\u6211\u4eec22-768x604.webp 768w, https:\/\/www.dt-smart.com\/wp-content\/uploads\/2024\/08\/\u4e3a\u4ec0\u4e48\u9009\u62e9\u6211\u4eec22-15x12.webp 15w\" sizes=\"(max-width: 1000px) 100vw, 1000px\" \/><\/p>","protected":false},"excerpt":{"rendered":"<p><span style=\"font-size: 10pt;\">Esta pantalla de repuesto de alta resoluci\u00f3n para Google Pixel 4 ofrece im\u00e1genes n\u00edtidas con una reproducci\u00f3n de color fiel a la realidad. Est\u00e1 dise\u00f1ada para brindar un brillo mejorado, asegurando que el contenido se vea con claridad incluso bajo una iluminaci\u00f3n intensa. La precisi\u00f3n del color de esta pantalla es excelente, lo que garantiza que todas las im\u00e1genes y videos se vean vibrantes y realistas. Ya sea que uses tu tel\u00e9fono en interiores o exteriores, esta pantalla se adaptar\u00e1 a tu entorno y brindar\u00e1 una claridad y nitidez superiores. Con un mayor contraste y colores vivos, las im\u00e1genes cobran vida y la resoluci\u00f3n garantiza que todo el contenido sea n\u00edtido y f\u00e1cil de leer.<\/span><\/p>","protected":false},"featured_media":17452,"comment_status":"open","ping_status":"closed","template":"","meta":[],"product_brand":[],"product_cat":[1243,1251],"product_tag":[],"class_list":{"0":"post-17501","1":"product","2":"type-product","3":"status-publish","4":"has-post-thumbnail","6":"product_cat-google","7":"product_cat-pixel-4","9":"first","10":"instock","11":"taxable","12":"shipping-taxable","13":"purchasable","14":"product-type-simple"},"yoast_head":"<!-- This site is optimized with the Yoast SEO plugin v27.4 - https:\/\/yoast.com\/product\/yoast-seo-wordpress\/ -->\n<title>Google Pixel 4 Replacement Screen - High-Resolution Display with True Colors &amp; Brightness for Sharp Visuals - Smooth 90Hz Refresh Rate - OEM Grade - Quality Guaranteed - Fast Shipping - InsurePart<\/title>\n<meta name=\"description\" content=\"Google Pixel 4 Replacement Screen - High-Resolution Display with True Colors &amp; Brightness for Sharp Visuals - Smooth 90Hz Refresh Rate - OEM Grade - Quality Guaranteed - Fast Shipping\" \/>\n<meta name=\"robots\" content=\"index, follow, max-snippet:-1, max-image-preview:large, max-video-preview:-1\" \/>\n<link rel=\"canonical\" href=\"https:\/\/www.dt-smart.com\/es\/producto\/high-resolution-replacement-screen-for-google-pixel-4-true-colors-brightness-for-sharp-visuals\/\" \/>\n<meta property=\"og:locale\" content=\"es_ES\" \/>\n<meta property=\"og:type\" content=\"article\" \/>\n<meta property=\"og:title\" content=\"Google Pixel 4 Replacement Screen - High-Resolution Display with True Colors &amp; Brightness for Sharp Visuals - Smooth 90Hz Refresh Rate - OEM Grade - Quality Guaranteed - Fast Shipping - InsurePart\" \/>\n<meta property=\"og:description\" content=\"Google Pixel 4 Replacement Screen - High-Resolution Display with True Colors &amp; Brightness for Sharp Visuals - Smooth 90Hz Refresh Rate - OEM Grade - Quality Guaranteed - Fast Shipping\" \/>\n<meta property=\"og:url\" content=\"https:\/\/www.dt-smart.com\/es\/producto\/high-resolution-replacement-screen-for-google-pixel-4-true-colors-brightness-for-sharp-visuals\/\" \/>\n<meta property=\"og:site_name\" content=\"InsurePart\" \/>\n<meta property=\"article:publisher\" content=\"https:\/\/www.facebook.com\/anjinleeEva\" \/>\n<meta property=\"article:modified_time\" content=\"2026-01-05T07:08:01+00:00\" \/>\n<meta property=\"og:image\" content=\"https:\/\/www.dt-smart.com\/wp-content\/uploads\/2024\/12\/pix-4\u4e3b.webp\" \/>\n\t<meta property=\"og:image:width\" content=\"1000\" \/>\n\t<meta property=\"og:image:height\" content=\"1000\" \/>\n\t<meta property=\"og:image:type\" content=\"image\/webp\" \/>\n<meta name=\"twitter:card\" content=\"summary_large_image\" \/>\n<meta name=\"twitter:label1\" content=\"Tiempo de lectura\" \/>\n\t<meta name=\"twitter:data1\" content=\"1 minuto\" \/>\n<script type=\"application\/ld+json\" class=\"yoast-schema-graph\">{\"@context\":\"https:\\\/\\\/schema.org\",\"@graph\":[{\"@type\":\"WebPage\",\"@id\":\"https:\\\/\\\/www.dt-smart.com\\\/es\\\/producto\\\/high-resolution-replacement-screen-for-google-pixel-4-true-colors-brightness-for-sharp-visuals\\\/\",\"url\":\"https:\\\/\\\/www.dt-smart.com\\\/es\\\/producto\\\/high-resolution-replacement-screen-for-google-pixel-4-true-colors-brightness-for-sharp-visuals\\\/\",\"name\":\"Google Pixel 4 Replacement Screen - High-Resolution Display with True Colors & Brightness for Sharp Visuals - Smooth 90Hz Refresh Rate - OEM Grade - Quality Guaranteed - Fast Shipping - InsurePart\",\"isPartOf\":{\"@id\":\"https:\\\/\\\/www.dt-smart.com\\\/#website\"},\"primaryImageOfPage\":{\"@id\":\"https:\\\/\\\/www.dt-smart.com\\\/es\\\/producto\\\/high-resolution-replacement-screen-for-google-pixel-4-true-colors-brightness-for-sharp-visuals\\\/#primaryimage\"},\"image\":{\"@id\":\"https:\\\/\\\/www.dt-smart.com\\\/es\\\/producto\\\/high-resolution-replacement-screen-for-google-pixel-4-true-colors-brightness-for-sharp-visuals\\\/#primaryimage\"},\"thumbnailUrl\":\"https:\\\/\\\/www.dt-smart.com\\\/wp-content\\\/uploads\\\/2024\\\/12\\\/pix-4\u4e3b.webp\",\"datePublished\":\"2024-12-05T04:27:10+00:00\",\"dateModified\":\"2026-01-05T07:08:01+00:00\",\"description\":\"Google Pixel 4 Replacement Screen - High-Resolution Display with True Colors & Brightness for Sharp Visuals - Smooth 90Hz Refresh Rate - OEM Grade - Quality Guaranteed - Fast Shipping\",\"breadcrumb\":{\"@id\":\"https:\\\/\\\/www.dt-smart.com\\\/es\\\/producto\\\/high-resolution-replacement-screen-for-google-pixel-4-true-colors-brightness-for-sharp-visuals\\\/#breadcrumb\"},\"inLanguage\":\"es\",\"potentialAction\":[{\"@type\":\"ReadAction\",\"target\":[\"https:\\\/\\\/www.dt-smart.com\\\/es\\\/producto\\\/high-resolution-replacement-screen-for-google-pixel-4-true-colors-brightness-for-sharp-visuals\\\/\"]}]},{\"@type\":\"ImageObject\",\"inLanguage\":\"es\",\"@id\":\"https:\\\/\\\/www.dt-smart.com\\\/es\\\/producto\\\/high-resolution-replacement-screen-for-google-pixel-4-true-colors-brightness-for-sharp-visuals\\\/#primaryimage\",\"url\":\"https:\\\/\\\/www.dt-smart.com\\\/wp-content\\\/uploads\\\/2024\\\/12\\\/pix-4\u4e3b.webp\",\"contentUrl\":\"https:\\\/\\\/www.dt-smart.com\\\/wp-content\\\/uploads\\\/2024\\\/12\\\/pix-4\u4e3b.webp\",\"width\":1000,\"height\":1000},{\"@type\":\"BreadcrumbList\",\"@id\":\"https:\\\/\\\/www.dt-smart.com\\\/es\\\/producto\\\/high-resolution-replacement-screen-for-google-pixel-4-true-colors-brightness-for-sharp-visuals\\\/#breadcrumb\",\"itemListElement\":[{\"@type\":\"ListItem\",\"position\":1,\"name\":\"Home\",\"item\":\"https:\\\/\\\/www.dt-smart.com\\\/\"},{\"@type\":\"ListItem\",\"position\":2,\"name\":\"Product\",\"item\":\"https:\\\/\\\/www.dt-smart.com\\\/ru\\\/product\\\/\"},{\"@type\":\"ListItem\",\"position\":3,\"name\":\"Google Pixel 4 Replacement Screen &#8211; High-Resolution Display with True Colors &#038; Brightness for Sharp Visuals &#8211; Smooth 90Hz Refresh Rate &#8211; OEM Grade &#8211; Quality Guaranteed &#8211; Fast Shipping\"}]},{\"@type\":\"WebSite\",\"@id\":\"https:\\\/\\\/www.dt-smart.com\\\/#website\",\"url\":\"https:\\\/\\\/www.dt-smart.com\\\/\",\"name\":\"InsurePart\",\"description\":\"Cell Phone Repair Parts; iPhone Parts Wholesale;Samsung Parts Supplier\",\"potentialAction\":[{\"@type\":\"SearchAction\",\"target\":{\"@type\":\"EntryPoint\",\"urlTemplate\":\"https:\\\/\\\/www.dt-smart.com\\\/?s={search_term_string}\"},\"query-input\":{\"@type\":\"PropertyValueSpecification\",\"valueRequired\":true,\"valueName\":\"search_term_string\"}}],\"inLanguage\":\"es\"}]}<\/script>\n<!-- \/ Yoast SEO plugin. -->","yoast_head_json":{"title":"Google Pixel 4 Replacement Screen - High-Resolution Display with True Colors & Brightness for Sharp Visuals - Smooth 90Hz Refresh Rate - OEM Grade - Quality Guaranteed - Fast Shipping - InsurePart","description":"Google Pixel 4 Replacement Screen - High-Resolution Display with True Colors & Brightness for Sharp Visuals - Smooth 90Hz Refresh Rate - OEM Grade - Quality Guaranteed - Fast Shipping","robots":{"index":"index","follow":"follow","max-snippet":"max-snippet:-1","max-image-preview":"max-image-preview:large","max-video-preview":"max-video-preview:-1"},"canonical":"https:\/\/www.dt-smart.com\/es\/producto\/high-resolution-replacement-screen-for-google-pixel-4-true-colors-brightness-for-sharp-visuals\/","og_locale":"es_ES","og_type":"article","og_title":"Google Pixel 4 Replacement Screen - High-Resolution Display with True Colors & Brightness for Sharp Visuals - Smooth 90Hz Refresh Rate - OEM Grade - Quality Guaranteed - Fast Shipping - InsurePart","og_description":"Google Pixel 4 Replacement Screen - High-Resolution Display with True Colors & Brightness for Sharp Visuals - Smooth 90Hz Refresh Rate - OEM Grade - Quality Guaranteed - Fast Shipping","og_url":"https:\/\/www.dt-smart.com\/es\/producto\/high-resolution-replacement-screen-for-google-pixel-4-true-colors-brightness-for-sharp-visuals\/","og_site_name":"InsurePart","article_publisher":"https:\/\/www.facebook.com\/anjinleeEva","article_modified_time":"2026-01-05T07:08:01+00:00","og_image":[{"width":1000,"height":1000,"url":"https:\/\/www.dt-smart.com\/wp-content\/uploads\/2024\/12\/pix-4\u4e3b.webp","type":"image\/webp"}],"twitter_card":"summary_large_image","twitter_misc":{"Tiempo de lectura":"1 minuto"},"schema":{"@context":"https:\/\/schema.org","@graph":[{"@type":"WebPage","@id":"https:\/\/www.dt-smart.com\/es\/producto\/high-resolution-replacement-screen-for-google-pixel-4-true-colors-brightness-for-sharp-visuals\/","url":"https:\/\/www.dt-smart.com\/es\/producto\/high-resolution-replacement-screen-for-google-pixel-4-true-colors-brightness-for-sharp-visuals\/","name":"Google Pixel 4 Replacement Screen - High-Resolution Display with True Colors & Brightness for Sharp Visuals - Smooth 90Hz Refresh Rate - OEM Grade - Quality Guaranteed - Fast Shipping - InsurePart","isPartOf":{"@id":"https:\/\/www.dt-smart.com\/#website"},"primaryImageOfPage":{"@id":"https:\/\/www.dt-smart.com\/es\/producto\/high-resolution-replacement-screen-for-google-pixel-4-true-colors-brightness-for-sharp-visuals\/#primaryimage"},"image":{"@id":"https:\/\/www.dt-smart.com\/es\/producto\/high-resolution-replacement-screen-for-google-pixel-4-true-colors-brightness-for-sharp-visuals\/#primaryimage"},"thumbnailUrl":"https:\/\/www.dt-smart.com\/wp-content\/uploads\/2024\/12\/pix-4\u4e3b.webp","datePublished":"2024-12-05T04:27:10+00:00","dateModified":"2026-01-05T07:08:01+00:00","description":"Google Pixel 4 Replacement Screen - High-Resolution Display with True Colors & Brightness for Sharp Visuals - Smooth 90Hz Refresh Rate - OEM Grade - Quality Guaranteed - Fast Shipping","breadcrumb":{"@id":"https:\/\/www.dt-smart.com\/es\/producto\/high-resolution-replacement-screen-for-google-pixel-4-true-colors-brightness-for-sharp-visuals\/#breadcrumb"},"inLanguage":"es","potentialAction":[{"@type":"ReadAction","target":["https:\/\/www.dt-smart.com\/es\/producto\/high-resolution-replacement-screen-for-google-pixel-4-true-colors-brightness-for-sharp-visuals\/"]}]},{"@type":"ImageObject","inLanguage":"es","@id":"https:\/\/www.dt-smart.com\/es\/producto\/high-resolution-replacement-screen-for-google-pixel-4-true-colors-brightness-for-sharp-visuals\/#primaryimage","url":"https:\/\/www.dt-smart.com\/wp-content\/uploads\/2024\/12\/pix-4\u4e3b.webp","contentUrl":"https:\/\/www.dt-smart.com\/wp-content\/uploads\/2024\/12\/pix-4\u4e3b.webp","width":1000,"height":1000},{"@type":"BreadcrumbList","@id":"https:\/\/www.dt-smart.com\/es\/producto\/high-resolution-replacement-screen-for-google-pixel-4-true-colors-brightness-for-sharp-visuals\/#breadcrumb","itemListElement":[{"@type":"ListItem","position":1,"name":"Home","item":"https:\/\/www.dt-smart.com\/"},{"@type":"ListItem","position":2,"name":"Product","item":"https:\/\/www.dt-smart.com\/ru\/product\/"},{"@type":"ListItem","position":3,"name":"Google Pixel 4 Replacement Screen &#8211; High-Resolution Display with True Colors &#038; Brightness for Sharp Visuals &#8211; Smooth 90Hz Refresh Rate &#8211; OEM Grade &#8211; Quality Guaranteed &#8211; Fast Shipping"}]},{"@type":"WebSite","@id":"https:\/\/www.dt-smart.com\/#website","url":"https:\/\/www.dt-smart.com\/","name":"Asegurar parte","description":"Repuestos para celulares; Venta al por mayor de repuestos para iPhone; Proveedor de repuestos para Samsung","potentialAction":[{"@type":"SearchAction","target":{"@type":"EntryPoint","urlTemplate":"https:\/\/www.dt-smart.com\/?s={search_term_string}"},"query-input":{"@type":"PropertyValueSpecification","valueRequired":true,"valueName":"search_term_string"}}],"inLanguage":"es"}]}},"_links":{"self":[{"href":"https:\/\/www.dt-smart.com\/es\/wp-json\/wp\/v2\/product\/17501","targetHints":{"allow":["GET"]}}],"collection":[{"href":"https:\/\/www.dt-smart.com\/es\/wp-json\/wp\/v2\/product"}],"about":[{"href":"https:\/\/www.dt-smart.com\/es\/wp-json\/wp\/v2\/types\/product"}],"replies":[{"embeddable":true,"href":"https:\/\/www.dt-smart.com\/es\/wp-json\/wp\/v2\/comments?post=17501"}],"version-history":[{"count":3,"href":"https:\/\/www.dt-smart.com\/es\/wp-json\/wp\/v2\/product\/17501\/revisions"}],"predecessor-version":[{"id":24130,"href":"https:\/\/www.dt-smart.com\/es\/wp-json\/wp\/v2\/product\/17501\/revisions\/24130"}],"wp:featuredmedia":[{"embeddable":true,"href":"https:\/\/www.dt-smart.com\/es\/wp-json\/wp\/v2\/media\/17452"}],"wp:attachment":[{"href":"https:\/\/www.dt-smart.com\/es\/wp-json\/wp\/v2\/media?parent=17501"}],"wp:term":[{"taxonomy":"product_brand","embeddable":true,"href":"https:\/\/www.dt-smart.com\/es\/wp-json\/wp\/v2\/product_brand?post=17501"},{"taxonomy":"product_cat","embeddable":true,"href":"https:\/\/www.dt-smart.com\/es\/wp-json\/wp\/v2\/product_cat?post=17501"},{"taxonomy":"product_tag","embeddable":true,"href":"https:\/\/www.dt-smart.com\/es\/wp-json\/wp\/v2\/product_tag?post=17501"}],"curies":[{"name":"wp","href":"https:\/\/api.w.org\/{rel}","templated":true}]}}