{"id":17974,"date":"2024-12-27T16:03:40","date_gmt":"2024-12-27T08:03:40","guid":{"rendered":"https:\/\/www.insurepart.com\/?post_type=product&#038;p=17974"},"modified":"2026-01-09T14:58:13","modified_gmt":"2026-01-09T06:58:13","slug":"samsung-a7a710-2016-display-super-amoled-full-hd-screen-with-rich-colors-and-exceptional-clarity","status":"publish","type":"product","link":"https:\/\/www.dt-smart.com\/es\/producto\/samsung-a7a710-2016-display-super-amoled-full-hd-screen-with-rich-colors-and-exceptional-clarity\/","title":{"rendered":"Pantalla de repuesto para Samsung Galaxy A7 (2016) \u2013 Pantalla Super AMOLED Full HD \u2013 Calidad original y de paquete de servicio \u2013 Colores intensos y claridad excepcional \u2013 Env\u00edo r\u00e1pido"},"content":{"rendered":"","protected":false},"excerpt":{"rendered":"<p><span style=\"font-size: 10pt;\">El Samsung A7 (2016) cuenta con una pantalla Super AMOLED Full HD de 5,5 pulgadas que ofrece colores vibrantes y un contraste profundo para una experiencia visual inmersiva. Su resoluci\u00f3n de 1080 x 1920 garantiza im\u00e1genes n\u00edtidas y claras, ideales para ver pel\u00edculas, jugar videojuegos o navegar por internet. La tecnolog\u00eda Super AMOLED ofrece colores intensos y realistas, con negros profundos que realzan la belleza del contenido. El cristal Corning Gorilla Glass 4 protege la pantalla, para que puedas disfrutarla sin preocuparte por ara\u00f1azos o el desgaste diario.<\/span><\/p>","protected":false},"featured_media":17970,"comment_status":"open","ping_status":"closed","template":"","meta":[],"product_brand":[],"product_cat":[49,357,1020],"product_tag":[],"class_list":{"0":"post-17974","1":"product","2":"type-product","3":"status-publish","4":"has-post-thumbnail","6":"product_cat-a-series","7":"product_cat-a7-a710-2016","8":"product_cat-all-a-series-lcd","10":"first","11":"instock","12":"taxable","13":"shipping-taxable","14":"purchasable","15":"product-type-simple"},"yoast_head":"<!-- This site is optimized with the Yoast SEO plugin v27.4 - https:\/\/yoast.com\/product\/yoast-seo-wordpress\/ -->\n<title>Samsung Galaxy A7 (2016) Display Replacement - Super AMOLED Full HD Screen - Original &amp; Service Pack Quality - Rich Colors &amp; Exceptional Clarity - Fast Shipping - InsurePart<\/title>\n<meta name=\"description\" content=\"Samsung Galaxy A7 (2016) Display Replacement - Super AMOLED Full HD Screen - Original &amp; Service Pack Quality - Rich Colors &amp; Exceptional Clarity - Fast Shipping\" \/>\n<meta name=\"robots\" content=\"index, follow, max-snippet:-1, max-image-preview:large, max-video-preview:-1\" \/>\n<link rel=\"canonical\" href=\"https:\/\/www.dt-smart.com\/es\/produkt\/samsung-a7a710-2016-display-super-amoled-full-hd-screen-with-rich-colors-and-exceptional-clarity\/\" \/>\n<meta property=\"og:locale\" content=\"es_ES\" \/>\n<meta property=\"og:type\" content=\"article\" \/>\n<meta property=\"og:title\" content=\"Samsung Galaxy A7 (2016) Display Replacement - Super AMOLED Full HD Screen - Original &amp; Service Pack Quality - Rich Colors &amp; Exceptional Clarity - Fast Shipping - InsurePart\" \/>\n<meta property=\"og:description\" content=\"Samsung Galaxy A7 (2016) Display Replacement - Super AMOLED Full HD Screen - Original &amp; Service Pack Quality - Rich Colors &amp; Exceptional Clarity - Fast Shipping\" \/>\n<meta property=\"og:url\" content=\"https:\/\/www.dt-smart.com\/es\/produkt\/samsung-a7a710-2016-display-super-amoled-full-hd-screen-with-rich-colors-and-exceptional-clarity\/\" \/>\n<meta property=\"og:site_name\" content=\"InsurePart\" \/>\n<meta property=\"article:publisher\" content=\"https:\/\/www.facebook.com\/anjinleeEva\" \/>\n<meta property=\"article:modified_time\" content=\"2026-01-09T06:58:13+00:00\" \/>\n<meta property=\"og:image\" content=\"https:\/\/www.dt-smart.com\/wp-content\/uploads\/2024\/12\/A7\u4e3b1.webp\" \/>\n\t<meta property=\"og:image:width\" content=\"800\" \/>\n\t<meta property=\"og:image:height\" content=\"800\" \/>\n\t<meta property=\"og:image:type\" content=\"image\/webp\" \/>\n<meta name=\"twitter:card\" content=\"summary_large_image\" \/>\n<meta name=\"twitter:label1\" content=\"Tiempo de lectura\" \/>\n\t<meta name=\"twitter:data1\" content=\"1 minuto\" \/>\n<script type=\"application\/ld+json\" class=\"yoast-schema-graph\">{\"@context\":\"https:\\\/\\\/schema.org\",\"@graph\":[{\"@type\":\"WebPage\",\"@id\":\"https:\\\/\\\/www.dt-smart.com\\\/de\\\/produkt\\\/samsung-a7a710-2016-display-super-amoled-full-hd-screen-with-rich-colors-and-exceptional-clarity\\\/\",\"url\":\"https:\\\/\\\/www.dt-smart.com\\\/de\\\/produkt\\\/samsung-a7a710-2016-display-super-amoled-full-hd-screen-with-rich-colors-and-exceptional-clarity\\\/\",\"name\":\"Samsung Galaxy A7 (2016) Display Replacement - Super AMOLED Full HD Screen - Original & Service Pack Quality - Rich Colors & Exceptional Clarity - Fast Shipping - InsurePart\",\"isPartOf\":{\"@id\":\"https:\\\/\\\/www.dt-smart.com\\\/#website\"},\"primaryImageOfPage\":{\"@id\":\"https:\\\/\\\/www.dt-smart.com\\\/de\\\/produkt\\\/samsung-a7a710-2016-display-super-amoled-full-hd-screen-with-rich-colors-and-exceptional-clarity\\\/#primaryimage\"},\"image\":{\"@id\":\"https:\\\/\\\/www.dt-smart.com\\\/de\\\/produkt\\\/samsung-a7a710-2016-display-super-amoled-full-hd-screen-with-rich-colors-and-exceptional-clarity\\\/#primaryimage\"},\"thumbnailUrl\":\"https:\\\/\\\/www.dt-smart.com\\\/wp-content\\\/uploads\\\/2024\\\/12\\\/A7\u4e3b1.webp\",\"datePublished\":\"2024-12-27T08:03:40+00:00\",\"dateModified\":\"2026-01-09T06:58:13+00:00\",\"description\":\"Samsung Galaxy A7 (2016) Display Replacement - Super AMOLED Full HD Screen - Original & Service Pack Quality - Rich Colors & Exceptional Clarity - Fast Shipping\",\"breadcrumb\":{\"@id\":\"https:\\\/\\\/www.dt-smart.com\\\/de\\\/produkt\\\/samsung-a7a710-2016-display-super-amoled-full-hd-screen-with-rich-colors-and-exceptional-clarity\\\/#breadcrumb\"},\"inLanguage\":\"es\",\"potentialAction\":[{\"@type\":\"ReadAction\",\"target\":[\"https:\\\/\\\/www.dt-smart.com\\\/de\\\/produkt\\\/samsung-a7a710-2016-display-super-amoled-full-hd-screen-with-rich-colors-and-exceptional-clarity\\\/\"]}]},{\"@type\":\"ImageObject\",\"inLanguage\":\"es\",\"@id\":\"https:\\\/\\\/www.dt-smart.com\\\/de\\\/produkt\\\/samsung-a7a710-2016-display-super-amoled-full-hd-screen-with-rich-colors-and-exceptional-clarity\\\/#primaryimage\",\"url\":\"https:\\\/\\\/www.dt-smart.com\\\/wp-content\\\/uploads\\\/2024\\\/12\\\/A7\u4e3b1.webp\",\"contentUrl\":\"https:\\\/\\\/www.dt-smart.com\\\/wp-content\\\/uploads\\\/2024\\\/12\\\/A7\u4e3b1.webp\",\"width\":800,\"height\":800},{\"@type\":\"BreadcrumbList\",\"@id\":\"https:\\\/\\\/www.dt-smart.com\\\/de\\\/produkt\\\/samsung-a7a710-2016-display-super-amoled-full-hd-screen-with-rich-colors-and-exceptional-clarity\\\/#breadcrumb\",\"itemListElement\":[{\"@type\":\"ListItem\",\"position\":1,\"name\":\"Home\",\"item\":\"https:\\\/\\\/www.dt-smart.com\\\/\"},{\"@type\":\"ListItem\",\"position\":2,\"name\":\"Product\",\"item\":\"https:\\\/\\\/www.dt-smart.com\\\/ru\\\/product\\\/\"},{\"@type\":\"ListItem\",\"position\":3,\"name\":\"Samsung Galaxy A7 (2016) Display Replacement &#8211; Super AMOLED Full HD Screen &#8211; Original &#038; Service Pack Quality &#8211; Rich Colors &#038; Exceptional Clarity &#8211; Fast Shipping\"}]},{\"@type\":\"WebSite\",\"@id\":\"https:\\\/\\\/www.dt-smart.com\\\/#website\",\"url\":\"https:\\\/\\\/www.dt-smart.com\\\/\",\"name\":\"InsurePart\",\"description\":\"Cell Phone Repair Parts; iPhone Parts Wholesale;Samsung Parts Supplier\",\"potentialAction\":[{\"@type\":\"SearchAction\",\"target\":{\"@type\":\"EntryPoint\",\"urlTemplate\":\"https:\\\/\\\/www.dt-smart.com\\\/?s={search_term_string}\"},\"query-input\":{\"@type\":\"PropertyValueSpecification\",\"valueRequired\":true,\"valueName\":\"search_term_string\"}}],\"inLanguage\":\"es\"}]}<\/script>\n<!-- \/ Yoast SEO plugin. -->","yoast_head_json":{"title":"Samsung Galaxy A7 (2016) Display Replacement - Super AMOLED Full HD Screen - Original & Service Pack Quality - Rich Colors & Exceptional Clarity - Fast Shipping - InsurePart","description":"Samsung Galaxy A7 (2016) Display Replacement - Super AMOLED Full HD Screen - Original & Service Pack Quality - Rich Colors & Exceptional Clarity - Fast Shipping","robots":{"index":"index","follow":"follow","max-snippet":"max-snippet:-1","max-image-preview":"max-image-preview:large","max-video-preview":"max-video-preview:-1"},"canonical":"https:\/\/www.dt-smart.com\/es\/produkt\/samsung-a7a710-2016-display-super-amoled-full-hd-screen-with-rich-colors-and-exceptional-clarity\/","og_locale":"es_ES","og_type":"article","og_title":"Samsung Galaxy A7 (2016) Display Replacement - Super AMOLED Full HD Screen - Original & Service Pack Quality - Rich Colors & Exceptional Clarity - Fast Shipping - InsurePart","og_description":"Samsung Galaxy A7 (2016) Display Replacement - Super AMOLED Full HD Screen - Original & Service Pack Quality - Rich Colors & Exceptional Clarity - Fast Shipping","og_url":"https:\/\/www.dt-smart.com\/es\/produkt\/samsung-a7a710-2016-display-super-amoled-full-hd-screen-with-rich-colors-and-exceptional-clarity\/","og_site_name":"InsurePart","article_publisher":"https:\/\/www.facebook.com\/anjinleeEva","article_modified_time":"2026-01-09T06:58:13+00:00","og_image":[{"width":800,"height":800,"url":"https:\/\/www.dt-smart.com\/wp-content\/uploads\/2024\/12\/A7\u4e3b1.webp","type":"image\/webp"}],"twitter_card":"summary_large_image","twitter_misc":{"Tiempo de lectura":"1 minuto"},"schema":{"@context":"https:\/\/schema.org","@graph":[{"@type":"WebPage","@id":"https:\/\/www.dt-smart.com\/de\/produkt\/samsung-a7a710-2016-display-super-amoled-full-hd-screen-with-rich-colors-and-exceptional-clarity\/","url":"https:\/\/www.dt-smart.com\/de\/produkt\/samsung-a7a710-2016-display-super-amoled-full-hd-screen-with-rich-colors-and-exceptional-clarity\/","name":"Samsung Galaxy A7 (2016) Display Replacement - Super AMOLED Full HD Screen - Original & Service Pack Quality - Rich Colors & Exceptional Clarity - Fast Shipping - InsurePart","isPartOf":{"@id":"https:\/\/www.dt-smart.com\/#website"},"primaryImageOfPage":{"@id":"https:\/\/www.dt-smart.com\/de\/produkt\/samsung-a7a710-2016-display-super-amoled-full-hd-screen-with-rich-colors-and-exceptional-clarity\/#primaryimage"},"image":{"@id":"https:\/\/www.dt-smart.com\/de\/produkt\/samsung-a7a710-2016-display-super-amoled-full-hd-screen-with-rich-colors-and-exceptional-clarity\/#primaryimage"},"thumbnailUrl":"https:\/\/www.dt-smart.com\/wp-content\/uploads\/2024\/12\/A7\u4e3b1.webp","datePublished":"2024-12-27T08:03:40+00:00","dateModified":"2026-01-09T06:58:13+00:00","description":"Samsung Galaxy A7 (2016) Display Replacement - Super AMOLED Full HD Screen - Original & Service Pack Quality - Rich Colors & Exceptional Clarity - Fast Shipping","breadcrumb":{"@id":"https:\/\/www.dt-smart.com\/de\/produkt\/samsung-a7a710-2016-display-super-amoled-full-hd-screen-with-rich-colors-and-exceptional-clarity\/#breadcrumb"},"inLanguage":"es","potentialAction":[{"@type":"ReadAction","target":["https:\/\/www.dt-smart.com\/de\/produkt\/samsung-a7a710-2016-display-super-amoled-full-hd-screen-with-rich-colors-and-exceptional-clarity\/"]}]},{"@type":"ImageObject","inLanguage":"es","@id":"https:\/\/www.dt-smart.com\/de\/produkt\/samsung-a7a710-2016-display-super-amoled-full-hd-screen-with-rich-colors-and-exceptional-clarity\/#primaryimage","url":"https:\/\/www.dt-smart.com\/wp-content\/uploads\/2024\/12\/A7\u4e3b1.webp","contentUrl":"https:\/\/www.dt-smart.com\/wp-content\/uploads\/2024\/12\/A7\u4e3b1.webp","width":800,"height":800},{"@type":"BreadcrumbList","@id":"https:\/\/www.dt-smart.com\/de\/produkt\/samsung-a7a710-2016-display-super-amoled-full-hd-screen-with-rich-colors-and-exceptional-clarity\/#breadcrumb","itemListElement":[{"@type":"ListItem","position":1,"name":"Home","item":"https:\/\/www.dt-smart.com\/"},{"@type":"ListItem","position":2,"name":"Product","item":"https:\/\/www.dt-smart.com\/ru\/product\/"},{"@type":"ListItem","position":3,"name":"Samsung Galaxy A7 (2016) Display Replacement &#8211; Super AMOLED Full HD Screen &#8211; Original &#038; Service Pack Quality &#8211; Rich Colors &#038; Exceptional Clarity &#8211; Fast Shipping"}]},{"@type":"WebSite","@id":"https:\/\/www.dt-smart.com\/#website","url":"https:\/\/www.dt-smart.com\/","name":"Asegurar parte","description":"Repuestos para celulares; Venta al por mayor de repuestos para iPhone; Proveedor de repuestos para Samsung","potentialAction":[{"@type":"SearchAction","target":{"@type":"EntryPoint","urlTemplate":"https:\/\/www.dt-smart.com\/?s={search_term_string}"},"query-input":{"@type":"PropertyValueSpecification","valueRequired":true,"valueName":"search_term_string"}}],"inLanguage":"es"}]}},"_links":{"self":[{"href":"https:\/\/www.dt-smart.com\/es\/wp-json\/wp\/v2\/product\/17974","targetHints":{"allow":["GET"]}}],"collection":[{"href":"https:\/\/www.dt-smart.com\/es\/wp-json\/wp\/v2\/product"}],"about":[{"href":"https:\/\/www.dt-smart.com\/es\/wp-json\/wp\/v2\/types\/product"}],"replies":[{"embeddable":true,"href":"https:\/\/www.dt-smart.com\/es\/wp-json\/wp\/v2\/comments?post=17974"}],"version-history":[{"count":4,"href":"https:\/\/www.dt-smart.com\/es\/wp-json\/wp\/v2\/product\/17974\/revisions"}],"predecessor-version":[{"id":24510,"href":"https:\/\/www.dt-smart.com\/es\/wp-json\/wp\/v2\/product\/17974\/revisions\/24510"}],"wp:featuredmedia":[{"embeddable":true,"href":"https:\/\/www.dt-smart.com\/es\/wp-json\/wp\/v2\/media\/17970"}],"wp:attachment":[{"href":"https:\/\/www.dt-smart.com\/es\/wp-json\/wp\/v2\/media?parent=17974"}],"wp:term":[{"taxonomy":"product_brand","embeddable":true,"href":"https:\/\/www.dt-smart.com\/es\/wp-json\/wp\/v2\/product_brand?post=17974"},{"taxonomy":"product_cat","embeddable":true,"href":"https:\/\/www.dt-smart.com\/es\/wp-json\/wp\/v2\/product_cat?post=17974"},{"taxonomy":"product_tag","embeddable":true,"href":"https:\/\/www.dt-smart.com\/es\/wp-json\/wp\/v2\/product_tag?post=17974"}],"curies":[{"name":"wp","href":"https:\/\/api.w.org\/{rel}","templated":true}]}}