{"id":18044,"date":"2024-12-30T11:54:27","date_gmt":"2024-12-30T03:54:27","guid":{"rendered":"https:\/\/www.insurepart.com\/?post_type=product&#038;p=18044"},"modified":"2026-01-09T16:41:47","modified_gmt":"2026-01-09T08:41:47","slug":"premium-hd-screen-replacement-for-samsung-a50-a510-2016-restore-vibrant-color-and-clarity","status":"publish","type":"product","link":"https:\/\/www.dt-smart.com\/es\/producto\/premium-hd-screen-replacement-for-samsung-a50-a510-2016-restore-vibrant-color-and-clarity\/","title":{"rendered":"Reemplazo de pantalla HD para Samsung Galaxy A50 (A510\/2016): restaura colores vibrantes y claridad. Calidad original y con servicio t\u00e9cnico. Garant\u00eda de calidad. Env\u00edo r\u00e1pido."},"content":{"rendered":"<p><img fetchpriority=\"high\" decoding=\"async\" class=\"size-full wp-image-6141 aligncenter\" src=\"https:\/\/www.insurepart.com\/wp-content\/uploads\/2023\/11\/\u4e3a\u4ec0\u4e48\u9009\u62e9\u6211\u4eec1-1.jpg\" alt=\"\" width=\"1000\" height=\"786\" srcset=\"https:\/\/www.dt-smart.com\/wp-content\/uploads\/2023\/11\/\u4e3a\u4ec0\u4e48\u9009\u62e9\u6211\u4eec1-1.jpg 1000w, https:\/\/www.dt-smart.com\/wp-content\/uploads\/2023\/11\/\u4e3a\u4ec0\u4e48\u9009\u62e9\u6211\u4eec1-1-300x236.jpg 300w, https:\/\/www.dt-smart.com\/wp-content\/uploads\/2023\/11\/\u4e3a\u4ec0\u4e48\u9009\u62e9\u6211\u4eec1-1-150x118.jpg 150w, https:\/\/www.dt-smart.com\/wp-content\/uploads\/2023\/11\/\u4e3a\u4ec0\u4e48\u9009\u62e9\u6211\u4eec1-1-800x629.jpg 800w, https:\/\/www.dt-smart.com\/wp-content\/uploads\/2023\/11\/\u4e3a\u4ec0\u4e48\u9009\u62e9\u6211\u4eec1-1-768x604.jpg 768w, https:\/\/www.dt-smart.com\/wp-content\/uploads\/2023\/11\/\u4e3a\u4ec0\u4e48\u9009\u62e9\u6211\u4eec1-1-15x12.jpg 15w\" sizes=\"(max-width: 1000px) 100vw, 1000px\" \/><\/p>","protected":false},"excerpt":{"rendered":"<p><span style=\"font-size: 10pt;\">Revive your Samsung A50 (A510\/2016) with this high-quality screen replacement that combines exceptional color accuracy with optimal screen brightness. Featuring a high-definition resolution and responsive touch sensitivity, it ensures smooth and precise touch interactions for all your apps and games. The AMOLED technology enhances the contrast ratio, offering rich blacks and bright whites that are easy on the eyes. This durable screen resists scratches, making it perfect for daily use. A reliable, easy-to-install solution, it restores your A50 to its original performance, making your device look and feel like new.<\/span><\/p>","protected":false},"featured_media":17838,"comment_status":"open","ping_status":"closed","template":"","meta":[],"product_brand":[],"product_cat":[49,345,1020],"product_tag":[],"class_list":{"0":"post-18044","1":"product","2":"type-product","3":"status-publish","4":"has-post-thumbnail","6":"product_cat-a-series","7":"product_cat-a50-a505-2019","8":"product_cat-all-a-series-lcd","10":"first","11":"instock","12":"taxable","13":"shipping-taxable","14":"purchasable","15":"product-type-variable"},"yoast_head":"<!-- This site is optimized with the Yoast SEO plugin v27.4 - https:\/\/yoast.com\/product\/yoast-seo-wordpress\/ -->\n<title>Samsung Galaxy A50 (A510\/2016) HD Screen Replacement - Restore Vibrant Color &amp; Clarity - Original &amp; Service Pack Quality - Quality Guaranteed - Fast Shipping - InsurePart<\/title>\n<meta name=\"description\" content=\"Samsung Galaxy A50 (A510\/2016) HD Screen Replacement - Restore Vibrant Color &amp; Clarity - Original &amp; Service Pack Quality - Quality Guaranteed - Fast Shipping\" \/>\n<meta name=\"robots\" content=\"index, follow, max-snippet:-1, max-image-preview:large, max-video-preview:-1\" \/>\n<link rel=\"canonical\" href=\"https:\/\/www.dt-smart.com\/es\/producto\/premium-hd-screen-replacement-for-samsung-a50-a510-2016-restore-vibrant-color-and-clarity\/\" \/>\n<meta property=\"og:locale\" content=\"es_ES\" \/>\n<meta property=\"og:type\" content=\"article\" \/>\n<meta property=\"og:title\" content=\"Samsung Galaxy A50 (A510\/2016) HD Screen Replacement - Restore Vibrant Color &amp; Clarity - Original &amp; Service Pack Quality - Quality Guaranteed - Fast Shipping - InsurePart\" \/>\n<meta property=\"og:description\" content=\"Samsung Galaxy A50 (A510\/2016) HD Screen Replacement - Restore Vibrant Color &amp; Clarity - Original &amp; Service Pack Quality - Quality Guaranteed - Fast Shipping\" \/>\n<meta property=\"og:url\" content=\"https:\/\/www.dt-smart.com\/es\/producto\/premium-hd-screen-replacement-for-samsung-a50-a510-2016-restore-vibrant-color-and-clarity\/\" \/>\n<meta property=\"og:site_name\" content=\"InsurePart\" \/>\n<meta property=\"article:publisher\" content=\"https:\/\/www.facebook.com\/anjinleeEva\" \/>\n<meta property=\"article:modified_time\" content=\"2026-01-09T08:41:47+00:00\" \/>\n<meta property=\"og:image\" content=\"https:\/\/www.dt-smart.com\/wp-content\/uploads\/2024\/12\/A50\u4e3b.webp\" \/>\n\t<meta property=\"og:image:width\" content=\"800\" \/>\n\t<meta property=\"og:image:height\" content=\"800\" \/>\n\t<meta property=\"og:image:type\" content=\"image\/webp\" \/>\n<meta name=\"twitter:card\" content=\"summary_large_image\" \/>\n<meta name=\"twitter:label1\" content=\"Tiempo de lectura\" \/>\n\t<meta name=\"twitter:data1\" content=\"1 minuto\" \/>\n<script type=\"application\/ld+json\" class=\"yoast-schema-graph\">{\"@context\":\"https:\\\/\\\/schema.org\",\"@graph\":[{\"@type\":\"WebPage\",\"@id\":\"https:\\\/\\\/www.dt-smart.com\\\/product\\\/premium-hd-screen-replacement-for-samsung-a50-a510-2016-restore-vibrant-color-and-clarity\\\/\",\"url\":\"https:\\\/\\\/www.dt-smart.com\\\/product\\\/premium-hd-screen-replacement-for-samsung-a50-a510-2016-restore-vibrant-color-and-clarity\\\/\",\"name\":\"Samsung Galaxy A50 (A510\\\/2016) HD Screen Replacement - Restore Vibrant Color & Clarity - Original & Service Pack Quality - Quality Guaranteed - Fast Shipping - InsurePart\",\"isPartOf\":{\"@id\":\"https:\\\/\\\/www.dt-smart.com\\\/#website\"},\"primaryImageOfPage\":{\"@id\":\"https:\\\/\\\/www.dt-smart.com\\\/product\\\/premium-hd-screen-replacement-for-samsung-a50-a510-2016-restore-vibrant-color-and-clarity\\\/#primaryimage\"},\"image\":{\"@id\":\"https:\\\/\\\/www.dt-smart.com\\\/product\\\/premium-hd-screen-replacement-for-samsung-a50-a510-2016-restore-vibrant-color-and-clarity\\\/#primaryimage\"},\"thumbnailUrl\":\"https:\\\/\\\/www.dt-smart.com\\\/wp-content\\\/uploads\\\/2024\\\/12\\\/A50\u4e3b.webp\",\"datePublished\":\"2024-12-30T03:54:27+00:00\",\"dateModified\":\"2026-01-09T08:41:47+00:00\",\"description\":\"Samsung Galaxy A50 (A510\\\/2016) HD Screen Replacement - Restore Vibrant Color & Clarity - Original & Service Pack Quality - Quality Guaranteed - Fast Shipping\",\"breadcrumb\":{\"@id\":\"https:\\\/\\\/www.dt-smart.com\\\/product\\\/premium-hd-screen-replacement-for-samsung-a50-a510-2016-restore-vibrant-color-and-clarity\\\/#breadcrumb\"},\"inLanguage\":\"es\",\"potentialAction\":[{\"@type\":\"ReadAction\",\"target\":[\"https:\\\/\\\/www.dt-smart.com\\\/product\\\/premium-hd-screen-replacement-for-samsung-a50-a510-2016-restore-vibrant-color-and-clarity\\\/\"]}]},{\"@type\":\"ImageObject\",\"inLanguage\":\"es\",\"@id\":\"https:\\\/\\\/www.dt-smart.com\\\/product\\\/premium-hd-screen-replacement-for-samsung-a50-a510-2016-restore-vibrant-color-and-clarity\\\/#primaryimage\",\"url\":\"https:\\\/\\\/www.dt-smart.com\\\/wp-content\\\/uploads\\\/2024\\\/12\\\/A50\u4e3b.webp\",\"contentUrl\":\"https:\\\/\\\/www.dt-smart.com\\\/wp-content\\\/uploads\\\/2024\\\/12\\\/A50\u4e3b.webp\",\"width\":800,\"height\":800},{\"@type\":\"BreadcrumbList\",\"@id\":\"https:\\\/\\\/www.dt-smart.com\\\/product\\\/premium-hd-screen-replacement-for-samsung-a50-a510-2016-restore-vibrant-color-and-clarity\\\/#breadcrumb\",\"itemListElement\":[{\"@type\":\"ListItem\",\"position\":1,\"name\":\"Home\",\"item\":\"https:\\\/\\\/www.dt-smart.com\\\/\"},{\"@type\":\"ListItem\",\"position\":2,\"name\":\"Product\",\"item\":\"https:\\\/\\\/www.dt-smart.com\\\/ru\\\/product\\\/\"},{\"@type\":\"ListItem\",\"position\":3,\"name\":\"Samsung Galaxy A50 (A510\\\/2016) HD Screen Replacement &#8211; Restore Vibrant Color &#038; Clarity &#8211; Original &#038; Service Pack Quality &#8211; Quality Guaranteed &#8211; Fast Shipping\"}]},{\"@type\":\"WebSite\",\"@id\":\"https:\\\/\\\/www.dt-smart.com\\\/#website\",\"url\":\"https:\\\/\\\/www.dt-smart.com\\\/\",\"name\":\"InsurePart\",\"description\":\"Cell Phone Repair Parts; iPhone Parts Wholesale;Samsung Parts Supplier\",\"potentialAction\":[{\"@type\":\"SearchAction\",\"target\":{\"@type\":\"EntryPoint\",\"urlTemplate\":\"https:\\\/\\\/www.dt-smart.com\\\/?s={search_term_string}\"},\"query-input\":{\"@type\":\"PropertyValueSpecification\",\"valueRequired\":true,\"valueName\":\"search_term_string\"}}],\"inLanguage\":\"es\"}]}<\/script>\n<!-- \/ Yoast SEO plugin. -->","yoast_head_json":{"title":"Samsung Galaxy A50 (A510\/2016) HD Screen Replacement - Restore Vibrant Color & Clarity - Original & Service Pack Quality - Quality Guaranteed - Fast Shipping - InsurePart","description":"Pantalla HD de repuesto para Samsung Galaxy A50 (A510\/2016) - Restaura colores vibrantes y claridad - Calidad original y de paquete de servicio - Calidad garantizada - Env\u00edo r\u00e1pido","robots":{"index":"index","follow":"follow","max-snippet":"max-snippet:-1","max-image-preview":"max-image-preview:large","max-video-preview":"max-video-preview:-1"},"canonical":"https:\/\/www.dt-smart.com\/es\/producto\/premium-hd-screen-replacement-for-samsung-a50-a510-2016-restore-vibrant-color-and-clarity\/","og_locale":"es_ES","og_type":"article","og_title":"Samsung Galaxy A50 (A510\/2016) HD Screen Replacement - Restore Vibrant Color & Clarity - Original & Service Pack Quality - Quality Guaranteed - Fast Shipping - InsurePart","og_description":"Samsung Galaxy A50 (A510\/2016) HD Screen Replacement - Restore Vibrant Color & Clarity - Original & Service Pack Quality - Quality Guaranteed - Fast Shipping","og_url":"https:\/\/www.dt-smart.com\/es\/producto\/premium-hd-screen-replacement-for-samsung-a50-a510-2016-restore-vibrant-color-and-clarity\/","og_site_name":"InsurePart","article_publisher":"https:\/\/www.facebook.com\/anjinleeEva","article_modified_time":"2026-01-09T08:41:47+00:00","og_image":[{"width":800,"height":800,"url":"https:\/\/www.dt-smart.com\/wp-content\/uploads\/2024\/12\/A50\u4e3b.webp","type":"image\/webp"}],"twitter_card":"summary_large_image","twitter_misc":{"Tiempo de lectura":"1 minuto"},"schema":{"@context":"https:\/\/schema.org","@graph":[{"@type":"WebPage","@id":"https:\/\/www.dt-smart.com\/product\/premium-hd-screen-replacement-for-samsung-a50-a510-2016-restore-vibrant-color-and-clarity\/","url":"https:\/\/www.dt-smart.com\/product\/premium-hd-screen-replacement-for-samsung-a50-a510-2016-restore-vibrant-color-and-clarity\/","name":"Samsung Galaxy A50 (A510\/2016) HD Screen Replacement - Restore Vibrant Color & Clarity - Original & Service Pack Quality - Quality Guaranteed - Fast Shipping - InsurePart","isPartOf":{"@id":"https:\/\/www.dt-smart.com\/#website"},"primaryImageOfPage":{"@id":"https:\/\/www.dt-smart.com\/product\/premium-hd-screen-replacement-for-samsung-a50-a510-2016-restore-vibrant-color-and-clarity\/#primaryimage"},"image":{"@id":"https:\/\/www.dt-smart.com\/product\/premium-hd-screen-replacement-for-samsung-a50-a510-2016-restore-vibrant-color-and-clarity\/#primaryimage"},"thumbnailUrl":"https:\/\/www.dt-smart.com\/wp-content\/uploads\/2024\/12\/A50\u4e3b.webp","datePublished":"2024-12-30T03:54:27+00:00","dateModified":"2026-01-09T08:41:47+00:00","description":"Pantalla HD de repuesto para Samsung Galaxy A50 (A510\/2016) - Restaura colores vibrantes y claridad - Calidad original y de paquete de servicio - Calidad garantizada - Env\u00edo r\u00e1pido","breadcrumb":{"@id":"https:\/\/www.dt-smart.com\/product\/premium-hd-screen-replacement-for-samsung-a50-a510-2016-restore-vibrant-color-and-clarity\/#breadcrumb"},"inLanguage":"es","potentialAction":[{"@type":"ReadAction","target":["https:\/\/www.dt-smart.com\/product\/premium-hd-screen-replacement-for-samsung-a50-a510-2016-restore-vibrant-color-and-clarity\/"]}]},{"@type":"ImageObject","inLanguage":"es","@id":"https:\/\/www.dt-smart.com\/product\/premium-hd-screen-replacement-for-samsung-a50-a510-2016-restore-vibrant-color-and-clarity\/#primaryimage","url":"https:\/\/www.dt-smart.com\/wp-content\/uploads\/2024\/12\/A50\u4e3b.webp","contentUrl":"https:\/\/www.dt-smart.com\/wp-content\/uploads\/2024\/12\/A50\u4e3b.webp","width":800,"height":800},{"@type":"BreadcrumbList","@id":"https:\/\/www.dt-smart.com\/product\/premium-hd-screen-replacement-for-samsung-a50-a510-2016-restore-vibrant-color-and-clarity\/#breadcrumb","itemListElement":[{"@type":"ListItem","position":1,"name":"Home","item":"https:\/\/www.dt-smart.com\/"},{"@type":"ListItem","position":2,"name":"Product","item":"https:\/\/www.dt-smart.com\/ru\/product\/"},{"@type":"ListItem","position":3,"name":"Samsung Galaxy A50 (A510\/2016) HD Screen Replacement &#8211; Restore Vibrant Color &#038; Clarity &#8211; Original &#038; Service Pack Quality &#8211; Quality Guaranteed &#8211; Fast Shipping"}]},{"@type":"WebSite","@id":"https:\/\/www.dt-smart.com\/#website","url":"https:\/\/www.dt-smart.com\/","name":"Asegurar parte","description":"Repuestos para celulares; Venta al por mayor de repuestos para iPhone; Proveedor de repuestos para Samsung","potentialAction":[{"@type":"SearchAction","target":{"@type":"EntryPoint","urlTemplate":"https:\/\/www.dt-smart.com\/?s={search_term_string}"},"query-input":{"@type":"PropertyValueSpecification","valueRequired":true,"valueName":"search_term_string"}}],"inLanguage":"es"}]}},"_links":{"self":[{"href":"https:\/\/www.dt-smart.com\/es\/wp-json\/wp\/v2\/product\/18044","targetHints":{"allow":["GET"]}}],"collection":[{"href":"https:\/\/www.dt-smart.com\/es\/wp-json\/wp\/v2\/product"}],"about":[{"href":"https:\/\/www.dt-smart.com\/es\/wp-json\/wp\/v2\/types\/product"}],"replies":[{"embeddable":true,"href":"https:\/\/www.dt-smart.com\/es\/wp-json\/wp\/v2\/comments?post=18044"}],"version-history":[{"count":5,"href":"https:\/\/www.dt-smart.com\/es\/wp-json\/wp\/v2\/product\/18044\/revisions"}],"predecessor-version":[{"id":24504,"href":"https:\/\/www.dt-smart.com\/es\/wp-json\/wp\/v2\/product\/18044\/revisions\/24504"}],"wp:featuredmedia":[{"embeddable":true,"href":"https:\/\/www.dt-smart.com\/es\/wp-json\/wp\/v2\/media\/17838"}],"wp:attachment":[{"href":"https:\/\/www.dt-smart.com\/es\/wp-json\/wp\/v2\/media?parent=18044"}],"wp:term":[{"taxonomy":"product_brand","embeddable":true,"href":"https:\/\/www.dt-smart.com\/es\/wp-json\/wp\/v2\/product_brand?post=18044"},{"taxonomy":"product_cat","embeddable":true,"href":"https:\/\/www.dt-smart.com\/es\/wp-json\/wp\/v2\/product_cat?post=18044"},{"taxonomy":"product_tag","embeddable":true,"href":"https:\/\/www.dt-smart.com\/es\/wp-json\/wp\/v2\/product_tag?post=18044"}],"curies":[{"name":"wp","href":"https:\/\/api.w.org\/{rel}","templated":true}]}}