{"id":18058,"date":"2024-12-30T12:09:57","date_gmt":"2024-12-30T04:09:57","guid":{"rendered":"https:\/\/www.insurepart.com\/?post_type=product&#038;p=18058"},"modified":"2026-01-09T14:46:56","modified_gmt":"2026-01-09T06:46:56","slug":"revitalize-your-samsung-a41-2020-with-a-high-definition-amoled-screen-for-brighter-sharper-displays","status":"publish","type":"product","link":"https:\/\/www.dt-smart.com\/es\/producto\/revitalize-your-samsung-a41-2020-with-a-high-definition-amoled-screen-for-brighter-sharper-displays\/","title":{"rendered":"Pantalla AMOLED de repuesto para Samsung Galaxy A41 (2020): Revitaliza tu dispositivo con una pantalla de alta definici\u00f3n m\u00e1s brillante y n\u00edtida. Calidad original y de paquete de servicio. Calidad garantizada. Env\u00edo r\u00e1pido."},"content":{"rendered":"<p style=\"text-align: center;\"><img fetchpriority=\"high\" decoding=\"async\" class=\"alignnone size-full wp-image-6141\" src=\"https:\/\/www.insurepart.com\/wp-content\/uploads\/2023\/11\/\u4e3a\u4ec0\u4e48\u9009\u62e9\u6211\u4eec1-1.jpg\" alt=\"\" width=\"1000\" height=\"786\" srcset=\"https:\/\/www.dt-smart.com\/wp-content\/uploads\/2023\/11\/\u4e3a\u4ec0\u4e48\u9009\u62e9\u6211\u4eec1-1.jpg 1000w, https:\/\/www.dt-smart.com\/wp-content\/uploads\/2023\/11\/\u4e3a\u4ec0\u4e48\u9009\u62e9\u6211\u4eec1-1-300x236.jpg 300w, https:\/\/www.dt-smart.com\/wp-content\/uploads\/2023\/11\/\u4e3a\u4ec0\u4e48\u9009\u62e9\u6211\u4eec1-1-150x118.jpg 150w, https:\/\/www.dt-smart.com\/wp-content\/uploads\/2023\/11\/\u4e3a\u4ec0\u4e48\u9009\u62e9\u6211\u4eec1-1-800x629.jpg 800w, https:\/\/www.dt-smart.com\/wp-content\/uploads\/2023\/11\/\u4e3a\u4ec0\u4e48\u9009\u62e9\u6211\u4eec1-1-768x604.jpg 768w, https:\/\/www.dt-smart.com\/wp-content\/uploads\/2023\/11\/\u4e3a\u4ec0\u4e48\u9009\u62e9\u6211\u4eec1-1-15x12.jpg 15w\" sizes=\"(max-width: 1000px) 100vw, 1000px\" \/><\/p>","protected":false},"excerpt":{"rendered":"<p><span style=\"font-size: 10pt;\">Bring new life to your Samsung A41 (A415\/2020) with this high-definition AMOLED screen replacement. The vivid colors, excellent contrast, and crisp clarity ensure that everything from videos to texts looks clear and vibrant. The responsive touch technology provides a smooth and fast user experience, ensuring quick navigation and precision in every tap. Whether you&#8217;re watching your favorite content or browsing, this screen offers exceptional performance. Designed for durability, it resists scratches and daily wear. With easy installation instructions included, this replacement screen restores your A41\u2019s original quality in no time.<\/span><\/p>","protected":false},"featured_media":18074,"comment_status":"open","ping_status":"closed","template":"","meta":[],"product_brand":[],"product_cat":[49,340,1020],"product_tag":[],"class_list":{"0":"post-18058","1":"product","2":"type-product","3":"status-publish","4":"has-post-thumbnail","6":"product_cat-a-series","7":"product_cat-a41-a415-2020","8":"product_cat-all-a-series-lcd","10":"first","11":"instock","12":"taxable","13":"shipping-taxable","14":"purchasable","15":"product-type-variable"},"yoast_head":"<!-- This site is optimized with the Yoast SEO plugin v27.4 - https:\/\/yoast.com\/product\/yoast-seo-wordpress\/ -->\n<title>Samsung Galaxy A41 (2020) AMOLED Screen Replacement - Revitalize with Brighter &amp; Sharper High-Definition Display - Original &amp; Service Pack Quality - Quality Guaranteed - Fast Shipping - InsurePart<\/title>\n<meta name=\"description\" content=\"Samsung Galaxy A41 (2020) AMOLED Screen Replacement - Revitalize with Brighter &amp; Sharper High-Definition Display - Original &amp; Service Pack Quality - Quality Guaranteed - Fast Shipping\" \/>\n<meta name=\"robots\" content=\"index, follow, max-snippet:-1, max-image-preview:large, max-video-preview:-1\" \/>\n<link rel=\"canonical\" href=\"https:\/\/www.dt-smart.com\/es\/produkt\/revitalize-your-samsung-a41-2020-with-a-high-definition-amoled-screen-for-brighter-sharper-displays\/\" \/>\n<meta property=\"og:locale\" content=\"es_ES\" \/>\n<meta property=\"og:type\" content=\"article\" \/>\n<meta property=\"og:title\" content=\"Samsung Galaxy A41 (2020) AMOLED Screen Replacement - Revitalize with Brighter &amp; Sharper High-Definition Display - Original &amp; Service Pack Quality - Quality Guaranteed - Fast Shipping - InsurePart\" \/>\n<meta property=\"og:description\" content=\"Samsung Galaxy A41 (2020) AMOLED Screen Replacement - Revitalize with Brighter &amp; Sharper High-Definition Display - Original &amp; Service Pack Quality - Quality Guaranteed - Fast Shipping\" \/>\n<meta property=\"og:url\" content=\"https:\/\/www.dt-smart.com\/es\/produkt\/revitalize-your-samsung-a41-2020-with-a-high-definition-amoled-screen-for-brighter-sharper-displays\/\" \/>\n<meta property=\"og:site_name\" content=\"InsurePart\" \/>\n<meta property=\"article:publisher\" content=\"https:\/\/www.facebook.com\/anjinleeEva\" \/>\n<meta property=\"article:modified_time\" content=\"2026-01-09T06:46:56+00:00\" \/>\n<meta property=\"og:image\" content=\"https:\/\/www.dt-smart.com\/wp-content\/uploads\/2024\/12\/A41\u4e3b.webp\" \/>\n\t<meta property=\"og:image:width\" content=\"800\" \/>\n\t<meta property=\"og:image:height\" content=\"800\" \/>\n\t<meta property=\"og:image:type\" content=\"image\/webp\" \/>\n<meta name=\"twitter:card\" content=\"summary_large_image\" \/>\n<meta name=\"twitter:label1\" content=\"Tiempo de lectura\" \/>\n\t<meta name=\"twitter:data1\" content=\"1 minuto\" \/>\n<script type=\"application\/ld+json\" class=\"yoast-schema-graph\">{\"@context\":\"https:\\\/\\\/schema.org\",\"@graph\":[{\"@type\":\"WebPage\",\"@id\":\"https:\\\/\\\/www.dt-smart.com\\\/de\\\/produkt\\\/revitalize-your-samsung-a41-2020-with-a-high-definition-amoled-screen-for-brighter-sharper-displays\\\/\",\"url\":\"https:\\\/\\\/www.dt-smart.com\\\/de\\\/produkt\\\/revitalize-your-samsung-a41-2020-with-a-high-definition-amoled-screen-for-brighter-sharper-displays\\\/\",\"name\":\"Samsung Galaxy A41 (2020) AMOLED Screen Replacement - Revitalize with Brighter & Sharper High-Definition Display - Original & Service Pack Quality - Quality Guaranteed - Fast Shipping - InsurePart\",\"isPartOf\":{\"@id\":\"https:\\\/\\\/www.dt-smart.com\\\/#website\"},\"primaryImageOfPage\":{\"@id\":\"https:\\\/\\\/www.dt-smart.com\\\/de\\\/produkt\\\/revitalize-your-samsung-a41-2020-with-a-high-definition-amoled-screen-for-brighter-sharper-displays\\\/#primaryimage\"},\"image\":{\"@id\":\"https:\\\/\\\/www.dt-smart.com\\\/de\\\/produkt\\\/revitalize-your-samsung-a41-2020-with-a-high-definition-amoled-screen-for-brighter-sharper-displays\\\/#primaryimage\"},\"thumbnailUrl\":\"https:\\\/\\\/www.dt-smart.com\\\/wp-content\\\/uploads\\\/2024\\\/12\\\/A41\u4e3b.webp\",\"datePublished\":\"2024-12-30T04:09:57+00:00\",\"dateModified\":\"2026-01-09T06:46:56+00:00\",\"description\":\"Samsung Galaxy A41 (2020) AMOLED Screen Replacement - Revitalize with Brighter & Sharper High-Definition Display - Original & Service Pack Quality - Quality Guaranteed - Fast Shipping\",\"breadcrumb\":{\"@id\":\"https:\\\/\\\/www.dt-smart.com\\\/de\\\/produkt\\\/revitalize-your-samsung-a41-2020-with-a-high-definition-amoled-screen-for-brighter-sharper-displays\\\/#breadcrumb\"},\"inLanguage\":\"es\",\"potentialAction\":[{\"@type\":\"ReadAction\",\"target\":[\"https:\\\/\\\/www.dt-smart.com\\\/de\\\/produkt\\\/revitalize-your-samsung-a41-2020-with-a-high-definition-amoled-screen-for-brighter-sharper-displays\\\/\"]}]},{\"@type\":\"ImageObject\",\"inLanguage\":\"es\",\"@id\":\"https:\\\/\\\/www.dt-smart.com\\\/de\\\/produkt\\\/revitalize-your-samsung-a41-2020-with-a-high-definition-amoled-screen-for-brighter-sharper-displays\\\/#primaryimage\",\"url\":\"https:\\\/\\\/www.dt-smart.com\\\/wp-content\\\/uploads\\\/2024\\\/12\\\/A41\u4e3b.webp\",\"contentUrl\":\"https:\\\/\\\/www.dt-smart.com\\\/wp-content\\\/uploads\\\/2024\\\/12\\\/A41\u4e3b.webp\",\"width\":800,\"height\":800},{\"@type\":\"BreadcrumbList\",\"@id\":\"https:\\\/\\\/www.dt-smart.com\\\/de\\\/produkt\\\/revitalize-your-samsung-a41-2020-with-a-high-definition-amoled-screen-for-brighter-sharper-displays\\\/#breadcrumb\",\"itemListElement\":[{\"@type\":\"ListItem\",\"position\":1,\"name\":\"Home\",\"item\":\"https:\\\/\\\/www.dt-smart.com\\\/\"},{\"@type\":\"ListItem\",\"position\":2,\"name\":\"Product\",\"item\":\"https:\\\/\\\/www.dt-smart.com\\\/ru\\\/product\\\/\"},{\"@type\":\"ListItem\",\"position\":3,\"name\":\"Samsung Galaxy A41 (2020) AMOLED Screen Replacement &#8211; Revitalize with Brighter &#038; Sharper High-Definition Display &#8211; Original &#038; Service Pack Quality &#8211; Quality Guaranteed &#8211; Fast Shipping\"}]},{\"@type\":\"WebSite\",\"@id\":\"https:\\\/\\\/www.dt-smart.com\\\/#website\",\"url\":\"https:\\\/\\\/www.dt-smart.com\\\/\",\"name\":\"InsurePart\",\"description\":\"Cell Phone Repair Parts; iPhone Parts Wholesale;Samsung Parts Supplier\",\"potentialAction\":[{\"@type\":\"SearchAction\",\"target\":{\"@type\":\"EntryPoint\",\"urlTemplate\":\"https:\\\/\\\/www.dt-smart.com\\\/?s={search_term_string}\"},\"query-input\":{\"@type\":\"PropertyValueSpecification\",\"valueRequired\":true,\"valueName\":\"search_term_string\"}}],\"inLanguage\":\"es\"}]}<\/script>\n<!-- \/ Yoast SEO plugin. -->","yoast_head_json":{"title":"Samsung Galaxy A41 (2020) AMOLED Screen Replacement - Revitalize with Brighter & Sharper High-Definition Display - Original & Service Pack Quality - Quality Guaranteed - Fast Shipping - InsurePart","description":"Samsung Galaxy A41 (2020) AMOLED Screen Replacement - Revitalize with Brighter & Sharper High-Definition Display - Original & Service Pack Quality - Quality Guaranteed - Fast Shipping","robots":{"index":"index","follow":"follow","max-snippet":"max-snippet:-1","max-image-preview":"max-image-preview:large","max-video-preview":"max-video-preview:-1"},"canonical":"https:\/\/www.dt-smart.com\/es\/produkt\/revitalize-your-samsung-a41-2020-with-a-high-definition-amoled-screen-for-brighter-sharper-displays\/","og_locale":"es_ES","og_type":"article","og_title":"Samsung Galaxy A41 (2020) AMOLED Screen Replacement - Revitalize with Brighter & Sharper High-Definition Display - Original & Service Pack Quality - Quality Guaranteed - Fast Shipping - InsurePart","og_description":"Samsung Galaxy A41 (2020) AMOLED Screen Replacement - Revitalize with Brighter & Sharper High-Definition Display - Original & Service Pack Quality - Quality Guaranteed - Fast Shipping","og_url":"https:\/\/www.dt-smart.com\/es\/produkt\/revitalize-your-samsung-a41-2020-with-a-high-definition-amoled-screen-for-brighter-sharper-displays\/","og_site_name":"InsurePart","article_publisher":"https:\/\/www.facebook.com\/anjinleeEva","article_modified_time":"2026-01-09T06:46:56+00:00","og_image":[{"width":800,"height":800,"url":"https:\/\/www.dt-smart.com\/wp-content\/uploads\/2024\/12\/A41\u4e3b.webp","type":"image\/webp"}],"twitter_card":"summary_large_image","twitter_misc":{"Tiempo de lectura":"1 minuto"},"schema":{"@context":"https:\/\/schema.org","@graph":[{"@type":"WebPage","@id":"https:\/\/www.dt-smart.com\/de\/produkt\/revitalize-your-samsung-a41-2020-with-a-high-definition-amoled-screen-for-brighter-sharper-displays\/","url":"https:\/\/www.dt-smart.com\/de\/produkt\/revitalize-your-samsung-a41-2020-with-a-high-definition-amoled-screen-for-brighter-sharper-displays\/","name":"Samsung Galaxy A41 (2020) AMOLED Screen Replacement - Revitalize with Brighter & Sharper High-Definition Display - Original & Service Pack Quality - Quality Guaranteed - Fast Shipping - InsurePart","isPartOf":{"@id":"https:\/\/www.dt-smart.com\/#website"},"primaryImageOfPage":{"@id":"https:\/\/www.dt-smart.com\/de\/produkt\/revitalize-your-samsung-a41-2020-with-a-high-definition-amoled-screen-for-brighter-sharper-displays\/#primaryimage"},"image":{"@id":"https:\/\/www.dt-smart.com\/de\/produkt\/revitalize-your-samsung-a41-2020-with-a-high-definition-amoled-screen-for-brighter-sharper-displays\/#primaryimage"},"thumbnailUrl":"https:\/\/www.dt-smart.com\/wp-content\/uploads\/2024\/12\/A41\u4e3b.webp","datePublished":"2024-12-30T04:09:57+00:00","dateModified":"2026-01-09T06:46:56+00:00","description":"Samsung Galaxy A41 (2020) AMOLED Screen Replacement - Revitalize with Brighter & Sharper High-Definition Display - Original & Service Pack Quality - Quality Guaranteed - Fast Shipping","breadcrumb":{"@id":"https:\/\/www.dt-smart.com\/de\/produkt\/revitalize-your-samsung-a41-2020-with-a-high-definition-amoled-screen-for-brighter-sharper-displays\/#breadcrumb"},"inLanguage":"es","potentialAction":[{"@type":"ReadAction","target":["https:\/\/www.dt-smart.com\/de\/produkt\/revitalize-your-samsung-a41-2020-with-a-high-definition-amoled-screen-for-brighter-sharper-displays\/"]}]},{"@type":"ImageObject","inLanguage":"es","@id":"https:\/\/www.dt-smart.com\/de\/produkt\/revitalize-your-samsung-a41-2020-with-a-high-definition-amoled-screen-for-brighter-sharper-displays\/#primaryimage","url":"https:\/\/www.dt-smart.com\/wp-content\/uploads\/2024\/12\/A41\u4e3b.webp","contentUrl":"https:\/\/www.dt-smart.com\/wp-content\/uploads\/2024\/12\/A41\u4e3b.webp","width":800,"height":800},{"@type":"BreadcrumbList","@id":"https:\/\/www.dt-smart.com\/de\/produkt\/revitalize-your-samsung-a41-2020-with-a-high-definition-amoled-screen-for-brighter-sharper-displays\/#breadcrumb","itemListElement":[{"@type":"ListItem","position":1,"name":"Home","item":"https:\/\/www.dt-smart.com\/"},{"@type":"ListItem","position":2,"name":"Product","item":"https:\/\/www.dt-smart.com\/ru\/product\/"},{"@type":"ListItem","position":3,"name":"Samsung Galaxy A41 (2020) AMOLED Screen Replacement &#8211; Revitalize with Brighter &#038; Sharper High-Definition Display &#8211; Original &#038; Service Pack Quality &#8211; Quality Guaranteed &#8211; Fast Shipping"}]},{"@type":"WebSite","@id":"https:\/\/www.dt-smart.com\/#website","url":"https:\/\/www.dt-smart.com\/","name":"Asegurar parte","description":"Repuestos para celulares; Venta al por mayor de repuestos para iPhone; Proveedor de repuestos para Samsung","potentialAction":[{"@type":"SearchAction","target":{"@type":"EntryPoint","urlTemplate":"https:\/\/www.dt-smart.com\/?s={search_term_string}"},"query-input":{"@type":"PropertyValueSpecification","valueRequired":true,"valueName":"search_term_string"}}],"inLanguage":"es"}]}},"_links":{"self":[{"href":"https:\/\/www.dt-smart.com\/es\/wp-json\/wp\/v2\/product\/18058","targetHints":{"allow":["GET"]}}],"collection":[{"href":"https:\/\/www.dt-smart.com\/es\/wp-json\/wp\/v2\/product"}],"about":[{"href":"https:\/\/www.dt-smart.com\/es\/wp-json\/wp\/v2\/types\/product"}],"replies":[{"embeddable":true,"href":"https:\/\/www.dt-smart.com\/es\/wp-json\/wp\/v2\/comments?post=18058"}],"version-history":[{"count":5,"href":"https:\/\/www.dt-smart.com\/es\/wp-json\/wp\/v2\/product\/18058\/revisions"}],"predecessor-version":[{"id":24501,"href":"https:\/\/www.dt-smart.com\/es\/wp-json\/wp\/v2\/product\/18058\/revisions\/24501"}],"wp:featuredmedia":[{"embeddable":true,"href":"https:\/\/www.dt-smart.com\/es\/wp-json\/wp\/v2\/media\/18074"}],"wp:attachment":[{"href":"https:\/\/www.dt-smart.com\/es\/wp-json\/wp\/v2\/media?parent=18058"}],"wp:term":[{"taxonomy":"product_brand","embeddable":true,"href":"https:\/\/www.dt-smart.com\/es\/wp-json\/wp\/v2\/product_brand?post=18058"},{"taxonomy":"product_cat","embeddable":true,"href":"https:\/\/www.dt-smart.com\/es\/wp-json\/wp\/v2\/product_cat?post=18058"},{"taxonomy":"product_tag","embeddable":true,"href":"https:\/\/www.dt-smart.com\/es\/wp-json\/wp\/v2\/product_tag?post=18058"}],"curies":[{"name":"wp","href":"https:\/\/api.w.org\/{rel}","templated":true}]}}