{"id":18271,"date":"2025-01-03T15:48:11","date_gmt":"2025-01-03T07:48:11","guid":{"rendered":"https:\/\/insurepart.com\/?post_type=product&#038;p=18271"},"modified":"2026-01-12T15:15:16","modified_gmt":"2026-01-12T07:15:16","slug":"versatile-display-for-oppo-reno-6z-with-rich-detail-and-natural-color-fidelity","status":"publish","type":"product","link":"https:\/\/www.dt-smart.com\/es\/producto\/versatile-display-for-oppo-reno-6z-with-rich-detail-and-natural-color-fidelity\/","title":{"rendered":"Reemplazo de pantalla para OPPO Reno 6Z: pantalla vers\u00e1til con gran detalle y fidelidad de color natural, tacto sensible y brillo equilibrado, calidad OEM, garant\u00eda de calidad, env\u00edo r\u00e1pido."},"content":{"rendered":"<p style=\"text-align: center;\"><img fetchpriority=\"high\" decoding=\"async\" class=\"alignnone size-full wp-image-15567\" src=\"https:\/\/insurepart.com\/wp-content\/uploads\/2024\/08\/\u4e3a\u4ec0\u4e48\u9009\u62e9\u6211\u4eec22.webp\" alt=\"\" width=\"1000\" height=\"786\" srcset=\"https:\/\/www.dt-smart.com\/wp-content\/uploads\/2024\/08\/\u4e3a\u4ec0\u4e48\u9009\u62e9\u6211\u4eec22.webp 1000w, https:\/\/www.dt-smart.com\/wp-content\/uploads\/2024\/08\/\u4e3a\u4ec0\u4e48\u9009\u62e9\u6211\u4eec22-300x236.webp 300w, https:\/\/www.dt-smart.com\/wp-content\/uploads\/2024\/08\/\u4e3a\u4ec0\u4e48\u9009\u62e9\u6211\u4eec22-150x118.webp 150w, https:\/\/www.dt-smart.com\/wp-content\/uploads\/2024\/08\/\u4e3a\u4ec0\u4e48\u9009\u62e9\u6211\u4eec22-800x629.webp 800w, https:\/\/www.dt-smart.com\/wp-content\/uploads\/2024\/08\/\u4e3a\u4ec0\u4e48\u9009\u62e9\u6211\u4eec22-768x604.webp 768w, https:\/\/www.dt-smart.com\/wp-content\/uploads\/2024\/08\/\u4e3a\u4ec0\u4e48\u9009\u62e9\u6211\u4eec22-15x12.webp 15w\" sizes=\"(max-width: 1000px) 100vw, 1000px\" \/><\/p>","protected":false},"excerpt":{"rendered":"<p><span style=\"font-size: 10pt;\">The OPPO Reno 6Z\u2019s display is versatile and vibrant, showcasing rich detail and natural color fidelity. With effortless transitions and optimal brightness levels, it\u2019s designed to enhance your viewing experience in any setting. Perfect for users who demand quality and versatility in a sleek, modern package.<\/span><\/p>","protected":false},"featured_media":18206,"comment_status":"open","ping_status":"closed","template":"","meta":[],"product_brand":[],"product_cat":[421,743],"product_tag":[],"class_list":{"0":"post-18271","1":"product","2":"type-product","3":"status-publish","4":"has-post-thumbnail","6":"product_cat-reno-series","7":"product_cat-reno6-z-2021","9":"first","10":"instock","11":"taxable","12":"shipping-taxable","13":"purchasable","14":"product-type-simple"},"yoast_head":"<!-- This site is optimized with the Yoast SEO plugin v27.4 - https:\/\/yoast.com\/product\/yoast-seo-wordpress\/ -->\n<title>OPPO Reno 6Z Display Replacement - Versatile Display with Rich Detail &amp; Natural Color Fidelity - Responsive Touch &amp; Balanced Brightness - OEM Grade - Quality Guaranteed - Fast Shipping - InsurePart<\/title>\n<meta name=\"description\" content=\"OPPO Reno 6Z Display Replacement - Versatile Display with Rich Detail &amp; Natural Color Fidelity - Responsive Touch &amp; Balanced Brightness - OEM Grade - Quality Guaranteed - Fast Shipping\" \/>\n<meta name=\"robots\" content=\"index, follow, max-snippet:-1, max-image-preview:large, max-video-preview:-1\" \/>\n<link rel=\"canonical\" href=\"https:\/\/www.dt-smart.com\/es\/produkt\/versatile-display-for-oppo-reno-6z-with-rich-detail-and-natural-color-fidelity\/\" \/>\n<meta property=\"og:locale\" content=\"es_ES\" \/>\n<meta property=\"og:type\" content=\"article\" \/>\n<meta property=\"og:title\" content=\"OPPO Reno 6Z Display Replacement - Versatile Display with Rich Detail &amp; Natural Color Fidelity - Responsive Touch &amp; Balanced Brightness - OEM Grade - Quality Guaranteed - Fast Shipping - InsurePart\" \/>\n<meta property=\"og:description\" content=\"OPPO Reno 6Z Display Replacement - Versatile Display with Rich Detail &amp; Natural Color Fidelity - Responsive Touch &amp; Balanced Brightness - OEM Grade - Quality Guaranteed - Fast Shipping\" \/>\n<meta property=\"og:url\" content=\"https:\/\/www.dt-smart.com\/es\/produkt\/versatile-display-for-oppo-reno-6z-with-rich-detail-and-natural-color-fidelity\/\" \/>\n<meta property=\"og:site_name\" content=\"InsurePart\" \/>\n<meta property=\"article:publisher\" content=\"https:\/\/www.facebook.com\/anjinleeEva\" \/>\n<meta property=\"article:modified_time\" content=\"2026-01-12T07:15:16+00:00\" \/>\n<meta property=\"og:image\" content=\"https:\/\/www.dt-smart.com\/wp-content\/uploads\/2025\/01\/Reno6Lite\u4e3b-1.webp\" \/>\n\t<meta property=\"og:image:width\" content=\"800\" \/>\n\t<meta property=\"og:image:height\" content=\"800\" \/>\n\t<meta property=\"og:image:type\" content=\"image\/webp\" \/>\n<meta name=\"twitter:card\" content=\"summary_large_image\" \/>\n<meta name=\"twitter:label1\" content=\"Tiempo de lectura\" \/>\n\t<meta name=\"twitter:data1\" content=\"1 minuto\" \/>\n<script type=\"application\/ld+json\" class=\"yoast-schema-graph\">{\"@context\":\"https:\\\/\\\/schema.org\",\"@graph\":[{\"@type\":\"WebPage\",\"@id\":\"https:\\\/\\\/www.dt-smart.com\\\/de\\\/produkt\\\/versatile-display-for-oppo-reno-6z-with-rich-detail-and-natural-color-fidelity\\\/\",\"url\":\"https:\\\/\\\/www.dt-smart.com\\\/de\\\/produkt\\\/versatile-display-for-oppo-reno-6z-with-rich-detail-and-natural-color-fidelity\\\/\",\"name\":\"OPPO Reno 6Z Display Replacement - Versatile Display with Rich Detail & Natural Color Fidelity - Responsive Touch & Balanced Brightness - OEM Grade - Quality Guaranteed - Fast Shipping - InsurePart\",\"isPartOf\":{\"@id\":\"https:\\\/\\\/www.dt-smart.com\\\/#website\"},\"primaryImageOfPage\":{\"@id\":\"https:\\\/\\\/www.dt-smart.com\\\/de\\\/produkt\\\/versatile-display-for-oppo-reno-6z-with-rich-detail-and-natural-color-fidelity\\\/#primaryimage\"},\"image\":{\"@id\":\"https:\\\/\\\/www.dt-smart.com\\\/de\\\/produkt\\\/versatile-display-for-oppo-reno-6z-with-rich-detail-and-natural-color-fidelity\\\/#primaryimage\"},\"thumbnailUrl\":\"https:\\\/\\\/www.dt-smart.com\\\/wp-content\\\/uploads\\\/2025\\\/01\\\/Reno6Lite\u4e3b-1.webp\",\"datePublished\":\"2025-01-03T07:48:11+00:00\",\"dateModified\":\"2026-01-12T07:15:16+00:00\",\"description\":\"OPPO Reno 6Z Display Replacement - Versatile Display with Rich Detail & Natural Color Fidelity - Responsive Touch & Balanced Brightness - OEM Grade - Quality Guaranteed - Fast Shipping\",\"breadcrumb\":{\"@id\":\"https:\\\/\\\/www.dt-smart.com\\\/de\\\/produkt\\\/versatile-display-for-oppo-reno-6z-with-rich-detail-and-natural-color-fidelity\\\/#breadcrumb\"},\"inLanguage\":\"es\",\"potentialAction\":[{\"@type\":\"ReadAction\",\"target\":[\"https:\\\/\\\/www.dt-smart.com\\\/de\\\/produkt\\\/versatile-display-for-oppo-reno-6z-with-rich-detail-and-natural-color-fidelity\\\/\"]}]},{\"@type\":\"ImageObject\",\"inLanguage\":\"es\",\"@id\":\"https:\\\/\\\/www.dt-smart.com\\\/de\\\/produkt\\\/versatile-display-for-oppo-reno-6z-with-rich-detail-and-natural-color-fidelity\\\/#primaryimage\",\"url\":\"https:\\\/\\\/www.dt-smart.com\\\/wp-content\\\/uploads\\\/2025\\\/01\\\/Reno6Lite\u4e3b-1.webp\",\"contentUrl\":\"https:\\\/\\\/www.dt-smart.com\\\/wp-content\\\/uploads\\\/2025\\\/01\\\/Reno6Lite\u4e3b-1.webp\",\"width\":800,\"height\":800},{\"@type\":\"BreadcrumbList\",\"@id\":\"https:\\\/\\\/www.dt-smart.com\\\/de\\\/produkt\\\/versatile-display-for-oppo-reno-6z-with-rich-detail-and-natural-color-fidelity\\\/#breadcrumb\",\"itemListElement\":[{\"@type\":\"ListItem\",\"position\":1,\"name\":\"Home\",\"item\":\"https:\\\/\\\/www.dt-smart.com\\\/\"},{\"@type\":\"ListItem\",\"position\":2,\"name\":\"Product\",\"item\":\"https:\\\/\\\/www.dt-smart.com\\\/ru\\\/product\\\/\"},{\"@type\":\"ListItem\",\"position\":3,\"name\":\"OPPO Reno 6Z Display Replacement &#8211; Versatile Display with Rich Detail &#038; Natural Color Fidelity &#8211; Responsive Touch &#038; Balanced Brightness &#8211; OEM Grade &#8211; Quality Guaranteed &#8211; Fast Shipping\"}]},{\"@type\":\"WebSite\",\"@id\":\"https:\\\/\\\/www.dt-smart.com\\\/#website\",\"url\":\"https:\\\/\\\/www.dt-smart.com\\\/\",\"name\":\"InsurePart\",\"description\":\"Cell Phone Repair Parts; iPhone Parts Wholesale;Samsung Parts Supplier\",\"potentialAction\":[{\"@type\":\"SearchAction\",\"target\":{\"@type\":\"EntryPoint\",\"urlTemplate\":\"https:\\\/\\\/www.dt-smart.com\\\/?s={search_term_string}\"},\"query-input\":{\"@type\":\"PropertyValueSpecification\",\"valueRequired\":true,\"valueName\":\"search_term_string\"}}],\"inLanguage\":\"es\"}]}<\/script>\n<!-- \/ Yoast SEO plugin. -->","yoast_head_json":{"title":"OPPO Reno 6Z Display Replacement - Versatile Display with Rich Detail & Natural Color Fidelity - Responsive Touch & Balanced Brightness - OEM Grade - Quality Guaranteed - Fast Shipping - InsurePart","description":"Pantalla de repuesto para OPPO Reno 6Z: pantalla vers\u00e1til con gran detalle y fidelidad de color natural, respuesta t\u00e1ctil precisa y brillo equilibrado, calidad OEM, garant\u00eda de calidad, env\u00edo r\u00e1pido.","robots":{"index":"index","follow":"follow","max-snippet":"max-snippet:-1","max-image-preview":"max-image-preview:large","max-video-preview":"max-video-preview:-1"},"canonical":"https:\/\/www.dt-smart.com\/es\/produkt\/versatile-display-for-oppo-reno-6z-with-rich-detail-and-natural-color-fidelity\/","og_locale":"es_ES","og_type":"article","og_title":"OPPO Reno 6Z Display Replacement - Versatile Display with Rich Detail & Natural Color Fidelity - Responsive Touch & Balanced Brightness - OEM Grade - Quality Guaranteed - Fast Shipping - InsurePart","og_description":"OPPO Reno 6Z Display Replacement - Versatile Display with Rich Detail & Natural Color Fidelity - Responsive Touch & Balanced Brightness - OEM Grade - Quality Guaranteed - Fast Shipping","og_url":"https:\/\/www.dt-smart.com\/es\/produkt\/versatile-display-for-oppo-reno-6z-with-rich-detail-and-natural-color-fidelity\/","og_site_name":"InsurePart","article_publisher":"https:\/\/www.facebook.com\/anjinleeEva","article_modified_time":"2026-01-12T07:15:16+00:00","og_image":[{"width":800,"height":800,"url":"https:\/\/www.dt-smart.com\/wp-content\/uploads\/2025\/01\/Reno6Lite\u4e3b-1.webp","type":"image\/webp"}],"twitter_card":"summary_large_image","twitter_misc":{"Tiempo de lectura":"1 minuto"},"schema":{"@context":"https:\/\/schema.org","@graph":[{"@type":"WebPage","@id":"https:\/\/www.dt-smart.com\/de\/produkt\/versatile-display-for-oppo-reno-6z-with-rich-detail-and-natural-color-fidelity\/","url":"https:\/\/www.dt-smart.com\/de\/produkt\/versatile-display-for-oppo-reno-6z-with-rich-detail-and-natural-color-fidelity\/","name":"OPPO Reno 6Z Display Replacement - Versatile Display with Rich Detail & Natural Color Fidelity - Responsive Touch & Balanced Brightness - OEM Grade - Quality Guaranteed - Fast Shipping - InsurePart","isPartOf":{"@id":"https:\/\/www.dt-smart.com\/#website"},"primaryImageOfPage":{"@id":"https:\/\/www.dt-smart.com\/de\/produkt\/versatile-display-for-oppo-reno-6z-with-rich-detail-and-natural-color-fidelity\/#primaryimage"},"image":{"@id":"https:\/\/www.dt-smart.com\/de\/produkt\/versatile-display-for-oppo-reno-6z-with-rich-detail-and-natural-color-fidelity\/#primaryimage"},"thumbnailUrl":"https:\/\/www.dt-smart.com\/wp-content\/uploads\/2025\/01\/Reno6Lite\u4e3b-1.webp","datePublished":"2025-01-03T07:48:11+00:00","dateModified":"2026-01-12T07:15:16+00:00","description":"Pantalla de repuesto para OPPO Reno 6Z: pantalla vers\u00e1til con gran detalle y fidelidad de color natural, respuesta t\u00e1ctil precisa y brillo equilibrado, calidad OEM, garant\u00eda de calidad, env\u00edo r\u00e1pido.","breadcrumb":{"@id":"https:\/\/www.dt-smart.com\/de\/produkt\/versatile-display-for-oppo-reno-6z-with-rich-detail-and-natural-color-fidelity\/#breadcrumb"},"inLanguage":"es","potentialAction":[{"@type":"ReadAction","target":["https:\/\/www.dt-smart.com\/de\/produkt\/versatile-display-for-oppo-reno-6z-with-rich-detail-and-natural-color-fidelity\/"]}]},{"@type":"ImageObject","inLanguage":"es","@id":"https:\/\/www.dt-smart.com\/de\/produkt\/versatile-display-for-oppo-reno-6z-with-rich-detail-and-natural-color-fidelity\/#primaryimage","url":"https:\/\/www.dt-smart.com\/wp-content\/uploads\/2025\/01\/Reno6Lite\u4e3b-1.webp","contentUrl":"https:\/\/www.dt-smart.com\/wp-content\/uploads\/2025\/01\/Reno6Lite\u4e3b-1.webp","width":800,"height":800},{"@type":"BreadcrumbList","@id":"https:\/\/www.dt-smart.com\/de\/produkt\/versatile-display-for-oppo-reno-6z-with-rich-detail-and-natural-color-fidelity\/#breadcrumb","itemListElement":[{"@type":"ListItem","position":1,"name":"Home","item":"https:\/\/www.dt-smart.com\/"},{"@type":"ListItem","position":2,"name":"Product","item":"https:\/\/www.dt-smart.com\/ru\/product\/"},{"@type":"ListItem","position":3,"name":"OPPO Reno 6Z Display Replacement &#8211; Versatile Display with Rich Detail &#038; Natural Color Fidelity &#8211; Responsive Touch &#038; Balanced Brightness &#8211; OEM Grade &#8211; Quality Guaranteed &#8211; Fast Shipping"}]},{"@type":"WebSite","@id":"https:\/\/www.dt-smart.com\/#website","url":"https:\/\/www.dt-smart.com\/","name":"Asegurar parte","description":"Repuestos para celulares; Venta al por mayor de repuestos para iPhone; Proveedor de repuestos para Samsung","potentialAction":[{"@type":"SearchAction","target":{"@type":"EntryPoint","urlTemplate":"https:\/\/www.dt-smart.com\/?s={search_term_string}"},"query-input":{"@type":"PropertyValueSpecification","valueRequired":true,"valueName":"search_term_string"}}],"inLanguage":"es"}]}},"_links":{"self":[{"href":"https:\/\/www.dt-smart.com\/es\/wp-json\/wp\/v2\/product\/18271","targetHints":{"allow":["GET"]}}],"collection":[{"href":"https:\/\/www.dt-smart.com\/es\/wp-json\/wp\/v2\/product"}],"about":[{"href":"https:\/\/www.dt-smart.com\/es\/wp-json\/wp\/v2\/types\/product"}],"replies":[{"embeddable":true,"href":"https:\/\/www.dt-smart.com\/es\/wp-json\/wp\/v2\/comments?post=18271"}],"version-history":[{"count":4,"href":"https:\/\/www.dt-smart.com\/es\/wp-json\/wp\/v2\/product\/18271\/revisions"}],"predecessor-version":[{"id":24532,"href":"https:\/\/www.dt-smart.com\/es\/wp-json\/wp\/v2\/product\/18271\/revisions\/24532"}],"wp:featuredmedia":[{"embeddable":true,"href":"https:\/\/www.dt-smart.com\/es\/wp-json\/wp\/v2\/media\/18206"}],"wp:attachment":[{"href":"https:\/\/www.dt-smart.com\/es\/wp-json\/wp\/v2\/media?parent=18271"}],"wp:term":[{"taxonomy":"product_brand","embeddable":true,"href":"https:\/\/www.dt-smart.com\/es\/wp-json\/wp\/v2\/product_brand?post=18271"},{"taxonomy":"product_cat","embeddable":true,"href":"https:\/\/www.dt-smart.com\/es\/wp-json\/wp\/v2\/product_cat?post=18271"},{"taxonomy":"product_tag","embeddable":true,"href":"https:\/\/www.dt-smart.com\/es\/wp-json\/wp\/v2\/product_tag?post=18271"}],"curies":[{"name":"wp","href":"https:\/\/api.w.org\/{rel}","templated":true}]}}