{"id":18956,"date":"2025-02-15T15:05:18","date_gmt":"2025-02-15T07:05:18","guid":{"rendered":"https:\/\/www.insurepart.com\/?post_type=product&#038;p=18956"},"modified":"2026-02-28T14:35:13","modified_gmt":"2026-02-28T06:35:13","slug":"macbook-pro-13-retina-display-assembly-crystal-clear-resolution-with-true-tone-p3-color-gamut-and-enhanced-brightness-for-professional-applications","status":"publish","type":"product","link":"https:\/\/www.dt-smart.com\/es\/producto\/macbook-pro-13-retina-display-assembly-crystal-clear-resolution-with-true-tone-p3-color-gamut-and-enhanced-brightness-for-professional-applications\/","title":{"rendered":"Conjunto de pantalla Retina para MacBook Pro de 13 pulgadas (A3113\/A2681): Tono verdadero y alta gama crom\u00e1tica; precisi\u00f3n de color profesional; experiencia visual premium; calidad garantizada; env\u00edo r\u00e1pido."},"content":{"rendered":"<p style=\"text-align: center;\"><img fetchpriority=\"high\" decoding=\"async\" class=\"alignnone size-full wp-image-15567\" src=\"https:\/\/www.insurepart.com\/wp-content\/uploads\/2024\/08\/\u4e3a\u4ec0\u4e48\u9009\u62e9\u6211\u4eec22.webp\" alt=\"\" width=\"1000\" height=\"786\" srcset=\"https:\/\/www.dt-smart.com\/wp-content\/uploads\/2024\/08\/\u4e3a\u4ec0\u4e48\u9009\u62e9\u6211\u4eec22.webp 1000w, https:\/\/www.dt-smart.com\/wp-content\/uploads\/2024\/08\/\u4e3a\u4ec0\u4e48\u9009\u62e9\u6211\u4eec22-300x236.webp 300w, https:\/\/www.dt-smart.com\/wp-content\/uploads\/2024\/08\/\u4e3a\u4ec0\u4e48\u9009\u62e9\u6211\u4eec22-150x118.webp 150w, https:\/\/www.dt-smart.com\/wp-content\/uploads\/2024\/08\/\u4e3a\u4ec0\u4e48\u9009\u62e9\u6211\u4eec22-800x629.webp 800w, https:\/\/www.dt-smart.com\/wp-content\/uploads\/2024\/08\/\u4e3a\u4ec0\u4e48\u9009\u62e9\u6211\u4eec22-768x604.webp 768w, https:\/\/www.dt-smart.com\/wp-content\/uploads\/2024\/08\/\u4e3a\u4ec0\u4e48\u9009\u62e9\u6211\u4eec22-15x12.webp 15w\" sizes=\"(max-width: 1000px) 100vw, 1000px\" \/><\/p>","protected":false},"excerpt":{"rendered":"<p>El ensamblaje de la pantalla Retina para MacBook Pro de 13\u2033 ofrece una experiencia visual impresionante con claridad de alta resoluci\u00f3n, colores vibrantes y un brillo excelente. La tecnolog\u00eda True Tone adapta el balance de blancos de la pantalla seg\u00fan la luz ambiental, ofreciendo una experiencia visual m\u00e1s natural y c\u00f3moda. La amplia gama de colores P3 garantiza colores v\u00edvidos y precisos, lo que la hace perfecta para aplicaciones profesionales como la edici\u00f3n de fotos y videos. El impresionante brillo de la pantalla garantiza una visibilidad n\u00edtida incluso en entornos con mucha luz. Con un dise\u00f1o elegante y duradero, el ensamblaje de la pantalla para MacBook Pro de 13\u2033 ofrece un rendimiento mejorado y una interacci\u00f3n fluida, tanto para proyectos creativos como para las tareas diarias.<\/p>","protected":false},"featured_media":22277,"comment_status":"open","ping_status":"closed","template":"","meta":[],"product_brand":[],"product_cat":[89,1342],"product_tag":[],"class_list":{"0":"post-18956","1":"product","2":"type-product","3":"status-publish","4":"has-post-thumbnail","6":"product_cat-macbook-pro","7":"product_cat-macbook-13a2681","9":"first","10":"instock","11":"taxable","12":"shipping-taxable","13":"purchasable","14":"product-type-simple"},"yoast_head":"<!-- This site is optimized with the Yoast SEO plugin v27.4 - https:\/\/yoast.com\/product\/yoast-seo-wordpress\/ -->\n<title>MacBook Pro 13-inch (A3113\/A2681) Retina Display Assembly - True Tone &amp; High Color Gamut - Professional Color Accuracy - Premium Visual Experience - Quality Guaranteed - Fast Shipping - InsurePart<\/title>\n<meta name=\"description\" content=\"MacBook Pro 13-inch (A3113\/A2681) Retina display assembly\" \/>\n<meta name=\"robots\" content=\"index, follow, max-snippet:-1, max-image-preview:large, max-video-preview:-1\" \/>\n<link rel=\"canonical\" href=\"https:\/\/www.dt-smart.com\/es\/producto\/macbook-pro-13-retina-display-assembly-crystal-clear-resolution-with-true-tone-p3-color-gamut-and-enhanced-brightness-for-professional-applications\/\" \/>\n<meta property=\"og:locale\" content=\"es_ES\" \/>\n<meta property=\"og:type\" content=\"article\" \/>\n<meta property=\"og:title\" content=\"MacBook Pro 13-inch (A3113\/A2681) Retina Display Assembly - True Tone &amp; High Color Gamut - Professional Color Accuracy - Premium Visual Experience - Quality Guaranteed - Fast Shipping - InsurePart\" \/>\n<meta property=\"og:description\" content=\"MacBook Pro 13-inch (A3113\/A2681) Retina display assembly\" \/>\n<meta property=\"og:url\" content=\"https:\/\/www.dt-smart.com\/es\/producto\/macbook-pro-13-retina-display-assembly-crystal-clear-resolution-with-true-tone-p3-color-gamut-and-enhanced-brightness-for-professional-applications\/\" \/>\n<meta property=\"og:site_name\" content=\"InsurePart\" \/>\n<meta property=\"article:publisher\" content=\"https:\/\/www.facebook.com\/anjinleeEva\" \/>\n<meta property=\"article:modified_time\" content=\"2026-02-28T06:35:13+00:00\" \/>\n<meta property=\"og:image\" content=\"https:\/\/www.dt-smart.com\/wp-content\/uploads\/2025\/02\/A2681.jpg\" \/>\n\t<meta property=\"og:image:width\" content=\"750\" \/>\n\t<meta property=\"og:image:height\" content=\"750\" \/>\n\t<meta property=\"og:image:type\" content=\"image\/jpeg\" \/>\n<meta name=\"twitter:card\" content=\"summary_large_image\" \/>\n<meta name=\"twitter:label1\" content=\"Tiempo de lectura\" \/>\n\t<meta name=\"twitter:data1\" content=\"1 minuto\" \/>\n<script type=\"application\/ld+json\" class=\"yoast-schema-graph\">{\"@context\":\"https:\\\/\\\/schema.org\",\"@graph\":[{\"@type\":\"WebPage\",\"@id\":\"https:\\\/\\\/www.dt-smart.com\\\/product\\\/macbook-pro-13-retina-display-assembly-crystal-clear-resolution-with-true-tone-p3-color-gamut-and-enhanced-brightness-for-professional-applications\\\/\",\"url\":\"https:\\\/\\\/www.dt-smart.com\\\/product\\\/macbook-pro-13-retina-display-assembly-crystal-clear-resolution-with-true-tone-p3-color-gamut-and-enhanced-brightness-for-professional-applications\\\/\",\"name\":\"MacBook Pro 13-inch (A3113\\\/A2681) Retina Display Assembly - True Tone & High Color Gamut - Professional Color Accuracy - Premium Visual Experience - Quality Guaranteed - Fast Shipping - InsurePart\",\"isPartOf\":{\"@id\":\"https:\\\/\\\/www.dt-smart.com\\\/#website\"},\"primaryImageOfPage\":{\"@id\":\"https:\\\/\\\/www.dt-smart.com\\\/product\\\/macbook-pro-13-retina-display-assembly-crystal-clear-resolution-with-true-tone-p3-color-gamut-and-enhanced-brightness-for-professional-applications\\\/#primaryimage\"},\"image\":{\"@id\":\"https:\\\/\\\/www.dt-smart.com\\\/product\\\/macbook-pro-13-retina-display-assembly-crystal-clear-resolution-with-true-tone-p3-color-gamut-and-enhanced-brightness-for-professional-applications\\\/#primaryimage\"},\"thumbnailUrl\":\"https:\\\/\\\/www.dt-smart.com\\\/wp-content\\\/uploads\\\/2025\\\/02\\\/A2681.jpg\",\"datePublished\":\"2025-02-15T07:05:18+00:00\",\"dateModified\":\"2026-02-28T06:35:13+00:00\",\"description\":\"MacBook Pro 13-inch (A3113\\\/A2681) Retina display assembly\",\"breadcrumb\":{\"@id\":\"https:\\\/\\\/www.dt-smart.com\\\/product\\\/macbook-pro-13-retina-display-assembly-crystal-clear-resolution-with-true-tone-p3-color-gamut-and-enhanced-brightness-for-professional-applications\\\/#breadcrumb\"},\"inLanguage\":\"es\",\"potentialAction\":[{\"@type\":\"ReadAction\",\"target\":[\"https:\\\/\\\/www.dt-smart.com\\\/product\\\/macbook-pro-13-retina-display-assembly-crystal-clear-resolution-with-true-tone-p3-color-gamut-and-enhanced-brightness-for-professional-applications\\\/\"]}]},{\"@type\":\"ImageObject\",\"inLanguage\":\"es\",\"@id\":\"https:\\\/\\\/www.dt-smart.com\\\/product\\\/macbook-pro-13-retina-display-assembly-crystal-clear-resolution-with-true-tone-p3-color-gamut-and-enhanced-brightness-for-professional-applications\\\/#primaryimage\",\"url\":\"https:\\\/\\\/www.dt-smart.com\\\/wp-content\\\/uploads\\\/2025\\\/02\\\/A2681.jpg\",\"contentUrl\":\"https:\\\/\\\/www.dt-smart.com\\\/wp-content\\\/uploads\\\/2025\\\/02\\\/A2681.jpg\",\"width\":750,\"height\":750},{\"@type\":\"BreadcrumbList\",\"@id\":\"https:\\\/\\\/www.dt-smart.com\\\/product\\\/macbook-pro-13-retina-display-assembly-crystal-clear-resolution-with-true-tone-p3-color-gamut-and-enhanced-brightness-for-professional-applications\\\/#breadcrumb\",\"itemListElement\":[{\"@type\":\"ListItem\",\"position\":1,\"name\":\"Home\",\"item\":\"https:\\\/\\\/www.dt-smart.com\\\/\"},{\"@type\":\"ListItem\",\"position\":2,\"name\":\"Product\",\"item\":\"https:\\\/\\\/www.dt-smart.com\\\/ru\\\/product\\\/\"},{\"@type\":\"ListItem\",\"position\":3,\"name\":\"MacBook Pro 13-inch (A3113\\\/A2681) Retina Display Assembly &#8211; True Tone &#038; High Color Gamut &#8211; Professional Color Accuracy &#8211; Premium Visual Experience &#8211; Quality Guaranteed &#8211; Fast Shipping\"}]},{\"@type\":\"WebSite\",\"@id\":\"https:\\\/\\\/www.dt-smart.com\\\/#website\",\"url\":\"https:\\\/\\\/www.dt-smart.com\\\/\",\"name\":\"InsurePart\",\"description\":\"Cell Phone Repair Parts; iPhone Parts Wholesale;Samsung Parts Supplier\",\"potentialAction\":[{\"@type\":\"SearchAction\",\"target\":{\"@type\":\"EntryPoint\",\"urlTemplate\":\"https:\\\/\\\/www.dt-smart.com\\\/?s={search_term_string}\"},\"query-input\":{\"@type\":\"PropertyValueSpecification\",\"valueRequired\":true,\"valueName\":\"search_term_string\"}}],\"inLanguage\":\"es\"}]}<\/script>\n<!-- \/ Yoast SEO plugin. -->","yoast_head_json":{"title":"MacBook Pro 13-inch (A3113\/A2681) Retina Display Assembly - True Tone & High Color Gamut - Professional Color Accuracy - Premium Visual Experience - Quality Guaranteed - Fast Shipping - InsurePart","description":"MacBook Pro 13-inch (A3113\/A2681) Retina display assembly","robots":{"index":"index","follow":"follow","max-snippet":"max-snippet:-1","max-image-preview":"max-image-preview:large","max-video-preview":"max-video-preview:-1"},"canonical":"https:\/\/www.dt-smart.com\/es\/producto\/macbook-pro-13-retina-display-assembly-crystal-clear-resolution-with-true-tone-p3-color-gamut-and-enhanced-brightness-for-professional-applications\/","og_locale":"es_ES","og_type":"article","og_title":"MacBook Pro 13-inch (A3113\/A2681) Retina Display Assembly - True Tone & High Color Gamut - Professional Color Accuracy - Premium Visual Experience - Quality Guaranteed - Fast Shipping - InsurePart","og_description":"MacBook Pro 13-inch (A3113\/A2681) Retina display assembly","og_url":"https:\/\/www.dt-smart.com\/es\/producto\/macbook-pro-13-retina-display-assembly-crystal-clear-resolution-with-true-tone-p3-color-gamut-and-enhanced-brightness-for-professional-applications\/","og_site_name":"InsurePart","article_publisher":"https:\/\/www.facebook.com\/anjinleeEva","article_modified_time":"2026-02-28T06:35:13+00:00","og_image":[{"width":750,"height":750,"url":"https:\/\/www.dt-smart.com\/wp-content\/uploads\/2025\/02\/A2681.jpg","type":"image\/jpeg"}],"twitter_card":"summary_large_image","twitter_misc":{"Tiempo de lectura":"1 minuto"},"schema":{"@context":"https:\/\/schema.org","@graph":[{"@type":"WebPage","@id":"https:\/\/www.dt-smart.com\/product\/macbook-pro-13-retina-display-assembly-crystal-clear-resolution-with-true-tone-p3-color-gamut-and-enhanced-brightness-for-professional-applications\/","url":"https:\/\/www.dt-smart.com\/product\/macbook-pro-13-retina-display-assembly-crystal-clear-resolution-with-true-tone-p3-color-gamut-and-enhanced-brightness-for-professional-applications\/","name":"MacBook Pro 13-inch (A3113\/A2681) Retina Display Assembly - True Tone & High Color Gamut - Professional Color Accuracy - Premium Visual Experience - Quality Guaranteed - Fast Shipping - InsurePart","isPartOf":{"@id":"https:\/\/www.dt-smart.com\/#website"},"primaryImageOfPage":{"@id":"https:\/\/www.dt-smart.com\/product\/macbook-pro-13-retina-display-assembly-crystal-clear-resolution-with-true-tone-p3-color-gamut-and-enhanced-brightness-for-professional-applications\/#primaryimage"},"image":{"@id":"https:\/\/www.dt-smart.com\/product\/macbook-pro-13-retina-display-assembly-crystal-clear-resolution-with-true-tone-p3-color-gamut-and-enhanced-brightness-for-professional-applications\/#primaryimage"},"thumbnailUrl":"https:\/\/www.dt-smart.com\/wp-content\/uploads\/2025\/02\/A2681.jpg","datePublished":"2025-02-15T07:05:18+00:00","dateModified":"2026-02-28T06:35:13+00:00","description":"MacBook Pro 13-inch (A3113\/A2681) Retina display assembly","breadcrumb":{"@id":"https:\/\/www.dt-smart.com\/product\/macbook-pro-13-retina-display-assembly-crystal-clear-resolution-with-true-tone-p3-color-gamut-and-enhanced-brightness-for-professional-applications\/#breadcrumb"},"inLanguage":"es","potentialAction":[{"@type":"ReadAction","target":["https:\/\/www.dt-smart.com\/product\/macbook-pro-13-retina-display-assembly-crystal-clear-resolution-with-true-tone-p3-color-gamut-and-enhanced-brightness-for-professional-applications\/"]}]},{"@type":"ImageObject","inLanguage":"es","@id":"https:\/\/www.dt-smart.com\/product\/macbook-pro-13-retina-display-assembly-crystal-clear-resolution-with-true-tone-p3-color-gamut-and-enhanced-brightness-for-professional-applications\/#primaryimage","url":"https:\/\/www.dt-smart.com\/wp-content\/uploads\/2025\/02\/A2681.jpg","contentUrl":"https:\/\/www.dt-smart.com\/wp-content\/uploads\/2025\/02\/A2681.jpg","width":750,"height":750},{"@type":"BreadcrumbList","@id":"https:\/\/www.dt-smart.com\/product\/macbook-pro-13-retina-display-assembly-crystal-clear-resolution-with-true-tone-p3-color-gamut-and-enhanced-brightness-for-professional-applications\/#breadcrumb","itemListElement":[{"@type":"ListItem","position":1,"name":"Home","item":"https:\/\/www.dt-smart.com\/"},{"@type":"ListItem","position":2,"name":"Product","item":"https:\/\/www.dt-smart.com\/ru\/product\/"},{"@type":"ListItem","position":3,"name":"MacBook Pro 13-inch (A3113\/A2681) Retina Display Assembly &#8211; True Tone &#038; High Color Gamut &#8211; Professional Color Accuracy &#8211; Premium Visual Experience &#8211; Quality Guaranteed &#8211; Fast Shipping"}]},{"@type":"WebSite","@id":"https:\/\/www.dt-smart.com\/#website","url":"https:\/\/www.dt-smart.com\/","name":"Asegurar parte","description":"Repuestos para celulares; Venta al por mayor de repuestos para iPhone; Proveedor de repuestos para Samsung","potentialAction":[{"@type":"SearchAction","target":{"@type":"EntryPoint","urlTemplate":"https:\/\/www.dt-smart.com\/?s={search_term_string}"},"query-input":{"@type":"PropertyValueSpecification","valueRequired":true,"valueName":"search_term_string"}}],"inLanguage":"es"}]}},"_links":{"self":[{"href":"https:\/\/www.dt-smart.com\/es\/wp-json\/wp\/v2\/product\/18956","targetHints":{"allow":["GET"]}}],"collection":[{"href":"https:\/\/www.dt-smart.com\/es\/wp-json\/wp\/v2\/product"}],"about":[{"href":"https:\/\/www.dt-smart.com\/es\/wp-json\/wp\/v2\/types\/product"}],"replies":[{"embeddable":true,"href":"https:\/\/www.dt-smart.com\/es\/wp-json\/wp\/v2\/comments?post=18956"}],"version-history":[{"count":8,"href":"https:\/\/www.dt-smart.com\/es\/wp-json\/wp\/v2\/product\/18956\/revisions"}],"predecessor-version":[{"id":23264,"href":"https:\/\/www.dt-smart.com\/es\/wp-json\/wp\/v2\/product\/18956\/revisions\/23264"}],"wp:featuredmedia":[{"embeddable":true,"href":"https:\/\/www.dt-smart.com\/es\/wp-json\/wp\/v2\/media\/22277"}],"wp:attachment":[{"href":"https:\/\/www.dt-smart.com\/es\/wp-json\/wp\/v2\/media?parent=18956"}],"wp:term":[{"taxonomy":"product_brand","embeddable":true,"href":"https:\/\/www.dt-smart.com\/es\/wp-json\/wp\/v2\/product_brand?post=18956"},{"taxonomy":"product_cat","embeddable":true,"href":"https:\/\/www.dt-smart.com\/es\/wp-json\/wp\/v2\/product_cat?post=18956"},{"taxonomy":"product_tag","embeddable":true,"href":"https:\/\/www.dt-smart.com\/es\/wp-json\/wp\/v2\/product_tag?post=18956"}],"curies":[{"name":"wp","href":"https:\/\/api.w.org\/{rel}","templated":true}]}}