{"id":19144,"date":"2025-05-26T14:17:22","date_gmt":"2025-05-26T06:17:22","guid":{"rendered":"https:\/\/www.insurepart.com\/?post_type=product&#038;p=19144"},"modified":"2025-05-26T14:34:12","modified_gmt":"2025-05-26T06:34:12","slug":"premium-anti-scratch-full-lamination-display-for-iphone-16","status":"publish","type":"product","link":"https:\/\/www.dt-smart.com\/es\/producto\/premium-anti-scratch-full-lamination-display-for-iphone-16\/","title":{"rendered":"Pantalla laminada completa antiara\u00f1azos de primera calidad para iPhone 16"},"content":{"rendered":"<p><img fetchpriority=\"high\" decoding=\"async\" class=\"size-full wp-image-15567 aligncenter\" src=\"https:\/\/www.insurepart.com\/wp-content\/uploads\/2024\/08\/\u4e3a\u4ec0\u4e48\u9009\u62e9\u6211\u4eec22.webp\" alt=\"\" width=\"1000\" height=\"786\" srcset=\"https:\/\/www.dt-smart.com\/wp-content\/uploads\/2024\/08\/\u4e3a\u4ec0\u4e48\u9009\u62e9\u6211\u4eec22.webp 1000w, https:\/\/www.dt-smart.com\/wp-content\/uploads\/2024\/08\/\u4e3a\u4ec0\u4e48\u9009\u62e9\u6211\u4eec22-300x236.webp 300w, https:\/\/www.dt-smart.com\/wp-content\/uploads\/2024\/08\/\u4e3a\u4ec0\u4e48\u9009\u62e9\u6211\u4eec22-150x118.webp 150w, https:\/\/www.dt-smart.com\/wp-content\/uploads\/2024\/08\/\u4e3a\u4ec0\u4e48\u9009\u62e9\u6211\u4eec22-800x629.webp 800w, https:\/\/www.dt-smart.com\/wp-content\/uploads\/2024\/08\/\u4e3a\u4ec0\u4e48\u9009\u62e9\u6211\u4eec22-768x604.webp 768w, https:\/\/www.dt-smart.com\/wp-content\/uploads\/2024\/08\/\u4e3a\u4ec0\u4e48\u9009\u62e9\u6211\u4eec22-15x12.webp 15w\" sizes=\"(max-width: 1000px) 100vw, 1000px\" \/><\/p>","protected":false},"excerpt":{"rendered":"<p><span style=\"font-family: arial, helvetica, sans-serif; font-size: 8pt;\">\u2013 Brillo de hasta 1000 nits para una visibilidad n\u00edtida en exteriores a plena luz del d\u00eda.<\/span><br \/>\n<span style=\"font-family: arial, helvetica, sans-serif; font-size: 8pt;\">\u2013 El cristal, con una dureza de 7H, resiste los ara\u00f1azos cotidianos provocados por metales o llaves.<\/span><br \/>\n<span style=\"font-family: arial, helvetica, sans-serif; font-size: 8pt;\">\u2013 Admite una frecuencia de actualizaci\u00f3n de 60 Hz con una respuesta t\u00e1ctil fluida para un uso t\u00edpico.<\/span><br \/>\n<span style=\"font-family: arial, helvetica, sans-serif; font-size: 8pt;\">\u2013 La gama de colores sRGB 100% garantiza una reproducci\u00f3n crom\u00e1tica uniforme y v\u00edvida.<\/span><br \/>\n<span style=\"font-family: arial, helvetica, sans-serif; font-size: 8pt;\">\u2013 El revestimiento oleof\u00f3bico incorporado reduce las huellas dactilares y las manchas.<\/span><br \/>\n<span style=\"font-family: arial, helvetica, sans-serif; font-size: 8pt;\">\u2013 El digitalizador de calidad OEM admite una entrada t\u00e1ctil precisa y gestos multit\u00e1ctiles.<\/span><br \/>\n<span style=\"font-family: arial, helvetica, sans-serif; font-size: 8pt;\">\u2013 Probado en f\u00e1brica para garantizar la uniformidad del brillo y la integridad de los p\u00edxeles.<\/span><\/p>","protected":false},"featured_media":19110,"comment_status":"open","ping_status":"closed","template":"","meta":[],"product_brand":[],"product_cat":[466,42,1348],"product_tag":[],"class_list":{"0":"post-19144","1":"product","2":"type-product","3":"status-publish","4":"has-post-thumbnail","6":"product_cat-all-iphone-lcds","7":"product_cat-iphone","8":"product_cat-iphone-16","10":"first","11":"instock","12":"taxable","13":"shipping-taxable","14":"purchasable","15":"product-type-variable"},"yoast_head":"<!-- This site is optimized with the Yoast SEO plugin v27.4 - https:\/\/yoast.com\/product\/yoast-seo-wordpress\/ -->\n<title>Premium Anti-Scratch Full Lamination Display for iPhone 16 - InsurePart<\/title>\n<meta name=\"description\" content=\"Premium Anti-Scratch Full Lamination Display for iPhone 16\" \/>\n<meta name=\"robots\" content=\"index, follow, max-snippet:-1, max-image-preview:large, max-video-preview:-1\" \/>\n<link rel=\"canonical\" href=\"https:\/\/www.dt-smart.com\/es\/producto\/premium-anti-scratch-full-lamination-display-for-iphone-16\/\" \/>\n<meta property=\"og:locale\" content=\"es_ES\" \/>\n<meta property=\"og:type\" content=\"article\" \/>\n<meta property=\"og:title\" content=\"Premium Anti-Scratch Full Lamination Display for iPhone 16 - InsurePart\" \/>\n<meta property=\"og:description\" content=\"Premium Anti-Scratch Full Lamination Display for iPhone 16\" \/>\n<meta property=\"og:url\" content=\"https:\/\/www.dt-smart.com\/es\/producto\/premium-anti-scratch-full-lamination-display-for-iphone-16\/\" \/>\n<meta property=\"og:site_name\" content=\"InsurePart\" \/>\n<meta property=\"article:publisher\" content=\"https:\/\/www.facebook.com\/anjinleeEva\" \/>\n<meta property=\"article:modified_time\" content=\"2025-05-26T06:34:12+00:00\" \/>\n<meta property=\"og:image\" content=\"https:\/\/www.dt-smart.com\/wp-content\/uploads\/2025\/05\/16E\u4e3b.webp\" \/>\n\t<meta property=\"og:image:width\" content=\"800\" \/>\n\t<meta property=\"og:image:height\" content=\"800\" \/>\n\t<meta property=\"og:image:type\" content=\"image\/webp\" \/>\n<meta name=\"twitter:card\" content=\"summary_large_image\" \/>\n<meta name=\"twitter:label1\" content=\"Tiempo de lectura\" \/>\n\t<meta name=\"twitter:data1\" content=\"1 minuto\" \/>\n<script type=\"application\/ld+json\" class=\"yoast-schema-graph\">{\"@context\":\"https:\\\/\\\/schema.org\",\"@graph\":[{\"@type\":\"WebPage\",\"@id\":\"https:\\\/\\\/www.dt-smart.com\\\/es\\\/producto\\\/premium-anti-scratch-full-lamination-display-for-iphone-16\\\/\",\"url\":\"https:\\\/\\\/www.dt-smart.com\\\/es\\\/producto\\\/premium-anti-scratch-full-lamination-display-for-iphone-16\\\/\",\"name\":\"Premium Anti-Scratch Full Lamination Display for iPhone 16 - InsurePart\",\"isPartOf\":{\"@id\":\"https:\\\/\\\/www.dt-smart.com\\\/#website\"},\"primaryImageOfPage\":{\"@id\":\"https:\\\/\\\/www.dt-smart.com\\\/es\\\/producto\\\/premium-anti-scratch-full-lamination-display-for-iphone-16\\\/#primaryimage\"},\"image\":{\"@id\":\"https:\\\/\\\/www.dt-smart.com\\\/es\\\/producto\\\/premium-anti-scratch-full-lamination-display-for-iphone-16\\\/#primaryimage\"},\"thumbnailUrl\":\"https:\\\/\\\/www.dt-smart.com\\\/wp-content\\\/uploads\\\/2025\\\/05\\\/16E\u4e3b.webp\",\"datePublished\":\"2025-05-26T06:17:22+00:00\",\"dateModified\":\"2025-05-26T06:34:12+00:00\",\"description\":\"Premium Anti-Scratch Full Lamination Display for iPhone 16\",\"breadcrumb\":{\"@id\":\"https:\\\/\\\/www.dt-smart.com\\\/es\\\/producto\\\/premium-anti-scratch-full-lamination-display-for-iphone-16\\\/#breadcrumb\"},\"inLanguage\":\"es\",\"potentialAction\":[{\"@type\":\"ReadAction\",\"target\":[\"https:\\\/\\\/www.dt-smart.com\\\/es\\\/producto\\\/premium-anti-scratch-full-lamination-display-for-iphone-16\\\/\"]}]},{\"@type\":\"ImageObject\",\"inLanguage\":\"es\",\"@id\":\"https:\\\/\\\/www.dt-smart.com\\\/es\\\/producto\\\/premium-anti-scratch-full-lamination-display-for-iphone-16\\\/#primaryimage\",\"url\":\"https:\\\/\\\/www.dt-smart.com\\\/wp-content\\\/uploads\\\/2025\\\/05\\\/16E\u4e3b.webp\",\"contentUrl\":\"https:\\\/\\\/www.dt-smart.com\\\/wp-content\\\/uploads\\\/2025\\\/05\\\/16E\u4e3b.webp\",\"width\":800,\"height\":800},{\"@type\":\"BreadcrumbList\",\"@id\":\"https:\\\/\\\/www.dt-smart.com\\\/es\\\/producto\\\/premium-anti-scratch-full-lamination-display-for-iphone-16\\\/#breadcrumb\",\"itemListElement\":[{\"@type\":\"ListItem\",\"position\":1,\"name\":\"Home\",\"item\":\"https:\\\/\\\/www.dt-smart.com\\\/\"},{\"@type\":\"ListItem\",\"position\":2,\"name\":\"Product\",\"item\":\"https:\\\/\\\/www.dt-smart.com\\\/ru\\\/product\\\/\"},{\"@type\":\"ListItem\",\"position\":3,\"name\":\"Premium Anti-Scratch Full Lamination Display for iPhone 16\"}]},{\"@type\":\"WebSite\",\"@id\":\"https:\\\/\\\/www.dt-smart.com\\\/#website\",\"url\":\"https:\\\/\\\/www.dt-smart.com\\\/\",\"name\":\"InsurePart\",\"description\":\"Cell Phone Repair Parts; iPhone Parts Wholesale;Samsung Parts Supplier\",\"potentialAction\":[{\"@type\":\"SearchAction\",\"target\":{\"@type\":\"EntryPoint\",\"urlTemplate\":\"https:\\\/\\\/www.dt-smart.com\\\/?s={search_term_string}\"},\"query-input\":{\"@type\":\"PropertyValueSpecification\",\"valueRequired\":true,\"valueName\":\"search_term_string\"}}],\"inLanguage\":\"es\"}]}<\/script>\n<!-- \/ Yoast SEO plugin. -->","yoast_head_json":{"title":"Premium Anti-Scratch Full Lamination Display for iPhone 16 - InsurePart","description":"Pantalla laminada completa antiara\u00f1azos de primera calidad para iPhone 16","robots":{"index":"index","follow":"follow","max-snippet":"max-snippet:-1","max-image-preview":"max-image-preview:large","max-video-preview":"max-video-preview:-1"},"canonical":"https:\/\/www.dt-smart.com\/es\/producto\/premium-anti-scratch-full-lamination-display-for-iphone-16\/","og_locale":"es_ES","og_type":"article","og_title":"Premium Anti-Scratch Full Lamination Display for iPhone 16 - InsurePart","og_description":"Premium Anti-Scratch Full Lamination Display for iPhone 16","og_url":"https:\/\/www.dt-smart.com\/es\/producto\/premium-anti-scratch-full-lamination-display-for-iphone-16\/","og_site_name":"InsurePart","article_publisher":"https:\/\/www.facebook.com\/anjinleeEva","article_modified_time":"2025-05-26T06:34:12+00:00","og_image":[{"width":800,"height":800,"url":"https:\/\/www.dt-smart.com\/wp-content\/uploads\/2025\/05\/16E\u4e3b.webp","type":"image\/webp"}],"twitter_card":"summary_large_image","twitter_misc":{"Tiempo de lectura":"1 minuto"},"schema":{"@context":"https:\/\/schema.org","@graph":[{"@type":"WebPage","@id":"https:\/\/www.dt-smart.com\/es\/producto\/premium-anti-scratch-full-lamination-display-for-iphone-16\/","url":"https:\/\/www.dt-smart.com\/es\/producto\/premium-anti-scratch-full-lamination-display-for-iphone-16\/","name":"Premium Anti-Scratch Full Lamination Display for iPhone 16 - InsurePart","isPartOf":{"@id":"https:\/\/www.dt-smart.com\/#website"},"primaryImageOfPage":{"@id":"https:\/\/www.dt-smart.com\/es\/producto\/premium-anti-scratch-full-lamination-display-for-iphone-16\/#primaryimage"},"image":{"@id":"https:\/\/www.dt-smart.com\/es\/producto\/premium-anti-scratch-full-lamination-display-for-iphone-16\/#primaryimage"},"thumbnailUrl":"https:\/\/www.dt-smart.com\/wp-content\/uploads\/2025\/05\/16E\u4e3b.webp","datePublished":"2025-05-26T06:17:22+00:00","dateModified":"2025-05-26T06:34:12+00:00","description":"Pantalla laminada completa antiara\u00f1azos de primera calidad para iPhone 16","breadcrumb":{"@id":"https:\/\/www.dt-smart.com\/es\/producto\/premium-anti-scratch-full-lamination-display-for-iphone-16\/#breadcrumb"},"inLanguage":"es","potentialAction":[{"@type":"ReadAction","target":["https:\/\/www.dt-smart.com\/es\/producto\/premium-anti-scratch-full-lamination-display-for-iphone-16\/"]}]},{"@type":"ImageObject","inLanguage":"es","@id":"https:\/\/www.dt-smart.com\/es\/producto\/premium-anti-scratch-full-lamination-display-for-iphone-16\/#primaryimage","url":"https:\/\/www.dt-smart.com\/wp-content\/uploads\/2025\/05\/16E\u4e3b.webp","contentUrl":"https:\/\/www.dt-smart.com\/wp-content\/uploads\/2025\/05\/16E\u4e3b.webp","width":800,"height":800},{"@type":"BreadcrumbList","@id":"https:\/\/www.dt-smart.com\/es\/producto\/premium-anti-scratch-full-lamination-display-for-iphone-16\/#breadcrumb","itemListElement":[{"@type":"ListItem","position":1,"name":"Home","item":"https:\/\/www.dt-smart.com\/"},{"@type":"ListItem","position":2,"name":"Product","item":"https:\/\/www.dt-smart.com\/ru\/product\/"},{"@type":"ListItem","position":3,"name":"Premium Anti-Scratch Full Lamination Display for iPhone 16"}]},{"@type":"WebSite","@id":"https:\/\/www.dt-smart.com\/#website","url":"https:\/\/www.dt-smart.com\/","name":"Asegurar parte","description":"Repuestos para celulares; Venta al por mayor de repuestos para iPhone; Proveedor de repuestos para Samsung","potentialAction":[{"@type":"SearchAction","target":{"@type":"EntryPoint","urlTemplate":"https:\/\/www.dt-smart.com\/?s={search_term_string}"},"query-input":{"@type":"PropertyValueSpecification","valueRequired":true,"valueName":"search_term_string"}}],"inLanguage":"es"}]}},"_links":{"self":[{"href":"https:\/\/www.dt-smart.com\/es\/wp-json\/wp\/v2\/product\/19144","targetHints":{"allow":["GET"]}}],"collection":[{"href":"https:\/\/www.dt-smart.com\/es\/wp-json\/wp\/v2\/product"}],"about":[{"href":"https:\/\/www.dt-smart.com\/es\/wp-json\/wp\/v2\/types\/product"}],"replies":[{"embeddable":true,"href":"https:\/\/www.dt-smart.com\/es\/wp-json\/wp\/v2\/comments?post=19144"}],"version-history":[{"count":1,"href":"https:\/\/www.dt-smart.com\/es\/wp-json\/wp\/v2\/product\/19144\/revisions"}],"predecessor-version":[{"id":19174,"href":"https:\/\/www.dt-smart.com\/es\/wp-json\/wp\/v2\/product\/19144\/revisions\/19174"}],"wp:featuredmedia":[{"embeddable":true,"href":"https:\/\/www.dt-smart.com\/es\/wp-json\/wp\/v2\/media\/19110"}],"wp:attachment":[{"href":"https:\/\/www.dt-smart.com\/es\/wp-json\/wp\/v2\/media?parent=19144"}],"wp:term":[{"taxonomy":"product_brand","embeddable":true,"href":"https:\/\/www.dt-smart.com\/es\/wp-json\/wp\/v2\/product_brand?post=19144"},{"taxonomy":"product_cat","embeddable":true,"href":"https:\/\/www.dt-smart.com\/es\/wp-json\/wp\/v2\/product_cat?post=19144"},{"taxonomy":"product_tag","embeddable":true,"href":"https:\/\/www.dt-smart.com\/es\/wp-json\/wp\/v2\/product_tag?post=19144"}],"curies":[{"name":"wp","href":"https:\/\/api.w.org\/{rel}","templated":true}]}}