{"id":19509,"date":"2025-06-23T15:07:55","date_gmt":"2025-06-23T07:07:55","guid":{"rendered":"https:\/\/www.insurepart.com\/?post_type=product&#038;p=19509"},"modified":"2026-01-06T15:08:40","modified_gmt":"2026-01-06T07:08:40","slug":"original-type-flex-cable-for-iphone-14-pro-loudspeaker-connector-and-signal-line","status":"publish","type":"product","link":"https:\/\/www.dt-smart.com\/es\/producto\/original-type-flex-cable-for-iphone-14-pro-loudspeaker-connector-and-signal-line\/","title":{"rendered":"Cable flexible para altavoz del iPhone 14 Pro \u2013 Integridad de se\u00f1al seg\u00fan especificaciones OEM para el altavoz inferior. Env\u00edo r\u00e1pido."},"content":{"rendered":"<p style=\"text-align: center;\"><img fetchpriority=\"high\" decoding=\"async\" class=\"alignnone size-full wp-image-15567\" src=\"https:\/\/www.insurepart.com\/wp-content\/uploads\/2024\/08\/\u4e3a\u4ec0\u4e48\u9009\u62e9\u6211\u4eec22.webp\" alt=\"\" width=\"1000\" height=\"786\" srcset=\"https:\/\/www.dt-smart.com\/wp-content\/uploads\/2024\/08\/\u4e3a\u4ec0\u4e48\u9009\u62e9\u6211\u4eec22.webp 1000w, https:\/\/www.dt-smart.com\/wp-content\/uploads\/2024\/08\/\u4e3a\u4ec0\u4e48\u9009\u62e9\u6211\u4eec22-300x236.webp 300w, https:\/\/www.dt-smart.com\/wp-content\/uploads\/2024\/08\/\u4e3a\u4ec0\u4e48\u9009\u62e9\u6211\u4eec22-150x118.webp 150w, https:\/\/www.dt-smart.com\/wp-content\/uploads\/2024\/08\/\u4e3a\u4ec0\u4e48\u9009\u62e9\u6211\u4eec22-800x629.webp 800w, https:\/\/www.dt-smart.com\/wp-content\/uploads\/2024\/08\/\u4e3a\u4ec0\u4e48\u9009\u62e9\u6211\u4eec22-768x604.webp 768w, https:\/\/www.dt-smart.com\/wp-content\/uploads\/2024\/08\/\u4e3a\u4ec0\u4e48\u9009\u62e9\u6211\u4eec22-15x12.webp 15w\" sizes=\"(max-width: 1000px) 100vw, 1000px\" \/><\/p>","protected":false},"excerpt":{"rendered":"<p><span style=\"font-size: 10pt;\">Internal flex cable for iPhone 14 Pro bottom speaker replacement. It transfers signal but includes no audio output parts. Used in repairs involving sound failure or signal break. Physically matched to OEM fit. Requires technical care.<\/span><\/p>","protected":false},"featured_media":19564,"comment_status":"open","ping_status":"closed","template":"","meta":[],"product_brand":[],"product_cat":[42,57],"product_tag":[],"class_list":{"0":"post-19509","1":"product","2":"type-product","3":"status-publish","4":"has-post-thumbnail","6":"product_cat-iphone","7":"product_cat-iphone-14-pro","9":"first","10":"instock","11":"taxable","12":"shipping-taxable","13":"purchasable","14":"product-type-simple"},"yoast_head":"<!-- This site is optimized with the Yoast SEO plugin v27.4 - https:\/\/yoast.com\/product\/yoast-seo-wordpress\/ -->\n<title>iPhone 14 Pro Loudspeaker Flex Cable - OEM-Spec Signal Integrity for Bottom Speaker. Fast Shipping - InsurePart<\/title>\n<meta name=\"description\" content=\"iPhone 14 Pro Loudspeaker Flex Cable - OEM-Spec Signal Integrity for Bottom Speaker. Fast Shipping\" \/>\n<meta name=\"robots\" content=\"index, follow, max-snippet:-1, max-image-preview:large, max-video-preview:-1\" \/>\n<link rel=\"canonical\" href=\"https:\/\/www.dt-smart.com\/es\/producto\/original-type-flex-cable-for-iphone-14-pro-loudspeaker-connector-and-signal-line\/\" \/>\n<meta property=\"og:locale\" content=\"es_ES\" \/>\n<meta property=\"og:type\" content=\"article\" \/>\n<meta property=\"og:title\" content=\"iPhone 14 Pro Loudspeaker Flex Cable - OEM-Spec Signal Integrity for Bottom Speaker. Fast Shipping - InsurePart\" \/>\n<meta property=\"og:description\" content=\"iPhone 14 Pro Loudspeaker Flex Cable - OEM-Spec Signal Integrity for Bottom Speaker. Fast Shipping\" \/>\n<meta property=\"og:url\" content=\"https:\/\/www.dt-smart.com\/es\/producto\/original-type-flex-cable-for-iphone-14-pro-loudspeaker-connector-and-signal-line\/\" \/>\n<meta property=\"og:site_name\" content=\"InsurePart\" \/>\n<meta property=\"article:publisher\" content=\"https:\/\/www.facebook.com\/anjinleeEva\" \/>\n<meta property=\"article:modified_time\" content=\"2026-01-06T07:08:40+00:00\" \/>\n<meta property=\"og:image\" content=\"https:\/\/www.dt-smart.com\/wp-content\/uploads\/2025\/06\/14Pro-1.webp\" \/>\n\t<meta property=\"og:image:width\" content=\"800\" \/>\n\t<meta property=\"og:image:height\" content=\"800\" \/>\n\t<meta property=\"og:image:type\" content=\"image\/webp\" \/>\n<meta name=\"twitter:card\" content=\"summary_large_image\" \/>\n<meta name=\"twitter:label1\" content=\"Tiempo de lectura\" \/>\n\t<meta name=\"twitter:data1\" content=\"1 minuto\" \/>\n<script type=\"application\/ld+json\" class=\"yoast-schema-graph\">{\"@context\":\"https:\\\/\\\/schema.org\",\"@graph\":[{\"@type\":\"WebPage\",\"@id\":\"https:\\\/\\\/www.dt-smart.com\\\/product\\\/original-type-flex-cable-for-iphone-14-pro-loudspeaker-connector-and-signal-line\\\/\",\"url\":\"https:\\\/\\\/www.dt-smart.com\\\/product\\\/original-type-flex-cable-for-iphone-14-pro-loudspeaker-connector-and-signal-line\\\/\",\"name\":\"iPhone 14 Pro Loudspeaker Flex Cable - OEM-Spec Signal Integrity for Bottom Speaker. Fast Shipping - InsurePart\",\"isPartOf\":{\"@id\":\"https:\\\/\\\/www.dt-smart.com\\\/#website\"},\"primaryImageOfPage\":{\"@id\":\"https:\\\/\\\/www.dt-smart.com\\\/product\\\/original-type-flex-cable-for-iphone-14-pro-loudspeaker-connector-and-signal-line\\\/#primaryimage\"},\"image\":{\"@id\":\"https:\\\/\\\/www.dt-smart.com\\\/product\\\/original-type-flex-cable-for-iphone-14-pro-loudspeaker-connector-and-signal-line\\\/#primaryimage\"},\"thumbnailUrl\":\"https:\\\/\\\/www.dt-smart.com\\\/wp-content\\\/uploads\\\/2025\\\/06\\\/14Pro-1.webp\",\"datePublished\":\"2025-06-23T07:07:55+00:00\",\"dateModified\":\"2026-01-06T07:08:40+00:00\",\"description\":\"iPhone 14 Pro Loudspeaker Flex Cable - OEM-Spec Signal Integrity for Bottom Speaker. Fast Shipping\",\"breadcrumb\":{\"@id\":\"https:\\\/\\\/www.dt-smart.com\\\/product\\\/original-type-flex-cable-for-iphone-14-pro-loudspeaker-connector-and-signal-line\\\/#breadcrumb\"},\"inLanguage\":\"es\",\"potentialAction\":[{\"@type\":\"ReadAction\",\"target\":[\"https:\\\/\\\/www.dt-smart.com\\\/product\\\/original-type-flex-cable-for-iphone-14-pro-loudspeaker-connector-and-signal-line\\\/\"]}]},{\"@type\":\"ImageObject\",\"inLanguage\":\"es\",\"@id\":\"https:\\\/\\\/www.dt-smart.com\\\/product\\\/original-type-flex-cable-for-iphone-14-pro-loudspeaker-connector-and-signal-line\\\/#primaryimage\",\"url\":\"https:\\\/\\\/www.dt-smart.com\\\/wp-content\\\/uploads\\\/2025\\\/06\\\/14Pro-1.webp\",\"contentUrl\":\"https:\\\/\\\/www.dt-smart.com\\\/wp-content\\\/uploads\\\/2025\\\/06\\\/14Pro-1.webp\",\"width\":800,\"height\":800},{\"@type\":\"BreadcrumbList\",\"@id\":\"https:\\\/\\\/www.dt-smart.com\\\/product\\\/original-type-flex-cable-for-iphone-14-pro-loudspeaker-connector-and-signal-line\\\/#breadcrumb\",\"itemListElement\":[{\"@type\":\"ListItem\",\"position\":1,\"name\":\"Home\",\"item\":\"https:\\\/\\\/www.dt-smart.com\\\/\"},{\"@type\":\"ListItem\",\"position\":2,\"name\":\"Product\",\"item\":\"https:\\\/\\\/www.dt-smart.com\\\/ru\\\/product\\\/\"},{\"@type\":\"ListItem\",\"position\":3,\"name\":\"iPhone 14 Pro Loudspeaker Flex Cable &#8211; OEM-Spec Signal Integrity for Bottom Speaker. Fast Shipping\"}]},{\"@type\":\"WebSite\",\"@id\":\"https:\\\/\\\/www.dt-smart.com\\\/#website\",\"url\":\"https:\\\/\\\/www.dt-smart.com\\\/\",\"name\":\"InsurePart\",\"description\":\"Cell Phone Repair Parts; iPhone Parts Wholesale;Samsung Parts Supplier\",\"potentialAction\":[{\"@type\":\"SearchAction\",\"target\":{\"@type\":\"EntryPoint\",\"urlTemplate\":\"https:\\\/\\\/www.dt-smart.com\\\/?s={search_term_string}\"},\"query-input\":{\"@type\":\"PropertyValueSpecification\",\"valueRequired\":true,\"valueName\":\"search_term_string\"}}],\"inLanguage\":\"es\"}]}<\/script>\n<!-- \/ Yoast SEO plugin. -->","yoast_head_json":{"title":"iPhone 14 Pro Loudspeaker Flex Cable - OEM-Spec Signal Integrity for Bottom Speaker. Fast Shipping - InsurePart","description":"iPhone 14 Pro Loudspeaker Flex Cable - OEM-Spec Signal Integrity for Bottom Speaker. Fast Shipping","robots":{"index":"index","follow":"follow","max-snippet":"max-snippet:-1","max-image-preview":"max-image-preview:large","max-video-preview":"max-video-preview:-1"},"canonical":"https:\/\/www.dt-smart.com\/es\/producto\/original-type-flex-cable-for-iphone-14-pro-loudspeaker-connector-and-signal-line\/","og_locale":"es_ES","og_type":"article","og_title":"iPhone 14 Pro Loudspeaker Flex Cable - OEM-Spec Signal Integrity for Bottom Speaker. Fast Shipping - InsurePart","og_description":"iPhone 14 Pro Loudspeaker Flex Cable - OEM-Spec Signal Integrity for Bottom Speaker. Fast Shipping","og_url":"https:\/\/www.dt-smart.com\/es\/producto\/original-type-flex-cable-for-iphone-14-pro-loudspeaker-connector-and-signal-line\/","og_site_name":"InsurePart","article_publisher":"https:\/\/www.facebook.com\/anjinleeEva","article_modified_time":"2026-01-06T07:08:40+00:00","og_image":[{"width":800,"height":800,"url":"https:\/\/www.dt-smart.com\/wp-content\/uploads\/2025\/06\/14Pro-1.webp","type":"image\/webp"}],"twitter_card":"summary_large_image","twitter_misc":{"Tiempo de lectura":"1 minuto"},"schema":{"@context":"https:\/\/schema.org","@graph":[{"@type":"WebPage","@id":"https:\/\/www.dt-smart.com\/product\/original-type-flex-cable-for-iphone-14-pro-loudspeaker-connector-and-signal-line\/","url":"https:\/\/www.dt-smart.com\/product\/original-type-flex-cable-for-iphone-14-pro-loudspeaker-connector-and-signal-line\/","name":"iPhone 14 Pro Loudspeaker Flex Cable - OEM-Spec Signal Integrity for Bottom Speaker. Fast Shipping - InsurePart","isPartOf":{"@id":"https:\/\/www.dt-smart.com\/#website"},"primaryImageOfPage":{"@id":"https:\/\/www.dt-smart.com\/product\/original-type-flex-cable-for-iphone-14-pro-loudspeaker-connector-and-signal-line\/#primaryimage"},"image":{"@id":"https:\/\/www.dt-smart.com\/product\/original-type-flex-cable-for-iphone-14-pro-loudspeaker-connector-and-signal-line\/#primaryimage"},"thumbnailUrl":"https:\/\/www.dt-smart.com\/wp-content\/uploads\/2025\/06\/14Pro-1.webp","datePublished":"2025-06-23T07:07:55+00:00","dateModified":"2026-01-06T07:08:40+00:00","description":"iPhone 14 Pro Loudspeaker Flex Cable - OEM-Spec Signal Integrity for Bottom Speaker. Fast Shipping","breadcrumb":{"@id":"https:\/\/www.dt-smart.com\/product\/original-type-flex-cable-for-iphone-14-pro-loudspeaker-connector-and-signal-line\/#breadcrumb"},"inLanguage":"es","potentialAction":[{"@type":"ReadAction","target":["https:\/\/www.dt-smart.com\/product\/original-type-flex-cable-for-iphone-14-pro-loudspeaker-connector-and-signal-line\/"]}]},{"@type":"ImageObject","inLanguage":"es","@id":"https:\/\/www.dt-smart.com\/product\/original-type-flex-cable-for-iphone-14-pro-loudspeaker-connector-and-signal-line\/#primaryimage","url":"https:\/\/www.dt-smart.com\/wp-content\/uploads\/2025\/06\/14Pro-1.webp","contentUrl":"https:\/\/www.dt-smart.com\/wp-content\/uploads\/2025\/06\/14Pro-1.webp","width":800,"height":800},{"@type":"BreadcrumbList","@id":"https:\/\/www.dt-smart.com\/product\/original-type-flex-cable-for-iphone-14-pro-loudspeaker-connector-and-signal-line\/#breadcrumb","itemListElement":[{"@type":"ListItem","position":1,"name":"Home","item":"https:\/\/www.dt-smart.com\/"},{"@type":"ListItem","position":2,"name":"Product","item":"https:\/\/www.dt-smart.com\/ru\/product\/"},{"@type":"ListItem","position":3,"name":"iPhone 14 Pro Loudspeaker Flex Cable &#8211; OEM-Spec Signal Integrity for Bottom Speaker. Fast Shipping"}]},{"@type":"WebSite","@id":"https:\/\/www.dt-smart.com\/#website","url":"https:\/\/www.dt-smart.com\/","name":"Asegurar parte","description":"Repuestos para celulares; Venta al por mayor de repuestos para iPhone; Proveedor de repuestos para Samsung","potentialAction":[{"@type":"SearchAction","target":{"@type":"EntryPoint","urlTemplate":"https:\/\/www.dt-smart.com\/?s={search_term_string}"},"query-input":{"@type":"PropertyValueSpecification","valueRequired":true,"valueName":"search_term_string"}}],"inLanguage":"es"}]}},"_links":{"self":[{"href":"https:\/\/www.dt-smart.com\/es\/wp-json\/wp\/v2\/product\/19509","targetHints":{"allow":["GET"]}}],"collection":[{"href":"https:\/\/www.dt-smart.com\/es\/wp-json\/wp\/v2\/product"}],"about":[{"href":"https:\/\/www.dt-smart.com\/es\/wp-json\/wp\/v2\/types\/product"}],"replies":[{"embeddable":true,"href":"https:\/\/www.dt-smart.com\/es\/wp-json\/wp\/v2\/comments?post=19509"}],"version-history":[{"count":3,"href":"https:\/\/www.dt-smart.com\/es\/wp-json\/wp\/v2\/product\/19509\/revisions"}],"predecessor-version":[{"id":24321,"href":"https:\/\/www.dt-smart.com\/es\/wp-json\/wp\/v2\/product\/19509\/revisions\/24321"}],"wp:featuredmedia":[{"embeddable":true,"href":"https:\/\/www.dt-smart.com\/es\/wp-json\/wp\/v2\/media\/19564"}],"wp:attachment":[{"href":"https:\/\/www.dt-smart.com\/es\/wp-json\/wp\/v2\/media?parent=19509"}],"wp:term":[{"taxonomy":"product_brand","embeddable":true,"href":"https:\/\/www.dt-smart.com\/es\/wp-json\/wp\/v2\/product_brand?post=19509"},{"taxonomy":"product_cat","embeddable":true,"href":"https:\/\/www.dt-smart.com\/es\/wp-json\/wp\/v2\/product_cat?post=19509"},{"taxonomy":"product_tag","embeddable":true,"href":"https:\/\/www.dt-smart.com\/es\/wp-json\/wp\/v2\/product_tag?post=19509"}],"curies":[{"name":"wp","href":"https:\/\/api.w.org\/{rel}","templated":true}]}}