{"id":19520,"date":"2025-06-23T15:48:52","date_gmt":"2025-06-23T07:48:52","guid":{"rendered":"https:\/\/www.insurepart.com\/?post_type=product&#038;p=19520"},"modified":"2026-01-06T15:01:41","modified_gmt":"2026-01-06T07:01:41","slug":"iphone-14-bottom-speaker-connection-flex-audio-circuit-replacement-part","status":"publish","type":"product","link":"https:\/\/www.dt-smart.com\/es\/producto\/iphone-14-bottom-speaker-connection-flex-audio-circuit-replacement-part\/","title":{"rendered":"Cable flexible de conexi\u00f3n del altavoz inferior del iPhone 14: repuesto para circuito de audio, sonido n\u00edtido y rendimiento fiable, calidad OEM, env\u00edo r\u00e1pido"},"content":{"rendered":"<p style=\"text-align: center;\"><img fetchpriority=\"high\" decoding=\"async\" class=\"alignnone size-full wp-image-15567\" src=\"https:\/\/www.insurepart.com\/wp-content\/uploads\/2024\/08\/\u4e3a\u4ec0\u4e48\u9009\u62e9\u6211\u4eec22.webp\" alt=\"\" width=\"1000\" height=\"786\" srcset=\"https:\/\/www.dt-smart.com\/wp-content\/uploads\/2024\/08\/\u4e3a\u4ec0\u4e48\u9009\u62e9\u6211\u4eec22.webp 1000w, https:\/\/www.dt-smart.com\/wp-content\/uploads\/2024\/08\/\u4e3a\u4ec0\u4e48\u9009\u62e9\u6211\u4eec22-300x236.webp 300w, https:\/\/www.dt-smart.com\/wp-content\/uploads\/2024\/08\/\u4e3a\u4ec0\u4e48\u9009\u62e9\u6211\u4eec22-150x118.webp 150w, https:\/\/www.dt-smart.com\/wp-content\/uploads\/2024\/08\/\u4e3a\u4ec0\u4e48\u9009\u62e9\u6211\u4eec22-800x629.webp 800w, https:\/\/www.dt-smart.com\/wp-content\/uploads\/2024\/08\/\u4e3a\u4ec0\u4e48\u9009\u62e9\u6211\u4eec22-768x604.webp 768w, https:\/\/www.dt-smart.com\/wp-content\/uploads\/2024\/08\/\u4e3a\u4ec0\u4e48\u9009\u62e9\u6211\u4eec22-15x12.webp 15w\" sizes=\"(max-width: 1000px) 100vw, 1000px\" \/><\/p>","protected":false},"excerpt":{"rendered":"<p><span style=\"font-size: 10pt;\">Tailored for the iPhone 14, this speaker flex cable serves as a signal pathway from the motherboard to the bottom loudspeaker. It contains no sound components. It is suitable for solving issues like audio dropout or no sound. Must be properly positioned during repair.<\/span><\/p>","protected":false},"featured_media":19562,"comment_status":"open","ping_status":"closed","template":"","meta":[],"product_brand":[],"product_cat":[42,59],"product_tag":[],"class_list":{"0":"post-19520","1":"product","2":"type-product","3":"status-publish","4":"has-post-thumbnail","6":"product_cat-iphone","7":"product_cat-iphone-14","9":"first","10":"instock","11":"taxable","12":"shipping-taxable","13":"purchasable","14":"product-type-simple"},"yoast_head":"<!-- This site is optimized with the Yoast SEO plugin v27.4 - https:\/\/yoast.com\/product\/yoast-seo-wordpress\/ -->\n<title>iPhone 14 Bottom Speaker Connection Flex Cable - Audio Circuit Replacement Part - Clear Sound &amp; Reliable Performance - OEM Quality - Fast Shipping - InsurePart<\/title>\n<meta name=\"description\" content=\"iPhone 14 Bottom Speaker Connection Flex Cable - Audio Circuit Replacement Part - Clear Sound &amp; Reliable Performance - OEM Quality - Fast Shipping\" \/>\n<meta name=\"robots\" content=\"index, follow, max-snippet:-1, max-image-preview:large, max-video-preview:-1\" \/>\n<link rel=\"canonical\" href=\"https:\/\/www.dt-smart.com\/es\/producto\/iphone-14-bottom-speaker-connection-flex-audio-circuit-replacement-part\/\" \/>\n<meta property=\"og:locale\" content=\"es_ES\" \/>\n<meta property=\"og:type\" content=\"article\" \/>\n<meta property=\"og:title\" content=\"iPhone 14 Bottom Speaker Connection Flex Cable - Audio Circuit Replacement Part - Clear Sound &amp; Reliable Performance - OEM Quality - Fast Shipping - InsurePart\" \/>\n<meta property=\"og:description\" content=\"iPhone 14 Bottom Speaker Connection Flex Cable - Audio Circuit Replacement Part - Clear Sound &amp; Reliable Performance - OEM Quality - Fast Shipping\" \/>\n<meta property=\"og:url\" content=\"https:\/\/www.dt-smart.com\/es\/producto\/iphone-14-bottom-speaker-connection-flex-audio-circuit-replacement-part\/\" \/>\n<meta property=\"og:site_name\" content=\"InsurePart\" \/>\n<meta property=\"article:publisher\" content=\"https:\/\/www.facebook.com\/anjinleeEva\" \/>\n<meta property=\"article:modified_time\" content=\"2026-01-06T07:01:41+00:00\" \/>\n<meta property=\"og:image\" content=\"https:\/\/www.dt-smart.com\/wp-content\/uploads\/2025\/06\/14-1.webp\" \/>\n\t<meta property=\"og:image:width\" content=\"800\" \/>\n\t<meta property=\"og:image:height\" content=\"800\" \/>\n\t<meta property=\"og:image:type\" content=\"image\/webp\" \/>\n<meta name=\"twitter:card\" content=\"summary_large_image\" \/>\n<meta name=\"twitter:label1\" content=\"Tiempo de lectura\" \/>\n\t<meta name=\"twitter:data1\" content=\"1 minuto\" \/>\n<script type=\"application\/ld+json\" class=\"yoast-schema-graph\">{\"@context\":\"https:\\\/\\\/schema.org\",\"@graph\":[{\"@type\":\"WebPage\",\"@id\":\"https:\\\/\\\/www.dt-smart.com\\\/ja\\\/product\\\/iphone-14-bottom-speaker-connection-flex-audio-circuit-replacement-part\\\/\",\"url\":\"https:\\\/\\\/www.dt-smart.com\\\/ja\\\/product\\\/iphone-14-bottom-speaker-connection-flex-audio-circuit-replacement-part\\\/\",\"name\":\"iPhone 14 Bottom Speaker Connection Flex Cable - Audio Circuit Replacement Part - Clear Sound & Reliable Performance - OEM Quality - Fast Shipping - InsurePart\",\"isPartOf\":{\"@id\":\"https:\\\/\\\/www.dt-smart.com\\\/#website\"},\"primaryImageOfPage\":{\"@id\":\"https:\\\/\\\/www.dt-smart.com\\\/ja\\\/product\\\/iphone-14-bottom-speaker-connection-flex-audio-circuit-replacement-part\\\/#primaryimage\"},\"image\":{\"@id\":\"https:\\\/\\\/www.dt-smart.com\\\/ja\\\/product\\\/iphone-14-bottom-speaker-connection-flex-audio-circuit-replacement-part\\\/#primaryimage\"},\"thumbnailUrl\":\"https:\\\/\\\/www.dt-smart.com\\\/wp-content\\\/uploads\\\/2025\\\/06\\\/14-1.webp\",\"datePublished\":\"2025-06-23T07:48:52+00:00\",\"dateModified\":\"2026-01-06T07:01:41+00:00\",\"description\":\"iPhone 14 Bottom Speaker Connection Flex Cable - Audio Circuit Replacement Part - Clear Sound & Reliable Performance - OEM Quality - Fast Shipping\",\"breadcrumb\":{\"@id\":\"https:\\\/\\\/www.dt-smart.com\\\/ja\\\/product\\\/iphone-14-bottom-speaker-connection-flex-audio-circuit-replacement-part\\\/#breadcrumb\"},\"inLanguage\":\"es\",\"potentialAction\":[{\"@type\":\"ReadAction\",\"target\":[\"https:\\\/\\\/www.dt-smart.com\\\/ja\\\/product\\\/iphone-14-bottom-speaker-connection-flex-audio-circuit-replacement-part\\\/\"]}]},{\"@type\":\"ImageObject\",\"inLanguage\":\"es\",\"@id\":\"https:\\\/\\\/www.dt-smart.com\\\/ja\\\/product\\\/iphone-14-bottom-speaker-connection-flex-audio-circuit-replacement-part\\\/#primaryimage\",\"url\":\"https:\\\/\\\/www.dt-smart.com\\\/wp-content\\\/uploads\\\/2025\\\/06\\\/14-1.webp\",\"contentUrl\":\"https:\\\/\\\/www.dt-smart.com\\\/wp-content\\\/uploads\\\/2025\\\/06\\\/14-1.webp\",\"width\":800,\"height\":800},{\"@type\":\"BreadcrumbList\",\"@id\":\"https:\\\/\\\/www.dt-smart.com\\\/ja\\\/product\\\/iphone-14-bottom-speaker-connection-flex-audio-circuit-replacement-part\\\/#breadcrumb\",\"itemListElement\":[{\"@type\":\"ListItem\",\"position\":1,\"name\":\"Home\",\"item\":\"https:\\\/\\\/www.dt-smart.com\\\/\"},{\"@type\":\"ListItem\",\"position\":2,\"name\":\"Product\",\"item\":\"https:\\\/\\\/www.dt-smart.com\\\/ru\\\/product\\\/\"},{\"@type\":\"ListItem\",\"position\":3,\"name\":\"iPhone 14 Bottom Speaker Connection Flex Cable &#8211; Audio Circuit Replacement Part &#8211; Clear Sound &#038; Reliable Performance &#8211; OEM Quality &#8211; Fast Shipping\"}]},{\"@type\":\"WebSite\",\"@id\":\"https:\\\/\\\/www.dt-smart.com\\\/#website\",\"url\":\"https:\\\/\\\/www.dt-smart.com\\\/\",\"name\":\"InsurePart\",\"description\":\"Cell Phone Repair Parts; iPhone Parts Wholesale;Samsung Parts Supplier\",\"potentialAction\":[{\"@type\":\"SearchAction\",\"target\":{\"@type\":\"EntryPoint\",\"urlTemplate\":\"https:\\\/\\\/www.dt-smart.com\\\/?s={search_term_string}\"},\"query-input\":{\"@type\":\"PropertyValueSpecification\",\"valueRequired\":true,\"valueName\":\"search_term_string\"}}],\"inLanguage\":\"es\"}]}<\/script>\n<!-- \/ Yoast SEO plugin. -->","yoast_head_json":{"title":"iPhone 14 Bottom Speaker Connection Flex Cable - Audio Circuit Replacement Part - Clear Sound & Reliable Performance - OEM Quality - Fast Shipping - InsurePart","description":"iPhone 14 Bottom Speaker Connection Flex Cable - Audio Circuit Replacement Part - Clear Sound & Reliable Performance - OEM Quality - Fast Shipping","robots":{"index":"index","follow":"follow","max-snippet":"max-snippet:-1","max-image-preview":"max-image-preview:large","max-video-preview":"max-video-preview:-1"},"canonical":"https:\/\/www.dt-smart.com\/es\/producto\/iphone-14-bottom-speaker-connection-flex-audio-circuit-replacement-part\/","og_locale":"es_ES","og_type":"article","og_title":"iPhone 14 Bottom Speaker Connection Flex Cable - Audio Circuit Replacement Part - Clear Sound & Reliable Performance - OEM Quality - Fast Shipping - InsurePart","og_description":"iPhone 14 Bottom Speaker Connection Flex Cable - Audio Circuit Replacement Part - Clear Sound & Reliable Performance - OEM Quality - Fast Shipping","og_url":"https:\/\/www.dt-smart.com\/es\/producto\/iphone-14-bottom-speaker-connection-flex-audio-circuit-replacement-part\/","og_site_name":"InsurePart","article_publisher":"https:\/\/www.facebook.com\/anjinleeEva","article_modified_time":"2026-01-06T07:01:41+00:00","og_image":[{"width":800,"height":800,"url":"https:\/\/www.dt-smart.com\/wp-content\/uploads\/2025\/06\/14-1.webp","type":"image\/webp"}],"twitter_card":"summary_large_image","twitter_misc":{"Tiempo de lectura":"1 minuto"},"schema":{"@context":"https:\/\/schema.org","@graph":[{"@type":"WebPage","@id":"https:\/\/www.dt-smart.com\/ja\/product\/iphone-14-bottom-speaker-connection-flex-audio-circuit-replacement-part\/","url":"https:\/\/www.dt-smart.com\/ja\/product\/iphone-14-bottom-speaker-connection-flex-audio-circuit-replacement-part\/","name":"iPhone 14 Bottom Speaker Connection Flex Cable - Audio Circuit Replacement Part - Clear Sound & Reliable Performance - OEM Quality - Fast Shipping - InsurePart","isPartOf":{"@id":"https:\/\/www.dt-smart.com\/#website"},"primaryImageOfPage":{"@id":"https:\/\/www.dt-smart.com\/ja\/product\/iphone-14-bottom-speaker-connection-flex-audio-circuit-replacement-part\/#primaryimage"},"image":{"@id":"https:\/\/www.dt-smart.com\/ja\/product\/iphone-14-bottom-speaker-connection-flex-audio-circuit-replacement-part\/#primaryimage"},"thumbnailUrl":"https:\/\/www.dt-smart.com\/wp-content\/uploads\/2025\/06\/14-1.webp","datePublished":"2025-06-23T07:48:52+00:00","dateModified":"2026-01-06T07:01:41+00:00","description":"iPhone 14 Bottom Speaker Connection Flex Cable - Audio Circuit Replacement Part - Clear Sound & Reliable Performance - OEM Quality - Fast Shipping","breadcrumb":{"@id":"https:\/\/www.dt-smart.com\/ja\/product\/iphone-14-bottom-speaker-connection-flex-audio-circuit-replacement-part\/#breadcrumb"},"inLanguage":"es","potentialAction":[{"@type":"ReadAction","target":["https:\/\/www.dt-smart.com\/ja\/product\/iphone-14-bottom-speaker-connection-flex-audio-circuit-replacement-part\/"]}]},{"@type":"ImageObject","inLanguage":"es","@id":"https:\/\/www.dt-smart.com\/ja\/product\/iphone-14-bottom-speaker-connection-flex-audio-circuit-replacement-part\/#primaryimage","url":"https:\/\/www.dt-smart.com\/wp-content\/uploads\/2025\/06\/14-1.webp","contentUrl":"https:\/\/www.dt-smart.com\/wp-content\/uploads\/2025\/06\/14-1.webp","width":800,"height":800},{"@type":"BreadcrumbList","@id":"https:\/\/www.dt-smart.com\/ja\/product\/iphone-14-bottom-speaker-connection-flex-audio-circuit-replacement-part\/#breadcrumb","itemListElement":[{"@type":"ListItem","position":1,"name":"Home","item":"https:\/\/www.dt-smart.com\/"},{"@type":"ListItem","position":2,"name":"Product","item":"https:\/\/www.dt-smart.com\/ru\/product\/"},{"@type":"ListItem","position":3,"name":"iPhone 14 Bottom Speaker Connection Flex Cable &#8211; Audio Circuit Replacement Part &#8211; Clear Sound &#038; Reliable Performance &#8211; OEM Quality &#8211; Fast Shipping"}]},{"@type":"WebSite","@id":"https:\/\/www.dt-smart.com\/#website","url":"https:\/\/www.dt-smart.com\/","name":"Asegurar parte","description":"Repuestos para celulares; Venta al por mayor de repuestos para iPhone; Proveedor de repuestos para Samsung","potentialAction":[{"@type":"SearchAction","target":{"@type":"EntryPoint","urlTemplate":"https:\/\/www.dt-smart.com\/?s={search_term_string}"},"query-input":{"@type":"PropertyValueSpecification","valueRequired":true,"valueName":"search_term_string"}}],"inLanguage":"es"}]}},"_links":{"self":[{"href":"https:\/\/www.dt-smart.com\/es\/wp-json\/wp\/v2\/product\/19520","targetHints":{"allow":["GET"]}}],"collection":[{"href":"https:\/\/www.dt-smart.com\/es\/wp-json\/wp\/v2\/product"}],"about":[{"href":"https:\/\/www.dt-smart.com\/es\/wp-json\/wp\/v2\/types\/product"}],"replies":[{"embeddable":true,"href":"https:\/\/www.dt-smart.com\/es\/wp-json\/wp\/v2\/comments?post=19520"}],"version-history":[{"count":3,"href":"https:\/\/www.dt-smart.com\/es\/wp-json\/wp\/v2\/product\/19520\/revisions"}],"predecessor-version":[{"id":24309,"href":"https:\/\/www.dt-smart.com\/es\/wp-json\/wp\/v2\/product\/19520\/revisions\/24309"}],"wp:featuredmedia":[{"embeddable":true,"href":"https:\/\/www.dt-smart.com\/es\/wp-json\/wp\/v2\/media\/19562"}],"wp:attachment":[{"href":"https:\/\/www.dt-smart.com\/es\/wp-json\/wp\/v2\/media?parent=19520"}],"wp:term":[{"taxonomy":"product_brand","embeddable":true,"href":"https:\/\/www.dt-smart.com\/es\/wp-json\/wp\/v2\/product_brand?post=19520"},{"taxonomy":"product_cat","embeddable":true,"href":"https:\/\/www.dt-smart.com\/es\/wp-json\/wp\/v2\/product_cat?post=19520"},{"taxonomy":"product_tag","embeddable":true,"href":"https:\/\/www.dt-smart.com\/es\/wp-json\/wp\/v2\/product_tag?post=19520"}],"curies":[{"name":"wp","href":"https:\/\/api.w.org\/{rel}","templated":true}]}}