{"id":19658,"date":"2025-07-02T15:59:54","date_gmt":"2025-07-02T07:59:54","guid":{"rendered":"https:\/\/www.insurepart.com\/?post_type=product&#038;p=19658"},"modified":"2026-02-28T12:31:27","modified_gmt":"2026-02-28T04:31:27","slug":"16%e2%80%91inch-retina-display-replacement-for-macbook-pro-a2141-with-true-tone-compatibility-ultra%e2%80%91fast-response-anti%e2%80%91fingerprint-surface-reinforced-durability-and-oem%e2%80%91lev","status":"publish","type":"product","link":"https:\/\/www.dt-smart.com\/es\/producto\/16%e2%80%91inch-retina-display-replacement-for-macbook-pro-a2141-with-true-tone-compatibility-ultra%e2%80%91fast-response-anti%e2%80%91fingerprint-surface-reinforced-durability-and-oem%e2%80%91lev\/","title":{"rendered":"Reemplazo de pantalla Retina para MacBook Pro de 16\u2033 A2141 \u2013 Compatible con True Tone y respuesta ultrarr\u00e1pida \u2013 Antihuellas y durabilidad reforzada \u2013 Calibraci\u00f3n visual OEM \u2013 Calidad garantizada \u2013 Env\u00edo r\u00e1pido"},"content":{"rendered":"<p style=\"text-align: center;\"><img fetchpriority=\"high\" decoding=\"async\" class=\"alignnone size-full wp-image-15567\" src=\"https:\/\/www.insurepart.com\/wp-content\/uploads\/2024\/08\/\u4e3a\u4ec0\u4e48\u9009\u62e9\u6211\u4eec22.webp\" alt=\"\" width=\"1000\" height=\"786\" srcset=\"https:\/\/www.dt-smart.com\/wp-content\/uploads\/2024\/08\/\u4e3a\u4ec0\u4e48\u9009\u62e9\u6211\u4eec22.webp 1000w, https:\/\/www.dt-smart.com\/wp-content\/uploads\/2024\/08\/\u4e3a\u4ec0\u4e48\u9009\u62e9\u6211\u4eec22-300x236.webp 300w, https:\/\/www.dt-smart.com\/wp-content\/uploads\/2024\/08\/\u4e3a\u4ec0\u4e48\u9009\u62e9\u6211\u4eec22-150x118.webp 150w, https:\/\/www.dt-smart.com\/wp-content\/uploads\/2024\/08\/\u4e3a\u4ec0\u4e48\u9009\u62e9\u6211\u4eec22-800x629.webp 800w, https:\/\/www.dt-smart.com\/wp-content\/uploads\/2024\/08\/\u4e3a\u4ec0\u4e48\u9009\u62e9\u6211\u4eec22-768x604.webp 768w, https:\/\/www.dt-smart.com\/wp-content\/uploads\/2024\/08\/\u4e3a\u4ec0\u4e48\u9009\u62e9\u6211\u4eec22-15x12.webp 15w\" sizes=\"(max-width: 1000px) 100vw, 1000px\" \/><\/p>","protected":false},"excerpt":{"rendered":"<p><span style=\"font-size: 10pt;\">Restaura la excelencia visual original de tu MacBook Pro A2141 (2019-2020) de 16 pulgadas con este panel de repuesto de pantalla Retina de alto rendimiento que combina comodidad, velocidad y durabilidad. Es compatible con True Tone, adaptando la temperatura de color a tu entorno para disfrutar de una experiencia visual siempre c\u00f3moda. Con una respuesta de p\u00edxeles ultrarr\u00e1pida, elimina el desenfoque de movimiento en la reproducci\u00f3n de v\u00eddeo y sesiones de juego intensivas. Una superficie oleof\u00f3bica antihuellas mantiene la pantalla impecable durante m\u00e1s tiempo, mientras que su arquitectura reforzada resiste el uso diario. Cada pantalla se calibra de f\u00e1brica para garantizar la precisi\u00f3n del color, la precisi\u00f3n del contraste y la uniformidad del brillo en todo el panel. Un estricto control de calidad garantiza la ausencia de p\u00edxeles muertos, una distribuci\u00f3n uniforme de la retroiluminaci\u00f3n y un rendimiento constante. La carcasa y el cable flexible del panel cumplen a la perfecci\u00f3n con los est\u00e1ndares OEM, lo que permite una instalaci\u00f3n plug-and-play sin problemas y sin modificar el chasis. Ideal para profesionales que trabajan con contenido de alta resoluci\u00f3n, editores de v\u00eddeo y usuarios avanzados, este repuesto restaura la experiencia visual de tu port\u00e1til con fiabilidad y comodidad a largo plazo.<\/span><\/p>","protected":false},"featured_media":22511,"comment_status":"open","ping_status":"closed","template":"","meta":[],"product_brand":[],"product_cat":[152,89,115],"product_tag":[],"class_list":{"0":"post-19658","1":"product","2":"type-product","3":"status-publish","4":"has-post-thumbnail","6":"product_cat-macbook","7":"product_cat-macbook-pro","8":"product_cat-pro-16-a2141","10":"first","11":"instock","12":"taxable","13":"shipping-taxable","14":"purchasable","15":"product-type-simple"},"yoast_head":"<!-- This site is optimized with the Yoast SEO plugin v27.4 - https:\/\/yoast.com\/product\/yoast-seo-wordpress\/ -->\n<title>MacBook Pro 16\u2033 A2141 Retina Display Replacement - True Tone Compatible &amp; Ultra-Fast Response - Anti-Fingerprint &amp; Reinforced Durability - OEM Visual Calibration - Quality Guaranteed - Fast Shipping - InsurePart<\/title>\n<meta name=\"description\" content=\"MacBook Pro 16\u2033 A2141 Retina Display Replacement - True Tone Compatible &amp; Ultra-Fast Response - Anti-Fingerprint &amp; Reinforced Durability - OEM Visual Calibration - Quality Guaranteed - Fast Shipping\" \/>\n<meta name=\"robots\" content=\"index, follow, max-snippet:-1, max-image-preview:large, max-video-preview:-1\" \/>\n<link rel=\"canonical\" href=\"https:\/\/www.dt-smart.com\/es\/producto\/16\u2011inch-retina-display-replacement-for-macbook-pro-a2141-with-true-tone-compatibility-ultra\u2011fast-response-anti\u2011fingerprint-surface-reinforced-durability-and-oem\u2011lev\/\" \/>\n<meta property=\"og:locale\" content=\"es_ES\" \/>\n<meta property=\"og:type\" content=\"article\" \/>\n<meta property=\"og:title\" content=\"MacBook Pro 16\u2033 A2141 Retina Display Replacement - True Tone Compatible &amp; Ultra-Fast Response - Anti-Fingerprint &amp; Reinforced Durability - OEM Visual Calibration - Quality Guaranteed - Fast Shipping - InsurePart\" \/>\n<meta property=\"og:description\" content=\"MacBook Pro 16\u2033 A2141 Retina Display Replacement - True Tone Compatible &amp; Ultra-Fast Response - Anti-Fingerprint &amp; Reinforced Durability - OEM Visual Calibration - Quality Guaranteed - Fast Shipping\" \/>\n<meta property=\"og:url\" content=\"https:\/\/www.dt-smart.com\/es\/producto\/16\u2011inch-retina-display-replacement-for-macbook-pro-a2141-with-true-tone-compatibility-ultra\u2011fast-response-anti\u2011fingerprint-surface-reinforced-durability-and-oem\u2011lev\/\" \/>\n<meta property=\"og:site_name\" content=\"InsurePart\" \/>\n<meta property=\"article:publisher\" content=\"https:\/\/www.facebook.com\/anjinleeEva\" \/>\n<meta property=\"article:modified_time\" content=\"2026-02-28T04:31:27+00:00\" \/>\n<meta property=\"og:image\" content=\"https:\/\/www.dt-smart.com\/wp-content\/uploads\/2025\/07\/A2141.jpg\" \/>\n\t<meta property=\"og:image:width\" content=\"750\" \/>\n\t<meta property=\"og:image:height\" content=\"750\" \/>\n\t<meta property=\"og:image:type\" content=\"image\/jpeg\" \/>\n<meta name=\"twitter:card\" content=\"summary_large_image\" \/>\n<meta name=\"twitter:label1\" content=\"Tiempo de lectura\" \/>\n\t<meta name=\"twitter:data1\" content=\"1 minuto\" \/>\n<script type=\"application\/ld+json\" class=\"yoast-schema-graph\">{\"@context\":\"https:\\\/\\\/schema.org\",\"@graph\":[{\"@type\":\"WebPage\",\"@id\":\"https:\\\/\\\/www.dt-smart.com\\\/ru\\\/product\\\/16%e2%80%91inch-retina-display-replacement-for-macbook-pro-a2141-with-true-tone-compatibility-ultra%e2%80%91fast-response-anti%e2%80%91fingerprint-surface-reinforced-durability-and-oem%e2%80%91lev\\\/\",\"url\":\"https:\\\/\\\/www.dt-smart.com\\\/ru\\\/product\\\/16%e2%80%91inch-retina-display-replacement-for-macbook-pro-a2141-with-true-tone-compatibility-ultra%e2%80%91fast-response-anti%e2%80%91fingerprint-surface-reinforced-durability-and-oem%e2%80%91lev\\\/\",\"name\":\"MacBook Pro 16\u2033 A2141 Retina Display Replacement - True Tone Compatible & Ultra-Fast Response - Anti-Fingerprint & Reinforced Durability - OEM Visual Calibration - Quality Guaranteed - Fast Shipping - InsurePart\",\"isPartOf\":{\"@id\":\"https:\\\/\\\/www.dt-smart.com\\\/#website\"},\"primaryImageOfPage\":{\"@id\":\"https:\\\/\\\/www.dt-smart.com\\\/ru\\\/product\\\/16%e2%80%91inch-retina-display-replacement-for-macbook-pro-a2141-with-true-tone-compatibility-ultra%e2%80%91fast-response-anti%e2%80%91fingerprint-surface-reinforced-durability-and-oem%e2%80%91lev\\\/#primaryimage\"},\"image\":{\"@id\":\"https:\\\/\\\/www.dt-smart.com\\\/ru\\\/product\\\/16%e2%80%91inch-retina-display-replacement-for-macbook-pro-a2141-with-true-tone-compatibility-ultra%e2%80%91fast-response-anti%e2%80%91fingerprint-surface-reinforced-durability-and-oem%e2%80%91lev\\\/#primaryimage\"},\"thumbnailUrl\":\"https:\\\/\\\/www.dt-smart.com\\\/wp-content\\\/uploads\\\/2025\\\/07\\\/A2141.jpg\",\"datePublished\":\"2025-07-02T07:59:54+00:00\",\"dateModified\":\"2026-02-28T04:31:27+00:00\",\"description\":\"MacBook Pro 16\u2033 A2141 Retina Display Replacement - True Tone Compatible & Ultra-Fast Response - Anti-Fingerprint & Reinforced Durability - OEM Visual Calibration - Quality Guaranteed - Fast Shipping\",\"breadcrumb\":{\"@id\":\"https:\\\/\\\/www.dt-smart.com\\\/ru\\\/product\\\/16%e2%80%91inch-retina-display-replacement-for-macbook-pro-a2141-with-true-tone-compatibility-ultra%e2%80%91fast-response-anti%e2%80%91fingerprint-surface-reinforced-durability-and-oem%e2%80%91lev\\\/#breadcrumb\"},\"inLanguage\":\"es\",\"potentialAction\":[{\"@type\":\"ReadAction\",\"target\":[\"https:\\\/\\\/www.dt-smart.com\\\/ru\\\/product\\\/16%e2%80%91inch-retina-display-replacement-for-macbook-pro-a2141-with-true-tone-compatibility-ultra%e2%80%91fast-response-anti%e2%80%91fingerprint-surface-reinforced-durability-and-oem%e2%80%91lev\\\/\"]}]},{\"@type\":\"ImageObject\",\"inLanguage\":\"es\",\"@id\":\"https:\\\/\\\/www.dt-smart.com\\\/ru\\\/product\\\/16%e2%80%91inch-retina-display-replacement-for-macbook-pro-a2141-with-true-tone-compatibility-ultra%e2%80%91fast-response-anti%e2%80%91fingerprint-surface-reinforced-durability-and-oem%e2%80%91lev\\\/#primaryimage\",\"url\":\"https:\\\/\\\/www.dt-smart.com\\\/wp-content\\\/uploads\\\/2025\\\/07\\\/A2141.jpg\",\"contentUrl\":\"https:\\\/\\\/www.dt-smart.com\\\/wp-content\\\/uploads\\\/2025\\\/07\\\/A2141.jpg\",\"width\":750,\"height\":750},{\"@type\":\"BreadcrumbList\",\"@id\":\"https:\\\/\\\/www.dt-smart.com\\\/ru\\\/product\\\/16%e2%80%91inch-retina-display-replacement-for-macbook-pro-a2141-with-true-tone-compatibility-ultra%e2%80%91fast-response-anti%e2%80%91fingerprint-surface-reinforced-durability-and-oem%e2%80%91lev\\\/#breadcrumb\",\"itemListElement\":[{\"@type\":\"ListItem\",\"position\":1,\"name\":\"Home\",\"item\":\"https:\\\/\\\/www.dt-smart.com\\\/\"},{\"@type\":\"ListItem\",\"position\":2,\"name\":\"Product\",\"item\":\"https:\\\/\\\/www.dt-smart.com\\\/ru\\\/product\\\/\"},{\"@type\":\"ListItem\",\"position\":3,\"name\":\"MacBook Pro 16\u2033 A2141 Retina Display Replacement &#8211; True Tone Compatible &#038; Ultra-Fast Response &#8211; Anti-Fingerprint &#038; Reinforced Durability &#8211; OEM Visual Calibration &#8211; Quality Guaranteed &#8211; Fast Shipping\"}]},{\"@type\":\"WebSite\",\"@id\":\"https:\\\/\\\/www.dt-smart.com\\\/#website\",\"url\":\"https:\\\/\\\/www.dt-smart.com\\\/\",\"name\":\"InsurePart\",\"description\":\"Cell Phone Repair Parts; iPhone Parts Wholesale;Samsung Parts Supplier\",\"potentialAction\":[{\"@type\":\"SearchAction\",\"target\":{\"@type\":\"EntryPoint\",\"urlTemplate\":\"https:\\\/\\\/www.dt-smart.com\\\/?s={search_term_string}\"},\"query-input\":{\"@type\":\"PropertyValueSpecification\",\"valueRequired\":true,\"valueName\":\"search_term_string\"}}],\"inLanguage\":\"es\"}]}<\/script>\n<!-- \/ Yoast SEO plugin. -->","yoast_head_json":{"title":"MacBook Pro 16\u2033 A2141 Retina Display Replacement - True Tone Compatible & Ultra-Fast Response - Anti-Fingerprint & Reinforced Durability - OEM Visual Calibration - Quality Guaranteed - Fast Shipping - InsurePart","description":"MacBook Pro 16\u2033 A2141 Retina Display Replacement - True Tone Compatible & Ultra-Fast Response - Anti-Fingerprint & Reinforced Durability - OEM Visual Calibration - Quality Guaranteed - Fast Shipping","robots":{"index":"index","follow":"follow","max-snippet":"max-snippet:-1","max-image-preview":"max-image-preview:large","max-video-preview":"max-video-preview:-1"},"canonical":"https:\/\/www.dt-smart.com\/es\/producto\/16\u2011inch-retina-display-replacement-for-macbook-pro-a2141-with-true-tone-compatibility-ultra\u2011fast-response-anti\u2011fingerprint-surface-reinforced-durability-and-oem\u2011lev\/","og_locale":"es_ES","og_type":"article","og_title":"MacBook Pro 16\u2033 A2141 Retina Display Replacement - True Tone Compatible & Ultra-Fast Response - Anti-Fingerprint & Reinforced Durability - OEM Visual Calibration - Quality Guaranteed - Fast Shipping - InsurePart","og_description":"MacBook Pro 16\u2033 A2141 Retina Display Replacement - True Tone Compatible & Ultra-Fast Response - Anti-Fingerprint & Reinforced Durability - OEM Visual Calibration - Quality Guaranteed - Fast Shipping","og_url":"https:\/\/www.dt-smart.com\/es\/producto\/16\u2011inch-retina-display-replacement-for-macbook-pro-a2141-with-true-tone-compatibility-ultra\u2011fast-response-anti\u2011fingerprint-surface-reinforced-durability-and-oem\u2011lev\/","og_site_name":"InsurePart","article_publisher":"https:\/\/www.facebook.com\/anjinleeEva","article_modified_time":"2026-02-28T04:31:27+00:00","og_image":[{"width":750,"height":750,"url":"https:\/\/www.dt-smart.com\/wp-content\/uploads\/2025\/07\/A2141.jpg","type":"image\/jpeg"}],"twitter_card":"summary_large_image","twitter_misc":{"Tiempo de lectura":"1 minuto"},"schema":{"@context":"https:\/\/schema.org","@graph":[{"@type":"WebPage","@id":"https:\/\/www.dt-smart.com\/ru\/product\/16%e2%80%91inch-retina-display-replacement-for-macbook-pro-a2141-with-true-tone-compatibility-ultra%e2%80%91fast-response-anti%e2%80%91fingerprint-surface-reinforced-durability-and-oem%e2%80%91lev\/","url":"https:\/\/www.dt-smart.com\/ru\/product\/16%e2%80%91inch-retina-display-replacement-for-macbook-pro-a2141-with-true-tone-compatibility-ultra%e2%80%91fast-response-anti%e2%80%91fingerprint-surface-reinforced-durability-and-oem%e2%80%91lev\/","name":"MacBook Pro 16\u2033 A2141 Retina Display Replacement - True Tone Compatible & Ultra-Fast Response - Anti-Fingerprint & Reinforced Durability - OEM Visual Calibration - Quality Guaranteed - Fast Shipping - InsurePart","isPartOf":{"@id":"https:\/\/www.dt-smart.com\/#website"},"primaryImageOfPage":{"@id":"https:\/\/www.dt-smart.com\/ru\/product\/16%e2%80%91inch-retina-display-replacement-for-macbook-pro-a2141-with-true-tone-compatibility-ultra%e2%80%91fast-response-anti%e2%80%91fingerprint-surface-reinforced-durability-and-oem%e2%80%91lev\/#primaryimage"},"image":{"@id":"https:\/\/www.dt-smart.com\/ru\/product\/16%e2%80%91inch-retina-display-replacement-for-macbook-pro-a2141-with-true-tone-compatibility-ultra%e2%80%91fast-response-anti%e2%80%91fingerprint-surface-reinforced-durability-and-oem%e2%80%91lev\/#primaryimage"},"thumbnailUrl":"https:\/\/www.dt-smart.com\/wp-content\/uploads\/2025\/07\/A2141.jpg","datePublished":"2025-07-02T07:59:54+00:00","dateModified":"2026-02-28T04:31:27+00:00","description":"MacBook Pro 16\u2033 A2141 Retina Display Replacement - True Tone Compatible & Ultra-Fast Response - Anti-Fingerprint & Reinforced Durability - OEM Visual Calibration - Quality Guaranteed - Fast Shipping","breadcrumb":{"@id":"https:\/\/www.dt-smart.com\/ru\/product\/16%e2%80%91inch-retina-display-replacement-for-macbook-pro-a2141-with-true-tone-compatibility-ultra%e2%80%91fast-response-anti%e2%80%91fingerprint-surface-reinforced-durability-and-oem%e2%80%91lev\/#breadcrumb"},"inLanguage":"es","potentialAction":[{"@type":"ReadAction","target":["https:\/\/www.dt-smart.com\/ru\/product\/16%e2%80%91inch-retina-display-replacement-for-macbook-pro-a2141-with-true-tone-compatibility-ultra%e2%80%91fast-response-anti%e2%80%91fingerprint-surface-reinforced-durability-and-oem%e2%80%91lev\/"]}]},{"@type":"ImageObject","inLanguage":"es","@id":"https:\/\/www.dt-smart.com\/ru\/product\/16%e2%80%91inch-retina-display-replacement-for-macbook-pro-a2141-with-true-tone-compatibility-ultra%e2%80%91fast-response-anti%e2%80%91fingerprint-surface-reinforced-durability-and-oem%e2%80%91lev\/#primaryimage","url":"https:\/\/www.dt-smart.com\/wp-content\/uploads\/2025\/07\/A2141.jpg","contentUrl":"https:\/\/www.dt-smart.com\/wp-content\/uploads\/2025\/07\/A2141.jpg","width":750,"height":750},{"@type":"BreadcrumbList","@id":"https:\/\/www.dt-smart.com\/ru\/product\/16%e2%80%91inch-retina-display-replacement-for-macbook-pro-a2141-with-true-tone-compatibility-ultra%e2%80%91fast-response-anti%e2%80%91fingerprint-surface-reinforced-durability-and-oem%e2%80%91lev\/#breadcrumb","itemListElement":[{"@type":"ListItem","position":1,"name":"Home","item":"https:\/\/www.dt-smart.com\/"},{"@type":"ListItem","position":2,"name":"Product","item":"https:\/\/www.dt-smart.com\/ru\/product\/"},{"@type":"ListItem","position":3,"name":"MacBook Pro 16\u2033 A2141 Retina Display Replacement &#8211; True Tone Compatible &#038; Ultra-Fast Response &#8211; Anti-Fingerprint &#038; Reinforced Durability &#8211; OEM Visual Calibration &#8211; Quality Guaranteed &#8211; Fast Shipping"}]},{"@type":"WebSite","@id":"https:\/\/www.dt-smart.com\/#website","url":"https:\/\/www.dt-smart.com\/","name":"Asegurar parte","description":"Repuestos para celulares; Venta al por mayor de repuestos para iPhone; Proveedor de repuestos para Samsung","potentialAction":[{"@type":"SearchAction","target":{"@type":"EntryPoint","urlTemplate":"https:\/\/www.dt-smart.com\/?s={search_term_string}"},"query-input":{"@type":"PropertyValueSpecification","valueRequired":true,"valueName":"search_term_string"}}],"inLanguage":"es"}]}},"_links":{"self":[{"href":"https:\/\/www.dt-smart.com\/es\/wp-json\/wp\/v2\/product\/19658","targetHints":{"allow":["GET"]}}],"collection":[{"href":"https:\/\/www.dt-smart.com\/es\/wp-json\/wp\/v2\/product"}],"about":[{"href":"https:\/\/www.dt-smart.com\/es\/wp-json\/wp\/v2\/types\/product"}],"replies":[{"embeddable":true,"href":"https:\/\/www.dt-smart.com\/es\/wp-json\/wp\/v2\/comments?post=19658"}],"version-history":[{"count":3,"href":"https:\/\/www.dt-smart.com\/es\/wp-json\/wp\/v2\/product\/19658\/revisions"}],"predecessor-version":[{"id":24772,"href":"https:\/\/www.dt-smart.com\/es\/wp-json\/wp\/v2\/product\/19658\/revisions\/24772"}],"wp:featuredmedia":[{"embeddable":true,"href":"https:\/\/www.dt-smart.com\/es\/wp-json\/wp\/v2\/media\/22511"}],"wp:attachment":[{"href":"https:\/\/www.dt-smart.com\/es\/wp-json\/wp\/v2\/media?parent=19658"}],"wp:term":[{"taxonomy":"product_brand","embeddable":true,"href":"https:\/\/www.dt-smart.com\/es\/wp-json\/wp\/v2\/product_brand?post=19658"},{"taxonomy":"product_cat","embeddable":true,"href":"https:\/\/www.dt-smart.com\/es\/wp-json\/wp\/v2\/product_cat?post=19658"},{"taxonomy":"product_tag","embeddable":true,"href":"https:\/\/www.dt-smart.com\/es\/wp-json\/wp\/v2\/product_tag?post=19658"}],"curies":[{"name":"wp","href":"https:\/\/api.w.org\/{rel}","templated":true}]}}