{"id":19980,"date":"2025-07-15T15:04:37","date_gmt":"2025-07-15T07:04:37","guid":{"rendered":"https:\/\/www.insurepart.com\/?post_type=product&#038;p=19980"},"modified":"2026-03-04T15:28:27","modified_gmt":"2026-03-04T07:28:27","slug":"iphone-11-lcd-display-assembly-with-oem-level-visual-quality-true-tone-brightness-and-touchscreen-precision%ef%bc%88rj-jk-dd-tc-zy-incell%ef%bc%89","status":"publish","type":"product","link":"https:\/\/www.dt-smart.com\/es\/producto\/iphone-11-lcd-display-assembly-with-oem-level-visual-quality-true-tone-brightness-and-touchscreen-precision%ef%bc%88rj-jk-dd-tc-zy-incell%ef%bc%89\/","title":{"rendered":"Pantalla LCD para iPhone 11 con calidad de visualizaci\u00f3n de nivel OEM, brillo True Tone y precisi\u00f3n t\u00e1ctil (RJ, JK, DD, TC, ZY e Incell)"},"content":{"rendered":"<p style=\"text-align: center;\"><img fetchpriority=\"high\" decoding=\"async\" class=\"alignnone size-full wp-image-15567\" src=\"https:\/\/www.insurepart.com\/wp-content\/uploads\/2024\/08\/\u4e3a\u4ec0\u4e48\u9009\u62e9\u6211\u4eec22.webp\" alt=\"\" width=\"1000\" height=\"786\" srcset=\"https:\/\/www.dt-smart.com\/wp-content\/uploads\/2024\/08\/\u4e3a\u4ec0\u4e48\u9009\u62e9\u6211\u4eec22.webp 1000w, https:\/\/www.dt-smart.com\/wp-content\/uploads\/2024\/08\/\u4e3a\u4ec0\u4e48\u9009\u62e9\u6211\u4eec22-300x236.webp 300w, https:\/\/www.dt-smart.com\/wp-content\/uploads\/2024\/08\/\u4e3a\u4ec0\u4e48\u9009\u62e9\u6211\u4eec22-150x118.webp 150w, https:\/\/www.dt-smart.com\/wp-content\/uploads\/2024\/08\/\u4e3a\u4ec0\u4e48\u9009\u62e9\u6211\u4eec22-800x629.webp 800w, https:\/\/www.dt-smart.com\/wp-content\/uploads\/2024\/08\/\u4e3a\u4ec0\u4e48\u9009\u62e9\u6211\u4eec22-768x604.webp 768w, https:\/\/www.dt-smart.com\/wp-content\/uploads\/2024\/08\/\u4e3a\u4ec0\u4e48\u9009\u62e9\u6211\u4eec22-15x12.webp 15w\" sizes=\"(max-width: 1000px) 100vw, 1000px\" \/><\/p>","protected":false},"excerpt":{"rendered":"<p><span style=\"font-size: 10pt;\">Restore your iPhone 11\u2019s screen performance with this replacement LCD built to OEM standards. The screen delivers high resolution, smooth touch, and excellent brightness under all conditions. With True Tone functionality and robust build quality, it ensures reliable daily use. Easy to install and compatible with most repair workflows, this screen is perfect for mobile repair professionals or self-installation.<\/span><\/p>","protected":false},"featured_media":19919,"comment_status":"open","ping_status":"closed","template":"","meta":[],"product_brand":[],"product_cat":[466,42,103],"product_tag":[],"class_list":{"0":"post-19980","1":"product","2":"type-product","3":"status-publish","4":"has-post-thumbnail","6":"product_cat-all-iphone-lcds","7":"product_cat-iphone","8":"product_cat-iphone-11","10":"first","11":"instock","12":"taxable","13":"shipping-taxable","14":"purchasable","15":"product-type-variable"},"yoast_head":"<!-- This site is optimized with the Yoast SEO plugin v27.4 - https:\/\/yoast.com\/product\/yoast-seo-wordpress\/ -->\n<title>iPhone 11 LCD Display Assembly with OEM-Level Visual Quality, True Tone Brightness and Touchscreen Precision\uff08RJ &amp; JK &amp; DD &amp; TC &amp; ZY &amp; Incell\uff09 - InsurePart<\/title>\n<meta name=\"description\" content=\"iPhone 11 LCD Display Assembly with OEM-Level Visual Quality, True Tone Brightness and Touchscreen Precision\uff08RJ &amp; JK &amp; DD &amp; TC &amp; ZY &amp; Incell\uff09\" \/>\n<meta name=\"robots\" content=\"index, follow, max-snippet:-1, max-image-preview:large, max-video-preview:-1\" \/>\n<link rel=\"canonical\" href=\"https:\/\/www.dt-smart.com\/es\/producto\/iphone-11-lcd-display-assembly-with-oem-level-visual-quality-true-tone-brightness-and-touchscreen-precision\uff08rj-jk-dd-tc-zy-incell\uff09\/\" \/>\n<meta property=\"og:locale\" content=\"es_ES\" \/>\n<meta property=\"og:type\" content=\"article\" \/>\n<meta property=\"og:title\" content=\"iPhone 11 LCD Display Assembly with OEM-Level Visual Quality, True Tone Brightness and Touchscreen Precision\uff08RJ &amp; JK &amp; DD &amp; TC &amp; ZY &amp; Incell\uff09 - InsurePart\" \/>\n<meta property=\"og:description\" content=\"iPhone 11 LCD Display Assembly with OEM-Level Visual Quality, True Tone Brightness and Touchscreen Precision\uff08RJ &amp; JK &amp; DD &amp; TC &amp; ZY &amp; Incell\uff09\" \/>\n<meta property=\"og:url\" content=\"https:\/\/www.dt-smart.com\/es\/producto\/iphone-11-lcd-display-assembly-with-oem-level-visual-quality-true-tone-brightness-and-touchscreen-precision\uff08rj-jk-dd-tc-zy-incell\uff09\/\" \/>\n<meta property=\"og:site_name\" content=\"InsurePart\" \/>\n<meta property=\"article:publisher\" content=\"https:\/\/www.facebook.com\/anjinleeEva\" \/>\n<meta property=\"article:modified_time\" content=\"2026-03-04T07:28:27+00:00\" \/>\n<meta property=\"og:image\" content=\"https:\/\/www.dt-smart.com\/wp-content\/uploads\/2025\/07\/11.webp\" \/>\n\t<meta property=\"og:image:width\" content=\"800\" \/>\n\t<meta property=\"og:image:height\" content=\"800\" \/>\n\t<meta property=\"og:image:type\" content=\"image\/webp\" \/>\n<meta name=\"twitter:card\" content=\"summary_large_image\" \/>\n<meta name=\"twitter:label1\" content=\"Tiempo de lectura\" \/>\n\t<meta name=\"twitter:data1\" content=\"1 minuto\" \/>\n<script type=\"application\/ld+json\" class=\"yoast-schema-graph\">{\"@context\":\"https:\\\/\\\/schema.org\",\"@graph\":[{\"@type\":\"WebPage\",\"@id\":\"https:\\\/\\\/www.dt-smart.com\\\/es\\\/producto\\\/iphone-11-lcd-display-assembly-with-oem-level-visual-quality-true-tone-brightness-and-touchscreen-precision%ef%bc%88rj-jk-dd-tc-zy-incell%ef%bc%89\\\/\",\"url\":\"https:\\\/\\\/www.dt-smart.com\\\/es\\\/producto\\\/iphone-11-lcd-display-assembly-with-oem-level-visual-quality-true-tone-brightness-and-touchscreen-precision%ef%bc%88rj-jk-dd-tc-zy-incell%ef%bc%89\\\/\",\"name\":\"iPhone 11 LCD Display Assembly with OEM-Level Visual Quality, True Tone Brightness and Touchscreen Precision\uff08RJ & JK & DD & TC & ZY & Incell\uff09 - InsurePart\",\"isPartOf\":{\"@id\":\"https:\\\/\\\/www.dt-smart.com\\\/#website\"},\"primaryImageOfPage\":{\"@id\":\"https:\\\/\\\/www.dt-smart.com\\\/es\\\/producto\\\/iphone-11-lcd-display-assembly-with-oem-level-visual-quality-true-tone-brightness-and-touchscreen-precision%ef%bc%88rj-jk-dd-tc-zy-incell%ef%bc%89\\\/#primaryimage\"},\"image\":{\"@id\":\"https:\\\/\\\/www.dt-smart.com\\\/es\\\/producto\\\/iphone-11-lcd-display-assembly-with-oem-level-visual-quality-true-tone-brightness-and-touchscreen-precision%ef%bc%88rj-jk-dd-tc-zy-incell%ef%bc%89\\\/#primaryimage\"},\"thumbnailUrl\":\"https:\\\/\\\/www.dt-smart.com\\\/wp-content\\\/uploads\\\/2025\\\/07\\\/11.webp\",\"datePublished\":\"2025-07-15T07:04:37+00:00\",\"dateModified\":\"2026-03-04T07:28:27+00:00\",\"description\":\"iPhone 11 LCD Display Assembly with OEM-Level Visual Quality, True Tone Brightness and Touchscreen Precision\uff08RJ & JK & DD & TC & ZY & Incell\uff09\",\"breadcrumb\":{\"@id\":\"https:\\\/\\\/www.dt-smart.com\\\/es\\\/producto\\\/iphone-11-lcd-display-assembly-with-oem-level-visual-quality-true-tone-brightness-and-touchscreen-precision%ef%bc%88rj-jk-dd-tc-zy-incell%ef%bc%89\\\/#breadcrumb\"},\"inLanguage\":\"es\",\"potentialAction\":[{\"@type\":\"ReadAction\",\"target\":[\"https:\\\/\\\/www.dt-smart.com\\\/es\\\/producto\\\/iphone-11-lcd-display-assembly-with-oem-level-visual-quality-true-tone-brightness-and-touchscreen-precision%ef%bc%88rj-jk-dd-tc-zy-incell%ef%bc%89\\\/\"]}]},{\"@type\":\"ImageObject\",\"inLanguage\":\"es\",\"@id\":\"https:\\\/\\\/www.dt-smart.com\\\/es\\\/producto\\\/iphone-11-lcd-display-assembly-with-oem-level-visual-quality-true-tone-brightness-and-touchscreen-precision%ef%bc%88rj-jk-dd-tc-zy-incell%ef%bc%89\\\/#primaryimage\",\"url\":\"https:\\\/\\\/www.dt-smart.com\\\/wp-content\\\/uploads\\\/2025\\\/07\\\/11.webp\",\"contentUrl\":\"https:\\\/\\\/www.dt-smart.com\\\/wp-content\\\/uploads\\\/2025\\\/07\\\/11.webp\",\"width\":800,\"height\":800},{\"@type\":\"BreadcrumbList\",\"@id\":\"https:\\\/\\\/www.dt-smart.com\\\/es\\\/producto\\\/iphone-11-lcd-display-assembly-with-oem-level-visual-quality-true-tone-brightness-and-touchscreen-precision%ef%bc%88rj-jk-dd-tc-zy-incell%ef%bc%89\\\/#breadcrumb\",\"itemListElement\":[{\"@type\":\"ListItem\",\"position\":1,\"name\":\"Home\",\"item\":\"https:\\\/\\\/www.dt-smart.com\\\/\"},{\"@type\":\"ListItem\",\"position\":2,\"name\":\"Product\",\"item\":\"https:\\\/\\\/www.dt-smart.com\\\/ru\\\/product\\\/\"},{\"@type\":\"ListItem\",\"position\":3,\"name\":\"iPhone 11 LCD Display Assembly with OEM-Level Visual Quality, True Tone Brightness and Touchscreen Precision\uff08RJ &#038; JK &#038; DD &#038; TC &#038; ZY &#038; Incell\uff09\"}]},{\"@type\":\"WebSite\",\"@id\":\"https:\\\/\\\/www.dt-smart.com\\\/#website\",\"url\":\"https:\\\/\\\/www.dt-smart.com\\\/\",\"name\":\"InsurePart\",\"description\":\"Cell Phone Repair Parts; iPhone Parts Wholesale;Samsung Parts Supplier\",\"potentialAction\":[{\"@type\":\"SearchAction\",\"target\":{\"@type\":\"EntryPoint\",\"urlTemplate\":\"https:\\\/\\\/www.dt-smart.com\\\/?s={search_term_string}\"},\"query-input\":{\"@type\":\"PropertyValueSpecification\",\"valueRequired\":true,\"valueName\":\"search_term_string\"}}],\"inLanguage\":\"es\"}]}<\/script>\n<!-- \/ Yoast SEO plugin. -->","yoast_head_json":{"title":"iPhone 11 LCD Display Assembly with OEM-Level Visual Quality, True Tone Brightness and Touchscreen Precision\uff08RJ & JK & DD & TC & ZY & Incell\uff09 - InsurePart","description":"iPhone 11 LCD Display Assembly with OEM-Level Visual Quality, True Tone Brightness and Touchscreen Precision\uff08RJ & JK & DD & TC & ZY & Incell\uff09","robots":{"index":"index","follow":"follow","max-snippet":"max-snippet:-1","max-image-preview":"max-image-preview:large","max-video-preview":"max-video-preview:-1"},"canonical":"https:\/\/www.dt-smart.com\/es\/producto\/iphone-11-lcd-display-assembly-with-oem-level-visual-quality-true-tone-brightness-and-touchscreen-precision\uff08rj-jk-dd-tc-zy-incell\uff09\/","og_locale":"es_ES","og_type":"article","og_title":"iPhone 11 LCD Display Assembly with OEM-Level Visual Quality, True Tone Brightness and Touchscreen Precision\uff08RJ & JK & DD & TC & ZY & Incell\uff09 - InsurePart","og_description":"iPhone 11 LCD Display Assembly with OEM-Level Visual Quality, True Tone Brightness and Touchscreen Precision\uff08RJ & JK & DD & TC & ZY & Incell\uff09","og_url":"https:\/\/www.dt-smart.com\/es\/producto\/iphone-11-lcd-display-assembly-with-oem-level-visual-quality-true-tone-brightness-and-touchscreen-precision\uff08rj-jk-dd-tc-zy-incell\uff09\/","og_site_name":"InsurePart","article_publisher":"https:\/\/www.facebook.com\/anjinleeEva","article_modified_time":"2026-03-04T07:28:27+00:00","og_image":[{"width":800,"height":800,"url":"https:\/\/www.dt-smart.com\/wp-content\/uploads\/2025\/07\/11.webp","type":"image\/webp"}],"twitter_card":"summary_large_image","twitter_misc":{"Tiempo de lectura":"1 minuto"},"schema":{"@context":"https:\/\/schema.org","@graph":[{"@type":"WebPage","@id":"https:\/\/www.dt-smart.com\/es\/producto\/iphone-11-lcd-display-assembly-with-oem-level-visual-quality-true-tone-brightness-and-touchscreen-precision%ef%bc%88rj-jk-dd-tc-zy-incell%ef%bc%89\/","url":"https:\/\/www.dt-smart.com\/es\/producto\/iphone-11-lcd-display-assembly-with-oem-level-visual-quality-true-tone-brightness-and-touchscreen-precision%ef%bc%88rj-jk-dd-tc-zy-incell%ef%bc%89\/","name":"iPhone 11 LCD Display Assembly with OEM-Level Visual Quality, True Tone Brightness and Touchscreen Precision\uff08RJ & JK & DD & TC & ZY & Incell\uff09 - InsurePart","isPartOf":{"@id":"https:\/\/www.dt-smart.com\/#website"},"primaryImageOfPage":{"@id":"https:\/\/www.dt-smart.com\/es\/producto\/iphone-11-lcd-display-assembly-with-oem-level-visual-quality-true-tone-brightness-and-touchscreen-precision%ef%bc%88rj-jk-dd-tc-zy-incell%ef%bc%89\/#primaryimage"},"image":{"@id":"https:\/\/www.dt-smart.com\/es\/producto\/iphone-11-lcd-display-assembly-with-oem-level-visual-quality-true-tone-brightness-and-touchscreen-precision%ef%bc%88rj-jk-dd-tc-zy-incell%ef%bc%89\/#primaryimage"},"thumbnailUrl":"https:\/\/www.dt-smart.com\/wp-content\/uploads\/2025\/07\/11.webp","datePublished":"2025-07-15T07:04:37+00:00","dateModified":"2026-03-04T07:28:27+00:00","description":"iPhone 11 LCD Display Assembly with OEM-Level Visual Quality, True Tone Brightness and Touchscreen Precision\uff08RJ & JK & DD & TC & ZY & Incell\uff09","breadcrumb":{"@id":"https:\/\/www.dt-smart.com\/es\/producto\/iphone-11-lcd-display-assembly-with-oem-level-visual-quality-true-tone-brightness-and-touchscreen-precision%ef%bc%88rj-jk-dd-tc-zy-incell%ef%bc%89\/#breadcrumb"},"inLanguage":"es","potentialAction":[{"@type":"ReadAction","target":["https:\/\/www.dt-smart.com\/es\/producto\/iphone-11-lcd-display-assembly-with-oem-level-visual-quality-true-tone-brightness-and-touchscreen-precision%ef%bc%88rj-jk-dd-tc-zy-incell%ef%bc%89\/"]}]},{"@type":"ImageObject","inLanguage":"es","@id":"https:\/\/www.dt-smart.com\/es\/producto\/iphone-11-lcd-display-assembly-with-oem-level-visual-quality-true-tone-brightness-and-touchscreen-precision%ef%bc%88rj-jk-dd-tc-zy-incell%ef%bc%89\/#primaryimage","url":"https:\/\/www.dt-smart.com\/wp-content\/uploads\/2025\/07\/11.webp","contentUrl":"https:\/\/www.dt-smart.com\/wp-content\/uploads\/2025\/07\/11.webp","width":800,"height":800},{"@type":"BreadcrumbList","@id":"https:\/\/www.dt-smart.com\/es\/producto\/iphone-11-lcd-display-assembly-with-oem-level-visual-quality-true-tone-brightness-and-touchscreen-precision%ef%bc%88rj-jk-dd-tc-zy-incell%ef%bc%89\/#breadcrumb","itemListElement":[{"@type":"ListItem","position":1,"name":"Home","item":"https:\/\/www.dt-smart.com\/"},{"@type":"ListItem","position":2,"name":"Product","item":"https:\/\/www.dt-smart.com\/ru\/product\/"},{"@type":"ListItem","position":3,"name":"iPhone 11 LCD Display Assembly with OEM-Level Visual Quality, True Tone Brightness and Touchscreen Precision\uff08RJ &#038; JK &#038; DD &#038; TC &#038; ZY &#038; Incell\uff09"}]},{"@type":"WebSite","@id":"https:\/\/www.dt-smart.com\/#website","url":"https:\/\/www.dt-smart.com\/","name":"Asegurar parte","description":"Repuestos para celulares; Venta al por mayor de repuestos para iPhone; Proveedor de repuestos para Samsung","potentialAction":[{"@type":"SearchAction","target":{"@type":"EntryPoint","urlTemplate":"https:\/\/www.dt-smart.com\/?s={search_term_string}"},"query-input":{"@type":"PropertyValueSpecification","valueRequired":true,"valueName":"search_term_string"}}],"inLanguage":"es"}]}},"_links":{"self":[{"href":"https:\/\/www.dt-smart.com\/es\/wp-json\/wp\/v2\/product\/19980","targetHints":{"allow":["GET"]}}],"collection":[{"href":"https:\/\/www.dt-smart.com\/es\/wp-json\/wp\/v2\/product"}],"about":[{"href":"https:\/\/www.dt-smart.com\/es\/wp-json\/wp\/v2\/types\/product"}],"replies":[{"embeddable":true,"href":"https:\/\/www.dt-smart.com\/es\/wp-json\/wp\/v2\/comments?post=19980"}],"version-history":[{"count":3,"href":"https:\/\/www.dt-smart.com\/es\/wp-json\/wp\/v2\/product\/19980\/revisions"}],"predecessor-version":[{"id":24910,"href":"https:\/\/www.dt-smart.com\/es\/wp-json\/wp\/v2\/product\/19980\/revisions\/24910"}],"wp:featuredmedia":[{"embeddable":true,"href":"https:\/\/www.dt-smart.com\/es\/wp-json\/wp\/v2\/media\/19919"}],"wp:attachment":[{"href":"https:\/\/www.dt-smart.com\/es\/wp-json\/wp\/v2\/media?parent=19980"}],"wp:term":[{"taxonomy":"product_brand","embeddable":true,"href":"https:\/\/www.dt-smart.com\/es\/wp-json\/wp\/v2\/product_brand?post=19980"},{"taxonomy":"product_cat","embeddable":true,"href":"https:\/\/www.dt-smart.com\/es\/wp-json\/wp\/v2\/product_cat?post=19980"},{"taxonomy":"product_tag","embeddable":true,"href":"https:\/\/www.dt-smart.com\/es\/wp-json\/wp\/v2\/product_tag?post=19980"}],"curies":[{"name":"wp","href":"https:\/\/api.w.org\/{rel}","templated":true}]}}