{"id":20164,"date":"2025-07-15T17:42:55","date_gmt":"2025-07-15T09:42:55","guid":{"rendered":"https:\/\/www.insurepart.com\/?post_type=product&#038;p=20164"},"modified":"2026-03-04T16:06:24","modified_gmt":"2026-03-04T08:06:24","slug":"iphone-14-high-brightness-lcd-display-assembly-with-true-tone-support-fast-touch-response-and-ultra-clear-visual-performance%ef%bc%88dd-jk-rj-tc-zy-quality%ef%bc%89","status":"publish","type":"product","link":"https:\/\/www.dt-smart.com\/es\/producto\/iphone-14-high-brightness-lcd-display-assembly-with-true-tone-support-fast-touch-response-and-ultra-clear-visual-performance%ef%bc%88dd-jk-rj-tc-zy-quality%ef%bc%89\/","title":{"rendered":"Pantalla LCD de alto brillo para iPhone 14 con compatibilidad con True Tone, respuesta t\u00e1ctil r\u00e1pida y visualizaci\u00f3n ultran\u00edtida (calidad DD, JK, RJ, TC y ZY)"},"content":{"rendered":"<p style=\"text-align: center;\"><img fetchpriority=\"high\" decoding=\"async\" class=\"alignnone size-full wp-image-15567\" src=\"https:\/\/www.insurepart.com\/wp-content\/uploads\/2024\/08\/\u4e3a\u4ec0\u4e48\u9009\u62e9\u6211\u4eec22.webp\" alt=\"\" width=\"1000\" height=\"786\" srcset=\"https:\/\/www.dt-smart.com\/wp-content\/uploads\/2024\/08\/\u4e3a\u4ec0\u4e48\u9009\u62e9\u6211\u4eec22.webp 1000w, https:\/\/www.dt-smart.com\/wp-content\/uploads\/2024\/08\/\u4e3a\u4ec0\u4e48\u9009\u62e9\u6211\u4eec22-300x236.webp 300w, https:\/\/www.dt-smart.com\/wp-content\/uploads\/2024\/08\/\u4e3a\u4ec0\u4e48\u9009\u62e9\u6211\u4eec22-150x118.webp 150w, https:\/\/www.dt-smart.com\/wp-content\/uploads\/2024\/08\/\u4e3a\u4ec0\u4e48\u9009\u62e9\u6211\u4eec22-800x629.webp 800w, https:\/\/www.dt-smart.com\/wp-content\/uploads\/2024\/08\/\u4e3a\u4ec0\u4e48\u9009\u62e9\u6211\u4eec22-768x604.webp 768w, https:\/\/www.dt-smart.com\/wp-content\/uploads\/2024\/08\/\u4e3a\u4ec0\u4e48\u9009\u62e9\u6211\u4eec22-15x12.webp 15w\" sizes=\"(max-width: 1000px) 100vw, 1000px\" \/><\/p>","protected":false},"excerpt":{"rendered":"<p><span style=\"font-size: 10pt;\">Bring your iPhone 14 back to life with this OEM-standard LCD screen. Delivering high brightness levels and True Tone support, it ensures excellent visibility and comfortable viewing in all environments. The touch layer is ultra-responsive, giving a natural and precise user experience. With strong construction and a flawless fit, it is the perfect replacement part for cracked, dead, or unresponsive screens. Suitable for both professional repair shops and DIY users, every screen is rigorously tested for quality and functionality before shipping.<\/span><\/p>","protected":false},"featured_media":19887,"comment_status":"open","ping_status":"closed","template":"","meta":[],"product_brand":[],"product_cat":[466,42,59],"product_tag":[],"class_list":{"0":"post-20164","1":"product","2":"type-product","3":"status-publish","4":"has-post-thumbnail","6":"product_cat-all-iphone-lcds","7":"product_cat-iphone","8":"product_cat-iphone-14","10":"first","11":"instock","12":"taxable","13":"shipping-taxable","14":"purchasable","15":"product-type-variable"},"yoast_head":"<!-- This site is optimized with the Yoast SEO plugin v27.4 - https:\/\/yoast.com\/product\/yoast-seo-wordpress\/ -->\n<title>iPhone 14 High Brightness LCD Display Assembly with True Tone Support, Fast Touch Response and Ultra-Clear Visual Performance\uff08DD &amp; JK &amp; RJ&amp; TC &amp; ZY Quality\uff09 - InsurePart<\/title>\n<meta name=\"description\" content=\"iPhone 14 High Brightness LCD Display Assembly with True Tone Support, Fast Touch Response and Ultra-Clear Visual Performance\uff08DD &amp; JK &amp; RJ&amp; TC &amp; ZY Quality\uff09\" \/>\n<meta name=\"robots\" content=\"index, follow, max-snippet:-1, max-image-preview:large, max-video-preview:-1\" \/>\n<link rel=\"canonical\" href=\"https:\/\/www.dt-smart.com\/es\/producto\/iphone-14-high-brightness-lcd-display-assembly-with-true-tone-support-fast-touch-response-and-ultra-clear-visual-performance\uff08dd-jk-rj-tc-zy-quality\uff09\/\" \/>\n<meta property=\"og:locale\" content=\"es_ES\" \/>\n<meta property=\"og:type\" content=\"article\" \/>\n<meta property=\"og:title\" content=\"iPhone 14 High Brightness LCD Display Assembly with True Tone Support, Fast Touch Response and Ultra-Clear Visual Performance\uff08DD &amp; JK &amp; RJ&amp; TC &amp; ZY Quality\uff09 - InsurePart\" \/>\n<meta property=\"og:description\" content=\"iPhone 14 High Brightness LCD Display Assembly with True Tone Support, Fast Touch Response and Ultra-Clear Visual Performance\uff08DD &amp; JK &amp; RJ&amp; TC &amp; ZY Quality\uff09\" \/>\n<meta property=\"og:url\" content=\"https:\/\/www.dt-smart.com\/es\/producto\/iphone-14-high-brightness-lcd-display-assembly-with-true-tone-support-fast-touch-response-and-ultra-clear-visual-performance\uff08dd-jk-rj-tc-zy-quality\uff09\/\" \/>\n<meta property=\"og:site_name\" content=\"InsurePart\" \/>\n<meta property=\"article:publisher\" content=\"https:\/\/www.facebook.com\/anjinleeEva\" \/>\n<meta property=\"article:modified_time\" content=\"2026-03-04T08:06:24+00:00\" \/>\n<meta property=\"og:image\" content=\"https:\/\/www.dt-smart.com\/wp-content\/uploads\/2025\/07\/14.webp\" \/>\n\t<meta property=\"og:image:width\" content=\"1000\" \/>\n\t<meta property=\"og:image:height\" content=\"1000\" \/>\n\t<meta property=\"og:image:type\" content=\"image\/webp\" \/>\n<meta name=\"twitter:card\" content=\"summary_large_image\" \/>\n<meta name=\"twitter:label1\" content=\"Tiempo de lectura\" \/>\n\t<meta name=\"twitter:data1\" content=\"1 minuto\" \/>\n<script type=\"application\/ld+json\" class=\"yoast-schema-graph\">{\"@context\":\"https:\\\/\\\/schema.org\",\"@graph\":[{\"@type\":\"WebPage\",\"@id\":\"https:\\\/\\\/www.dt-smart.com\\\/product\\\/iphone-14-high-brightness-lcd-display-assembly-with-true-tone-support-fast-touch-response-and-ultra-clear-visual-performance%ef%bc%88dd-jk-rj-tc-zy-quality%ef%bc%89\\\/\",\"url\":\"https:\\\/\\\/www.dt-smart.com\\\/product\\\/iphone-14-high-brightness-lcd-display-assembly-with-true-tone-support-fast-touch-response-and-ultra-clear-visual-performance%ef%bc%88dd-jk-rj-tc-zy-quality%ef%bc%89\\\/\",\"name\":\"iPhone 14 High Brightness LCD Display Assembly with True Tone Support, Fast Touch Response and Ultra-Clear Visual Performance\uff08DD & JK & RJ& TC & ZY Quality\uff09 - InsurePart\",\"isPartOf\":{\"@id\":\"https:\\\/\\\/www.dt-smart.com\\\/#website\"},\"primaryImageOfPage\":{\"@id\":\"https:\\\/\\\/www.dt-smart.com\\\/product\\\/iphone-14-high-brightness-lcd-display-assembly-with-true-tone-support-fast-touch-response-and-ultra-clear-visual-performance%ef%bc%88dd-jk-rj-tc-zy-quality%ef%bc%89\\\/#primaryimage\"},\"image\":{\"@id\":\"https:\\\/\\\/www.dt-smart.com\\\/product\\\/iphone-14-high-brightness-lcd-display-assembly-with-true-tone-support-fast-touch-response-and-ultra-clear-visual-performance%ef%bc%88dd-jk-rj-tc-zy-quality%ef%bc%89\\\/#primaryimage\"},\"thumbnailUrl\":\"https:\\\/\\\/www.dt-smart.com\\\/wp-content\\\/uploads\\\/2025\\\/07\\\/14.webp\",\"datePublished\":\"2025-07-15T09:42:55+00:00\",\"dateModified\":\"2026-03-04T08:06:24+00:00\",\"description\":\"iPhone 14 High Brightness LCD Display Assembly with True Tone Support, Fast Touch Response and Ultra-Clear Visual Performance\uff08DD & JK & RJ& TC & ZY Quality\uff09\",\"breadcrumb\":{\"@id\":\"https:\\\/\\\/www.dt-smart.com\\\/product\\\/iphone-14-high-brightness-lcd-display-assembly-with-true-tone-support-fast-touch-response-and-ultra-clear-visual-performance%ef%bc%88dd-jk-rj-tc-zy-quality%ef%bc%89\\\/#breadcrumb\"},\"inLanguage\":\"es\",\"potentialAction\":[{\"@type\":\"ReadAction\",\"target\":[\"https:\\\/\\\/www.dt-smart.com\\\/product\\\/iphone-14-high-brightness-lcd-display-assembly-with-true-tone-support-fast-touch-response-and-ultra-clear-visual-performance%ef%bc%88dd-jk-rj-tc-zy-quality%ef%bc%89\\\/\"]}]},{\"@type\":\"ImageObject\",\"inLanguage\":\"es\",\"@id\":\"https:\\\/\\\/www.dt-smart.com\\\/product\\\/iphone-14-high-brightness-lcd-display-assembly-with-true-tone-support-fast-touch-response-and-ultra-clear-visual-performance%ef%bc%88dd-jk-rj-tc-zy-quality%ef%bc%89\\\/#primaryimage\",\"url\":\"https:\\\/\\\/www.dt-smart.com\\\/wp-content\\\/uploads\\\/2025\\\/07\\\/14.webp\",\"contentUrl\":\"https:\\\/\\\/www.dt-smart.com\\\/wp-content\\\/uploads\\\/2025\\\/07\\\/14.webp\",\"width\":1000,\"height\":1000},{\"@type\":\"BreadcrumbList\",\"@id\":\"https:\\\/\\\/www.dt-smart.com\\\/product\\\/iphone-14-high-brightness-lcd-display-assembly-with-true-tone-support-fast-touch-response-and-ultra-clear-visual-performance%ef%bc%88dd-jk-rj-tc-zy-quality%ef%bc%89\\\/#breadcrumb\",\"itemListElement\":[{\"@type\":\"ListItem\",\"position\":1,\"name\":\"Home\",\"item\":\"https:\\\/\\\/www.dt-smart.com\\\/\"},{\"@type\":\"ListItem\",\"position\":2,\"name\":\"Product\",\"item\":\"https:\\\/\\\/www.dt-smart.com\\\/ru\\\/product\\\/\"},{\"@type\":\"ListItem\",\"position\":3,\"name\":\"iPhone 14 High Brightness LCD Display Assembly with True Tone Support, Fast Touch Response and Ultra-Clear Visual Performance\uff08DD &#038; JK &#038; RJ&#038; TC &#038; ZY Quality\uff09\"}]},{\"@type\":\"WebSite\",\"@id\":\"https:\\\/\\\/www.dt-smart.com\\\/#website\",\"url\":\"https:\\\/\\\/www.dt-smart.com\\\/\",\"name\":\"InsurePart\",\"description\":\"Cell Phone Repair Parts; iPhone Parts Wholesale;Samsung Parts Supplier\",\"potentialAction\":[{\"@type\":\"SearchAction\",\"target\":{\"@type\":\"EntryPoint\",\"urlTemplate\":\"https:\\\/\\\/www.dt-smart.com\\\/?s={search_term_string}\"},\"query-input\":{\"@type\":\"PropertyValueSpecification\",\"valueRequired\":true,\"valueName\":\"search_term_string\"}}],\"inLanguage\":\"es\"}]}<\/script>\n<!-- \/ Yoast SEO plugin. -->","yoast_head_json":{"title":"iPhone 14 High Brightness LCD Display Assembly with True Tone Support, Fast Touch Response and Ultra-Clear Visual Performance\uff08DD & JK & RJ& TC & ZY Quality\uff09 - InsurePart","description":"iPhone 14 High Brightness LCD Display Assembly with True Tone Support, Fast Touch Response and Ultra-Clear Visual Performance\uff08DD & JK & RJ& TC & ZY Quality\uff09","robots":{"index":"index","follow":"follow","max-snippet":"max-snippet:-1","max-image-preview":"max-image-preview:large","max-video-preview":"max-video-preview:-1"},"canonical":"https:\/\/www.dt-smart.com\/es\/producto\/iphone-14-high-brightness-lcd-display-assembly-with-true-tone-support-fast-touch-response-and-ultra-clear-visual-performance\uff08dd-jk-rj-tc-zy-quality\uff09\/","og_locale":"es_ES","og_type":"article","og_title":"iPhone 14 High Brightness LCD Display Assembly with True Tone Support, Fast Touch Response and Ultra-Clear Visual Performance\uff08DD & JK & RJ& TC & ZY Quality\uff09 - InsurePart","og_description":"iPhone 14 High Brightness LCD Display Assembly with True Tone Support, Fast Touch Response and Ultra-Clear Visual Performance\uff08DD & JK & RJ& TC & ZY Quality\uff09","og_url":"https:\/\/www.dt-smart.com\/es\/producto\/iphone-14-high-brightness-lcd-display-assembly-with-true-tone-support-fast-touch-response-and-ultra-clear-visual-performance\uff08dd-jk-rj-tc-zy-quality\uff09\/","og_site_name":"InsurePart","article_publisher":"https:\/\/www.facebook.com\/anjinleeEva","article_modified_time":"2026-03-04T08:06:24+00:00","og_image":[{"width":1000,"height":1000,"url":"https:\/\/www.dt-smart.com\/wp-content\/uploads\/2025\/07\/14.webp","type":"image\/webp"}],"twitter_card":"summary_large_image","twitter_misc":{"Tiempo de lectura":"1 minuto"},"schema":{"@context":"https:\/\/schema.org","@graph":[{"@type":"WebPage","@id":"https:\/\/www.dt-smart.com\/product\/iphone-14-high-brightness-lcd-display-assembly-with-true-tone-support-fast-touch-response-and-ultra-clear-visual-performance%ef%bc%88dd-jk-rj-tc-zy-quality%ef%bc%89\/","url":"https:\/\/www.dt-smart.com\/product\/iphone-14-high-brightness-lcd-display-assembly-with-true-tone-support-fast-touch-response-and-ultra-clear-visual-performance%ef%bc%88dd-jk-rj-tc-zy-quality%ef%bc%89\/","name":"iPhone 14 High Brightness LCD Display Assembly with True Tone Support, Fast Touch Response and Ultra-Clear Visual Performance\uff08DD & JK & RJ& TC & ZY Quality\uff09 - InsurePart","isPartOf":{"@id":"https:\/\/www.dt-smart.com\/#website"},"primaryImageOfPage":{"@id":"https:\/\/www.dt-smart.com\/product\/iphone-14-high-brightness-lcd-display-assembly-with-true-tone-support-fast-touch-response-and-ultra-clear-visual-performance%ef%bc%88dd-jk-rj-tc-zy-quality%ef%bc%89\/#primaryimage"},"image":{"@id":"https:\/\/www.dt-smart.com\/product\/iphone-14-high-brightness-lcd-display-assembly-with-true-tone-support-fast-touch-response-and-ultra-clear-visual-performance%ef%bc%88dd-jk-rj-tc-zy-quality%ef%bc%89\/#primaryimage"},"thumbnailUrl":"https:\/\/www.dt-smart.com\/wp-content\/uploads\/2025\/07\/14.webp","datePublished":"2025-07-15T09:42:55+00:00","dateModified":"2026-03-04T08:06:24+00:00","description":"iPhone 14 High Brightness LCD Display Assembly with True Tone Support, Fast Touch Response and Ultra-Clear Visual Performance\uff08DD & JK & RJ& TC & ZY Quality\uff09","breadcrumb":{"@id":"https:\/\/www.dt-smart.com\/product\/iphone-14-high-brightness-lcd-display-assembly-with-true-tone-support-fast-touch-response-and-ultra-clear-visual-performance%ef%bc%88dd-jk-rj-tc-zy-quality%ef%bc%89\/#breadcrumb"},"inLanguage":"es","potentialAction":[{"@type":"ReadAction","target":["https:\/\/www.dt-smart.com\/product\/iphone-14-high-brightness-lcd-display-assembly-with-true-tone-support-fast-touch-response-and-ultra-clear-visual-performance%ef%bc%88dd-jk-rj-tc-zy-quality%ef%bc%89\/"]}]},{"@type":"ImageObject","inLanguage":"es","@id":"https:\/\/www.dt-smart.com\/product\/iphone-14-high-brightness-lcd-display-assembly-with-true-tone-support-fast-touch-response-and-ultra-clear-visual-performance%ef%bc%88dd-jk-rj-tc-zy-quality%ef%bc%89\/#primaryimage","url":"https:\/\/www.dt-smart.com\/wp-content\/uploads\/2025\/07\/14.webp","contentUrl":"https:\/\/www.dt-smart.com\/wp-content\/uploads\/2025\/07\/14.webp","width":1000,"height":1000},{"@type":"BreadcrumbList","@id":"https:\/\/www.dt-smart.com\/product\/iphone-14-high-brightness-lcd-display-assembly-with-true-tone-support-fast-touch-response-and-ultra-clear-visual-performance%ef%bc%88dd-jk-rj-tc-zy-quality%ef%bc%89\/#breadcrumb","itemListElement":[{"@type":"ListItem","position":1,"name":"Home","item":"https:\/\/www.dt-smart.com\/"},{"@type":"ListItem","position":2,"name":"Product","item":"https:\/\/www.dt-smart.com\/ru\/product\/"},{"@type":"ListItem","position":3,"name":"iPhone 14 High Brightness LCD Display Assembly with True Tone Support, Fast Touch Response and Ultra-Clear Visual Performance\uff08DD &#038; JK &#038; RJ&#038; TC &#038; ZY Quality\uff09"}]},{"@type":"WebSite","@id":"https:\/\/www.dt-smart.com\/#website","url":"https:\/\/www.dt-smart.com\/","name":"Asegurar parte","description":"Repuestos para celulares; Venta al por mayor de repuestos para iPhone; Proveedor de repuestos para Samsung","potentialAction":[{"@type":"SearchAction","target":{"@type":"EntryPoint","urlTemplate":"https:\/\/www.dt-smart.com\/?s={search_term_string}"},"query-input":{"@type":"PropertyValueSpecification","valueRequired":true,"valueName":"search_term_string"}}],"inLanguage":"es"}]}},"_links":{"self":[{"href":"https:\/\/www.dt-smart.com\/es\/wp-json\/wp\/v2\/product\/20164","targetHints":{"allow":["GET"]}}],"collection":[{"href":"https:\/\/www.dt-smart.com\/es\/wp-json\/wp\/v2\/product"}],"about":[{"href":"https:\/\/www.dt-smart.com\/es\/wp-json\/wp\/v2\/types\/product"}],"replies":[{"embeddable":true,"href":"https:\/\/www.dt-smart.com\/es\/wp-json\/wp\/v2\/comments?post=20164"}],"version-history":[{"count":4,"href":"https:\/\/www.dt-smart.com\/es\/wp-json\/wp\/v2\/product\/20164\/revisions"}],"predecessor-version":[{"id":24899,"href":"https:\/\/www.dt-smart.com\/es\/wp-json\/wp\/v2\/product\/20164\/revisions\/24899"}],"wp:featuredmedia":[{"embeddable":true,"href":"https:\/\/www.dt-smart.com\/es\/wp-json\/wp\/v2\/media\/19887"}],"wp:attachment":[{"href":"https:\/\/www.dt-smart.com\/es\/wp-json\/wp\/v2\/media?parent=20164"}],"wp:term":[{"taxonomy":"product_brand","embeddable":true,"href":"https:\/\/www.dt-smart.com\/es\/wp-json\/wp\/v2\/product_brand?post=20164"},{"taxonomy":"product_cat","embeddable":true,"href":"https:\/\/www.dt-smart.com\/es\/wp-json\/wp\/v2\/product_cat?post=20164"},{"taxonomy":"product_tag","embeddable":true,"href":"https:\/\/www.dt-smart.com\/es\/wp-json\/wp\/v2\/product_tag?post=20164"}],"curies":[{"name":"wp","href":"https:\/\/api.w.org\/{rel}","templated":true}]}}