{"id":20709,"date":"2025-07-14T17:47:57","date_gmt":"2025-07-14T09:47:57","guid":{"rendered":"https:\/\/www.insurepart.com\/?post_type=product&#038;p=20709"},"modified":"2026-03-09T12:27:18","modified_gmt":"2026-03-09T04:27:18","slug":"for-iphone-13-original-lcd-screen-with-digitizer-full-assembly","status":"publish","type":"product","link":"https:\/\/www.dt-smart.com\/es\/producto\/for-iphone-13-original-lcd-screen-with-digitizer-full-assembly\/","title":{"rendered":"Pantalla LCD original para iPhone 13 con digitalizador completo. Alto brillo y precisi\u00f3n de color. Reemplazo de pantalla de calidad genuina. Env\u00edo r\u00e1pido."},"content":{"rendered":"<p style=\"text-align: center;\"><img fetchpriority=\"high\" decoding=\"async\" class=\"alignnone size-full wp-image-15567\" src=\"https:\/\/www.insurepart.com\/wp-content\/uploads\/2024\/08\/\u4e3a\u4ec0\u4e48\u9009\u62e9\u6211\u4eec22.webp\" alt=\"\" width=\"1000\" height=\"786\" srcset=\"https:\/\/www.dt-smart.com\/wp-content\/uploads\/2024\/08\/\u4e3a\u4ec0\u4e48\u9009\u62e9\u6211\u4eec22.webp 1000w, https:\/\/www.dt-smart.com\/wp-content\/uploads\/2024\/08\/\u4e3a\u4ec0\u4e48\u9009\u62e9\u6211\u4eec22-300x236.webp 300w, https:\/\/www.dt-smart.com\/wp-content\/uploads\/2024\/08\/\u4e3a\u4ec0\u4e48\u9009\u62e9\u6211\u4eec22-150x118.webp 150w, https:\/\/www.dt-smart.com\/wp-content\/uploads\/2024\/08\/\u4e3a\u4ec0\u4e48\u9009\u62e9\u6211\u4eec22-800x629.webp 800w, https:\/\/www.dt-smart.com\/wp-content\/uploads\/2024\/08\/\u4e3a\u4ec0\u4e48\u9009\u62e9\u6211\u4eec22-768x604.webp 768w, https:\/\/www.dt-smart.com\/wp-content\/uploads\/2024\/08\/\u4e3a\u4ec0\u4e48\u9009\u62e9\u6211\u4eec22-15x12.webp 15w\" sizes=\"(max-width: 1000px) 100vw, 1000px\" \/><\/p>","protected":false},"excerpt":{"rendered":"<p><span style=\"font-size: 10pt;\">Esta es una unidad de pantalla OEM extra\u00edda de dispositivos iPhone 13 en funcionamiento. Como pieza original de Apple, ofrece un rendimiento fiable con compatibilidad total con el sistema. La pantalla proporciona una respuesta t\u00e1ctil fluida, una visualizaci\u00f3n consistente y un funcionamiento correcto en la configuraci\u00f3n de iOS. Es compatible con True Tone, pero puede requerir la transferencia de datos de la EEPROM. Esta unidad no ha sido alterada, ni se le ha cambiado el cristal ni se ha reacondicionado. Es la soluci\u00f3n ideal para los profesionales de la reparaci\u00f3n que buscan un reemplazo aut\u00e9ntico con fiabilidad a largo plazo. Se vende solo la pantalla, sin piezas adicionales. Probada exhaustivamente antes del env\u00edo.<\/span><\/p>","protected":false},"featured_media":20668,"comment_status":"open","ping_status":"closed","template":"","meta":[],"product_brand":[],"product_cat":[466,42,95],"product_tag":[],"class_list":{"0":"post-20709","1":"product","2":"type-product","3":"status-publish","4":"has-post-thumbnail","6":"product_cat-all-iphone-lcds","7":"product_cat-iphone","8":"product_cat-iphone-13","10":"first","11":"instock","12":"taxable","13":"shipping-taxable","14":"purchasable","15":"product-type-variable"},"yoast_head":"<!-- This site is optimized with the Yoast SEO plugin v27.4 - https:\/\/yoast.com\/product\/yoast-seo-wordpress\/ -->\n<title>iPhone 13 Original LCD Screen with Digitizer Full Assembly - High Brightness &amp; Color Accuracy - Genuine Quality Display Replacement - Fast Shipping - InsurePart<\/title>\n<meta name=\"description\" content=\"iPhone 13 Original LCD Screen with Digitizer Full Assembly - High Brightness &amp; Color Accuracy - Genuine Quality Display Replacement - Fast Shipping\" \/>\n<meta name=\"robots\" content=\"index, follow, max-snippet:-1, max-image-preview:large, max-video-preview:-1\" \/>\n<link rel=\"canonical\" href=\"https:\/\/www.dt-smart.com\/es\/producto\/for-iphone-13-original-lcd-screen-with-digitizer-full-assembly\/\" \/>\n<meta property=\"og:locale\" content=\"es_ES\" \/>\n<meta property=\"og:type\" content=\"article\" \/>\n<meta property=\"og:title\" content=\"iPhone 13 Original LCD Screen with Digitizer Full Assembly - High Brightness &amp; Color Accuracy - Genuine Quality Display Replacement - Fast Shipping - InsurePart\" \/>\n<meta property=\"og:description\" content=\"iPhone 13 Original LCD Screen with Digitizer Full Assembly - High Brightness &amp; Color Accuracy - Genuine Quality Display Replacement - Fast Shipping\" \/>\n<meta property=\"og:url\" content=\"https:\/\/www.dt-smart.com\/es\/producto\/for-iphone-13-original-lcd-screen-with-digitizer-full-assembly\/\" \/>\n<meta property=\"og:site_name\" content=\"InsurePart\" \/>\n<meta property=\"article:publisher\" content=\"https:\/\/www.facebook.com\/anjinleeEva\" \/>\n<meta property=\"article:modified_time\" content=\"2026-03-09T04:27:18+00:00\" \/>\n<meta property=\"og:image\" content=\"https:\/\/www.dt-smart.com\/wp-content\/uploads\/2025\/07\/13-3.webp\" \/>\n\t<meta property=\"og:image:width\" content=\"800\" \/>\n\t<meta property=\"og:image:height\" content=\"800\" \/>\n\t<meta property=\"og:image:type\" content=\"image\/webp\" \/>\n<meta name=\"twitter:card\" content=\"summary_large_image\" \/>\n<meta name=\"twitter:label1\" content=\"Tiempo de lectura\" \/>\n\t<meta name=\"twitter:data1\" content=\"1 minuto\" \/>\n<script type=\"application\/ld+json\" class=\"yoast-schema-graph\">{\"@context\":\"https:\\\/\\\/schema.org\",\"@graph\":[{\"@type\":\"WebPage\",\"@id\":\"https:\\\/\\\/www.dt-smart.com\\\/product\\\/for-iphone-13-original-lcd-screen-with-digitizer-full-assembly\\\/\",\"url\":\"https:\\\/\\\/www.dt-smart.com\\\/product\\\/for-iphone-13-original-lcd-screen-with-digitizer-full-assembly\\\/\",\"name\":\"iPhone 13 Original LCD Screen with Digitizer Full Assembly - High Brightness & Color Accuracy - Genuine Quality Display Replacement - Fast Shipping - InsurePart\",\"isPartOf\":{\"@id\":\"https:\\\/\\\/www.dt-smart.com\\\/#website\"},\"primaryImageOfPage\":{\"@id\":\"https:\\\/\\\/www.dt-smart.com\\\/product\\\/for-iphone-13-original-lcd-screen-with-digitizer-full-assembly\\\/#primaryimage\"},\"image\":{\"@id\":\"https:\\\/\\\/www.dt-smart.com\\\/product\\\/for-iphone-13-original-lcd-screen-with-digitizer-full-assembly\\\/#primaryimage\"},\"thumbnailUrl\":\"https:\\\/\\\/www.dt-smart.com\\\/wp-content\\\/uploads\\\/2025\\\/07\\\/13-3.webp\",\"datePublished\":\"2025-07-14T09:47:57+00:00\",\"dateModified\":\"2026-03-09T04:27:18+00:00\",\"description\":\"iPhone 13 Original LCD Screen with Digitizer Full Assembly - High Brightness & Color Accuracy - Genuine Quality Display Replacement - Fast Shipping\",\"breadcrumb\":{\"@id\":\"https:\\\/\\\/www.dt-smart.com\\\/product\\\/for-iphone-13-original-lcd-screen-with-digitizer-full-assembly\\\/#breadcrumb\"},\"inLanguage\":\"es\",\"potentialAction\":[{\"@type\":\"ReadAction\",\"target\":[\"https:\\\/\\\/www.dt-smart.com\\\/product\\\/for-iphone-13-original-lcd-screen-with-digitizer-full-assembly\\\/\"]}]},{\"@type\":\"ImageObject\",\"inLanguage\":\"es\",\"@id\":\"https:\\\/\\\/www.dt-smart.com\\\/product\\\/for-iphone-13-original-lcd-screen-with-digitizer-full-assembly\\\/#primaryimage\",\"url\":\"https:\\\/\\\/www.dt-smart.com\\\/wp-content\\\/uploads\\\/2025\\\/07\\\/13-3.webp\",\"contentUrl\":\"https:\\\/\\\/www.dt-smart.com\\\/wp-content\\\/uploads\\\/2025\\\/07\\\/13-3.webp\",\"width\":800,\"height\":800},{\"@type\":\"BreadcrumbList\",\"@id\":\"https:\\\/\\\/www.dt-smart.com\\\/product\\\/for-iphone-13-original-lcd-screen-with-digitizer-full-assembly\\\/#breadcrumb\",\"itemListElement\":[{\"@type\":\"ListItem\",\"position\":1,\"name\":\"Home\",\"item\":\"https:\\\/\\\/www.dt-smart.com\\\/\"},{\"@type\":\"ListItem\",\"position\":2,\"name\":\"Product\",\"item\":\"https:\\\/\\\/www.dt-smart.com\\\/ru\\\/product\\\/\"},{\"@type\":\"ListItem\",\"position\":3,\"name\":\"iPhone 13 Original LCD Screen with Digitizer Full Assembly &#8211; High Brightness &#038; Color Accuracy &#8211; Genuine Quality Display Replacement &#8211; Fast Shipping\"}]},{\"@type\":\"WebSite\",\"@id\":\"https:\\\/\\\/www.dt-smart.com\\\/#website\",\"url\":\"https:\\\/\\\/www.dt-smart.com\\\/\",\"name\":\"InsurePart\",\"description\":\"Cell Phone Repair Parts; iPhone Parts Wholesale;Samsung Parts Supplier\",\"potentialAction\":[{\"@type\":\"SearchAction\",\"target\":{\"@type\":\"EntryPoint\",\"urlTemplate\":\"https:\\\/\\\/www.dt-smart.com\\\/?s={search_term_string}\"},\"query-input\":{\"@type\":\"PropertyValueSpecification\",\"valueRequired\":true,\"valueName\":\"search_term_string\"}}],\"inLanguage\":\"es\"}]}<\/script>\n<!-- \/ Yoast SEO plugin. -->","yoast_head_json":{"title":"iPhone 13 Original LCD Screen with Digitizer Full Assembly - High Brightness & Color Accuracy - Genuine Quality Display Replacement - Fast Shipping - InsurePart","description":"Pantalla LCD original para iPhone 13 con digitalizador, ensamblaje completo - Alto brillo y precisi\u00f3n de color - Reemplazo de pantalla de calidad genuina - Env\u00edo r\u00e1pido","robots":{"index":"index","follow":"follow","max-snippet":"max-snippet:-1","max-image-preview":"max-image-preview:large","max-video-preview":"max-video-preview:-1"},"canonical":"https:\/\/www.dt-smart.com\/es\/producto\/for-iphone-13-original-lcd-screen-with-digitizer-full-assembly\/","og_locale":"es_ES","og_type":"article","og_title":"iPhone 13 Original LCD Screen with Digitizer Full Assembly - High Brightness & Color Accuracy - Genuine Quality Display Replacement - Fast Shipping - InsurePart","og_description":"iPhone 13 Original LCD Screen with Digitizer Full Assembly - High Brightness & Color Accuracy - Genuine Quality Display Replacement - Fast Shipping","og_url":"https:\/\/www.dt-smart.com\/es\/producto\/for-iphone-13-original-lcd-screen-with-digitizer-full-assembly\/","og_site_name":"InsurePart","article_publisher":"https:\/\/www.facebook.com\/anjinleeEva","article_modified_time":"2026-03-09T04:27:18+00:00","og_image":[{"width":800,"height":800,"url":"https:\/\/www.dt-smart.com\/wp-content\/uploads\/2025\/07\/13-3.webp","type":"image\/webp"}],"twitter_card":"summary_large_image","twitter_misc":{"Tiempo de lectura":"1 minuto"},"schema":{"@context":"https:\/\/schema.org","@graph":[{"@type":"WebPage","@id":"https:\/\/www.dt-smart.com\/product\/for-iphone-13-original-lcd-screen-with-digitizer-full-assembly\/","url":"https:\/\/www.dt-smart.com\/product\/for-iphone-13-original-lcd-screen-with-digitizer-full-assembly\/","name":"iPhone 13 Original LCD Screen with Digitizer Full Assembly - High Brightness & Color Accuracy - Genuine Quality Display Replacement - Fast Shipping - InsurePart","isPartOf":{"@id":"https:\/\/www.dt-smart.com\/#website"},"primaryImageOfPage":{"@id":"https:\/\/www.dt-smart.com\/product\/for-iphone-13-original-lcd-screen-with-digitizer-full-assembly\/#primaryimage"},"image":{"@id":"https:\/\/www.dt-smart.com\/product\/for-iphone-13-original-lcd-screen-with-digitizer-full-assembly\/#primaryimage"},"thumbnailUrl":"https:\/\/www.dt-smart.com\/wp-content\/uploads\/2025\/07\/13-3.webp","datePublished":"2025-07-14T09:47:57+00:00","dateModified":"2026-03-09T04:27:18+00:00","description":"Pantalla LCD original para iPhone 13 con digitalizador, ensamblaje completo - Alto brillo y precisi\u00f3n de color - Reemplazo de pantalla de calidad genuina - Env\u00edo r\u00e1pido","breadcrumb":{"@id":"https:\/\/www.dt-smart.com\/product\/for-iphone-13-original-lcd-screen-with-digitizer-full-assembly\/#breadcrumb"},"inLanguage":"es","potentialAction":[{"@type":"ReadAction","target":["https:\/\/www.dt-smart.com\/product\/for-iphone-13-original-lcd-screen-with-digitizer-full-assembly\/"]}]},{"@type":"ImageObject","inLanguage":"es","@id":"https:\/\/www.dt-smart.com\/product\/for-iphone-13-original-lcd-screen-with-digitizer-full-assembly\/#primaryimage","url":"https:\/\/www.dt-smart.com\/wp-content\/uploads\/2025\/07\/13-3.webp","contentUrl":"https:\/\/www.dt-smart.com\/wp-content\/uploads\/2025\/07\/13-3.webp","width":800,"height":800},{"@type":"BreadcrumbList","@id":"https:\/\/www.dt-smart.com\/product\/for-iphone-13-original-lcd-screen-with-digitizer-full-assembly\/#breadcrumb","itemListElement":[{"@type":"ListItem","position":1,"name":"Home","item":"https:\/\/www.dt-smart.com\/"},{"@type":"ListItem","position":2,"name":"Product","item":"https:\/\/www.dt-smart.com\/ru\/product\/"},{"@type":"ListItem","position":3,"name":"iPhone 13 Original LCD Screen with Digitizer Full Assembly &#8211; High Brightness &#038; Color Accuracy &#8211; Genuine Quality Display Replacement &#8211; Fast Shipping"}]},{"@type":"WebSite","@id":"https:\/\/www.dt-smart.com\/#website","url":"https:\/\/www.dt-smart.com\/","name":"Asegurar parte","description":"Repuestos para celulares; Venta al por mayor de repuestos para iPhone; Proveedor de repuestos para Samsung","potentialAction":[{"@type":"SearchAction","target":{"@type":"EntryPoint","urlTemplate":"https:\/\/www.dt-smart.com\/?s={search_term_string}"},"query-input":{"@type":"PropertyValueSpecification","valueRequired":true,"valueName":"search_term_string"}}],"inLanguage":"es"}]}},"_links":{"self":[{"href":"https:\/\/www.dt-smart.com\/es\/wp-json\/wp\/v2\/product\/20709","targetHints":{"allow":["GET"]}}],"collection":[{"href":"https:\/\/www.dt-smart.com\/es\/wp-json\/wp\/v2\/product"}],"about":[{"href":"https:\/\/www.dt-smart.com\/es\/wp-json\/wp\/v2\/types\/product"}],"replies":[{"embeddable":true,"href":"https:\/\/www.dt-smart.com\/es\/wp-json\/wp\/v2\/comments?post=20709"}],"version-history":[{"count":3,"href":"https:\/\/www.dt-smart.com\/es\/wp-json\/wp\/v2\/product\/20709\/revisions"}],"predecessor-version":[{"id":24915,"href":"https:\/\/www.dt-smart.com\/es\/wp-json\/wp\/v2\/product\/20709\/revisions\/24915"}],"wp:featuredmedia":[{"embeddable":true,"href":"https:\/\/www.dt-smart.com\/es\/wp-json\/wp\/v2\/media\/20668"}],"wp:attachment":[{"href":"https:\/\/www.dt-smart.com\/es\/wp-json\/wp\/v2\/media?parent=20709"}],"wp:term":[{"taxonomy":"product_brand","embeddable":true,"href":"https:\/\/www.dt-smart.com\/es\/wp-json\/wp\/v2\/product_brand?post=20709"},{"taxonomy":"product_cat","embeddable":true,"href":"https:\/\/www.dt-smart.com\/es\/wp-json\/wp\/v2\/product_cat?post=20709"},{"taxonomy":"product_tag","embeddable":true,"href":"https:\/\/www.dt-smart.com\/es\/wp-json\/wp\/v2\/product_tag?post=20709"}],"curies":[{"name":"wp","href":"https:\/\/api.w.org\/{rel}","templated":true}]}}