{"id":20793,"date":"2025-07-03T10:27:58","date_gmt":"2025-07-03T02:27:58","guid":{"rendered":"https:\/\/www.insurepart.com\/?post_type=product&#038;p=20793"},"modified":"2026-01-14T10:29:42","modified_gmt":"2026-01-14T02:29:42","slug":"ipad-5th-gen-9-7-replacement-lcd-display-screen-and-touch-digitizer-glass-panel","status":"publish","type":"product","link":"https:\/\/www.dt-smart.com\/es\/producto\/ipad-5th-gen-9-7-replacement-lcd-display-screen-and-touch-digitizer-glass-panel\/","title":{"rendered":"Reemplazo de pantalla LCD y digitalizador t\u00e1ctil para iPad de 5.\u00aa generaci\u00f3n de 9,7\u2033 \u2013 Pantalla Retina de alta resoluci\u00f3n \u2013 Resistente a ara\u00f1azos y tacto sensible \u2013 Calidad OEM \u2013 Garant\u00eda de calidad \u2013 Env\u00edo r\u00e1pido"},"content":{"rendered":"<p style=\"text-align: center;\"><img fetchpriority=\"high\" decoding=\"async\" class=\"alignnone size-full wp-image-15567\" src=\"https:\/\/www.insurepart.com\/wp-content\/uploads\/2024\/08\/\u4e3a\u4ec0\u4e48\u9009\u62e9\u6211\u4eec22.webp\" alt=\"\" width=\"1000\" height=\"786\" srcset=\"https:\/\/www.dt-smart.com\/wp-content\/uploads\/2024\/08\/\u4e3a\u4ec0\u4e48\u9009\u62e9\u6211\u4eec22.webp 1000w, https:\/\/www.dt-smart.com\/wp-content\/uploads\/2024\/08\/\u4e3a\u4ec0\u4e48\u9009\u62e9\u6211\u4eec22-300x236.webp 300w, https:\/\/www.dt-smart.com\/wp-content\/uploads\/2024\/08\/\u4e3a\u4ec0\u4e48\u9009\u62e9\u6211\u4eec22-150x118.webp 150w, https:\/\/www.dt-smart.com\/wp-content\/uploads\/2024\/08\/\u4e3a\u4ec0\u4e48\u9009\u62e9\u6211\u4eec22-800x629.webp 800w, https:\/\/www.dt-smart.com\/wp-content\/uploads\/2024\/08\/\u4e3a\u4ec0\u4e48\u9009\u62e9\u6211\u4eec22-768x604.webp 768w, https:\/\/www.dt-smart.com\/wp-content\/uploads\/2024\/08\/\u4e3a\u4ec0\u4e48\u9009\u62e9\u6211\u4eec22-15x12.webp 15w\" sizes=\"(max-width: 1000px) 100vw, 1000px\" \/><\/p>","protected":false},"excerpt":{"rendered":"<p><span style=\"font-size: 10pt;\">Restaura el rendimiento de la pantalla de tu iPad 5 con este conjunto de LCD y digitalizador de repuesto. Ofrece colores precisos y una respuesta t\u00e1ctil fiable para los modelos A1822 y A1823. Probado en f\u00e1brica para garantizar la uniformidad del brillo y la calidad de los p\u00edxeles. La pantalla es ideal para reemplazar unidades da\u00f1adas o que no funcionan. No incluye adhesivo ni herramientas. La funci\u00f3n t\u00e1ctil es precisa y fiable.<\/span><\/p>","protected":false},"featured_media":20749,"comment_status":"open","ping_status":"closed","template":"","meta":[],"product_brand":[],"product_cat":[596,43,395],"product_tag":[],"class_list":{"0":"post-20793","1":"product","2":"type-product","3":"status-publish","4":"has-post-thumbnail","6":"product_cat-all-ipad-tplcd","7":"product_cat-ipad","8":"product_cat-ipad-5-2017","10":"first","11":"instock","12":"taxable","13":"shipping-taxable","14":"purchasable","15":"product-type-simple"},"yoast_head":"<!-- This site is optimized with the Yoast SEO plugin v27.4 - https:\/\/yoast.com\/product\/yoast-seo-wordpress\/ -->\n<title>iPad 5th Gen 9.7\u2033 LCD Display &amp; Touch Digitizer Glass Panel Replacement - High Resolution Retina Display - Anti-Scratch &amp; Responsive Touch - OEM Grade - Quality Guaranteed - Fast Shipping - InsurePart<\/title>\n<meta name=\"description\" content=\"iPad 5th Gen 9.7\u2033 LCD Display &amp; Touch Digitizer Glass Panel Replacement - High Resolution Retina Display - Anti-Scratch &amp; Responsive Touch - OEM Grade - Quality Guaranteed - Fast Shipping\" \/>\n<meta name=\"robots\" content=\"index, follow, max-snippet:-1, max-image-preview:large, max-video-preview:-1\" \/>\n<link rel=\"canonical\" href=\"https:\/\/www.dt-smart.com\/es\/producto\/ipad-5th-gen-9-7-replacement-lcd-display-screen-and-touch-digitizer-glass-panel\/\" \/>\n<meta property=\"og:locale\" content=\"es_ES\" \/>\n<meta property=\"og:type\" content=\"article\" \/>\n<meta property=\"og:title\" content=\"iPad 5th Gen 9.7\u2033 LCD Display &amp; Touch Digitizer Glass Panel Replacement - High Resolution Retina Display - Anti-Scratch &amp; Responsive Touch - OEM Grade - Quality Guaranteed - Fast Shipping - InsurePart\" \/>\n<meta property=\"og:description\" content=\"iPad 5th Gen 9.7\u2033 LCD Display &amp; Touch Digitizer Glass Panel Replacement - High Resolution Retina Display - Anti-Scratch &amp; Responsive Touch - OEM Grade - Quality Guaranteed - Fast Shipping\" \/>\n<meta property=\"og:url\" content=\"https:\/\/www.dt-smart.com\/es\/producto\/ipad-5th-gen-9-7-replacement-lcd-display-screen-and-touch-digitizer-glass-panel\/\" \/>\n<meta property=\"og:site_name\" content=\"InsurePart\" \/>\n<meta property=\"article:publisher\" content=\"https:\/\/www.facebook.com\/anjinleeEva\" \/>\n<meta property=\"article:modified_time\" content=\"2026-01-14T02:29:42+00:00\" \/>\n<meta property=\"og:image\" content=\"https:\/\/www.dt-smart.com\/wp-content\/uploads\/2025\/07\/iPad5-1.webp\" \/>\n\t<meta property=\"og:image:width\" content=\"800\" \/>\n\t<meta property=\"og:image:height\" content=\"800\" \/>\n\t<meta property=\"og:image:type\" content=\"image\/webp\" \/>\n<meta name=\"twitter:card\" content=\"summary_large_image\" \/>\n<meta name=\"twitter:label1\" content=\"Tiempo de lectura\" \/>\n\t<meta name=\"twitter:data1\" content=\"1 minuto\" \/>\n<script type=\"application\/ld+json\" class=\"yoast-schema-graph\">{\"@context\":\"https:\\\/\\\/schema.org\",\"@graph\":[{\"@type\":\"WebPage\",\"@id\":\"https:\\\/\\\/www.dt-smart.com\\\/es\\\/producto\\\/ipad-5th-gen-9-7-replacement-lcd-display-screen-and-touch-digitizer-glass-panel\\\/\",\"url\":\"https:\\\/\\\/www.dt-smart.com\\\/es\\\/producto\\\/ipad-5th-gen-9-7-replacement-lcd-display-screen-and-touch-digitizer-glass-panel\\\/\",\"name\":\"iPad 5th Gen 9.7\u2033 LCD Display & Touch Digitizer Glass Panel Replacement - High Resolution Retina Display - Anti-Scratch & Responsive Touch - OEM Grade - Quality Guaranteed - Fast Shipping - InsurePart\",\"isPartOf\":{\"@id\":\"https:\\\/\\\/www.dt-smart.com\\\/#website\"},\"primaryImageOfPage\":{\"@id\":\"https:\\\/\\\/www.dt-smart.com\\\/es\\\/producto\\\/ipad-5th-gen-9-7-replacement-lcd-display-screen-and-touch-digitizer-glass-panel\\\/#primaryimage\"},\"image\":{\"@id\":\"https:\\\/\\\/www.dt-smart.com\\\/es\\\/producto\\\/ipad-5th-gen-9-7-replacement-lcd-display-screen-and-touch-digitizer-glass-panel\\\/#primaryimage\"},\"thumbnailUrl\":\"https:\\\/\\\/www.dt-smart.com\\\/wp-content\\\/uploads\\\/2025\\\/07\\\/iPad5-1.webp\",\"datePublished\":\"2025-07-03T02:27:58+00:00\",\"dateModified\":\"2026-01-14T02:29:42+00:00\",\"description\":\"iPad 5th Gen 9.7\u2033 LCD Display & Touch Digitizer Glass Panel Replacement - High Resolution Retina Display - Anti-Scratch & Responsive Touch - OEM Grade - Quality Guaranteed - Fast Shipping\",\"breadcrumb\":{\"@id\":\"https:\\\/\\\/www.dt-smart.com\\\/es\\\/producto\\\/ipad-5th-gen-9-7-replacement-lcd-display-screen-and-touch-digitizer-glass-panel\\\/#breadcrumb\"},\"inLanguage\":\"es\",\"potentialAction\":[{\"@type\":\"ReadAction\",\"target\":[\"https:\\\/\\\/www.dt-smart.com\\\/es\\\/producto\\\/ipad-5th-gen-9-7-replacement-lcd-display-screen-and-touch-digitizer-glass-panel\\\/\"]}]},{\"@type\":\"ImageObject\",\"inLanguage\":\"es\",\"@id\":\"https:\\\/\\\/www.dt-smart.com\\\/es\\\/producto\\\/ipad-5th-gen-9-7-replacement-lcd-display-screen-and-touch-digitizer-glass-panel\\\/#primaryimage\",\"url\":\"https:\\\/\\\/www.dt-smart.com\\\/wp-content\\\/uploads\\\/2025\\\/07\\\/iPad5-1.webp\",\"contentUrl\":\"https:\\\/\\\/www.dt-smart.com\\\/wp-content\\\/uploads\\\/2025\\\/07\\\/iPad5-1.webp\",\"width\":800,\"height\":800},{\"@type\":\"BreadcrumbList\",\"@id\":\"https:\\\/\\\/www.dt-smart.com\\\/es\\\/producto\\\/ipad-5th-gen-9-7-replacement-lcd-display-screen-and-touch-digitizer-glass-panel\\\/#breadcrumb\",\"itemListElement\":[{\"@type\":\"ListItem\",\"position\":1,\"name\":\"Home\",\"item\":\"https:\\\/\\\/www.dt-smart.com\\\/\"},{\"@type\":\"ListItem\",\"position\":2,\"name\":\"Product\",\"item\":\"https:\\\/\\\/www.dt-smart.com\\\/ru\\\/product\\\/\"},{\"@type\":\"ListItem\",\"position\":3,\"name\":\"iPad 5th Gen 9.7\u2033 LCD Display &#038; Touch Digitizer Glass Panel Replacement &#8211; High Resolution Retina Display &#8211; Anti-Scratch &#038; Responsive Touch &#8211; OEM Grade &#8211; Quality Guaranteed &#8211; Fast Shipping\"}]},{\"@type\":\"WebSite\",\"@id\":\"https:\\\/\\\/www.dt-smart.com\\\/#website\",\"url\":\"https:\\\/\\\/www.dt-smart.com\\\/\",\"name\":\"InsurePart\",\"description\":\"Cell Phone Repair Parts; iPhone Parts Wholesale;Samsung Parts Supplier\",\"potentialAction\":[{\"@type\":\"SearchAction\",\"target\":{\"@type\":\"EntryPoint\",\"urlTemplate\":\"https:\\\/\\\/www.dt-smart.com\\\/?s={search_term_string}\"},\"query-input\":{\"@type\":\"PropertyValueSpecification\",\"valueRequired\":true,\"valueName\":\"search_term_string\"}}],\"inLanguage\":\"es\"}]}<\/script>\n<!-- \/ Yoast SEO plugin. -->","yoast_head_json":{"title":"iPad 5th Gen 9.7\u2033 LCD Display & Touch Digitizer Glass Panel Replacement - High Resolution Retina Display - Anti-Scratch & Responsive Touch - OEM Grade - Quality Guaranteed - Fast Shipping - InsurePart","description":"iPad 5th Gen 9.7\u2033 LCD Display & Touch Digitizer Glass Panel Replacement - High Resolution Retina Display - Anti-Scratch & Responsive Touch - OEM Grade - Quality Guaranteed - Fast Shipping","robots":{"index":"index","follow":"follow","max-snippet":"max-snippet:-1","max-image-preview":"max-image-preview:large","max-video-preview":"max-video-preview:-1"},"canonical":"https:\/\/www.dt-smart.com\/es\/producto\/ipad-5th-gen-9-7-replacement-lcd-display-screen-and-touch-digitizer-glass-panel\/","og_locale":"es_ES","og_type":"article","og_title":"iPad 5th Gen 9.7\u2033 LCD Display & Touch Digitizer Glass Panel Replacement - High Resolution Retina Display - Anti-Scratch & Responsive Touch - OEM Grade - Quality Guaranteed - Fast Shipping - InsurePart","og_description":"iPad 5th Gen 9.7\u2033 LCD Display & Touch Digitizer Glass Panel Replacement - High Resolution Retina Display - Anti-Scratch & Responsive Touch - OEM Grade - Quality Guaranteed - Fast Shipping","og_url":"https:\/\/www.dt-smart.com\/es\/producto\/ipad-5th-gen-9-7-replacement-lcd-display-screen-and-touch-digitizer-glass-panel\/","og_site_name":"InsurePart","article_publisher":"https:\/\/www.facebook.com\/anjinleeEva","article_modified_time":"2026-01-14T02:29:42+00:00","og_image":[{"width":800,"height":800,"url":"https:\/\/www.dt-smart.com\/wp-content\/uploads\/2025\/07\/iPad5-1.webp","type":"image\/webp"}],"twitter_card":"summary_large_image","twitter_misc":{"Tiempo de lectura":"1 minuto"},"schema":{"@context":"https:\/\/schema.org","@graph":[{"@type":"WebPage","@id":"https:\/\/www.dt-smart.com\/es\/producto\/ipad-5th-gen-9-7-replacement-lcd-display-screen-and-touch-digitizer-glass-panel\/","url":"https:\/\/www.dt-smart.com\/es\/producto\/ipad-5th-gen-9-7-replacement-lcd-display-screen-and-touch-digitizer-glass-panel\/","name":"iPad 5th Gen 9.7\u2033 LCD Display & Touch Digitizer Glass Panel Replacement - High Resolution Retina Display - Anti-Scratch & Responsive Touch - OEM Grade - Quality Guaranteed - Fast Shipping - InsurePart","isPartOf":{"@id":"https:\/\/www.dt-smart.com\/#website"},"primaryImageOfPage":{"@id":"https:\/\/www.dt-smart.com\/es\/producto\/ipad-5th-gen-9-7-replacement-lcd-display-screen-and-touch-digitizer-glass-panel\/#primaryimage"},"image":{"@id":"https:\/\/www.dt-smart.com\/es\/producto\/ipad-5th-gen-9-7-replacement-lcd-display-screen-and-touch-digitizer-glass-panel\/#primaryimage"},"thumbnailUrl":"https:\/\/www.dt-smart.com\/wp-content\/uploads\/2025\/07\/iPad5-1.webp","datePublished":"2025-07-03T02:27:58+00:00","dateModified":"2026-01-14T02:29:42+00:00","description":"iPad 5th Gen 9.7\u2033 LCD Display & Touch Digitizer Glass Panel Replacement - High Resolution Retina Display - Anti-Scratch & Responsive Touch - OEM Grade - Quality Guaranteed - Fast Shipping","breadcrumb":{"@id":"https:\/\/www.dt-smart.com\/es\/producto\/ipad-5th-gen-9-7-replacement-lcd-display-screen-and-touch-digitizer-glass-panel\/#breadcrumb"},"inLanguage":"es","potentialAction":[{"@type":"ReadAction","target":["https:\/\/www.dt-smart.com\/es\/producto\/ipad-5th-gen-9-7-replacement-lcd-display-screen-and-touch-digitizer-glass-panel\/"]}]},{"@type":"ImageObject","inLanguage":"es","@id":"https:\/\/www.dt-smart.com\/es\/producto\/ipad-5th-gen-9-7-replacement-lcd-display-screen-and-touch-digitizer-glass-panel\/#primaryimage","url":"https:\/\/www.dt-smart.com\/wp-content\/uploads\/2025\/07\/iPad5-1.webp","contentUrl":"https:\/\/www.dt-smart.com\/wp-content\/uploads\/2025\/07\/iPad5-1.webp","width":800,"height":800},{"@type":"BreadcrumbList","@id":"https:\/\/www.dt-smart.com\/es\/producto\/ipad-5th-gen-9-7-replacement-lcd-display-screen-and-touch-digitizer-glass-panel\/#breadcrumb","itemListElement":[{"@type":"ListItem","position":1,"name":"Home","item":"https:\/\/www.dt-smart.com\/"},{"@type":"ListItem","position":2,"name":"Product","item":"https:\/\/www.dt-smart.com\/ru\/product\/"},{"@type":"ListItem","position":3,"name":"iPad 5th Gen 9.7\u2033 LCD Display &#038; Touch Digitizer Glass Panel Replacement &#8211; High Resolution Retina Display &#8211; Anti-Scratch &#038; Responsive Touch &#8211; OEM Grade &#8211; Quality Guaranteed &#8211; Fast Shipping"}]},{"@type":"WebSite","@id":"https:\/\/www.dt-smart.com\/#website","url":"https:\/\/www.dt-smart.com\/","name":"Asegurar parte","description":"Repuestos para celulares; Venta al por mayor de repuestos para iPhone; Proveedor de repuestos para Samsung","potentialAction":[{"@type":"SearchAction","target":{"@type":"EntryPoint","urlTemplate":"https:\/\/www.dt-smart.com\/?s={search_term_string}"},"query-input":{"@type":"PropertyValueSpecification","valueRequired":true,"valueName":"search_term_string"}}],"inLanguage":"es"}]}},"_links":{"self":[{"href":"https:\/\/www.dt-smart.com\/es\/wp-json\/wp\/v2\/product\/20793","targetHints":{"allow":["GET"]}}],"collection":[{"href":"https:\/\/www.dt-smart.com\/es\/wp-json\/wp\/v2\/product"}],"about":[{"href":"https:\/\/www.dt-smart.com\/es\/wp-json\/wp\/v2\/types\/product"}],"replies":[{"embeddable":true,"href":"https:\/\/www.dt-smart.com\/es\/wp-json\/wp\/v2\/comments?post=20793"}],"version-history":[{"count":3,"href":"https:\/\/www.dt-smart.com\/es\/wp-json\/wp\/v2\/product\/20793\/revisions"}],"predecessor-version":[{"id":24849,"href":"https:\/\/www.dt-smart.com\/es\/wp-json\/wp\/v2\/product\/20793\/revisions\/24849"}],"wp:featuredmedia":[{"embeddable":true,"href":"https:\/\/www.dt-smart.com\/es\/wp-json\/wp\/v2\/media\/20749"}],"wp:attachment":[{"href":"https:\/\/www.dt-smart.com\/es\/wp-json\/wp\/v2\/media?parent=20793"}],"wp:term":[{"taxonomy":"product_brand","embeddable":true,"href":"https:\/\/www.dt-smart.com\/es\/wp-json\/wp\/v2\/product_brand?post=20793"},{"taxonomy":"product_cat","embeddable":true,"href":"https:\/\/www.dt-smart.com\/es\/wp-json\/wp\/v2\/product_cat?post=20793"},{"taxonomy":"product_tag","embeddable":true,"href":"https:\/\/www.dt-smart.com\/es\/wp-json\/wp\/v2\/product_tag?post=20793"}],"curies":[{"name":"wp","href":"https:\/\/api.w.org\/{rel}","templated":true}]}}