{"id":20801,"date":"2025-07-03T10:39:59","date_gmt":"2025-07-03T02:39:59","guid":{"rendered":"https:\/\/www.insurepart.com\/?post_type=product&#038;p=20801"},"modified":"2026-03-06T15:11:40","modified_gmt":"2026-03-06T07:11:40","slug":"replacement-lcd-display-and-touch-screen-glass-assembly-for-ipad-2-a1395-a1396-a1397","status":"publish","type":"product","link":"https:\/\/www.dt-smart.com\/es\/producto\/replacement-lcd-display-and-touch-screen-glass-assembly-for-ipad-2-a1395-a1396-a1397\/","title":{"rendered":"Pantalla LCD de repuesto y conjunto de cristal t\u00e1ctil para iPad 2 (A1395\/A1396\/A1397) \u2013 Pantalla cl\u00e1sica de 9,7 pulgadas \u2013 Alta compatibilidad y capacidad de respuesta \u2013 Duradero y fiable \u2013 Calidad garantizada \u2013 Env\u00edo r\u00e1pido"},"content":{"rendered":"<p style=\"text-align: center;\"><img fetchpriority=\"high\" decoding=\"async\" class=\"alignnone size-full wp-image-15567\" src=\"https:\/\/www.insurepart.com\/wp-content\/uploads\/2024\/08\/\u4e3a\u4ec0\u4e48\u9009\u62e9\u6211\u4eec22.webp\" alt=\"\" width=\"1000\" height=\"786\" srcset=\"https:\/\/www.dt-smart.com\/wp-content\/uploads\/2024\/08\/\u4e3a\u4ec0\u4e48\u9009\u62e9\u6211\u4eec22.webp 1000w, https:\/\/www.dt-smart.com\/wp-content\/uploads\/2024\/08\/\u4e3a\u4ec0\u4e48\u9009\u62e9\u6211\u4eec22-300x236.webp 300w, https:\/\/www.dt-smart.com\/wp-content\/uploads\/2024\/08\/\u4e3a\u4ec0\u4e48\u9009\u62e9\u6211\u4eec22-150x118.webp 150w, https:\/\/www.dt-smart.com\/wp-content\/uploads\/2024\/08\/\u4e3a\u4ec0\u4e48\u9009\u62e9\u6211\u4eec22-800x629.webp 800w, https:\/\/www.dt-smart.com\/wp-content\/uploads\/2024\/08\/\u4e3a\u4ec0\u4e48\u9009\u62e9\u6211\u4eec22-768x604.webp 768w, https:\/\/www.dt-smart.com\/wp-content\/uploads\/2024\/08\/\u4e3a\u4ec0\u4e48\u9009\u62e9\u6211\u4eec22-15x12.webp 15w\" sizes=\"(max-width: 1000px) 100vw, 1000px\" \/><\/p>","protected":false},"excerpt":{"rendered":"<p><span style=\"font-size: 10pt;\">The iPad 2 screen replacement offers an affordable and reliable solution for display problems. This combo includes the LCD and touch digitizer. The screen provides balanced color output and the digitizer is responsive to touch. Compatible with A1395, A1396, A1397. Perfect for older devices still in use.<\/span><\/p>","protected":false},"featured_media":20743,"comment_status":"open","ping_status":"closed","template":"","meta":[],"product_brand":[],"product_cat":[596,43,398],"product_tag":[],"class_list":{"0":"post-20801","1":"product","2":"type-product","3":"status-publish","4":"has-post-thumbnail","6":"product_cat-all-ipad-tplcd","7":"product_cat-ipad","8":"product_cat-ipad-2","10":"first","11":"instock","12":"taxable","13":"shipping-taxable","14":"purchasable","15":"product-type-simple"},"yoast_head":"<!-- This site is optimized with the Yoast SEO plugin v27.4 - https:\/\/yoast.com\/product\/yoast-seo-wordpress\/ -->\n<title>iPad 2 (A1395\/A1396\/A1397) Replacement LCD Display &amp; Touch Screen Glass Assembly - 9.7-Inch Classic Display - High Compatibility &amp; Responsive - Durable &amp; Reliable - Quality Guaranteed - Fast Shipping - InsurePart<\/title>\n<meta name=\"description\" content=\"iPad 2 (A1395\/A1396\/A1397) Replacement LCD Display &amp; Touch Screen Glass Assembly - 9.7-Inch Classic Display - High Compatibility &amp; Responsive - Durable &amp; Reliable - Quality Guaranteed - Fast Shipping\" \/>\n<meta name=\"robots\" content=\"index, follow, max-snippet:-1, max-image-preview:large, max-video-preview:-1\" \/>\n<link rel=\"canonical\" href=\"https:\/\/www.dt-smart.com\/es\/producto\/replacement-lcd-display-and-touch-screen-glass-assembly-for-ipad-2-a1395-a1396-a1397\/\" \/>\n<meta property=\"og:locale\" content=\"es_ES\" \/>\n<meta property=\"og:type\" content=\"article\" \/>\n<meta property=\"og:title\" content=\"iPad 2 (A1395\/A1396\/A1397) Replacement LCD Display &amp; Touch Screen Glass Assembly - 9.7-Inch Classic Display - High Compatibility &amp; Responsive - Durable &amp; Reliable - Quality Guaranteed - Fast Shipping - InsurePart\" \/>\n<meta property=\"og:description\" content=\"iPad 2 (A1395\/A1396\/A1397) Replacement LCD Display &amp; Touch Screen Glass Assembly - 9.7-Inch Classic Display - High Compatibility &amp; Responsive - Durable &amp; Reliable - Quality Guaranteed - Fast Shipping\" \/>\n<meta property=\"og:url\" content=\"https:\/\/www.dt-smart.com\/es\/producto\/replacement-lcd-display-and-touch-screen-glass-assembly-for-ipad-2-a1395-a1396-a1397\/\" \/>\n<meta property=\"og:site_name\" content=\"InsurePart\" \/>\n<meta property=\"article:publisher\" content=\"https:\/\/www.facebook.com\/anjinleeEva\" \/>\n<meta property=\"article:modified_time\" content=\"2026-03-06T07:11:40+00:00\" \/>\n<meta property=\"og:image\" content=\"https:\/\/www.dt-smart.com\/wp-content\/uploads\/2025\/07\/iPad2-2.webp\" \/>\n\t<meta property=\"og:image:width\" content=\"800\" \/>\n\t<meta property=\"og:image:height\" content=\"800\" \/>\n\t<meta property=\"og:image:type\" content=\"image\/webp\" \/>\n<meta name=\"twitter:card\" content=\"summary_large_image\" \/>\n<meta name=\"twitter:label1\" content=\"Tiempo de lectura\" \/>\n\t<meta name=\"twitter:data1\" content=\"1 minuto\" \/>\n<script type=\"application\/ld+json\" class=\"yoast-schema-graph\">{\"@context\":\"https:\\\/\\\/schema.org\",\"@graph\":[{\"@type\":\"WebPage\",\"@id\":\"https:\\\/\\\/www.dt-smart.com\\\/product\\\/replacement-lcd-display-and-touch-screen-glass-assembly-for-ipad-2-a1395-a1396-a1397\\\/\",\"url\":\"https:\\\/\\\/www.dt-smart.com\\\/product\\\/replacement-lcd-display-and-touch-screen-glass-assembly-for-ipad-2-a1395-a1396-a1397\\\/\",\"name\":\"iPad 2 (A1395\\\/A1396\\\/A1397) Replacement LCD Display & Touch Screen Glass Assembly - 9.7-Inch Classic Display - High Compatibility & Responsive - Durable & Reliable - Quality Guaranteed - Fast Shipping - InsurePart\",\"isPartOf\":{\"@id\":\"https:\\\/\\\/www.dt-smart.com\\\/#website\"},\"primaryImageOfPage\":{\"@id\":\"https:\\\/\\\/www.dt-smart.com\\\/product\\\/replacement-lcd-display-and-touch-screen-glass-assembly-for-ipad-2-a1395-a1396-a1397\\\/#primaryimage\"},\"image\":{\"@id\":\"https:\\\/\\\/www.dt-smart.com\\\/product\\\/replacement-lcd-display-and-touch-screen-glass-assembly-for-ipad-2-a1395-a1396-a1397\\\/#primaryimage\"},\"thumbnailUrl\":\"https:\\\/\\\/www.dt-smart.com\\\/wp-content\\\/uploads\\\/2025\\\/07\\\/iPad2-2.webp\",\"datePublished\":\"2025-07-03T02:39:59+00:00\",\"dateModified\":\"2026-03-06T07:11:40+00:00\",\"description\":\"iPad 2 (A1395\\\/A1396\\\/A1397) Replacement LCD Display & Touch Screen Glass Assembly - 9.7-Inch Classic Display - High Compatibility & Responsive - Durable & Reliable - Quality Guaranteed - Fast Shipping\",\"breadcrumb\":{\"@id\":\"https:\\\/\\\/www.dt-smart.com\\\/product\\\/replacement-lcd-display-and-touch-screen-glass-assembly-for-ipad-2-a1395-a1396-a1397\\\/#breadcrumb\"},\"inLanguage\":\"es\",\"potentialAction\":[{\"@type\":\"ReadAction\",\"target\":[\"https:\\\/\\\/www.dt-smart.com\\\/product\\\/replacement-lcd-display-and-touch-screen-glass-assembly-for-ipad-2-a1395-a1396-a1397\\\/\"]}]},{\"@type\":\"ImageObject\",\"inLanguage\":\"es\",\"@id\":\"https:\\\/\\\/www.dt-smart.com\\\/product\\\/replacement-lcd-display-and-touch-screen-glass-assembly-for-ipad-2-a1395-a1396-a1397\\\/#primaryimage\",\"url\":\"https:\\\/\\\/www.dt-smart.com\\\/wp-content\\\/uploads\\\/2025\\\/07\\\/iPad2-2.webp\",\"contentUrl\":\"https:\\\/\\\/www.dt-smart.com\\\/wp-content\\\/uploads\\\/2025\\\/07\\\/iPad2-2.webp\",\"width\":800,\"height\":800},{\"@type\":\"BreadcrumbList\",\"@id\":\"https:\\\/\\\/www.dt-smart.com\\\/product\\\/replacement-lcd-display-and-touch-screen-glass-assembly-for-ipad-2-a1395-a1396-a1397\\\/#breadcrumb\",\"itemListElement\":[{\"@type\":\"ListItem\",\"position\":1,\"name\":\"Home\",\"item\":\"https:\\\/\\\/www.dt-smart.com\\\/\"},{\"@type\":\"ListItem\",\"position\":2,\"name\":\"Product\",\"item\":\"https:\\\/\\\/www.dt-smart.com\\\/ru\\\/product\\\/\"},{\"@type\":\"ListItem\",\"position\":3,\"name\":\"iPad 2 (A1395\\\/A1396\\\/A1397) Replacement LCD Display &#038; Touch Screen Glass Assembly &#8211; 9.7-Inch Classic Display &#8211; High Compatibility &#038; Responsive &#8211; Durable &#038; Reliable &#8211; Quality Guaranteed &#8211; Fast Shipping\"}]},{\"@type\":\"WebSite\",\"@id\":\"https:\\\/\\\/www.dt-smart.com\\\/#website\",\"url\":\"https:\\\/\\\/www.dt-smart.com\\\/\",\"name\":\"InsurePart\",\"description\":\"Cell Phone Repair Parts; iPhone Parts Wholesale;Samsung Parts Supplier\",\"potentialAction\":[{\"@type\":\"SearchAction\",\"target\":{\"@type\":\"EntryPoint\",\"urlTemplate\":\"https:\\\/\\\/www.dt-smart.com\\\/?s={search_term_string}\"},\"query-input\":{\"@type\":\"PropertyValueSpecification\",\"valueRequired\":true,\"valueName\":\"search_term_string\"}}],\"inLanguage\":\"es\"}]}<\/script>\n<!-- \/ Yoast SEO plugin. -->","yoast_head_json":{"title":"iPad 2 (A1395\/A1396\/A1397) Replacement LCD Display & Touch Screen Glass Assembly - 9.7-Inch Classic Display - High Compatibility & Responsive - Durable & Reliable - Quality Guaranteed - Fast Shipping - InsurePart","description":"Pantalla LCD de repuesto y conjunto de cristal t\u00e1ctil para iPad 2 (A1395\/A1396\/A1397) - Pantalla cl\u00e1sica de 9,7 pulgadas - Alta compatibilidad y respuesta r\u00e1pida - Durabilidad y fiabilidad - Calidad garantizada - Env\u00edo r\u00e1pido","robots":{"index":"index","follow":"follow","max-snippet":"max-snippet:-1","max-image-preview":"max-image-preview:large","max-video-preview":"max-video-preview:-1"},"canonical":"https:\/\/www.dt-smart.com\/es\/producto\/replacement-lcd-display-and-touch-screen-glass-assembly-for-ipad-2-a1395-a1396-a1397\/","og_locale":"es_ES","og_type":"article","og_title":"iPad 2 (A1395\/A1396\/A1397) Replacement LCD Display & Touch Screen Glass Assembly - 9.7-Inch Classic Display - High Compatibility & Responsive - Durable & Reliable - Quality Guaranteed - Fast Shipping - InsurePart","og_description":"iPad 2 (A1395\/A1396\/A1397) Replacement LCD Display & Touch Screen Glass Assembly - 9.7-Inch Classic Display - High Compatibility & Responsive - Durable & Reliable - Quality Guaranteed - Fast Shipping","og_url":"https:\/\/www.dt-smart.com\/es\/producto\/replacement-lcd-display-and-touch-screen-glass-assembly-for-ipad-2-a1395-a1396-a1397\/","og_site_name":"InsurePart","article_publisher":"https:\/\/www.facebook.com\/anjinleeEva","article_modified_time":"2026-03-06T07:11:40+00:00","og_image":[{"width":800,"height":800,"url":"https:\/\/www.dt-smart.com\/wp-content\/uploads\/2025\/07\/iPad2-2.webp","type":"image\/webp"}],"twitter_card":"summary_large_image","twitter_misc":{"Tiempo de lectura":"1 minuto"},"schema":{"@context":"https:\/\/schema.org","@graph":[{"@type":"WebPage","@id":"https:\/\/www.dt-smart.com\/product\/replacement-lcd-display-and-touch-screen-glass-assembly-for-ipad-2-a1395-a1396-a1397\/","url":"https:\/\/www.dt-smart.com\/product\/replacement-lcd-display-and-touch-screen-glass-assembly-for-ipad-2-a1395-a1396-a1397\/","name":"iPad 2 (A1395\/A1396\/A1397) Replacement LCD Display & Touch Screen Glass Assembly - 9.7-Inch Classic Display - High Compatibility & Responsive - Durable & Reliable - Quality Guaranteed - Fast Shipping - InsurePart","isPartOf":{"@id":"https:\/\/www.dt-smart.com\/#website"},"primaryImageOfPage":{"@id":"https:\/\/www.dt-smart.com\/product\/replacement-lcd-display-and-touch-screen-glass-assembly-for-ipad-2-a1395-a1396-a1397\/#primaryimage"},"image":{"@id":"https:\/\/www.dt-smart.com\/product\/replacement-lcd-display-and-touch-screen-glass-assembly-for-ipad-2-a1395-a1396-a1397\/#primaryimage"},"thumbnailUrl":"https:\/\/www.dt-smart.com\/wp-content\/uploads\/2025\/07\/iPad2-2.webp","datePublished":"2025-07-03T02:39:59+00:00","dateModified":"2026-03-06T07:11:40+00:00","description":"Pantalla LCD de repuesto y conjunto de cristal t\u00e1ctil para iPad 2 (A1395\/A1396\/A1397) - Pantalla cl\u00e1sica de 9,7 pulgadas - Alta compatibilidad y respuesta r\u00e1pida - Durabilidad y fiabilidad - Calidad garantizada - Env\u00edo r\u00e1pido","breadcrumb":{"@id":"https:\/\/www.dt-smart.com\/product\/replacement-lcd-display-and-touch-screen-glass-assembly-for-ipad-2-a1395-a1396-a1397\/#breadcrumb"},"inLanguage":"es","potentialAction":[{"@type":"ReadAction","target":["https:\/\/www.dt-smart.com\/product\/replacement-lcd-display-and-touch-screen-glass-assembly-for-ipad-2-a1395-a1396-a1397\/"]}]},{"@type":"ImageObject","inLanguage":"es","@id":"https:\/\/www.dt-smart.com\/product\/replacement-lcd-display-and-touch-screen-glass-assembly-for-ipad-2-a1395-a1396-a1397\/#primaryimage","url":"https:\/\/www.dt-smart.com\/wp-content\/uploads\/2025\/07\/iPad2-2.webp","contentUrl":"https:\/\/www.dt-smart.com\/wp-content\/uploads\/2025\/07\/iPad2-2.webp","width":800,"height":800},{"@type":"BreadcrumbList","@id":"https:\/\/www.dt-smart.com\/product\/replacement-lcd-display-and-touch-screen-glass-assembly-for-ipad-2-a1395-a1396-a1397\/#breadcrumb","itemListElement":[{"@type":"ListItem","position":1,"name":"Home","item":"https:\/\/www.dt-smart.com\/"},{"@type":"ListItem","position":2,"name":"Product","item":"https:\/\/www.dt-smart.com\/ru\/product\/"},{"@type":"ListItem","position":3,"name":"iPad 2 (A1395\/A1396\/A1397) Replacement LCD Display &#038; Touch Screen Glass Assembly &#8211; 9.7-Inch Classic Display &#8211; High Compatibility &#038; Responsive &#8211; Durable &#038; Reliable &#8211; Quality Guaranteed &#8211; Fast Shipping"}]},{"@type":"WebSite","@id":"https:\/\/www.dt-smart.com\/#website","url":"https:\/\/www.dt-smart.com\/","name":"Asegurar parte","description":"Repuestos para celulares; Venta al por mayor de repuestos para iPhone; Proveedor de repuestos para Samsung","potentialAction":[{"@type":"SearchAction","target":{"@type":"EntryPoint","urlTemplate":"https:\/\/www.dt-smart.com\/?s={search_term_string}"},"query-input":{"@type":"PropertyValueSpecification","valueRequired":true,"valueName":"search_term_string"}}],"inLanguage":"es"}]}},"_links":{"self":[{"href":"https:\/\/www.dt-smart.com\/es\/wp-json\/wp\/v2\/product\/20801","targetHints":{"allow":["GET"]}}],"collection":[{"href":"https:\/\/www.dt-smart.com\/es\/wp-json\/wp\/v2\/product"}],"about":[{"href":"https:\/\/www.dt-smart.com\/es\/wp-json\/wp\/v2\/types\/product"}],"replies":[{"embeddable":true,"href":"https:\/\/www.dt-smart.com\/es\/wp-json\/wp\/v2\/comments?post=20801"}],"version-history":[{"count":3,"href":"https:\/\/www.dt-smart.com\/es\/wp-json\/wp\/v2\/product\/20801\/revisions"}],"predecessor-version":[{"id":24840,"href":"https:\/\/www.dt-smart.com\/es\/wp-json\/wp\/v2\/product\/20801\/revisions\/24840"}],"wp:featuredmedia":[{"embeddable":true,"href":"https:\/\/www.dt-smart.com\/es\/wp-json\/wp\/v2\/media\/20743"}],"wp:attachment":[{"href":"https:\/\/www.dt-smart.com\/es\/wp-json\/wp\/v2\/media?parent=20801"}],"wp:term":[{"taxonomy":"product_brand","embeddable":true,"href":"https:\/\/www.dt-smart.com\/es\/wp-json\/wp\/v2\/product_brand?post=20801"},{"taxonomy":"product_cat","embeddable":true,"href":"https:\/\/www.dt-smart.com\/es\/wp-json\/wp\/v2\/product_cat?post=20801"},{"taxonomy":"product_tag","embeddable":true,"href":"https:\/\/www.dt-smart.com\/es\/wp-json\/wp\/v2\/product_tag?post=20801"}],"curies":[{"name":"wp","href":"https:\/\/api.w.org\/{rel}","templated":true}]}}