{"id":20916,"date":"2025-07-05T14:42:05","date_gmt":"2025-07-05T06:42:05","guid":{"rendered":"https:\/\/www.insurepart.com\/?post_type=product&#038;p=20916"},"modified":"2025-12-20T14:48:22","modified_gmt":"2025-12-20T06:48:22","slug":"lcd-digitizer-screen-assembly-for-ipad-pro-11-inch-1st-gen-a1980-a2013-a1934-a1979-with-true-tone-and-promotion-support","status":"publish","type":"product","link":"https:\/\/www.dt-smart.com\/es\/producto\/lcd-digitizer-screen-assembly-for-ipad-pro-11-inch-1st-gen-a1980-a2013-a1934-a1979-with-true-tone-and-promotion-support\/","title":{"rendered":"Reemplazo de pantalla LCD digitalizadora para iPad Pro de 11 pulgadas (1.\u00aa generaci\u00f3n, A1980\/A2013\/A1934\/A1979) \u2013 Pantalla Liquid Retina con True Tone y ProMotion de 120 Hz \u2013 Color amplio P3 \u2013 Calidad OEM \u2013 Garant\u00eda de env\u00edo r\u00e1pido"},"content":{"rendered":"<p style=\"text-align: center;\"><img fetchpriority=\"high\" decoding=\"async\" class=\"alignnone size-full wp-image-15567\" src=\"https:\/\/www.insurepart.com\/wp-content\/uploads\/2024\/08\/\u4e3a\u4ec0\u4e48\u9009\u62e9\u6211\u4eec22.webp\" alt=\"\" width=\"1000\" height=\"786\" srcset=\"https:\/\/www.dt-smart.com\/wp-content\/uploads\/2024\/08\/\u4e3a\u4ec0\u4e48\u9009\u62e9\u6211\u4eec22.webp 1000w, https:\/\/www.dt-smart.com\/wp-content\/uploads\/2024\/08\/\u4e3a\u4ec0\u4e48\u9009\u62e9\u6211\u4eec22-300x236.webp 300w, https:\/\/www.dt-smart.com\/wp-content\/uploads\/2024\/08\/\u4e3a\u4ec0\u4e48\u9009\u62e9\u6211\u4eec22-150x118.webp 150w, https:\/\/www.dt-smart.com\/wp-content\/uploads\/2024\/08\/\u4e3a\u4ec0\u4e48\u9009\u62e9\u6211\u4eec22-800x629.webp 800w, https:\/\/www.dt-smart.com\/wp-content\/uploads\/2024\/08\/\u4e3a\u4ec0\u4e48\u9009\u62e9\u6211\u4eec22-768x604.webp 768w, https:\/\/www.dt-smart.com\/wp-content\/uploads\/2024\/08\/\u4e3a\u4ec0\u4e48\u9009\u62e9\u6211\u4eec22-15x12.webp 15w\" sizes=\"(max-width: 1000px) 100vw, 1000px\" \/><\/p>","protected":false},"excerpt":{"rendered":"<p>Compatible with iPad Pro 11-inch 1st Generation (2018), this screen assembly includes a laminated Liquid Retina display and digitizer with 120Hz ProMotion and True Tone. Designed for models A1980, A2013, A1934, and A1979, it provides exceptional visual clarity and fluid touch experience. Ideal for fixing broken glass, unresponsive touch, or display defects. Does not include Face ID or frame adhesive. Each piece is tested to ensure color consistency, brightness uniformity, and pixel performance.<\/p>","protected":false},"featured_media":20889,"comment_status":"open","ping_status":"closed","template":"","meta":[],"product_brand":[],"product_cat":[596,43,113],"product_tag":[],"class_list":{"0":"post-20916","1":"product","2":"type-product","3":"status-publish","4":"has-post-thumbnail","6":"product_cat-all-ipad-tplcd","7":"product_cat-ipad","8":"product_cat-ipad-pro-11-1st-gen-2018","10":"first","11":"instock","12":"taxable","13":"shipping-taxable","14":"purchasable","15":"product-type-simple"},"yoast_head":"<!-- This site is optimized with the Yoast SEO plugin v27.4 - https:\/\/yoast.com\/product\/yoast-seo-wordpress\/ -->\n<title>iPad Pro 11-Inch 1st Gen (A1980\/A2013\/A1934\/A1979) LCD Digitizer Screen Assembly Replacement - Liquid Retina Display with True Tone &amp; ProMotion 120Hz - P3 Wide Color - OEM Grade - Quality Guaranteed - Fast Shipping - InsurePart<\/title>\n<meta name=\"description\" content=\"LCD Digitizer Screen Assembly for iPad Pro 11-Inch 1st Gen A1980 A2013 A1934 A1979 with True Tone and ProMotion Support\" \/>\n<meta name=\"robots\" content=\"index, follow, max-snippet:-1, max-image-preview:large, max-video-preview:-1\" \/>\n<link rel=\"canonical\" href=\"https:\/\/www.dt-smart.com\/es\/producto\/lcd-digitizer-screen-assembly-for-ipad-pro-11-inch-1st-gen-a1980-a2013-a1934-a1979-with-true-tone-and-promotion-support\/\" \/>\n<meta property=\"og:locale\" content=\"es_ES\" \/>\n<meta property=\"og:type\" content=\"article\" \/>\n<meta property=\"og:title\" content=\"iPad Pro 11-Inch 1st Gen (A1980\/A2013\/A1934\/A1979) LCD Digitizer Screen Assembly Replacement - Liquid Retina Display with True Tone &amp; ProMotion 120Hz - P3 Wide Color - OEM Grade - Quality Guaranteed - Fast Shipping - InsurePart\" \/>\n<meta property=\"og:description\" content=\"LCD Digitizer Screen Assembly for iPad Pro 11-Inch 1st Gen A1980 A2013 A1934 A1979 with True Tone and ProMotion Support\" \/>\n<meta property=\"og:url\" content=\"https:\/\/www.dt-smart.com\/es\/producto\/lcd-digitizer-screen-assembly-for-ipad-pro-11-inch-1st-gen-a1980-a2013-a1934-a1979-with-true-tone-and-promotion-support\/\" \/>\n<meta property=\"og:site_name\" content=\"InsurePart\" \/>\n<meta property=\"article:publisher\" content=\"https:\/\/www.facebook.com\/anjinleeEva\" \/>\n<meta property=\"article:modified_time\" content=\"2025-12-20T06:48:22+00:00\" \/>\n<meta property=\"og:image\" content=\"https:\/\/www.dt-smart.com\/wp-content\/uploads\/2025\/07\/Pro11-gen1-1.webp\" \/>\n\t<meta property=\"og:image:width\" content=\"800\" \/>\n\t<meta property=\"og:image:height\" content=\"800\" \/>\n\t<meta property=\"og:image:type\" content=\"image\/webp\" \/>\n<meta name=\"twitter:card\" content=\"summary_large_image\" \/>\n<meta name=\"twitter:label1\" content=\"Tiempo de lectura\" \/>\n\t<meta name=\"twitter:data1\" content=\"1 minuto\" \/>\n<script type=\"application\/ld+json\" class=\"yoast-schema-graph\">{\"@context\":\"https:\\\/\\\/schema.org\",\"@graph\":[{\"@type\":\"WebPage\",\"@id\":\"https:\\\/\\\/www.dt-smart.com\\\/product\\\/lcd-digitizer-screen-assembly-for-ipad-pro-11-inch-1st-gen-a1980-a2013-a1934-a1979-with-true-tone-and-promotion-support\\\/\",\"url\":\"https:\\\/\\\/www.dt-smart.com\\\/product\\\/lcd-digitizer-screen-assembly-for-ipad-pro-11-inch-1st-gen-a1980-a2013-a1934-a1979-with-true-tone-and-promotion-support\\\/\",\"name\":\"iPad Pro 11-Inch 1st Gen (A1980\\\/A2013\\\/A1934\\\/A1979) LCD Digitizer Screen Assembly Replacement - Liquid Retina Display with True Tone & ProMotion 120Hz - P3 Wide Color - OEM Grade - Quality Guaranteed - Fast Shipping - InsurePart\",\"isPartOf\":{\"@id\":\"https:\\\/\\\/www.dt-smart.com\\\/#website\"},\"primaryImageOfPage\":{\"@id\":\"https:\\\/\\\/www.dt-smart.com\\\/product\\\/lcd-digitizer-screen-assembly-for-ipad-pro-11-inch-1st-gen-a1980-a2013-a1934-a1979-with-true-tone-and-promotion-support\\\/#primaryimage\"},\"image\":{\"@id\":\"https:\\\/\\\/www.dt-smart.com\\\/product\\\/lcd-digitizer-screen-assembly-for-ipad-pro-11-inch-1st-gen-a1980-a2013-a1934-a1979-with-true-tone-and-promotion-support\\\/#primaryimage\"},\"thumbnailUrl\":\"https:\\\/\\\/www.dt-smart.com\\\/wp-content\\\/uploads\\\/2025\\\/07\\\/Pro11-gen1-1.webp\",\"datePublished\":\"2025-07-05T06:42:05+00:00\",\"dateModified\":\"2025-12-20T06:48:22+00:00\",\"description\":\"LCD Digitizer Screen Assembly for iPad Pro 11-Inch 1st Gen A1980 A2013 A1934 A1979 with True Tone and ProMotion Support\",\"breadcrumb\":{\"@id\":\"https:\\\/\\\/www.dt-smart.com\\\/product\\\/lcd-digitizer-screen-assembly-for-ipad-pro-11-inch-1st-gen-a1980-a2013-a1934-a1979-with-true-tone-and-promotion-support\\\/#breadcrumb\"},\"inLanguage\":\"es\",\"potentialAction\":[{\"@type\":\"ReadAction\",\"target\":[\"https:\\\/\\\/www.dt-smart.com\\\/product\\\/lcd-digitizer-screen-assembly-for-ipad-pro-11-inch-1st-gen-a1980-a2013-a1934-a1979-with-true-tone-and-promotion-support\\\/\"]}]},{\"@type\":\"ImageObject\",\"inLanguage\":\"es\",\"@id\":\"https:\\\/\\\/www.dt-smart.com\\\/product\\\/lcd-digitizer-screen-assembly-for-ipad-pro-11-inch-1st-gen-a1980-a2013-a1934-a1979-with-true-tone-and-promotion-support\\\/#primaryimage\",\"url\":\"https:\\\/\\\/www.dt-smart.com\\\/wp-content\\\/uploads\\\/2025\\\/07\\\/Pro11-gen1-1.webp\",\"contentUrl\":\"https:\\\/\\\/www.dt-smart.com\\\/wp-content\\\/uploads\\\/2025\\\/07\\\/Pro11-gen1-1.webp\",\"width\":800,\"height\":800},{\"@type\":\"BreadcrumbList\",\"@id\":\"https:\\\/\\\/www.dt-smart.com\\\/product\\\/lcd-digitizer-screen-assembly-for-ipad-pro-11-inch-1st-gen-a1980-a2013-a1934-a1979-with-true-tone-and-promotion-support\\\/#breadcrumb\",\"itemListElement\":[{\"@type\":\"ListItem\",\"position\":1,\"name\":\"Home\",\"item\":\"https:\\\/\\\/www.dt-smart.com\\\/\"},{\"@type\":\"ListItem\",\"position\":2,\"name\":\"Product\",\"item\":\"https:\\\/\\\/www.dt-smart.com\\\/ru\\\/product\\\/\"},{\"@type\":\"ListItem\",\"position\":3,\"name\":\"iPad Pro 11-Inch 1st Gen (A1980\\\/A2013\\\/A1934\\\/A1979) LCD Digitizer Screen Assembly Replacement &#8211; Liquid Retina Display with True Tone &#038; ProMotion 120Hz &#8211; P3 Wide Color &#8211; OEM Grade &#8211; Quality Guaranteed &#8211; Fast Shipping\"}]},{\"@type\":\"WebSite\",\"@id\":\"https:\\\/\\\/www.dt-smart.com\\\/#website\",\"url\":\"https:\\\/\\\/www.dt-smart.com\\\/\",\"name\":\"InsurePart\",\"description\":\"Cell Phone Repair Parts; iPhone Parts Wholesale;Samsung Parts Supplier\",\"potentialAction\":[{\"@type\":\"SearchAction\",\"target\":{\"@type\":\"EntryPoint\",\"urlTemplate\":\"https:\\\/\\\/www.dt-smart.com\\\/?s={search_term_string}\"},\"query-input\":{\"@type\":\"PropertyValueSpecification\",\"valueRequired\":true,\"valueName\":\"search_term_string\"}}],\"inLanguage\":\"es\"}]}<\/script>\n<!-- \/ Yoast SEO plugin. -->","yoast_head_json":{"title":"iPad Pro 11-Inch 1st Gen (A1980\/A2013\/A1934\/A1979) LCD Digitizer Screen Assembly Replacement - Liquid Retina Display with True Tone & ProMotion 120Hz - P3 Wide Color - OEM Grade - Quality Guaranteed - Fast Shipping - InsurePart","description":"LCD Digitizer Screen Assembly for iPad Pro 11-Inch 1st Gen A1980 A2013 A1934 A1979 with True Tone and ProMotion Support","robots":{"index":"index","follow":"follow","max-snippet":"max-snippet:-1","max-image-preview":"max-image-preview:large","max-video-preview":"max-video-preview:-1"},"canonical":"https:\/\/www.dt-smart.com\/es\/producto\/lcd-digitizer-screen-assembly-for-ipad-pro-11-inch-1st-gen-a1980-a2013-a1934-a1979-with-true-tone-and-promotion-support\/","og_locale":"es_ES","og_type":"article","og_title":"iPad Pro 11-Inch 1st Gen (A1980\/A2013\/A1934\/A1979) LCD Digitizer Screen Assembly Replacement - Liquid Retina Display with True Tone & ProMotion 120Hz - P3 Wide Color - OEM Grade - Quality Guaranteed - Fast Shipping - InsurePart","og_description":"LCD Digitizer Screen Assembly for iPad Pro 11-Inch 1st Gen A1980 A2013 A1934 A1979 with True Tone and ProMotion Support","og_url":"https:\/\/www.dt-smart.com\/es\/producto\/lcd-digitizer-screen-assembly-for-ipad-pro-11-inch-1st-gen-a1980-a2013-a1934-a1979-with-true-tone-and-promotion-support\/","og_site_name":"InsurePart","article_publisher":"https:\/\/www.facebook.com\/anjinleeEva","article_modified_time":"2025-12-20T06:48:22+00:00","og_image":[{"width":800,"height":800,"url":"https:\/\/www.dt-smart.com\/wp-content\/uploads\/2025\/07\/Pro11-gen1-1.webp","type":"image\/webp"}],"twitter_card":"summary_large_image","twitter_misc":{"Tiempo de lectura":"1 minuto"},"schema":{"@context":"https:\/\/schema.org","@graph":[{"@type":"WebPage","@id":"https:\/\/www.dt-smart.com\/product\/lcd-digitizer-screen-assembly-for-ipad-pro-11-inch-1st-gen-a1980-a2013-a1934-a1979-with-true-tone-and-promotion-support\/","url":"https:\/\/www.dt-smart.com\/product\/lcd-digitizer-screen-assembly-for-ipad-pro-11-inch-1st-gen-a1980-a2013-a1934-a1979-with-true-tone-and-promotion-support\/","name":"iPad Pro 11-Inch 1st Gen (A1980\/A2013\/A1934\/A1979) LCD Digitizer Screen Assembly Replacement - Liquid Retina Display with True Tone & ProMotion 120Hz - P3 Wide Color - OEM Grade - Quality Guaranteed - Fast Shipping - InsurePart","isPartOf":{"@id":"https:\/\/www.dt-smart.com\/#website"},"primaryImageOfPage":{"@id":"https:\/\/www.dt-smart.com\/product\/lcd-digitizer-screen-assembly-for-ipad-pro-11-inch-1st-gen-a1980-a2013-a1934-a1979-with-true-tone-and-promotion-support\/#primaryimage"},"image":{"@id":"https:\/\/www.dt-smart.com\/product\/lcd-digitizer-screen-assembly-for-ipad-pro-11-inch-1st-gen-a1980-a2013-a1934-a1979-with-true-tone-and-promotion-support\/#primaryimage"},"thumbnailUrl":"https:\/\/www.dt-smart.com\/wp-content\/uploads\/2025\/07\/Pro11-gen1-1.webp","datePublished":"2025-07-05T06:42:05+00:00","dateModified":"2025-12-20T06:48:22+00:00","description":"LCD Digitizer Screen Assembly for iPad Pro 11-Inch 1st Gen A1980 A2013 A1934 A1979 with True Tone and ProMotion Support","breadcrumb":{"@id":"https:\/\/www.dt-smart.com\/product\/lcd-digitizer-screen-assembly-for-ipad-pro-11-inch-1st-gen-a1980-a2013-a1934-a1979-with-true-tone-and-promotion-support\/#breadcrumb"},"inLanguage":"es","potentialAction":[{"@type":"ReadAction","target":["https:\/\/www.dt-smart.com\/product\/lcd-digitizer-screen-assembly-for-ipad-pro-11-inch-1st-gen-a1980-a2013-a1934-a1979-with-true-tone-and-promotion-support\/"]}]},{"@type":"ImageObject","inLanguage":"es","@id":"https:\/\/www.dt-smart.com\/product\/lcd-digitizer-screen-assembly-for-ipad-pro-11-inch-1st-gen-a1980-a2013-a1934-a1979-with-true-tone-and-promotion-support\/#primaryimage","url":"https:\/\/www.dt-smart.com\/wp-content\/uploads\/2025\/07\/Pro11-gen1-1.webp","contentUrl":"https:\/\/www.dt-smart.com\/wp-content\/uploads\/2025\/07\/Pro11-gen1-1.webp","width":800,"height":800},{"@type":"BreadcrumbList","@id":"https:\/\/www.dt-smart.com\/product\/lcd-digitizer-screen-assembly-for-ipad-pro-11-inch-1st-gen-a1980-a2013-a1934-a1979-with-true-tone-and-promotion-support\/#breadcrumb","itemListElement":[{"@type":"ListItem","position":1,"name":"Home","item":"https:\/\/www.dt-smart.com\/"},{"@type":"ListItem","position":2,"name":"Product","item":"https:\/\/www.dt-smart.com\/ru\/product\/"},{"@type":"ListItem","position":3,"name":"iPad Pro 11-Inch 1st Gen (A1980\/A2013\/A1934\/A1979) LCD Digitizer Screen Assembly Replacement &#8211; Liquid Retina Display with True Tone &#038; ProMotion 120Hz &#8211; P3 Wide Color &#8211; OEM Grade &#8211; Quality Guaranteed &#8211; Fast Shipping"}]},{"@type":"WebSite","@id":"https:\/\/www.dt-smart.com\/#website","url":"https:\/\/www.dt-smart.com\/","name":"Asegurar parte","description":"Repuestos para celulares; Venta al por mayor de repuestos para iPhone; Proveedor de repuestos para Samsung","potentialAction":[{"@type":"SearchAction","target":{"@type":"EntryPoint","urlTemplate":"https:\/\/www.dt-smart.com\/?s={search_term_string}"},"query-input":{"@type":"PropertyValueSpecification","valueRequired":true,"valueName":"search_term_string"}}],"inLanguage":"es"}]}},"_links":{"self":[{"href":"https:\/\/www.dt-smart.com\/es\/wp-json\/wp\/v2\/product\/20916","targetHints":{"allow":["GET"]}}],"collection":[{"href":"https:\/\/www.dt-smart.com\/es\/wp-json\/wp\/v2\/product"}],"about":[{"href":"https:\/\/www.dt-smart.com\/es\/wp-json\/wp\/v2\/types\/product"}],"replies":[{"embeddable":true,"href":"https:\/\/www.dt-smart.com\/es\/wp-json\/wp\/v2\/comments?post=20916"}],"version-history":[{"count":2,"href":"https:\/\/www.dt-smart.com\/es\/wp-json\/wp\/v2\/product\/20916\/revisions"}],"predecessor-version":[{"id":23316,"href":"https:\/\/www.dt-smart.com\/es\/wp-json\/wp\/v2\/product\/20916\/revisions\/23316"}],"wp:featuredmedia":[{"embeddable":true,"href":"https:\/\/www.dt-smart.com\/es\/wp-json\/wp\/v2\/media\/20889"}],"wp:attachment":[{"href":"https:\/\/www.dt-smart.com\/es\/wp-json\/wp\/v2\/media?parent=20916"}],"wp:term":[{"taxonomy":"product_brand","embeddable":true,"href":"https:\/\/www.dt-smart.com\/es\/wp-json\/wp\/v2\/product_brand?post=20916"},{"taxonomy":"product_cat","embeddable":true,"href":"https:\/\/www.dt-smart.com\/es\/wp-json\/wp\/v2\/product_cat?post=20916"},{"taxonomy":"product_tag","embeddable":true,"href":"https:\/\/www.dt-smart.com\/es\/wp-json\/wp\/v2\/product_tag?post=20916"}],"curies":[{"name":"wp","href":"https:\/\/api.w.org\/{rel}","templated":true}]}}