{"id":20932,"date":"2025-07-05T15:18:49","date_gmt":"2025-07-05T07:18:49","guid":{"rendered":"https:\/\/www.insurepart.com\/?post_type=product&#038;p=20932"},"modified":"2026-01-14T14:18:40","modified_gmt":"2026-01-14T06:18:40","slug":"liquid-retina-display-assembly-with-digitizer-for-ipad-pro-12-9-inch-3rd-gen-a1876-a2014-a1895-a1983","status":"publish","type":"product","link":"https:\/\/www.dt-smart.com\/es\/producto\/liquid-retina-display-assembly-with-digitizer-for-ipad-pro-12-9-inch-3rd-gen-a1876-a2014-a1895-a1983\/","title":{"rendered":"Reemplazo de pantalla Liquid Retina y digitalizador para iPad Pro de 12,9 pulgadas (3.\u00aa generaci\u00f3n, A1876\/A2014\/A1895\/A1983) \u2013 Dise\u00f1o de borde a borde con ProMotion 120 Hz \u2013 True Tone y P3 Wide Color \u2013 Compatible con chip A12X Bionic \u2013 Calidad OEM \u2013 Garant\u00eda de calidad \u2013 Env\u00edo r\u00e1pido"},"content":{"rendered":"<p style=\"text-align: center;\"><img fetchpriority=\"high\" decoding=\"async\" class=\"alignnone size-full wp-image-15567\" src=\"https:\/\/www.insurepart.com\/wp-content\/uploads\/2024\/08\/\u4e3a\u4ec0\u4e48\u9009\u62e9\u6211\u4eec22.webp\" alt=\"\" width=\"1000\" height=\"786\" srcset=\"https:\/\/www.dt-smart.com\/wp-content\/uploads\/2024\/08\/\u4e3a\u4ec0\u4e48\u9009\u62e9\u6211\u4eec22.webp 1000w, https:\/\/www.dt-smart.com\/wp-content\/uploads\/2024\/08\/\u4e3a\u4ec0\u4e48\u9009\u62e9\u6211\u4eec22-300x236.webp 300w, https:\/\/www.dt-smart.com\/wp-content\/uploads\/2024\/08\/\u4e3a\u4ec0\u4e48\u9009\u62e9\u6211\u4eec22-150x118.webp 150w, https:\/\/www.dt-smart.com\/wp-content\/uploads\/2024\/08\/\u4e3a\u4ec0\u4e48\u9009\u62e9\u6211\u4eec22-800x629.webp 800w, https:\/\/www.dt-smart.com\/wp-content\/uploads\/2024\/08\/\u4e3a\u4ec0\u4e48\u9009\u62e9\u6211\u4eec22-768x604.webp 768w, https:\/\/www.dt-smart.com\/wp-content\/uploads\/2024\/08\/\u4e3a\u4ec0\u4e48\u9009\u62e9\u6211\u4eec22-15x12.webp 15w\" sizes=\"(max-width: 1000px) 100vw, 1000px\" \/><\/p>","protected":false},"excerpt":{"rendered":"<p><span style=\"font-size: 10pt;\">Para iPad Pro de 12,9&quot; de tercera generaci\u00f3n, este repuesto cuenta con una resoluci\u00f3n de 2732 \u00d7 2048, 264 ppi y estructura laminada con una frecuencia de actualizaci\u00f3n de 120 Hz. Compatible con los modelos A1876, A2014, A1895 y A1983. Admite True Tone, revestimiento antirreflectante y una amplia gama de colores. Cada unidad se somete a pruebas de f\u00e1brica para garantizar un rendimiento impecable. Face ID no incluido. La instalaci\u00f3n requiere conocimientos t\u00e9cnicos avanzados.<\/span><\/p>","protected":false},"featured_media":20906,"comment_status":"open","ping_status":"closed","template":"","meta":[],"product_brand":[],"product_cat":[596,43,63],"product_tag":[],"class_list":{"0":"post-20932","1":"product","2":"type-product","3":"status-publish","4":"has-post-thumbnail","6":"product_cat-all-ipad-tplcd","7":"product_cat-ipad","8":"product_cat-ipad-pro-12-9-3rd-gen-2018","10":"first","11":"instock","12":"taxable","13":"shipping-taxable","14":"purchasable","15":"product-type-simple"},"yoast_head":"<!-- This site is optimized with the Yoast SEO plugin v27.4 - https:\/\/yoast.com\/product\/yoast-seo-wordpress\/ -->\n<title>iPad Pro 12.9-Inch 3rd Gen (A1876\/A2014\/A1895\/A1983) Liquid Retina Display &amp; Digitizer Assembly Replacement - Edge-to-Edge Design with ProMotion 120Hz - True Tone &amp; P3 Wide Color - A12X Bionic Chip Compatible - OEM Grade - Quality Guaranteed - Fast Shipping - InsurePart<\/title>\n<meta name=\"description\" content=\"iPad Pro 12.9-Inch 3rd Gen (A1876\/A2014\/A1895\/A1983) Liquid Retina Display &amp; Digitizer Assembly Replacement - Edge-to-Edge Design with ProMotion 120Hz - True Tone &amp; P3 Wide Color - A12X Bionic Chip Compatible - OEM Grade - Quality Guaranteed - Fast Shipping\" \/>\n<meta name=\"robots\" content=\"index, follow, max-snippet:-1, max-image-preview:large, max-video-preview:-1\" \/>\n<link rel=\"canonical\" href=\"https:\/\/www.dt-smart.com\/es\/producto\/liquid-retina-display-assembly-with-digitizer-for-ipad-pro-12-9-inch-3rd-gen-a1876-a2014-a1895-a1983\/\" \/>\n<meta property=\"og:locale\" content=\"es_ES\" \/>\n<meta property=\"og:type\" content=\"article\" \/>\n<meta property=\"og:title\" content=\"iPad Pro 12.9-Inch 3rd Gen (A1876\/A2014\/A1895\/A1983) Liquid Retina Display &amp; Digitizer Assembly Replacement - Edge-to-Edge Design with ProMotion 120Hz - True Tone &amp; P3 Wide Color - A12X Bionic Chip Compatible - OEM Grade - Quality Guaranteed - Fast Shipping - InsurePart\" \/>\n<meta property=\"og:description\" content=\"iPad Pro 12.9-Inch 3rd Gen (A1876\/A2014\/A1895\/A1983) Liquid Retina Display &amp; Digitizer Assembly Replacement - Edge-to-Edge Design with ProMotion 120Hz - True Tone &amp; P3 Wide Color - A12X Bionic Chip Compatible - OEM Grade - Quality Guaranteed - Fast Shipping\" \/>\n<meta property=\"og:url\" content=\"https:\/\/www.dt-smart.com\/es\/producto\/liquid-retina-display-assembly-with-digitizer-for-ipad-pro-12-9-inch-3rd-gen-a1876-a2014-a1895-a1983\/\" \/>\n<meta property=\"og:site_name\" content=\"InsurePart\" \/>\n<meta property=\"article:publisher\" content=\"https:\/\/www.facebook.com\/anjinleeEva\" \/>\n<meta property=\"article:modified_time\" content=\"2026-01-14T06:18:40+00:00\" \/>\n<meta property=\"og:image\" content=\"https:\/\/www.dt-smart.com\/wp-content\/uploads\/2025\/07\/Pro12.9-gen3-2.webp\" \/>\n\t<meta property=\"og:image:width\" content=\"800\" \/>\n\t<meta property=\"og:image:height\" content=\"800\" \/>\n\t<meta property=\"og:image:type\" content=\"image\/webp\" \/>\n<meta name=\"twitter:card\" content=\"summary_large_image\" \/>\n<meta name=\"twitter:label1\" content=\"Tiempo de lectura\" \/>\n\t<meta name=\"twitter:data1\" content=\"1 minuto\" \/>\n<script type=\"application\/ld+json\" class=\"yoast-schema-graph\">{\"@context\":\"https:\\\/\\\/schema.org\",\"@graph\":[{\"@type\":\"WebPage\",\"@id\":\"https:\\\/\\\/www.dt-smart.com\\\/product\\\/liquid-retina-display-assembly-with-digitizer-for-ipad-pro-12-9-inch-3rd-gen-a1876-a2014-a1895-a1983\\\/\",\"url\":\"https:\\\/\\\/www.dt-smart.com\\\/product\\\/liquid-retina-display-assembly-with-digitizer-for-ipad-pro-12-9-inch-3rd-gen-a1876-a2014-a1895-a1983\\\/\",\"name\":\"iPad Pro 12.9-Inch 3rd Gen (A1876\\\/A2014\\\/A1895\\\/A1983) Liquid Retina Display & Digitizer Assembly Replacement - Edge-to-Edge Design with ProMotion 120Hz - True Tone & P3 Wide Color - A12X Bionic Chip Compatible - OEM Grade - Quality Guaranteed - Fast Shipping - InsurePart\",\"isPartOf\":{\"@id\":\"https:\\\/\\\/www.dt-smart.com\\\/#website\"},\"primaryImageOfPage\":{\"@id\":\"https:\\\/\\\/www.dt-smart.com\\\/product\\\/liquid-retina-display-assembly-with-digitizer-for-ipad-pro-12-9-inch-3rd-gen-a1876-a2014-a1895-a1983\\\/#primaryimage\"},\"image\":{\"@id\":\"https:\\\/\\\/www.dt-smart.com\\\/product\\\/liquid-retina-display-assembly-with-digitizer-for-ipad-pro-12-9-inch-3rd-gen-a1876-a2014-a1895-a1983\\\/#primaryimage\"},\"thumbnailUrl\":\"https:\\\/\\\/www.dt-smart.com\\\/wp-content\\\/uploads\\\/2025\\\/07\\\/Pro12.9-gen3-2.webp\",\"datePublished\":\"2025-07-05T07:18:49+00:00\",\"dateModified\":\"2026-01-14T06:18:40+00:00\",\"description\":\"iPad Pro 12.9-Inch 3rd Gen (A1876\\\/A2014\\\/A1895\\\/A1983) Liquid Retina Display & Digitizer Assembly Replacement - Edge-to-Edge Design with ProMotion 120Hz - True Tone & P3 Wide Color - A12X Bionic Chip Compatible - OEM Grade - Quality Guaranteed - Fast Shipping\",\"breadcrumb\":{\"@id\":\"https:\\\/\\\/www.dt-smart.com\\\/product\\\/liquid-retina-display-assembly-with-digitizer-for-ipad-pro-12-9-inch-3rd-gen-a1876-a2014-a1895-a1983\\\/#breadcrumb\"},\"inLanguage\":\"es\",\"potentialAction\":[{\"@type\":\"ReadAction\",\"target\":[\"https:\\\/\\\/www.dt-smart.com\\\/product\\\/liquid-retina-display-assembly-with-digitizer-for-ipad-pro-12-9-inch-3rd-gen-a1876-a2014-a1895-a1983\\\/\"]}]},{\"@type\":\"ImageObject\",\"inLanguage\":\"es\",\"@id\":\"https:\\\/\\\/www.dt-smart.com\\\/product\\\/liquid-retina-display-assembly-with-digitizer-for-ipad-pro-12-9-inch-3rd-gen-a1876-a2014-a1895-a1983\\\/#primaryimage\",\"url\":\"https:\\\/\\\/www.dt-smart.com\\\/wp-content\\\/uploads\\\/2025\\\/07\\\/Pro12.9-gen3-2.webp\",\"contentUrl\":\"https:\\\/\\\/www.dt-smart.com\\\/wp-content\\\/uploads\\\/2025\\\/07\\\/Pro12.9-gen3-2.webp\",\"width\":800,\"height\":800},{\"@type\":\"BreadcrumbList\",\"@id\":\"https:\\\/\\\/www.dt-smart.com\\\/product\\\/liquid-retina-display-assembly-with-digitizer-for-ipad-pro-12-9-inch-3rd-gen-a1876-a2014-a1895-a1983\\\/#breadcrumb\",\"itemListElement\":[{\"@type\":\"ListItem\",\"position\":1,\"name\":\"Home\",\"item\":\"https:\\\/\\\/www.dt-smart.com\\\/\"},{\"@type\":\"ListItem\",\"position\":2,\"name\":\"Product\",\"item\":\"https:\\\/\\\/www.dt-smart.com\\\/ru\\\/product\\\/\"},{\"@type\":\"ListItem\",\"position\":3,\"name\":\"iPad Pro 12.9-Inch 3rd Gen (A1876\\\/A2014\\\/A1895\\\/A1983) Liquid Retina Display &#038; Digitizer Assembly Replacement &#8211; Edge-to-Edge Design with ProMotion 120Hz &#8211; True Tone &#038; P3 Wide Color &#8211; A12X Bionic Chip Compatible &#8211; OEM Grade &#8211; Quality Guaranteed &#8211; Fast Shipping\"}]},{\"@type\":\"WebSite\",\"@id\":\"https:\\\/\\\/www.dt-smart.com\\\/#website\",\"url\":\"https:\\\/\\\/www.dt-smart.com\\\/\",\"name\":\"InsurePart\",\"description\":\"Cell Phone Repair Parts; iPhone Parts Wholesale;Samsung Parts Supplier\",\"potentialAction\":[{\"@type\":\"SearchAction\",\"target\":{\"@type\":\"EntryPoint\",\"urlTemplate\":\"https:\\\/\\\/www.dt-smart.com\\\/?s={search_term_string}\"},\"query-input\":{\"@type\":\"PropertyValueSpecification\",\"valueRequired\":true,\"valueName\":\"search_term_string\"}}],\"inLanguage\":\"es\"}]}<\/script>\n<!-- \/ Yoast SEO plugin. -->","yoast_head_json":{"title":"iPad Pro 12.9-Inch 3rd Gen (A1876\/A2014\/A1895\/A1983) Liquid Retina Display & Digitizer Assembly Replacement - Edge-to-Edge Design with ProMotion 120Hz - True Tone & P3 Wide Color - A12X Bionic Chip Compatible - OEM Grade - Quality Guaranteed - Fast Shipping - InsurePart","description":"iPad Pro 12.9-Inch 3rd Gen (A1876\/A2014\/A1895\/A1983) Liquid Retina Display & Digitizer Assembly Replacement - Edge-to-Edge Design with ProMotion 120Hz - True Tone & P3 Wide Color - A12X Bionic Chip Compatible - OEM Grade - Quality Guaranteed - Fast Shipping","robots":{"index":"index","follow":"follow","max-snippet":"max-snippet:-1","max-image-preview":"max-image-preview:large","max-video-preview":"max-video-preview:-1"},"canonical":"https:\/\/www.dt-smart.com\/es\/producto\/liquid-retina-display-assembly-with-digitizer-for-ipad-pro-12-9-inch-3rd-gen-a1876-a2014-a1895-a1983\/","og_locale":"es_ES","og_type":"article","og_title":"iPad Pro 12.9-Inch 3rd Gen (A1876\/A2014\/A1895\/A1983) Liquid Retina Display & Digitizer Assembly Replacement - Edge-to-Edge Design with ProMotion 120Hz - True Tone & P3 Wide Color - A12X Bionic Chip Compatible - OEM Grade - Quality Guaranteed - Fast Shipping - InsurePart","og_description":"iPad Pro 12.9-Inch 3rd Gen (A1876\/A2014\/A1895\/A1983) Liquid Retina Display & Digitizer Assembly Replacement - Edge-to-Edge Design with ProMotion 120Hz - True Tone & P3 Wide Color - A12X Bionic Chip Compatible - OEM Grade - Quality Guaranteed - Fast Shipping","og_url":"https:\/\/www.dt-smart.com\/es\/producto\/liquid-retina-display-assembly-with-digitizer-for-ipad-pro-12-9-inch-3rd-gen-a1876-a2014-a1895-a1983\/","og_site_name":"InsurePart","article_publisher":"https:\/\/www.facebook.com\/anjinleeEva","article_modified_time":"2026-01-14T06:18:40+00:00","og_image":[{"width":800,"height":800,"url":"https:\/\/www.dt-smart.com\/wp-content\/uploads\/2025\/07\/Pro12.9-gen3-2.webp","type":"image\/webp"}],"twitter_card":"summary_large_image","twitter_misc":{"Tiempo de lectura":"1 minuto"},"schema":{"@context":"https:\/\/schema.org","@graph":[{"@type":"WebPage","@id":"https:\/\/www.dt-smart.com\/product\/liquid-retina-display-assembly-with-digitizer-for-ipad-pro-12-9-inch-3rd-gen-a1876-a2014-a1895-a1983\/","url":"https:\/\/www.dt-smart.com\/product\/liquid-retina-display-assembly-with-digitizer-for-ipad-pro-12-9-inch-3rd-gen-a1876-a2014-a1895-a1983\/","name":"iPad Pro 12.9-Inch 3rd Gen (A1876\/A2014\/A1895\/A1983) Liquid Retina Display & Digitizer Assembly Replacement - Edge-to-Edge Design with ProMotion 120Hz - True Tone & P3 Wide Color - A12X Bionic Chip Compatible - OEM Grade - Quality Guaranteed - Fast Shipping - InsurePart","isPartOf":{"@id":"https:\/\/www.dt-smart.com\/#website"},"primaryImageOfPage":{"@id":"https:\/\/www.dt-smart.com\/product\/liquid-retina-display-assembly-with-digitizer-for-ipad-pro-12-9-inch-3rd-gen-a1876-a2014-a1895-a1983\/#primaryimage"},"image":{"@id":"https:\/\/www.dt-smart.com\/product\/liquid-retina-display-assembly-with-digitizer-for-ipad-pro-12-9-inch-3rd-gen-a1876-a2014-a1895-a1983\/#primaryimage"},"thumbnailUrl":"https:\/\/www.dt-smart.com\/wp-content\/uploads\/2025\/07\/Pro12.9-gen3-2.webp","datePublished":"2025-07-05T07:18:49+00:00","dateModified":"2026-01-14T06:18:40+00:00","description":"iPad Pro 12.9-Inch 3rd Gen (A1876\/A2014\/A1895\/A1983) Liquid Retina Display & Digitizer Assembly Replacement - Edge-to-Edge Design with ProMotion 120Hz - True Tone & P3 Wide Color - A12X Bionic Chip Compatible - OEM Grade - Quality Guaranteed - Fast Shipping","breadcrumb":{"@id":"https:\/\/www.dt-smart.com\/product\/liquid-retina-display-assembly-with-digitizer-for-ipad-pro-12-9-inch-3rd-gen-a1876-a2014-a1895-a1983\/#breadcrumb"},"inLanguage":"es","potentialAction":[{"@type":"ReadAction","target":["https:\/\/www.dt-smart.com\/product\/liquid-retina-display-assembly-with-digitizer-for-ipad-pro-12-9-inch-3rd-gen-a1876-a2014-a1895-a1983\/"]}]},{"@type":"ImageObject","inLanguage":"es","@id":"https:\/\/www.dt-smart.com\/product\/liquid-retina-display-assembly-with-digitizer-for-ipad-pro-12-9-inch-3rd-gen-a1876-a2014-a1895-a1983\/#primaryimage","url":"https:\/\/www.dt-smart.com\/wp-content\/uploads\/2025\/07\/Pro12.9-gen3-2.webp","contentUrl":"https:\/\/www.dt-smart.com\/wp-content\/uploads\/2025\/07\/Pro12.9-gen3-2.webp","width":800,"height":800},{"@type":"BreadcrumbList","@id":"https:\/\/www.dt-smart.com\/product\/liquid-retina-display-assembly-with-digitizer-for-ipad-pro-12-9-inch-3rd-gen-a1876-a2014-a1895-a1983\/#breadcrumb","itemListElement":[{"@type":"ListItem","position":1,"name":"Home","item":"https:\/\/www.dt-smart.com\/"},{"@type":"ListItem","position":2,"name":"Product","item":"https:\/\/www.dt-smart.com\/ru\/product\/"},{"@type":"ListItem","position":3,"name":"iPad Pro 12.9-Inch 3rd Gen (A1876\/A2014\/A1895\/A1983) Liquid Retina Display &#038; Digitizer Assembly Replacement &#8211; Edge-to-Edge Design with ProMotion 120Hz &#8211; True Tone &#038; P3 Wide Color &#8211; A12X Bionic Chip Compatible &#8211; OEM Grade &#8211; Quality Guaranteed &#8211; Fast Shipping"}]},{"@type":"WebSite","@id":"https:\/\/www.dt-smart.com\/#website","url":"https:\/\/www.dt-smart.com\/","name":"Asegurar parte","description":"Repuestos para celulares; Venta al por mayor de repuestos para iPhone; Proveedor de repuestos para Samsung","potentialAction":[{"@type":"SearchAction","target":{"@type":"EntryPoint","urlTemplate":"https:\/\/www.dt-smart.com\/?s={search_term_string}"},"query-input":{"@type":"PropertyValueSpecification","valueRequired":true,"valueName":"search_term_string"}}],"inLanguage":"es"}]}},"_links":{"self":[{"href":"https:\/\/www.dt-smart.com\/es\/wp-json\/wp\/v2\/product\/20932","targetHints":{"allow":["GET"]}}],"collection":[{"href":"https:\/\/www.dt-smart.com\/es\/wp-json\/wp\/v2\/product"}],"about":[{"href":"https:\/\/www.dt-smart.com\/es\/wp-json\/wp\/v2\/types\/product"}],"replies":[{"embeddable":true,"href":"https:\/\/www.dt-smart.com\/es\/wp-json\/wp\/v2\/comments?post=20932"}],"version-history":[{"count":3,"href":"https:\/\/www.dt-smart.com\/es\/wp-json\/wp\/v2\/product\/20932\/revisions"}],"predecessor-version":[{"id":24875,"href":"https:\/\/www.dt-smart.com\/es\/wp-json\/wp\/v2\/product\/20932\/revisions\/24875"}],"wp:featuredmedia":[{"embeddable":true,"href":"https:\/\/www.dt-smart.com\/es\/wp-json\/wp\/v2\/media\/20906"}],"wp:attachment":[{"href":"https:\/\/www.dt-smart.com\/es\/wp-json\/wp\/v2\/media?parent=20932"}],"wp:term":[{"taxonomy":"product_brand","embeddable":true,"href":"https:\/\/www.dt-smart.com\/es\/wp-json\/wp\/v2\/product_brand?post=20932"},{"taxonomy":"product_cat","embeddable":true,"href":"https:\/\/www.dt-smart.com\/es\/wp-json\/wp\/v2\/product_cat?post=20932"},{"taxonomy":"product_tag","embeddable":true,"href":"https:\/\/www.dt-smart.com\/es\/wp-json\/wp\/v2\/product_tag?post=20932"}],"curies":[{"name":"wp","href":"https:\/\/api.w.org\/{rel}","templated":true}]}}