{"id":20935,"date":"2025-07-05T15:22:17","date_gmt":"2025-07-05T07:22:17","guid":{"rendered":"https:\/\/www.insurepart.com\/?post_type=product&#038;p=20935"},"modified":"2026-01-14T14:19:12","modified_gmt":"2026-01-14T06:19:12","slug":"oem-lcd-and-digitizer-assembly-for-ipad-pro-12-9-inch-4th-generation-a2229-a2069-a2232-a2233","status":"publish","type":"product","link":"https:\/\/www.dt-smart.com\/es\/producto\/oem-lcd-and-digitizer-assembly-for-ipad-pro-12-9-inch-4th-generation-a2229-a2069-a2232-a2233\/","title":{"rendered":"Reemplazo de conjunto de LCD y digitalizador OEM para iPad Pro de 12,9 pulgadas (4.\u00aa generaci\u00f3n, A2229\/A2069\/A2232\/A2233) \u2013 Pantalla Liquid Retina con ProMotion de 120 Hz y chip A12Z \u2013 True Tone y P3 Wide Color \u2013 Compatible con esc\u00e1ner LiDAR \u2013 Calidad garantizada \u2013 Env\u00edo r\u00e1pido"},"content":{"rendered":"<p style=\"text-align: center;\"><img fetchpriority=\"high\" decoding=\"async\" class=\"alignnone size-full wp-image-15567\" src=\"https:\/\/www.insurepart.com\/wp-content\/uploads\/2024\/08\/\u4e3a\u4ec0\u4e48\u9009\u62e9\u6211\u4eec22.webp\" alt=\"\" width=\"1000\" height=\"786\" srcset=\"https:\/\/www.dt-smart.com\/wp-content\/uploads\/2024\/08\/\u4e3a\u4ec0\u4e48\u9009\u62e9\u6211\u4eec22.webp 1000w, https:\/\/www.dt-smart.com\/wp-content\/uploads\/2024\/08\/\u4e3a\u4ec0\u4e48\u9009\u62e9\u6211\u4eec22-300x236.webp 300w, https:\/\/www.dt-smart.com\/wp-content\/uploads\/2024\/08\/\u4e3a\u4ec0\u4e48\u9009\u62e9\u6211\u4eec22-150x118.webp 150w, https:\/\/www.dt-smart.com\/wp-content\/uploads\/2024\/08\/\u4e3a\u4ec0\u4e48\u9009\u62e9\u6211\u4eec22-800x629.webp 800w, https:\/\/www.dt-smart.com\/wp-content\/uploads\/2024\/08\/\u4e3a\u4ec0\u4e48\u9009\u62e9\u6211\u4eec22-768x604.webp 768w, https:\/\/www.dt-smart.com\/wp-content\/uploads\/2024\/08\/\u4e3a\u4ec0\u4e48\u9009\u62e9\u6211\u4eec22-15x12.webp 15w\" sizes=\"(max-width: 1000px) 100vw, 1000px\" \/><\/p>","protected":false},"excerpt":{"rendered":"<p><span style=\"font-size: 10pt;\">This LCD and digitizer screen is for iPad Pro 12.9&#8243; 4th Generation (2020). It features 120Hz ProMotion, 600-nit brightness, P3 color, and True Tone. Compatible with A2229, A2069, A2232, A2233. The laminated assembly offers accurate touch and vibrant visuals. Does not include camera or Face ID module. Fully tested for functionality. Recommended for qualified repair technicians.<\/span><\/p>","protected":false},"featured_media":20908,"comment_status":"open","ping_status":"closed","template":"","meta":[],"product_brand":[],"product_cat":[596,43,62],"product_tag":[],"class_list":{"0":"post-20935","1":"product","2":"type-product","3":"status-publish","4":"has-post-thumbnail","6":"product_cat-all-ipad-tplcd","7":"product_cat-ipad","8":"product_cat-ipad-pro-12-9-4th-gen-2020","10":"first","11":"instock","12":"taxable","13":"shipping-taxable","14":"purchasable","15":"product-type-simple"},"yoast_head":"<!-- This site is optimized with the Yoast SEO plugin v27.4 - https:\/\/yoast.com\/product\/yoast-seo-wordpress\/ -->\n<title>iPad Pro 12.9-Inch 4th Gen (A2229\/A2069\/A2232\/A2233) OEM LCD &amp; Digitizer Assembly Replacement - Liquid Retina Display with ProMotion 120Hz &amp; A12Z Chip - True Tone &amp; P3 Wide Color - LiDAR Scanner Compatible - Quality Guaranteed - Fast Shipping - InsurePart<\/title>\n<meta name=\"description\" content=\"iPad Pro 12.9-Inch 4th Gen (A2229\/A2069\/A2232\/A2233) OEM LCD &amp; Digitizer Assembly Replacement - Liquid Retina Display with ProMotion 120Hz &amp; A12Z Chip - True Tone &amp; P3 Wide Color - LiDAR Scanner Compatible - Quality Guaranteed - Fast Shipping\" \/>\n<meta name=\"robots\" content=\"index, follow, max-snippet:-1, max-image-preview:large, max-video-preview:-1\" \/>\n<link rel=\"canonical\" href=\"https:\/\/www.dt-smart.com\/es\/producto\/oem-lcd-and-digitizer-assembly-for-ipad-pro-12-9-inch-4th-generation-a2229-a2069-a2232-a2233\/\" \/>\n<meta property=\"og:locale\" content=\"es_ES\" \/>\n<meta property=\"og:type\" content=\"article\" \/>\n<meta property=\"og:title\" content=\"iPad Pro 12.9-Inch 4th Gen (A2229\/A2069\/A2232\/A2233) OEM LCD &amp; Digitizer Assembly Replacement - Liquid Retina Display with ProMotion 120Hz &amp; A12Z Chip - True Tone &amp; P3 Wide Color - LiDAR Scanner Compatible - Quality Guaranteed - Fast Shipping - InsurePart\" \/>\n<meta property=\"og:description\" content=\"iPad Pro 12.9-Inch 4th Gen (A2229\/A2069\/A2232\/A2233) OEM LCD &amp; Digitizer Assembly Replacement - Liquid Retina Display with ProMotion 120Hz &amp; A12Z Chip - True Tone &amp; P3 Wide Color - LiDAR Scanner Compatible - Quality Guaranteed - Fast Shipping\" \/>\n<meta property=\"og:url\" content=\"https:\/\/www.dt-smart.com\/es\/producto\/oem-lcd-and-digitizer-assembly-for-ipad-pro-12-9-inch-4th-generation-a2229-a2069-a2232-a2233\/\" \/>\n<meta property=\"og:site_name\" content=\"InsurePart\" \/>\n<meta property=\"article:publisher\" content=\"https:\/\/www.facebook.com\/anjinleeEva\" \/>\n<meta property=\"article:modified_time\" content=\"2026-01-14T06:19:12+00:00\" \/>\n<meta property=\"og:image\" content=\"https:\/\/www.dt-smart.com\/wp-content\/uploads\/2025\/07\/Pro12.9-gen4-1.webp\" \/>\n\t<meta property=\"og:image:width\" content=\"800\" \/>\n\t<meta property=\"og:image:height\" content=\"800\" \/>\n\t<meta property=\"og:image:type\" content=\"image\/webp\" \/>\n<meta name=\"twitter:card\" content=\"summary_large_image\" \/>\n<meta name=\"twitter:label1\" content=\"Tiempo de lectura\" \/>\n\t<meta name=\"twitter:data1\" content=\"1 minuto\" \/>\n<script type=\"application\/ld+json\" class=\"yoast-schema-graph\">{\"@context\":\"https:\\\/\\\/schema.org\",\"@graph\":[{\"@type\":\"WebPage\",\"@id\":\"https:\\\/\\\/www.dt-smart.com\\\/product\\\/oem-lcd-and-digitizer-assembly-for-ipad-pro-12-9-inch-4th-generation-a2229-a2069-a2232-a2233\\\/\",\"url\":\"https:\\\/\\\/www.dt-smart.com\\\/product\\\/oem-lcd-and-digitizer-assembly-for-ipad-pro-12-9-inch-4th-generation-a2229-a2069-a2232-a2233\\\/\",\"name\":\"iPad Pro 12.9-Inch 4th Gen (A2229\\\/A2069\\\/A2232\\\/A2233) OEM LCD & Digitizer Assembly Replacement - Liquid Retina Display with ProMotion 120Hz & A12Z Chip - True Tone & P3 Wide Color - LiDAR Scanner Compatible - Quality Guaranteed - Fast Shipping - InsurePart\",\"isPartOf\":{\"@id\":\"https:\\\/\\\/www.dt-smart.com\\\/#website\"},\"primaryImageOfPage\":{\"@id\":\"https:\\\/\\\/www.dt-smart.com\\\/product\\\/oem-lcd-and-digitizer-assembly-for-ipad-pro-12-9-inch-4th-generation-a2229-a2069-a2232-a2233\\\/#primaryimage\"},\"image\":{\"@id\":\"https:\\\/\\\/www.dt-smart.com\\\/product\\\/oem-lcd-and-digitizer-assembly-for-ipad-pro-12-9-inch-4th-generation-a2229-a2069-a2232-a2233\\\/#primaryimage\"},\"thumbnailUrl\":\"https:\\\/\\\/www.dt-smart.com\\\/wp-content\\\/uploads\\\/2025\\\/07\\\/Pro12.9-gen4-1.webp\",\"datePublished\":\"2025-07-05T07:22:17+00:00\",\"dateModified\":\"2026-01-14T06:19:12+00:00\",\"description\":\"iPad Pro 12.9-Inch 4th Gen (A2229\\\/A2069\\\/A2232\\\/A2233) OEM LCD & Digitizer Assembly Replacement - Liquid Retina Display with ProMotion 120Hz & A12Z Chip - True Tone & P3 Wide Color - LiDAR Scanner Compatible - Quality Guaranteed - Fast Shipping\",\"breadcrumb\":{\"@id\":\"https:\\\/\\\/www.dt-smart.com\\\/product\\\/oem-lcd-and-digitizer-assembly-for-ipad-pro-12-9-inch-4th-generation-a2229-a2069-a2232-a2233\\\/#breadcrumb\"},\"inLanguage\":\"es\",\"potentialAction\":[{\"@type\":\"ReadAction\",\"target\":[\"https:\\\/\\\/www.dt-smart.com\\\/product\\\/oem-lcd-and-digitizer-assembly-for-ipad-pro-12-9-inch-4th-generation-a2229-a2069-a2232-a2233\\\/\"]}]},{\"@type\":\"ImageObject\",\"inLanguage\":\"es\",\"@id\":\"https:\\\/\\\/www.dt-smart.com\\\/product\\\/oem-lcd-and-digitizer-assembly-for-ipad-pro-12-9-inch-4th-generation-a2229-a2069-a2232-a2233\\\/#primaryimage\",\"url\":\"https:\\\/\\\/www.dt-smart.com\\\/wp-content\\\/uploads\\\/2025\\\/07\\\/Pro12.9-gen4-1.webp\",\"contentUrl\":\"https:\\\/\\\/www.dt-smart.com\\\/wp-content\\\/uploads\\\/2025\\\/07\\\/Pro12.9-gen4-1.webp\",\"width\":800,\"height\":800},{\"@type\":\"BreadcrumbList\",\"@id\":\"https:\\\/\\\/www.dt-smart.com\\\/product\\\/oem-lcd-and-digitizer-assembly-for-ipad-pro-12-9-inch-4th-generation-a2229-a2069-a2232-a2233\\\/#breadcrumb\",\"itemListElement\":[{\"@type\":\"ListItem\",\"position\":1,\"name\":\"Home\",\"item\":\"https:\\\/\\\/www.dt-smart.com\\\/\"},{\"@type\":\"ListItem\",\"position\":2,\"name\":\"Product\",\"item\":\"https:\\\/\\\/www.dt-smart.com\\\/ru\\\/product\\\/\"},{\"@type\":\"ListItem\",\"position\":3,\"name\":\"iPad Pro 12.9-Inch 4th Gen (A2229\\\/A2069\\\/A2232\\\/A2233) OEM LCD &#038; Digitizer Assembly Replacement &#8211; Liquid Retina Display with ProMotion 120Hz &#038; A12Z Chip &#8211; True Tone &#038; P3 Wide Color &#8211; LiDAR Scanner Compatible &#8211; Quality Guaranteed &#8211; Fast Shipping\"}]},{\"@type\":\"WebSite\",\"@id\":\"https:\\\/\\\/www.dt-smart.com\\\/#website\",\"url\":\"https:\\\/\\\/www.dt-smart.com\\\/\",\"name\":\"InsurePart\",\"description\":\"Cell Phone Repair Parts; iPhone Parts Wholesale;Samsung Parts Supplier\",\"potentialAction\":[{\"@type\":\"SearchAction\",\"target\":{\"@type\":\"EntryPoint\",\"urlTemplate\":\"https:\\\/\\\/www.dt-smart.com\\\/?s={search_term_string}\"},\"query-input\":{\"@type\":\"PropertyValueSpecification\",\"valueRequired\":true,\"valueName\":\"search_term_string\"}}],\"inLanguage\":\"es\"}]}<\/script>\n<!-- \/ Yoast SEO plugin. -->","yoast_head_json":{"title":"iPad Pro 12.9-Inch 4th Gen (A2229\/A2069\/A2232\/A2233) OEM LCD & Digitizer Assembly Replacement - Liquid Retina Display with ProMotion 120Hz & A12Z Chip - True Tone & P3 Wide Color - LiDAR Scanner Compatible - Quality Guaranteed - Fast Shipping - InsurePart","description":"Reemplazo de pantalla LCD y digitalizador OEM para iPad Pro de 12,9 pulgadas de 4.\u00aa generaci\u00f3n (A2229\/A2069\/A2232\/A2233) - Pantalla Liquid Retina con ProMotion de 120 Hz y chip A12Z - True Tone y amplia gama de colores P3 - Compatible con esc\u00e1ner LiDAR - Calidad garantizada - Env\u00edo r\u00e1pido","robots":{"index":"index","follow":"follow","max-snippet":"max-snippet:-1","max-image-preview":"max-image-preview:large","max-video-preview":"max-video-preview:-1"},"canonical":"https:\/\/www.dt-smart.com\/es\/producto\/oem-lcd-and-digitizer-assembly-for-ipad-pro-12-9-inch-4th-generation-a2229-a2069-a2232-a2233\/","og_locale":"es_ES","og_type":"article","og_title":"iPad Pro 12.9-Inch 4th Gen (A2229\/A2069\/A2232\/A2233) OEM LCD & Digitizer Assembly Replacement - Liquid Retina Display with ProMotion 120Hz & A12Z Chip - True Tone & P3 Wide Color - LiDAR Scanner Compatible - Quality Guaranteed - Fast Shipping - InsurePart","og_description":"iPad Pro 12.9-Inch 4th Gen (A2229\/A2069\/A2232\/A2233) OEM LCD & Digitizer Assembly Replacement - Liquid Retina Display with ProMotion 120Hz & A12Z Chip - True Tone & P3 Wide Color - LiDAR Scanner Compatible - Quality Guaranteed - Fast Shipping","og_url":"https:\/\/www.dt-smart.com\/es\/producto\/oem-lcd-and-digitizer-assembly-for-ipad-pro-12-9-inch-4th-generation-a2229-a2069-a2232-a2233\/","og_site_name":"InsurePart","article_publisher":"https:\/\/www.facebook.com\/anjinleeEva","article_modified_time":"2026-01-14T06:19:12+00:00","og_image":[{"width":800,"height":800,"url":"https:\/\/www.dt-smart.com\/wp-content\/uploads\/2025\/07\/Pro12.9-gen4-1.webp","type":"image\/webp"}],"twitter_card":"summary_large_image","twitter_misc":{"Tiempo de lectura":"1 minuto"},"schema":{"@context":"https:\/\/schema.org","@graph":[{"@type":"WebPage","@id":"https:\/\/www.dt-smart.com\/product\/oem-lcd-and-digitizer-assembly-for-ipad-pro-12-9-inch-4th-generation-a2229-a2069-a2232-a2233\/","url":"https:\/\/www.dt-smart.com\/product\/oem-lcd-and-digitizer-assembly-for-ipad-pro-12-9-inch-4th-generation-a2229-a2069-a2232-a2233\/","name":"iPad Pro 12.9-Inch 4th Gen (A2229\/A2069\/A2232\/A2233) OEM LCD & Digitizer Assembly Replacement - Liquid Retina Display with ProMotion 120Hz & A12Z Chip - True Tone & P3 Wide Color - LiDAR Scanner Compatible - Quality Guaranteed - Fast Shipping - InsurePart","isPartOf":{"@id":"https:\/\/www.dt-smart.com\/#website"},"primaryImageOfPage":{"@id":"https:\/\/www.dt-smart.com\/product\/oem-lcd-and-digitizer-assembly-for-ipad-pro-12-9-inch-4th-generation-a2229-a2069-a2232-a2233\/#primaryimage"},"image":{"@id":"https:\/\/www.dt-smart.com\/product\/oem-lcd-and-digitizer-assembly-for-ipad-pro-12-9-inch-4th-generation-a2229-a2069-a2232-a2233\/#primaryimage"},"thumbnailUrl":"https:\/\/www.dt-smart.com\/wp-content\/uploads\/2025\/07\/Pro12.9-gen4-1.webp","datePublished":"2025-07-05T07:22:17+00:00","dateModified":"2026-01-14T06:19:12+00:00","description":"Reemplazo de pantalla LCD y digitalizador OEM para iPad Pro de 12,9 pulgadas de 4.\u00aa generaci\u00f3n (A2229\/A2069\/A2232\/A2233) - Pantalla Liquid Retina con ProMotion de 120 Hz y chip A12Z - True Tone y amplia gama de colores P3 - Compatible con esc\u00e1ner LiDAR - Calidad garantizada - Env\u00edo r\u00e1pido","breadcrumb":{"@id":"https:\/\/www.dt-smart.com\/product\/oem-lcd-and-digitizer-assembly-for-ipad-pro-12-9-inch-4th-generation-a2229-a2069-a2232-a2233\/#breadcrumb"},"inLanguage":"es","potentialAction":[{"@type":"ReadAction","target":["https:\/\/www.dt-smart.com\/product\/oem-lcd-and-digitizer-assembly-for-ipad-pro-12-9-inch-4th-generation-a2229-a2069-a2232-a2233\/"]}]},{"@type":"ImageObject","inLanguage":"es","@id":"https:\/\/www.dt-smart.com\/product\/oem-lcd-and-digitizer-assembly-for-ipad-pro-12-9-inch-4th-generation-a2229-a2069-a2232-a2233\/#primaryimage","url":"https:\/\/www.dt-smart.com\/wp-content\/uploads\/2025\/07\/Pro12.9-gen4-1.webp","contentUrl":"https:\/\/www.dt-smart.com\/wp-content\/uploads\/2025\/07\/Pro12.9-gen4-1.webp","width":800,"height":800},{"@type":"BreadcrumbList","@id":"https:\/\/www.dt-smart.com\/product\/oem-lcd-and-digitizer-assembly-for-ipad-pro-12-9-inch-4th-generation-a2229-a2069-a2232-a2233\/#breadcrumb","itemListElement":[{"@type":"ListItem","position":1,"name":"Home","item":"https:\/\/www.dt-smart.com\/"},{"@type":"ListItem","position":2,"name":"Product","item":"https:\/\/www.dt-smart.com\/ru\/product\/"},{"@type":"ListItem","position":3,"name":"iPad Pro 12.9-Inch 4th Gen (A2229\/A2069\/A2232\/A2233) OEM LCD &#038; Digitizer Assembly Replacement &#8211; Liquid Retina Display with ProMotion 120Hz &#038; A12Z Chip &#8211; True Tone &#038; P3 Wide Color &#8211; LiDAR Scanner Compatible &#8211; Quality Guaranteed &#8211; Fast Shipping"}]},{"@type":"WebSite","@id":"https:\/\/www.dt-smart.com\/#website","url":"https:\/\/www.dt-smart.com\/","name":"Asegurar parte","description":"Repuestos para celulares; Venta al por mayor de repuestos para iPhone; Proveedor de repuestos para Samsung","potentialAction":[{"@type":"SearchAction","target":{"@type":"EntryPoint","urlTemplate":"https:\/\/www.dt-smart.com\/?s={search_term_string}"},"query-input":{"@type":"PropertyValueSpecification","valueRequired":true,"valueName":"search_term_string"}}],"inLanguage":"es"}]}},"_links":{"self":[{"href":"https:\/\/www.dt-smart.com\/es\/wp-json\/wp\/v2\/product\/20935","targetHints":{"allow":["GET"]}}],"collection":[{"href":"https:\/\/www.dt-smart.com\/es\/wp-json\/wp\/v2\/product"}],"about":[{"href":"https:\/\/www.dt-smart.com\/es\/wp-json\/wp\/v2\/types\/product"}],"replies":[{"embeddable":true,"href":"https:\/\/www.dt-smart.com\/es\/wp-json\/wp\/v2\/comments?post=20935"}],"version-history":[{"count":3,"href":"https:\/\/www.dt-smart.com\/es\/wp-json\/wp\/v2\/product\/20935\/revisions"}],"predecessor-version":[{"id":24876,"href":"https:\/\/www.dt-smart.com\/es\/wp-json\/wp\/v2\/product\/20935\/revisions\/24876"}],"wp:featuredmedia":[{"embeddable":true,"href":"https:\/\/www.dt-smart.com\/es\/wp-json\/wp\/v2\/media\/20908"}],"wp:attachment":[{"href":"https:\/\/www.dt-smart.com\/es\/wp-json\/wp\/v2\/media?parent=20935"}],"wp:term":[{"taxonomy":"product_brand","embeddable":true,"href":"https:\/\/www.dt-smart.com\/es\/wp-json\/wp\/v2\/product_brand?post=20935"},{"taxonomy":"product_cat","embeddable":true,"href":"https:\/\/www.dt-smart.com\/es\/wp-json\/wp\/v2\/product_cat?post=20935"},{"taxonomy":"product_tag","embeddable":true,"href":"https:\/\/www.dt-smart.com\/es\/wp-json\/wp\/v2\/product_tag?post=20935"}],"curies":[{"name":"wp","href":"https:\/\/api.w.org\/{rel}","templated":true}]}}