{"id":21577,"date":"2023-11-14T16:44:23","date_gmt":"2023-11-14T08:44:23","guid":{"rendered":"https:\/\/www.insurepart.com\/?post_type=product&#038;p=21577"},"modified":"2026-01-09T15:24:34","modified_gmt":"2026-01-09T07:24:34","slug":"samsung-galaxy-fold-1-vivid-foldable-visuals-screen-replacement-for-samsung-galaxy-fold-1","status":"publish","type":"product","link":"https:\/\/www.dt-smart.com\/es\/producto\/samsung-galaxy-fold-1-vivid-foldable-visuals-screen-replacement-for-samsung-galaxy-fold-1\/","title":{"rendered":"Reemplazo de pantalla para Samsung Galaxy Fold 1: im\u00e1genes n\u00edtidas y plegables, pantalla flexible OLED original, calidad garantizada, env\u00edo r\u00e1pido"},"content":{"rendered":"<p style=\"text-align: center;\"><img fetchpriority=\"high\" decoding=\"async\" class=\"alignnone size-full wp-image-15567\" src=\"https:\/\/www.insurepart.com\/wp-content\/uploads\/2024\/08\/\u4e3a\u4ec0\u4e48\u9009\u62e9\u6211\u4eec22.webp\" alt=\"\" width=\"1000\" height=\"786\" srcset=\"https:\/\/www.dt-smart.com\/wp-content\/uploads\/2024\/08\/\u4e3a\u4ec0\u4e48\u9009\u62e9\u6211\u4eec22.webp 1000w, https:\/\/www.dt-smart.com\/wp-content\/uploads\/2024\/08\/\u4e3a\u4ec0\u4e48\u9009\u62e9\u6211\u4eec22-300x236.webp 300w, https:\/\/www.dt-smart.com\/wp-content\/uploads\/2024\/08\/\u4e3a\u4ec0\u4e48\u9009\u62e9\u6211\u4eec22-150x118.webp 150w, https:\/\/www.dt-smart.com\/wp-content\/uploads\/2024\/08\/\u4e3a\u4ec0\u4e48\u9009\u62e9\u6211\u4eec22-800x629.webp 800w, https:\/\/www.dt-smart.com\/wp-content\/uploads\/2024\/08\/\u4e3a\u4ec0\u4e48\u9009\u62e9\u6211\u4eec22-768x604.webp 768w, https:\/\/www.dt-smart.com\/wp-content\/uploads\/2024\/08\/\u4e3a\u4ec0\u4e48\u9009\u62e9\u6211\u4eec22-15x12.webp 15w\" sizes=\"(max-width: 1000px) 100vw, 1000px\" \/><\/p>","protected":false},"excerpt":{"rendered":"<p><span style=\"font-family: arial, helvetica, sans-serif;\"><span style=\"font-size: 8pt;\">Pantalla AMOLED din\u00e1mica: La pantalla principal utiliza tecnolog\u00eda AMOLED din\u00e1mica de alta resoluci\u00f3n para presentar colores vivos y vivos.<\/span><\/span><br \/>\n<span style=\"font-family: arial, helvetica, sans-serif; font-size: 8pt;\">Los colores vibrantes y el alto contraste brindan una excelente experiencia visual.<\/span><br \/>\n<span style=\"font-family: arial, helvetica, sans-serif; font-size: 8pt;\">Dise\u00f1o plegable: el dise\u00f1o plegable \u00fanico permite que la pantalla principal se expanda f\u00e1cilmente a una pantalla grande, proporcionando un espacio de trabajo m\u00e1s amplio.<\/span><br \/>\n<span style=\"font-family: arial, helvetica, sans-serif; font-size: 8pt;\">Se puede cambiar al modo port\u00e1til cuando est\u00e1 plegado, lo que facilita su manejo y transporte con una mano.<\/span><br \/>\n<span style=\"font-family: arial, helvetica, sans-serif; font-size: 8pt;\">Experiencia multitarea: cuando se despliega la pantalla grande, los usuarios pueden ejecutar m\u00faltiples aplicaciones al mismo tiempo para lograr una multitarea m\u00e1s eficiente.<\/span><br \/>\n<span style=\"font-family: arial, helvetica, sans-serif; font-size: 8pt;\">La funci\u00f3n de pantalla dividida permite a los usuarios operar diferentes aplicaciones al mismo tiempo, mejorando la flexibilidad para el trabajo y el entretenimiento.<\/span><br \/>\n<span style=\"font-family: arial, helvetica, sans-serif; font-size: 8pt;\">Alta frecuencia de actualizaci\u00f3n: la pantalla admite una alta frecuencia de actualizaci\u00f3n, lo que hace que las operaciones t\u00e1ctiles y deslizantes sean m\u00e1s suaves y naturales.<\/span><br \/>\n<span style=\"font-family: arial, helvetica, sans-serif; font-size: 8pt;\">Mejore la experiencia de interacci\u00f3n del usuario y reduzca el retraso durante la operaci\u00f3n, especialmente en juegos y aplicaciones.<\/span><br \/>\n<span style=\"font-family: arial, helvetica, sans-serif; font-size: 8pt;\">Tecnolog\u00eda avanzada de protecci\u00f3n ocular: el uso de tecnolog\u00eda de protecci\u00f3n ocular reduce la irritaci\u00f3n de la pantalla en los ojos y garantiza la comodidad de los usuarios durante el uso a largo plazo.<\/span><br \/>\n<span style=\"font-family: arial, helvetica, sans-serif; font-size: 8pt;\">Ajuste el brillo de la pantalla y la temperatura del color para reducir la fatiga ocular y adaptarse a diferentes entornos.<\/span><br \/>\n<span style=\"font-family: arial, helvetica, sans-serif; font-size: 8pt;\">Cambio flexible: puede cambiar sin problemas entre la pantalla principal y la pantalla lateral, y elegir el modo de pantalla apropiado seg\u00fan los requisitos de la tarea y los escenarios de uso.<\/span><br \/>\n<span style=\"font-family: arial, helvetica, sans-serif; font-size: 8pt;\">Proporcione un uso m\u00e1s flexible para adaptarse a diferentes escenarios laborales y vitales.<\/span><br \/>\n<span style=\"font-family: arial, helvetica, sans-serif; font-size: 8pt;\">HECHO DE VIDRIO S\u00d3LIDO, DURADERO: Nuestras pantallas est\u00e1n hechas de material de vidrio s\u00f3lido, lo que agrega durabilidad y resistencia a su dispositivo. No m\u00e1s preocupaciones por rayones y desgastes.<\/span><br \/>\n<span style=\"font-family: arial, helvetica, sans-serif; font-size: 8pt;\">F\u00e1cil instalaci\u00f3n: \u00a1Olv\u00eddate de las complicaciones! Nuestras pantallas est\u00e1n dise\u00f1adas para una instalaci\u00f3n sencilla, garantizando una experiencia sin preocupaciones tanto para profesionales como para aficionados.<\/span><br \/>\n<span style=\"font-family: arial, helvetica, sans-serif; font-size: 8pt;\">Ahorro de energ\u00eda y protecci\u00f3n del medio ambiente: contribuya a un ma\u00f1ana m\u00e1s verde dise\u00f1ando y produciendo pantallas que no s\u00f3lo ahorren energ\u00eda sino que tambi\u00e9n sean respetuosas con el medio ambiente.<\/span><\/p>","protected":false},"featured_media":6542,"comment_status":"open","ping_status":"closed","template":"","meta":[],"product_brand":[],"product_cat":[1023,698,699,21],"product_tag":[],"class_list":{"0":"post-21577","1":"product","2":"type-product","3":"status-publish","4":"has-post-thumbnail","6":"product_cat-all-fold-series-lcd","7":"product_cat-fold-flip-series","8":"product_cat-fold-1","9":"product_cat-samsung","11":"first","12":"instock","13":"taxable","14":"shipping-taxable","15":"purchasable","16":"product-type-variable"},"yoast_head":"<!-- This site is optimized with the Yoast SEO plugin v27.4 - https:\/\/yoast.com\/product\/yoast-seo-wordpress\/ -->\n<title>Samsung Galaxy Fold 1 Display Replacement - Vivid Foldable Visuals - Original OLED Flex Screen - Quality Guaranteed - Fast Shipping - InsurePart<\/title>\n<meta name=\"description\" content=\"Samsung Galaxy Fold 1 Display Replacement - Vivid Foldable Visuals - Original OLED Flex Screen - Quality Guaranteed - Fast Shipping\" \/>\n<meta name=\"robots\" content=\"index, follow, max-snippet:-1, max-image-preview:large, max-video-preview:-1\" \/>\n<link rel=\"canonical\" href=\"https:\/\/www.dt-smart.com\/es\/producto\/samsung-galaxy-fold-1-vivid-foldable-visuals-screen-replacement-for-samsung-galaxy-fold-1\/\" \/>\n<meta property=\"og:locale\" content=\"es_ES\" \/>\n<meta property=\"og:type\" content=\"article\" \/>\n<meta property=\"og:title\" content=\"Samsung Galaxy Fold 1 Display Replacement - Vivid Foldable Visuals - Original OLED Flex Screen - Quality Guaranteed - Fast Shipping - InsurePart\" \/>\n<meta property=\"og:description\" content=\"Samsung Galaxy Fold 1 Display Replacement - Vivid Foldable Visuals - Original OLED Flex Screen - Quality Guaranteed - Fast Shipping\" \/>\n<meta property=\"og:url\" content=\"https:\/\/www.dt-smart.com\/es\/producto\/samsung-galaxy-fold-1-vivid-foldable-visuals-screen-replacement-for-samsung-galaxy-fold-1\/\" \/>\n<meta property=\"og:site_name\" content=\"InsurePart\" \/>\n<meta property=\"article:publisher\" content=\"https:\/\/www.facebook.com\/anjinleeEva\" \/>\n<meta property=\"article:modified_time\" content=\"2026-01-09T07:24:34+00:00\" \/>\n<meta property=\"og:image\" content=\"https:\/\/www.dt-smart.com\/wp-content\/uploads\/2023\/11\/\u4e09\u661fs\u7cfb\u5217-1.png\" \/>\n\t<meta property=\"og:image:width\" content=\"1000\" \/>\n\t<meta property=\"og:image:height\" content=\"1000\" \/>\n\t<meta property=\"og:image:type\" content=\"image\/png\" \/>\n<meta name=\"twitter:card\" content=\"summary_large_image\" \/>\n<meta name=\"twitter:label1\" content=\"Tiempo de lectura\" \/>\n\t<meta name=\"twitter:data1\" content=\"1 minuto\" \/>\n<script type=\"application\/ld+json\" class=\"yoast-schema-graph\">{\"@context\":\"https:\\\/\\\/schema.org\",\"@graph\":[{\"@type\":\"WebPage\",\"@id\":\"https:\\\/\\\/www.dt-smart.com\\\/product\\\/samsung-galaxy-fold-1-vivid-foldable-visuals-screen-replacement-for-samsung-galaxy-fold-1\\\/\",\"url\":\"https:\\\/\\\/www.dt-smart.com\\\/product\\\/samsung-galaxy-fold-1-vivid-foldable-visuals-screen-replacement-for-samsung-galaxy-fold-1\\\/\",\"name\":\"Samsung Galaxy Fold 1 Display Replacement - Vivid Foldable Visuals - Original OLED Flex Screen - Quality Guaranteed - Fast Shipping - InsurePart\",\"isPartOf\":{\"@id\":\"https:\\\/\\\/www.dt-smart.com\\\/#website\"},\"primaryImageOfPage\":{\"@id\":\"https:\\\/\\\/www.dt-smart.com\\\/product\\\/samsung-galaxy-fold-1-vivid-foldable-visuals-screen-replacement-for-samsung-galaxy-fold-1\\\/#primaryimage\"},\"image\":{\"@id\":\"https:\\\/\\\/www.dt-smart.com\\\/product\\\/samsung-galaxy-fold-1-vivid-foldable-visuals-screen-replacement-for-samsung-galaxy-fold-1\\\/#primaryimage\"},\"thumbnailUrl\":\"https:\\\/\\\/www.dt-smart.com\\\/wp-content\\\/uploads\\\/2023\\\/11\\\/\u4e09\u661fs\u7cfb\u5217-1.png\",\"datePublished\":\"2023-11-14T08:44:23+00:00\",\"dateModified\":\"2026-01-09T07:24:34+00:00\",\"description\":\"Samsung Galaxy Fold 1 Display Replacement - Vivid Foldable Visuals - Original OLED Flex Screen - Quality Guaranteed - Fast Shipping\",\"breadcrumb\":{\"@id\":\"https:\\\/\\\/www.dt-smart.com\\\/product\\\/samsung-galaxy-fold-1-vivid-foldable-visuals-screen-replacement-for-samsung-galaxy-fold-1\\\/#breadcrumb\"},\"inLanguage\":\"es\",\"potentialAction\":[{\"@type\":\"ReadAction\",\"target\":[\"https:\\\/\\\/www.dt-smart.com\\\/product\\\/samsung-galaxy-fold-1-vivid-foldable-visuals-screen-replacement-for-samsung-galaxy-fold-1\\\/\"]}]},{\"@type\":\"ImageObject\",\"inLanguage\":\"es\",\"@id\":\"https:\\\/\\\/www.dt-smart.com\\\/product\\\/samsung-galaxy-fold-1-vivid-foldable-visuals-screen-replacement-for-samsung-galaxy-fold-1\\\/#primaryimage\",\"url\":\"https:\\\/\\\/www.dt-smart.com\\\/wp-content\\\/uploads\\\/2023\\\/11\\\/\u4e09\u661fs\u7cfb\u5217-1.png\",\"contentUrl\":\"https:\\\/\\\/www.dt-smart.com\\\/wp-content\\\/uploads\\\/2023\\\/11\\\/\u4e09\u661fs\u7cfb\u5217-1.png\",\"width\":1000,\"height\":1000},{\"@type\":\"BreadcrumbList\",\"@id\":\"https:\\\/\\\/www.dt-smart.com\\\/product\\\/samsung-galaxy-fold-1-vivid-foldable-visuals-screen-replacement-for-samsung-galaxy-fold-1\\\/#breadcrumb\",\"itemListElement\":[{\"@type\":\"ListItem\",\"position\":1,\"name\":\"Home\",\"item\":\"https:\\\/\\\/www.dt-smart.com\\\/\"},{\"@type\":\"ListItem\",\"position\":2,\"name\":\"Product\",\"item\":\"https:\\\/\\\/www.dt-smart.com\\\/ru\\\/product\\\/\"},{\"@type\":\"ListItem\",\"position\":3,\"name\":\"Samsung Galaxy Fold 1 Display Replacement &#8211; Vivid Foldable Visuals &#8211; Original OLED Flex Screen &#8211; Quality Guaranteed &#8211; Fast Shipping\"}]},{\"@type\":\"WebSite\",\"@id\":\"https:\\\/\\\/www.dt-smart.com\\\/#website\",\"url\":\"https:\\\/\\\/www.dt-smart.com\\\/\",\"name\":\"InsurePart\",\"description\":\"Cell Phone Repair Parts; iPhone Parts Wholesale;Samsung Parts Supplier\",\"potentialAction\":[{\"@type\":\"SearchAction\",\"target\":{\"@type\":\"EntryPoint\",\"urlTemplate\":\"https:\\\/\\\/www.dt-smart.com\\\/?s={search_term_string}\"},\"query-input\":{\"@type\":\"PropertyValueSpecification\",\"valueRequired\":true,\"valueName\":\"search_term_string\"}}],\"inLanguage\":\"es\"}]}<\/script>\n<!-- \/ Yoast SEO plugin. -->","yoast_head_json":{"title":"Samsung Galaxy Fold 1 Display Replacement - Vivid Foldable Visuals - Original OLED Flex Screen - Quality Guaranteed - Fast Shipping - InsurePart","description":"Samsung Galaxy Fold 1 Display Replacement - Vivid Foldable Visuals - Original OLED Flex Screen - Quality Guaranteed - Fast Shipping","robots":{"index":"index","follow":"follow","max-snippet":"max-snippet:-1","max-image-preview":"max-image-preview:large","max-video-preview":"max-video-preview:-1"},"canonical":"https:\/\/www.dt-smart.com\/es\/producto\/samsung-galaxy-fold-1-vivid-foldable-visuals-screen-replacement-for-samsung-galaxy-fold-1\/","og_locale":"es_ES","og_type":"article","og_title":"Samsung Galaxy Fold 1 Display Replacement - Vivid Foldable Visuals - Original OLED Flex Screen - Quality Guaranteed - Fast Shipping - InsurePart","og_description":"Samsung Galaxy Fold 1 Display Replacement - Vivid Foldable Visuals - Original OLED Flex Screen - Quality Guaranteed - Fast Shipping","og_url":"https:\/\/www.dt-smart.com\/es\/producto\/samsung-galaxy-fold-1-vivid-foldable-visuals-screen-replacement-for-samsung-galaxy-fold-1\/","og_site_name":"InsurePart","article_publisher":"https:\/\/www.facebook.com\/anjinleeEva","article_modified_time":"2026-01-09T07:24:34+00:00","og_image":[{"width":1000,"height":1000,"url":"https:\/\/www.dt-smart.com\/wp-content\/uploads\/2023\/11\/\u4e09\u661fs\u7cfb\u5217-1.png","type":"image\/png"}],"twitter_card":"summary_large_image","twitter_misc":{"Tiempo de lectura":"1 minuto"},"schema":{"@context":"https:\/\/schema.org","@graph":[{"@type":"WebPage","@id":"https:\/\/www.dt-smart.com\/product\/samsung-galaxy-fold-1-vivid-foldable-visuals-screen-replacement-for-samsung-galaxy-fold-1\/","url":"https:\/\/www.dt-smart.com\/product\/samsung-galaxy-fold-1-vivid-foldable-visuals-screen-replacement-for-samsung-galaxy-fold-1\/","name":"Samsung Galaxy Fold 1 Display Replacement - Vivid Foldable Visuals - Original OLED Flex Screen - Quality Guaranteed - Fast Shipping - InsurePart","isPartOf":{"@id":"https:\/\/www.dt-smart.com\/#website"},"primaryImageOfPage":{"@id":"https:\/\/www.dt-smart.com\/product\/samsung-galaxy-fold-1-vivid-foldable-visuals-screen-replacement-for-samsung-galaxy-fold-1\/#primaryimage"},"image":{"@id":"https:\/\/www.dt-smart.com\/product\/samsung-galaxy-fold-1-vivid-foldable-visuals-screen-replacement-for-samsung-galaxy-fold-1\/#primaryimage"},"thumbnailUrl":"https:\/\/www.dt-smart.com\/wp-content\/uploads\/2023\/11\/\u4e09\u661fs\u7cfb\u5217-1.png","datePublished":"2023-11-14T08:44:23+00:00","dateModified":"2026-01-09T07:24:34+00:00","description":"Samsung Galaxy Fold 1 Display Replacement - Vivid Foldable Visuals - Original OLED Flex Screen - Quality Guaranteed - Fast Shipping","breadcrumb":{"@id":"https:\/\/www.dt-smart.com\/product\/samsung-galaxy-fold-1-vivid-foldable-visuals-screen-replacement-for-samsung-galaxy-fold-1\/#breadcrumb"},"inLanguage":"es","potentialAction":[{"@type":"ReadAction","target":["https:\/\/www.dt-smart.com\/product\/samsung-galaxy-fold-1-vivid-foldable-visuals-screen-replacement-for-samsung-galaxy-fold-1\/"]}]},{"@type":"ImageObject","inLanguage":"es","@id":"https:\/\/www.dt-smart.com\/product\/samsung-galaxy-fold-1-vivid-foldable-visuals-screen-replacement-for-samsung-galaxy-fold-1\/#primaryimage","url":"https:\/\/www.dt-smart.com\/wp-content\/uploads\/2023\/11\/\u4e09\u661fs\u7cfb\u5217-1.png","contentUrl":"https:\/\/www.dt-smart.com\/wp-content\/uploads\/2023\/11\/\u4e09\u661fs\u7cfb\u5217-1.png","width":1000,"height":1000},{"@type":"BreadcrumbList","@id":"https:\/\/www.dt-smart.com\/product\/samsung-galaxy-fold-1-vivid-foldable-visuals-screen-replacement-for-samsung-galaxy-fold-1\/#breadcrumb","itemListElement":[{"@type":"ListItem","position":1,"name":"Home","item":"https:\/\/www.dt-smart.com\/"},{"@type":"ListItem","position":2,"name":"Product","item":"https:\/\/www.dt-smart.com\/ru\/product\/"},{"@type":"ListItem","position":3,"name":"Samsung Galaxy Fold 1 Display Replacement &#8211; Vivid Foldable Visuals &#8211; Original OLED Flex Screen &#8211; Quality Guaranteed &#8211; Fast Shipping"}]},{"@type":"WebSite","@id":"https:\/\/www.dt-smart.com\/#website","url":"https:\/\/www.dt-smart.com\/","name":"Asegurar parte","description":"Repuestos para celulares; Venta al por mayor de repuestos para iPhone; Proveedor de repuestos para Samsung","potentialAction":[{"@type":"SearchAction","target":{"@type":"EntryPoint","urlTemplate":"https:\/\/www.dt-smart.com\/?s={search_term_string}"},"query-input":{"@type":"PropertyValueSpecification","valueRequired":true,"valueName":"search_term_string"}}],"inLanguage":"es"}]}},"_links":{"self":[{"href":"https:\/\/www.dt-smart.com\/es\/wp-json\/wp\/v2\/product\/21577","targetHints":{"allow":["GET"]}}],"collection":[{"href":"https:\/\/www.dt-smart.com\/es\/wp-json\/wp\/v2\/product"}],"about":[{"href":"https:\/\/www.dt-smart.com\/es\/wp-json\/wp\/v2\/types\/product"}],"replies":[{"embeddable":true,"href":"https:\/\/www.dt-smart.com\/es\/wp-json\/wp\/v2\/comments?post=21577"}],"version-history":[{"count":2,"href":"https:\/\/www.dt-smart.com\/es\/wp-json\/wp\/v2\/product\/21577\/revisions"}],"predecessor-version":[{"id":23199,"href":"https:\/\/www.dt-smart.com\/es\/wp-json\/wp\/v2\/product\/21577\/revisions\/23199"}],"wp:featuredmedia":[{"embeddable":true,"href":"https:\/\/www.dt-smart.com\/es\/wp-json\/wp\/v2\/media\/6542"}],"wp:attachment":[{"href":"https:\/\/www.dt-smart.com\/es\/wp-json\/wp\/v2\/media?parent=21577"}],"wp:term":[{"taxonomy":"product_brand","embeddable":true,"href":"https:\/\/www.dt-smart.com\/es\/wp-json\/wp\/v2\/product_brand?post=21577"},{"taxonomy":"product_cat","embeddable":true,"href":"https:\/\/www.dt-smart.com\/es\/wp-json\/wp\/v2\/product_cat?post=21577"},{"taxonomy":"product_tag","embeddable":true,"href":"https:\/\/www.dt-smart.com\/es\/wp-json\/wp\/v2\/product_tag?post=21577"}],"curies":[{"name":"wp","href":"https:\/\/api.w.org\/{rel}","templated":true}]}}