{"id":22668,"date":"2025-08-30T14:23:05","date_gmt":"2025-08-30T06:23:05","guid":{"rendered":"https:\/\/www.insurepart.com\/?post_type=product&#038;p=22668"},"modified":"2026-01-19T14:52:49","modified_gmt":"2026-01-19T06:52:49","slug":"premium-amoled-screen-for-samsung-galaxy-a31-featuring-bright-display-excellent-color-accuracy-and-durable-build","status":"publish","type":"product","link":"https:\/\/www.dt-smart.com\/es\/producto\/premium-amoled-screen-for-samsung-galaxy-a31-featuring-bright-display-excellent-color-accuracy-and-durable-build\/","title":{"rendered":"Reemplazo de pantalla AMOLED para Samsung Galaxy A31: pantalla brillante, excelente precisi\u00f3n de color y construcci\u00f3n duradera. Rendimiento confiable a largo plazo. Calidad garantizada. Env\u00edo r\u00e1pido."},"content":{"rendered":"<p style=\"text-align: center;\"><img fetchpriority=\"high\" decoding=\"async\" class=\"alignnone size-full wp-image-15567\" src=\"https:\/\/www.insurepart.com\/wp-content\/uploads\/2024\/08\/\u4e3a\u4ec0\u4e48\u9009\u62e9\u6211\u4eec22.webp\" alt=\"\" width=\"1000\" height=\"786\" srcset=\"https:\/\/www.dt-smart.com\/wp-content\/uploads\/2024\/08\/\u4e3a\u4ec0\u4e48\u9009\u62e9\u6211\u4eec22.webp 1000w, https:\/\/www.dt-smart.com\/wp-content\/uploads\/2024\/08\/\u4e3a\u4ec0\u4e48\u9009\u62e9\u6211\u4eec22-300x236.webp 300w, https:\/\/www.dt-smart.com\/wp-content\/uploads\/2024\/08\/\u4e3a\u4ec0\u4e48\u9009\u62e9\u6211\u4eec22-150x118.webp 150w, https:\/\/www.dt-smart.com\/wp-content\/uploads\/2024\/08\/\u4e3a\u4ec0\u4e48\u9009\u62e9\u6211\u4eec22-800x629.webp 800w, https:\/\/www.dt-smart.com\/wp-content\/uploads\/2024\/08\/\u4e3a\u4ec0\u4e48\u9009\u62e9\u6211\u4eec22-768x604.webp 768w, https:\/\/www.dt-smart.com\/wp-content\/uploads\/2024\/08\/\u4e3a\u4ec0\u4e48\u9009\u62e9\u6211\u4eec22-15x12.webp 15w\" sizes=\"(max-width: 1000px) 100vw, 1000px\" \/><\/p>","protected":false},"excerpt":{"rendered":"<p><span style=\"font-size: 10pt;\">The premium AMOLED screen for Samsung Galaxy A31 offers a bright and clear display with exceptional color accuracy and high contrast. Whether you&#8217;re watching videos, gaming, or browsing, the screen provides an enhanced viewing experience with smooth touch responsiveness. Built from high-quality materials, it offers durability to withstand regular use. The screen resolves issues like poor display quality, cracked screens, and unresponsive touch. Professional installation is recommended for optimal alignment and secure fitting.<\/span><\/p>","protected":false},"featured_media":22580,"comment_status":"open","ping_status":"closed","template":"","meta":[],"product_brand":[],"product_cat":[49,1405,21],"product_tag":[],"class_list":{"0":"post-22668","1":"product","2":"type-product","3":"status-publish","4":"has-post-thumbnail","6":"product_cat-a-series","7":"product_cat-a31","8":"product_cat-samsung","10":"first","11":"instock","12":"taxable","13":"shipping-taxable","14":"purchasable","15":"product-type-variable"},"yoast_head":"<!-- This site is optimized with the Yoast SEO plugin v27.4 - https:\/\/yoast.com\/product\/yoast-seo-wordpress\/ -->\n<title>Samsung Galaxy A31 AMOLED Screen Replacement - Bright Display, Excellent Color Accuracy &amp; Durable Build - Reliable Long-Term Performance - Quality Guaranteed - Fast Shipping - InsurePart<\/title>\n<meta name=\"description\" content=\"Samsung Galaxy A31 AMOLED Screen Replacement - Bright Display, Excellent Color Accuracy &amp; Durable Build - Reliable Long-Term Performance - Quality Guaranteed - Fast Shipping\" \/>\n<meta name=\"robots\" content=\"index, follow, max-snippet:-1, max-image-preview:large, max-video-preview:-1\" \/>\n<link rel=\"canonical\" href=\"https:\/\/www.dt-smart.com\/es\/producto\/premium-amoled-screen-for-samsung-galaxy-a31-featuring-bright-display-excellent-color-accuracy-and-durable-build\/\" \/>\n<meta property=\"og:locale\" content=\"es_ES\" \/>\n<meta property=\"og:type\" content=\"article\" \/>\n<meta property=\"og:title\" content=\"Samsung Galaxy A31 AMOLED Screen Replacement - Bright Display, Excellent Color Accuracy &amp; Durable Build - Reliable Long-Term Performance - Quality Guaranteed - Fast Shipping - InsurePart\" \/>\n<meta property=\"og:description\" content=\"Samsung Galaxy A31 AMOLED Screen Replacement - Bright Display, Excellent Color Accuracy &amp; Durable Build - Reliable Long-Term Performance - Quality Guaranteed - Fast Shipping\" \/>\n<meta property=\"og:url\" content=\"https:\/\/www.dt-smart.com\/es\/producto\/premium-amoled-screen-for-samsung-galaxy-a31-featuring-bright-display-excellent-color-accuracy-and-durable-build\/\" \/>\n<meta property=\"og:site_name\" content=\"InsurePart\" \/>\n<meta property=\"article:publisher\" content=\"https:\/\/www.facebook.com\/anjinleeEva\" \/>\n<meta property=\"article:modified_time\" content=\"2026-01-19T06:52:49+00:00\" \/>\n<meta property=\"og:image\" content=\"https:\/\/www.dt-smart.com\/wp-content\/uploads\/2025\/08\/A31\u5355\u7247.webp\" \/>\n\t<meta property=\"og:image:width\" content=\"800\" \/>\n\t<meta property=\"og:image:height\" content=\"800\" \/>\n\t<meta property=\"og:image:type\" content=\"image\/webp\" \/>\n<meta name=\"twitter:card\" content=\"summary_large_image\" \/>\n<meta name=\"twitter:label1\" content=\"Tiempo de lectura\" \/>\n\t<meta name=\"twitter:data1\" content=\"1 minuto\" \/>\n<script type=\"application\/ld+json\" class=\"yoast-schema-graph\">{\"@context\":\"https:\\\/\\\/schema.org\",\"@graph\":[{\"@type\":\"WebPage\",\"@id\":\"https:\\\/\\\/www.dt-smart.com\\\/product\\\/premium-amoled-screen-for-samsung-galaxy-a31-featuring-bright-display-excellent-color-accuracy-and-durable-build\\\/\",\"url\":\"https:\\\/\\\/www.dt-smart.com\\\/product\\\/premium-amoled-screen-for-samsung-galaxy-a31-featuring-bright-display-excellent-color-accuracy-and-durable-build\\\/\",\"name\":\"Samsung Galaxy A31 AMOLED Screen Replacement - Bright Display, Excellent Color Accuracy & Durable Build - Reliable Long-Term Performance - Quality Guaranteed - Fast Shipping - InsurePart\",\"isPartOf\":{\"@id\":\"https:\\\/\\\/www.dt-smart.com\\\/#website\"},\"primaryImageOfPage\":{\"@id\":\"https:\\\/\\\/www.dt-smart.com\\\/product\\\/premium-amoled-screen-for-samsung-galaxy-a31-featuring-bright-display-excellent-color-accuracy-and-durable-build\\\/#primaryimage\"},\"image\":{\"@id\":\"https:\\\/\\\/www.dt-smart.com\\\/product\\\/premium-amoled-screen-for-samsung-galaxy-a31-featuring-bright-display-excellent-color-accuracy-and-durable-build\\\/#primaryimage\"},\"thumbnailUrl\":\"https:\\\/\\\/www.dt-smart.com\\\/wp-content\\\/uploads\\\/2025\\\/08\\\/A31\u5355\u7247.webp\",\"datePublished\":\"2025-08-30T06:23:05+00:00\",\"dateModified\":\"2026-01-19T06:52:49+00:00\",\"description\":\"Samsung Galaxy A31 AMOLED Screen Replacement - Bright Display, Excellent Color Accuracy & Durable Build - Reliable Long-Term Performance - Quality Guaranteed - Fast Shipping\",\"breadcrumb\":{\"@id\":\"https:\\\/\\\/www.dt-smart.com\\\/product\\\/premium-amoled-screen-for-samsung-galaxy-a31-featuring-bright-display-excellent-color-accuracy-and-durable-build\\\/#breadcrumb\"},\"inLanguage\":\"es\",\"potentialAction\":[{\"@type\":\"ReadAction\",\"target\":[\"https:\\\/\\\/www.dt-smart.com\\\/product\\\/premium-amoled-screen-for-samsung-galaxy-a31-featuring-bright-display-excellent-color-accuracy-and-durable-build\\\/\"]}]},{\"@type\":\"ImageObject\",\"inLanguage\":\"es\",\"@id\":\"https:\\\/\\\/www.dt-smart.com\\\/product\\\/premium-amoled-screen-for-samsung-galaxy-a31-featuring-bright-display-excellent-color-accuracy-and-durable-build\\\/#primaryimage\",\"url\":\"https:\\\/\\\/www.dt-smart.com\\\/wp-content\\\/uploads\\\/2025\\\/08\\\/A31\u5355\u7247.webp\",\"contentUrl\":\"https:\\\/\\\/www.dt-smart.com\\\/wp-content\\\/uploads\\\/2025\\\/08\\\/A31\u5355\u7247.webp\",\"width\":800,\"height\":800},{\"@type\":\"BreadcrumbList\",\"@id\":\"https:\\\/\\\/www.dt-smart.com\\\/product\\\/premium-amoled-screen-for-samsung-galaxy-a31-featuring-bright-display-excellent-color-accuracy-and-durable-build\\\/#breadcrumb\",\"itemListElement\":[{\"@type\":\"ListItem\",\"position\":1,\"name\":\"Home\",\"item\":\"https:\\\/\\\/www.dt-smart.com\\\/\"},{\"@type\":\"ListItem\",\"position\":2,\"name\":\"Product\",\"item\":\"https:\\\/\\\/www.dt-smart.com\\\/ru\\\/product\\\/\"},{\"@type\":\"ListItem\",\"position\":3,\"name\":\"Samsung Galaxy A31 AMOLED Screen Replacement &#8211; Bright Display, Excellent Color Accuracy &#038; Durable Build &#8211; Reliable Long-Term Performance &#8211; Quality Guaranteed &#8211; Fast Shipping\"}]},{\"@type\":\"WebSite\",\"@id\":\"https:\\\/\\\/www.dt-smart.com\\\/#website\",\"url\":\"https:\\\/\\\/www.dt-smart.com\\\/\",\"name\":\"InsurePart\",\"description\":\"Cell Phone Repair Parts; iPhone Parts Wholesale;Samsung Parts Supplier\",\"potentialAction\":[{\"@type\":\"SearchAction\",\"target\":{\"@type\":\"EntryPoint\",\"urlTemplate\":\"https:\\\/\\\/www.dt-smart.com\\\/?s={search_term_string}\"},\"query-input\":{\"@type\":\"PropertyValueSpecification\",\"valueRequired\":true,\"valueName\":\"search_term_string\"}}],\"inLanguage\":\"es\"}]}<\/script>\n<!-- \/ Yoast SEO plugin. -->","yoast_head_json":{"title":"Samsung Galaxy A31 AMOLED Screen Replacement - Bright Display, Excellent Color Accuracy & Durable Build - Reliable Long-Term Performance - Quality Guaranteed - Fast Shipping - InsurePart","description":"Pantalla AMOLED de repuesto para Samsung Galaxy A31: pantalla brillante, excelente precisi\u00f3n de color y construcci\u00f3n duradera. Rendimiento fiable a largo plazo. Calidad garantizada. Env\u00edo r\u00e1pido.","robots":{"index":"index","follow":"follow","max-snippet":"max-snippet:-1","max-image-preview":"max-image-preview:large","max-video-preview":"max-video-preview:-1"},"canonical":"https:\/\/www.dt-smart.com\/es\/producto\/premium-amoled-screen-for-samsung-galaxy-a31-featuring-bright-display-excellent-color-accuracy-and-durable-build\/","og_locale":"es_ES","og_type":"article","og_title":"Samsung Galaxy A31 AMOLED Screen Replacement - Bright Display, Excellent Color Accuracy & Durable Build - Reliable Long-Term Performance - Quality Guaranteed - Fast Shipping - InsurePart","og_description":"Samsung Galaxy A31 AMOLED Screen Replacement - Bright Display, Excellent Color Accuracy & Durable Build - Reliable Long-Term Performance - Quality Guaranteed - Fast Shipping","og_url":"https:\/\/www.dt-smart.com\/es\/producto\/premium-amoled-screen-for-samsung-galaxy-a31-featuring-bright-display-excellent-color-accuracy-and-durable-build\/","og_site_name":"InsurePart","article_publisher":"https:\/\/www.facebook.com\/anjinleeEva","article_modified_time":"2026-01-19T06:52:49+00:00","og_image":[{"width":800,"height":800,"url":"https:\/\/www.dt-smart.com\/wp-content\/uploads\/2025\/08\/A31\u5355\u7247.webp","type":"image\/webp"}],"twitter_card":"summary_large_image","twitter_misc":{"Tiempo de lectura":"1 minuto"},"schema":{"@context":"https:\/\/schema.org","@graph":[{"@type":"WebPage","@id":"https:\/\/www.dt-smart.com\/product\/premium-amoled-screen-for-samsung-galaxy-a31-featuring-bright-display-excellent-color-accuracy-and-durable-build\/","url":"https:\/\/www.dt-smart.com\/product\/premium-amoled-screen-for-samsung-galaxy-a31-featuring-bright-display-excellent-color-accuracy-and-durable-build\/","name":"Samsung Galaxy A31 AMOLED Screen Replacement - Bright Display, Excellent Color Accuracy & Durable Build - Reliable Long-Term Performance - Quality Guaranteed - Fast Shipping - InsurePart","isPartOf":{"@id":"https:\/\/www.dt-smart.com\/#website"},"primaryImageOfPage":{"@id":"https:\/\/www.dt-smart.com\/product\/premium-amoled-screen-for-samsung-galaxy-a31-featuring-bright-display-excellent-color-accuracy-and-durable-build\/#primaryimage"},"image":{"@id":"https:\/\/www.dt-smart.com\/product\/premium-amoled-screen-for-samsung-galaxy-a31-featuring-bright-display-excellent-color-accuracy-and-durable-build\/#primaryimage"},"thumbnailUrl":"https:\/\/www.dt-smart.com\/wp-content\/uploads\/2025\/08\/A31\u5355\u7247.webp","datePublished":"2025-08-30T06:23:05+00:00","dateModified":"2026-01-19T06:52:49+00:00","description":"Pantalla AMOLED de repuesto para Samsung Galaxy A31: pantalla brillante, excelente precisi\u00f3n de color y construcci\u00f3n duradera. Rendimiento fiable a largo plazo. Calidad garantizada. Env\u00edo r\u00e1pido.","breadcrumb":{"@id":"https:\/\/www.dt-smart.com\/product\/premium-amoled-screen-for-samsung-galaxy-a31-featuring-bright-display-excellent-color-accuracy-and-durable-build\/#breadcrumb"},"inLanguage":"es","potentialAction":[{"@type":"ReadAction","target":["https:\/\/www.dt-smart.com\/product\/premium-amoled-screen-for-samsung-galaxy-a31-featuring-bright-display-excellent-color-accuracy-and-durable-build\/"]}]},{"@type":"ImageObject","inLanguage":"es","@id":"https:\/\/www.dt-smart.com\/product\/premium-amoled-screen-for-samsung-galaxy-a31-featuring-bright-display-excellent-color-accuracy-and-durable-build\/#primaryimage","url":"https:\/\/www.dt-smart.com\/wp-content\/uploads\/2025\/08\/A31\u5355\u7247.webp","contentUrl":"https:\/\/www.dt-smart.com\/wp-content\/uploads\/2025\/08\/A31\u5355\u7247.webp","width":800,"height":800},{"@type":"BreadcrumbList","@id":"https:\/\/www.dt-smart.com\/product\/premium-amoled-screen-for-samsung-galaxy-a31-featuring-bright-display-excellent-color-accuracy-and-durable-build\/#breadcrumb","itemListElement":[{"@type":"ListItem","position":1,"name":"Home","item":"https:\/\/www.dt-smart.com\/"},{"@type":"ListItem","position":2,"name":"Product","item":"https:\/\/www.dt-smart.com\/ru\/product\/"},{"@type":"ListItem","position":3,"name":"Samsung Galaxy A31 AMOLED Screen Replacement &#8211; Bright Display, Excellent Color Accuracy &#038; Durable Build &#8211; Reliable Long-Term Performance &#8211; Quality Guaranteed &#8211; Fast Shipping"}]},{"@type":"WebSite","@id":"https:\/\/www.dt-smart.com\/#website","url":"https:\/\/www.dt-smart.com\/","name":"Asegurar parte","description":"Repuestos para celulares; Venta al por mayor de repuestos para iPhone; Proveedor de repuestos para Samsung","potentialAction":[{"@type":"SearchAction","target":{"@type":"EntryPoint","urlTemplate":"https:\/\/www.dt-smart.com\/?s={search_term_string}"},"query-input":{"@type":"PropertyValueSpecification","valueRequired":true,"valueName":"search_term_string"}}],"inLanguage":"es"}]}},"_links":{"self":[{"href":"https:\/\/www.dt-smart.com\/es\/wp-json\/wp\/v2\/product\/22668","targetHints":{"allow":["GET"]}}],"collection":[{"href":"https:\/\/www.dt-smart.com\/es\/wp-json\/wp\/v2\/product"}],"about":[{"href":"https:\/\/www.dt-smart.com\/es\/wp-json\/wp\/v2\/types\/product"}],"replies":[{"embeddable":true,"href":"https:\/\/www.dt-smart.com\/es\/wp-json\/wp\/v2\/comments?post=22668"}],"version-history":[{"count":3,"href":"https:\/\/www.dt-smart.com\/es\/wp-json\/wp\/v2\/product\/22668\/revisions"}],"predecessor-version":[{"id":24367,"href":"https:\/\/www.dt-smart.com\/es\/wp-json\/wp\/v2\/product\/22668\/revisions\/24367"}],"wp:featuredmedia":[{"embeddable":true,"href":"https:\/\/www.dt-smart.com\/es\/wp-json\/wp\/v2\/media\/22580"}],"wp:attachment":[{"href":"https:\/\/www.dt-smart.com\/es\/wp-json\/wp\/v2\/media?parent=22668"}],"wp:term":[{"taxonomy":"product_brand","embeddable":true,"href":"https:\/\/www.dt-smart.com\/es\/wp-json\/wp\/v2\/product_brand?post=22668"},{"taxonomy":"product_cat","embeddable":true,"href":"https:\/\/www.dt-smart.com\/es\/wp-json\/wp\/v2\/product_cat?post=22668"},{"taxonomy":"product_tag","embeddable":true,"href":"https:\/\/www.dt-smart.com\/es\/wp-json\/wp\/v2\/product_tag?post=22668"}],"curies":[{"name":"wp","href":"https:\/\/api.w.org\/{rel}","templated":true}]}}