{"id":22677,"date":"2025-08-30T14:42:33","date_gmt":"2025-08-30T06:42:33","guid":{"rendered":"https:\/\/www.insurepart.com\/?post_type=product&#038;p=22677"},"modified":"2026-01-19T14:51:54","modified_gmt":"2026-01-19T06:51:54","slug":"durable-amoled-screen-for-samsung-galaxy-a34-featuring-excellent-display-quality-and-long-term-durability","status":"publish","type":"product","link":"https:\/\/www.dt-smart.com\/es\/producto\/durable-amoled-screen-for-samsung-galaxy-a34-featuring-excellent-display-quality-and-long-term-durability\/","title":{"rendered":"Reemplazo de pantalla AMOLED para Samsung Galaxy A34: excelente calidad de pantalla y larga duraci\u00f3n. Resistente a rayones e impactos. Calidad garantizada. Env\u00edo r\u00e1pido."},"content":{"rendered":"<p style=\"text-align: center;\"><img fetchpriority=\"high\" decoding=\"async\" class=\"alignnone size-full wp-image-15567\" src=\"https:\/\/www.insurepart.com\/wp-content\/uploads\/2024\/08\/\u4e3a\u4ec0\u4e48\u9009\u62e9\u6211\u4eec22.webp\" alt=\"\" width=\"1000\" height=\"786\" srcset=\"https:\/\/www.dt-smart.com\/wp-content\/uploads\/2024\/08\/\u4e3a\u4ec0\u4e48\u9009\u62e9\u6211\u4eec22.webp 1000w, https:\/\/www.dt-smart.com\/wp-content\/uploads\/2024\/08\/\u4e3a\u4ec0\u4e48\u9009\u62e9\u6211\u4eec22-300x236.webp 300w, https:\/\/www.dt-smart.com\/wp-content\/uploads\/2024\/08\/\u4e3a\u4ec0\u4e48\u9009\u62e9\u6211\u4eec22-150x118.webp 150w, https:\/\/www.dt-smart.com\/wp-content\/uploads\/2024\/08\/\u4e3a\u4ec0\u4e48\u9009\u62e9\u6211\u4eec22-800x629.webp 800w, https:\/\/www.dt-smart.com\/wp-content\/uploads\/2024\/08\/\u4e3a\u4ec0\u4e48\u9009\u62e9\u6211\u4eec22-768x604.webp 768w, https:\/\/www.dt-smart.com\/wp-content\/uploads\/2024\/08\/\u4e3a\u4ec0\u4e48\u9009\u62e9\u6211\u4eec22-15x12.webp 15w\" sizes=\"(max-width: 1000px) 100vw, 1000px\" \/><\/p>","protected":false},"excerpt":{"rendered":"<p><span style=\"font-size: 10pt;\">The AMOLED screen for Samsung Galaxy A34 delivers high-quality display with vivid colors, deep blacks, and high contrast. It ensures excellent color accuracy and brightness for a more vibrant experience. The screen provides smooth and responsive touch performance, perfect for gaming and media consumption. Built to last, the screen is resistant to wear and tear from regular use. Ideal for replacing cracked or damaged screens, this part offers an affordable and effective solution for restoring the device\u2019s visual quality.<\/span><\/p>","protected":false},"featured_media":22573,"comment_status":"open","ping_status":"closed","template":"","meta":[],"product_brand":[],"product_cat":[49,1407,21],"product_tag":[],"class_list":{"0":"post-22677","1":"product","2":"type-product","3":"status-publish","4":"has-post-thumbnail","6":"product_cat-a-series","7":"product_cat-a34","8":"product_cat-samsung","10":"first","11":"instock","12":"taxable","13":"shipping-taxable","14":"purchasable","15":"product-type-variable"},"yoast_head":"<!-- This site is optimized with the Yoast SEO plugin v27.4 - https:\/\/yoast.com\/product\/yoast-seo-wordpress\/ -->\n<title>Samsung Galaxy A34 AMOLED Screen Replacement - Excellent Display Quality &amp; Long-Term Durability - Scratch &amp; Impact Resistant - Quality Guaranteed - Fast Shipping - InsurePart<\/title>\n<meta name=\"description\" content=\"Samsung Galaxy A34 AMOLED Screen Replacement - Excellent Display Quality &amp; Long-Term Durability - Scratch &amp; Impact Resistant - Quality Guaranteed - Fast Shipping\" \/>\n<meta name=\"robots\" content=\"index, follow, max-snippet:-1, max-image-preview:large, max-video-preview:-1\" \/>\n<link rel=\"canonical\" href=\"https:\/\/www.dt-smart.com\/es\/producto\/durable-amoled-screen-for-samsung-galaxy-a34-featuring-excellent-display-quality-and-long-term-durability\/\" \/>\n<meta property=\"og:locale\" content=\"es_ES\" \/>\n<meta property=\"og:type\" content=\"article\" \/>\n<meta property=\"og:title\" content=\"Samsung Galaxy A34 AMOLED Screen Replacement - Excellent Display Quality &amp; Long-Term Durability - Scratch &amp; Impact Resistant - Quality Guaranteed - Fast Shipping - InsurePart\" \/>\n<meta property=\"og:description\" content=\"Samsung Galaxy A34 AMOLED Screen Replacement - Excellent Display Quality &amp; Long-Term Durability - Scratch &amp; Impact Resistant - Quality Guaranteed - Fast Shipping\" \/>\n<meta property=\"og:url\" content=\"https:\/\/www.dt-smart.com\/es\/producto\/durable-amoled-screen-for-samsung-galaxy-a34-featuring-excellent-display-quality-and-long-term-durability\/\" \/>\n<meta property=\"og:site_name\" content=\"InsurePart\" \/>\n<meta property=\"article:publisher\" content=\"https:\/\/www.facebook.com\/anjinleeEva\" \/>\n<meta property=\"article:modified_time\" content=\"2026-01-19T06:51:54+00:00\" \/>\n<meta property=\"og:image\" content=\"https:\/\/www.dt-smart.com\/wp-content\/uploads\/2025\/08\/A34\u5355\u7247.webp\" \/>\n\t<meta property=\"og:image:width\" content=\"800\" \/>\n\t<meta property=\"og:image:height\" content=\"800\" \/>\n\t<meta property=\"og:image:type\" content=\"image\/webp\" \/>\n<meta name=\"twitter:card\" content=\"summary_large_image\" \/>\n<meta name=\"twitter:label1\" content=\"Tiempo de lectura\" \/>\n\t<meta name=\"twitter:data1\" content=\"1 minuto\" \/>\n<script type=\"application\/ld+json\" class=\"yoast-schema-graph\">{\"@context\":\"https:\\\/\\\/schema.org\",\"@graph\":[{\"@type\":\"WebPage\",\"@id\":\"https:\\\/\\\/www.dt-smart.com\\\/product\\\/durable-amoled-screen-for-samsung-galaxy-a34-featuring-excellent-display-quality-and-long-term-durability\\\/\",\"url\":\"https:\\\/\\\/www.dt-smart.com\\\/product\\\/durable-amoled-screen-for-samsung-galaxy-a34-featuring-excellent-display-quality-and-long-term-durability\\\/\",\"name\":\"Samsung Galaxy A34 AMOLED Screen Replacement - Excellent Display Quality & Long-Term Durability - Scratch & Impact Resistant - Quality Guaranteed - Fast Shipping - InsurePart\",\"isPartOf\":{\"@id\":\"https:\\\/\\\/www.dt-smart.com\\\/#website\"},\"primaryImageOfPage\":{\"@id\":\"https:\\\/\\\/www.dt-smart.com\\\/product\\\/durable-amoled-screen-for-samsung-galaxy-a34-featuring-excellent-display-quality-and-long-term-durability\\\/#primaryimage\"},\"image\":{\"@id\":\"https:\\\/\\\/www.dt-smart.com\\\/product\\\/durable-amoled-screen-for-samsung-galaxy-a34-featuring-excellent-display-quality-and-long-term-durability\\\/#primaryimage\"},\"thumbnailUrl\":\"https:\\\/\\\/www.dt-smart.com\\\/wp-content\\\/uploads\\\/2025\\\/08\\\/A34\u5355\u7247.webp\",\"datePublished\":\"2025-08-30T06:42:33+00:00\",\"dateModified\":\"2026-01-19T06:51:54+00:00\",\"description\":\"Samsung Galaxy A34 AMOLED Screen Replacement - Excellent Display Quality & Long-Term Durability - Scratch & Impact Resistant - Quality Guaranteed - Fast Shipping\",\"breadcrumb\":{\"@id\":\"https:\\\/\\\/www.dt-smart.com\\\/product\\\/durable-amoled-screen-for-samsung-galaxy-a34-featuring-excellent-display-quality-and-long-term-durability\\\/#breadcrumb\"},\"inLanguage\":\"es\",\"potentialAction\":[{\"@type\":\"ReadAction\",\"target\":[\"https:\\\/\\\/www.dt-smart.com\\\/product\\\/durable-amoled-screen-for-samsung-galaxy-a34-featuring-excellent-display-quality-and-long-term-durability\\\/\"]}]},{\"@type\":\"ImageObject\",\"inLanguage\":\"es\",\"@id\":\"https:\\\/\\\/www.dt-smart.com\\\/product\\\/durable-amoled-screen-for-samsung-galaxy-a34-featuring-excellent-display-quality-and-long-term-durability\\\/#primaryimage\",\"url\":\"https:\\\/\\\/www.dt-smart.com\\\/wp-content\\\/uploads\\\/2025\\\/08\\\/A34\u5355\u7247.webp\",\"contentUrl\":\"https:\\\/\\\/www.dt-smart.com\\\/wp-content\\\/uploads\\\/2025\\\/08\\\/A34\u5355\u7247.webp\",\"width\":800,\"height\":800},{\"@type\":\"BreadcrumbList\",\"@id\":\"https:\\\/\\\/www.dt-smart.com\\\/product\\\/durable-amoled-screen-for-samsung-galaxy-a34-featuring-excellent-display-quality-and-long-term-durability\\\/#breadcrumb\",\"itemListElement\":[{\"@type\":\"ListItem\",\"position\":1,\"name\":\"Home\",\"item\":\"https:\\\/\\\/www.dt-smart.com\\\/\"},{\"@type\":\"ListItem\",\"position\":2,\"name\":\"Product\",\"item\":\"https:\\\/\\\/www.dt-smart.com\\\/ru\\\/product\\\/\"},{\"@type\":\"ListItem\",\"position\":3,\"name\":\"Samsung Galaxy A34 AMOLED Screen Replacement &#8211; Excellent Display Quality &#038; Long-Term Durability &#8211; Scratch &#038; Impact Resistant &#8211; Quality Guaranteed &#8211; Fast Shipping\"}]},{\"@type\":\"WebSite\",\"@id\":\"https:\\\/\\\/www.dt-smart.com\\\/#website\",\"url\":\"https:\\\/\\\/www.dt-smart.com\\\/\",\"name\":\"InsurePart\",\"description\":\"Cell Phone Repair Parts; iPhone Parts Wholesale;Samsung Parts Supplier\",\"potentialAction\":[{\"@type\":\"SearchAction\",\"target\":{\"@type\":\"EntryPoint\",\"urlTemplate\":\"https:\\\/\\\/www.dt-smart.com\\\/?s={search_term_string}\"},\"query-input\":{\"@type\":\"PropertyValueSpecification\",\"valueRequired\":true,\"valueName\":\"search_term_string\"}}],\"inLanguage\":\"es\"}]}<\/script>\n<!-- \/ Yoast SEO plugin. -->","yoast_head_json":{"title":"Samsung Galaxy A34 AMOLED Screen Replacement - Excellent Display Quality & Long-Term Durability - Scratch & Impact Resistant - Quality Guaranteed - Fast Shipping - InsurePart","description":"Samsung Galaxy A34 AMOLED Screen Replacement - Excellent Display Quality & Long-Term Durability - Scratch & Impact Resistant - Quality Guaranteed - Fast Shipping","robots":{"index":"index","follow":"follow","max-snippet":"max-snippet:-1","max-image-preview":"max-image-preview:large","max-video-preview":"max-video-preview:-1"},"canonical":"https:\/\/www.dt-smart.com\/es\/producto\/durable-amoled-screen-for-samsung-galaxy-a34-featuring-excellent-display-quality-and-long-term-durability\/","og_locale":"es_ES","og_type":"article","og_title":"Samsung Galaxy A34 AMOLED Screen Replacement - Excellent Display Quality & Long-Term Durability - Scratch & Impact Resistant - Quality Guaranteed - Fast Shipping - InsurePart","og_description":"Samsung Galaxy A34 AMOLED Screen Replacement - Excellent Display Quality & Long-Term Durability - Scratch & Impact Resistant - Quality Guaranteed - Fast Shipping","og_url":"https:\/\/www.dt-smart.com\/es\/producto\/durable-amoled-screen-for-samsung-galaxy-a34-featuring-excellent-display-quality-and-long-term-durability\/","og_site_name":"InsurePart","article_publisher":"https:\/\/www.facebook.com\/anjinleeEva","article_modified_time":"2026-01-19T06:51:54+00:00","og_image":[{"width":800,"height":800,"url":"https:\/\/www.dt-smart.com\/wp-content\/uploads\/2025\/08\/A34\u5355\u7247.webp","type":"image\/webp"}],"twitter_card":"summary_large_image","twitter_misc":{"Tiempo de lectura":"1 minuto"},"schema":{"@context":"https:\/\/schema.org","@graph":[{"@type":"WebPage","@id":"https:\/\/www.dt-smart.com\/product\/durable-amoled-screen-for-samsung-galaxy-a34-featuring-excellent-display-quality-and-long-term-durability\/","url":"https:\/\/www.dt-smart.com\/product\/durable-amoled-screen-for-samsung-galaxy-a34-featuring-excellent-display-quality-and-long-term-durability\/","name":"Samsung Galaxy A34 AMOLED Screen Replacement - Excellent Display Quality & Long-Term Durability - Scratch & Impact Resistant - Quality Guaranteed - Fast Shipping - InsurePart","isPartOf":{"@id":"https:\/\/www.dt-smart.com\/#website"},"primaryImageOfPage":{"@id":"https:\/\/www.dt-smart.com\/product\/durable-amoled-screen-for-samsung-galaxy-a34-featuring-excellent-display-quality-and-long-term-durability\/#primaryimage"},"image":{"@id":"https:\/\/www.dt-smart.com\/product\/durable-amoled-screen-for-samsung-galaxy-a34-featuring-excellent-display-quality-and-long-term-durability\/#primaryimage"},"thumbnailUrl":"https:\/\/www.dt-smart.com\/wp-content\/uploads\/2025\/08\/A34\u5355\u7247.webp","datePublished":"2025-08-30T06:42:33+00:00","dateModified":"2026-01-19T06:51:54+00:00","description":"Samsung Galaxy A34 AMOLED Screen Replacement - Excellent Display Quality & Long-Term Durability - Scratch & Impact Resistant - Quality Guaranteed - Fast Shipping","breadcrumb":{"@id":"https:\/\/www.dt-smart.com\/product\/durable-amoled-screen-for-samsung-galaxy-a34-featuring-excellent-display-quality-and-long-term-durability\/#breadcrumb"},"inLanguage":"es","potentialAction":[{"@type":"ReadAction","target":["https:\/\/www.dt-smart.com\/product\/durable-amoled-screen-for-samsung-galaxy-a34-featuring-excellent-display-quality-and-long-term-durability\/"]}]},{"@type":"ImageObject","inLanguage":"es","@id":"https:\/\/www.dt-smart.com\/product\/durable-amoled-screen-for-samsung-galaxy-a34-featuring-excellent-display-quality-and-long-term-durability\/#primaryimage","url":"https:\/\/www.dt-smart.com\/wp-content\/uploads\/2025\/08\/A34\u5355\u7247.webp","contentUrl":"https:\/\/www.dt-smart.com\/wp-content\/uploads\/2025\/08\/A34\u5355\u7247.webp","width":800,"height":800},{"@type":"BreadcrumbList","@id":"https:\/\/www.dt-smart.com\/product\/durable-amoled-screen-for-samsung-galaxy-a34-featuring-excellent-display-quality-and-long-term-durability\/#breadcrumb","itemListElement":[{"@type":"ListItem","position":1,"name":"Home","item":"https:\/\/www.dt-smart.com\/"},{"@type":"ListItem","position":2,"name":"Product","item":"https:\/\/www.dt-smart.com\/ru\/product\/"},{"@type":"ListItem","position":3,"name":"Samsung Galaxy A34 AMOLED Screen Replacement &#8211; Excellent Display Quality &#038; Long-Term Durability &#8211; Scratch &#038; Impact Resistant &#8211; Quality Guaranteed &#8211; Fast Shipping"}]},{"@type":"WebSite","@id":"https:\/\/www.dt-smart.com\/#website","url":"https:\/\/www.dt-smart.com\/","name":"Asegurar parte","description":"Repuestos para celulares; Venta al por mayor de repuestos para iPhone; Proveedor de repuestos para Samsung","potentialAction":[{"@type":"SearchAction","target":{"@type":"EntryPoint","urlTemplate":"https:\/\/www.dt-smart.com\/?s={search_term_string}"},"query-input":{"@type":"PropertyValueSpecification","valueRequired":true,"valueName":"search_term_string"}}],"inLanguage":"es"}]}},"_links":{"self":[{"href":"https:\/\/www.dt-smart.com\/es\/wp-json\/wp\/v2\/product\/22677","targetHints":{"allow":["GET"]}}],"collection":[{"href":"https:\/\/www.dt-smart.com\/es\/wp-json\/wp\/v2\/product"}],"about":[{"href":"https:\/\/www.dt-smart.com\/es\/wp-json\/wp\/v2\/types\/product"}],"replies":[{"embeddable":true,"href":"https:\/\/www.dt-smart.com\/es\/wp-json\/wp\/v2\/comments?post=22677"}],"version-history":[{"count":3,"href":"https:\/\/www.dt-smart.com\/es\/wp-json\/wp\/v2\/product\/22677\/revisions"}],"predecessor-version":[{"id":24365,"href":"https:\/\/www.dt-smart.com\/es\/wp-json\/wp\/v2\/product\/22677\/revisions\/24365"}],"wp:featuredmedia":[{"embeddable":true,"href":"https:\/\/www.dt-smart.com\/es\/wp-json\/wp\/v2\/media\/22573"}],"wp:attachment":[{"href":"https:\/\/www.dt-smart.com\/es\/wp-json\/wp\/v2\/media?parent=22677"}],"wp:term":[{"taxonomy":"product_brand","embeddable":true,"href":"https:\/\/www.dt-smart.com\/es\/wp-json\/wp\/v2\/product_brand?post=22677"},{"taxonomy":"product_cat","embeddable":true,"href":"https:\/\/www.dt-smart.com\/es\/wp-json\/wp\/v2\/product_cat?post=22677"},{"taxonomy":"product_tag","embeddable":true,"href":"https:\/\/www.dt-smart.com\/es\/wp-json\/wp\/v2\/product_tag?post=22677"}],"curies":[{"name":"wp","href":"https:\/\/api.w.org\/{rel}","templated":true}]}}