{"id":22703,"date":"2025-08-30T16:18:19","date_gmt":"2025-08-30T08:18:19","guid":{"rendered":"https:\/\/www.insurepart.com\/?post_type=product&#038;p=22703"},"modified":"2026-03-04T14:29:07","modified_gmt":"2026-03-04T06:29:07","slug":"samsung-galaxy-a536-lcd-display-replacement-enhanced-resolution-stable-touch-response-long-lasting-quality-durable-build-quality-guaranteed-fast-shipping","status":"publish","type":"product","link":"https:\/\/www.dt-smart.com\/es\/producto\/samsung-galaxy-a536-lcd-display-replacement-enhanced-resolution-stable-touch-response-long-lasting-quality-durable-build-quality-guaranteed-fast-shipping\/","title":{"rendered":"Pantalla LCD de repuesto para Samsung Galaxy A536: resoluci\u00f3n mejorada y respuesta t\u00e1ctil estable, calidad duradera, construcci\u00f3n robusta, calidad garantizada y env\u00edo r\u00e1pido."},"content":{"rendered":"<p style=\"text-align: center;\"><img fetchpriority=\"high\" decoding=\"async\" class=\"alignnone size-full wp-image-15567\" src=\"https:\/\/www.insurepart.com\/wp-content\/uploads\/2024\/08\/\u4e3a\u4ec0\u4e48\u9009\u62e9\u6211\u4eec22.webp\" alt=\"\" width=\"1000\" height=\"786\" srcset=\"https:\/\/www.dt-smart.com\/wp-content\/uploads\/2024\/08\/\u4e3a\u4ec0\u4e48\u9009\u62e9\u6211\u4eec22.webp 1000w, https:\/\/www.dt-smart.com\/wp-content\/uploads\/2024\/08\/\u4e3a\u4ec0\u4e48\u9009\u62e9\u6211\u4eec22-300x236.webp 300w, https:\/\/www.dt-smart.com\/wp-content\/uploads\/2024\/08\/\u4e3a\u4ec0\u4e48\u9009\u62e9\u6211\u4eec22-150x118.webp 150w, https:\/\/www.dt-smart.com\/wp-content\/uploads\/2024\/08\/\u4e3a\u4ec0\u4e48\u9009\u62e9\u6211\u4eec22-800x629.webp 800w, https:\/\/www.dt-smart.com\/wp-content\/uploads\/2024\/08\/\u4e3a\u4ec0\u4e48\u9009\u62e9\u6211\u4eec22-768x604.webp 768w, https:\/\/www.dt-smart.com\/wp-content\/uploads\/2024\/08\/\u4e3a\u4ec0\u4e48\u9009\u62e9\u6211\u4eec22-15x12.webp 15w\" sizes=\"(max-width: 1000px) 100vw, 1000px\" \/><\/p>","protected":false},"excerpt":{"rendered":"<p><span style=\"font-size: 10pt;\">This LCD screen replacement for Samsung Galaxy A536 offers enhanced resolution with clear visuals, providing an excellent display for daily use. The touch response is stable, ensuring smooth interaction with the device. Designed to withstand daily wear, it ensures long-lasting durability. Ideal for replacing broken or cracked screens, this replacement restores the original functionality of the device.<\/span><\/p>","protected":false},"featured_media":22545,"comment_status":"open","ping_status":"closed","template":"","meta":[],"product_brand":[],"product_cat":[49,1417,21],"product_tag":[],"class_list":{"0":"post-22703","1":"product","2":"type-product","3":"status-publish","4":"has-post-thumbnail","6":"product_cat-a-series","7":"product_cat-a536","8":"product_cat-samsung","10":"first","11":"instock","12":"taxable","13":"shipping-taxable","14":"purchasable","15":"product-type-variable"},"yoast_head":"<!-- This site is optimized with the Yoast SEO plugin v27.4 - https:\/\/yoast.com\/product\/yoast-seo-wordpress\/ -->\n<title>Samsung Galaxy A536 LCD Display Replacement - Enhanced Resolution &amp; Stable Touch Response - Long-Lasting Quality - Durable Build - Quality Guaranteed - Fast Shipping - InsurePart<\/title>\n<meta name=\"description\" content=\"Samsung Galaxy A536 LCD Display Replacement - Enhanced Resolution &amp; Stable Touch Response - Long-Lasting Quality - Durable Build - Quality Guaranteed - Fast Shipping\" \/>\n<meta name=\"robots\" content=\"index, follow, max-snippet:-1, max-image-preview:large, max-video-preview:-1\" \/>\n<link rel=\"canonical\" href=\"https:\/\/www.dt-smart.com\/es\/producto\/samsung-galaxy-a536-lcd-display-replacement-enhanced-resolution-stable-touch-response-long-lasting-quality-durable-build-quality-guaranteed-fast-shipping\/\" \/>\n<meta property=\"og:locale\" content=\"es_ES\" \/>\n<meta property=\"og:type\" content=\"article\" \/>\n<meta property=\"og:title\" content=\"Samsung Galaxy A536 LCD Display Replacement - Enhanced Resolution &amp; Stable Touch Response - Long-Lasting Quality - Durable Build - Quality Guaranteed - Fast Shipping - InsurePart\" \/>\n<meta property=\"og:description\" content=\"Samsung Galaxy A536 LCD Display Replacement - Enhanced Resolution &amp; Stable Touch Response - Long-Lasting Quality - Durable Build - Quality Guaranteed - Fast Shipping\" \/>\n<meta property=\"og:url\" content=\"https:\/\/www.dt-smart.com\/es\/producto\/samsung-galaxy-a536-lcd-display-replacement-enhanced-resolution-stable-touch-response-long-lasting-quality-durable-build-quality-guaranteed-fast-shipping\/\" \/>\n<meta property=\"og:site_name\" content=\"InsurePart\" \/>\n<meta property=\"article:publisher\" content=\"https:\/\/www.facebook.com\/anjinleeEva\" \/>\n<meta property=\"article:modified_time\" content=\"2026-03-04T06:29:07+00:00\" \/>\n<meta property=\"og:image\" content=\"https:\/\/www.dt-smart.com\/wp-content\/uploads\/2025\/08\/A536\u5e26\u6846.webp\" \/>\n\t<meta property=\"og:image:width\" content=\"800\" \/>\n\t<meta property=\"og:image:height\" content=\"800\" \/>\n\t<meta property=\"og:image:type\" content=\"image\/webp\" \/>\n<meta name=\"twitter:card\" content=\"summary_large_image\" \/>\n<meta name=\"twitter:label1\" content=\"Tiempo de lectura\" \/>\n\t<meta name=\"twitter:data1\" content=\"1 minuto\" \/>\n<script type=\"application\/ld+json\" class=\"yoast-schema-graph\">{\"@context\":\"https:\\\/\\\/schema.org\",\"@graph\":[{\"@type\":\"WebPage\",\"@id\":\"https:\\\/\\\/www.dt-smart.com\\\/product\\\/samsung-galaxy-a536-lcd-display-replacement-enhanced-resolution-stable-touch-response-long-lasting-quality-durable-build-quality-guaranteed-fast-shipping\\\/\",\"url\":\"https:\\\/\\\/www.dt-smart.com\\\/product\\\/samsung-galaxy-a536-lcd-display-replacement-enhanced-resolution-stable-touch-response-long-lasting-quality-durable-build-quality-guaranteed-fast-shipping\\\/\",\"name\":\"Samsung Galaxy A536 LCD Display Replacement - Enhanced Resolution & Stable Touch Response - Long-Lasting Quality - Durable Build - Quality Guaranteed - Fast Shipping - InsurePart\",\"isPartOf\":{\"@id\":\"https:\\\/\\\/www.dt-smart.com\\\/#website\"},\"primaryImageOfPage\":{\"@id\":\"https:\\\/\\\/www.dt-smart.com\\\/product\\\/samsung-galaxy-a536-lcd-display-replacement-enhanced-resolution-stable-touch-response-long-lasting-quality-durable-build-quality-guaranteed-fast-shipping\\\/#primaryimage\"},\"image\":{\"@id\":\"https:\\\/\\\/www.dt-smart.com\\\/product\\\/samsung-galaxy-a536-lcd-display-replacement-enhanced-resolution-stable-touch-response-long-lasting-quality-durable-build-quality-guaranteed-fast-shipping\\\/#primaryimage\"},\"thumbnailUrl\":\"https:\\\/\\\/www.dt-smart.com\\\/wp-content\\\/uploads\\\/2025\\\/08\\\/A536\u5e26\u6846.webp\",\"datePublished\":\"2025-08-30T08:18:19+00:00\",\"dateModified\":\"2026-03-04T06:29:07+00:00\",\"description\":\"Samsung Galaxy A536 LCD Display Replacement - Enhanced Resolution & Stable Touch Response - Long-Lasting Quality - Durable Build - Quality Guaranteed - Fast Shipping\",\"breadcrumb\":{\"@id\":\"https:\\\/\\\/www.dt-smart.com\\\/product\\\/samsung-galaxy-a536-lcd-display-replacement-enhanced-resolution-stable-touch-response-long-lasting-quality-durable-build-quality-guaranteed-fast-shipping\\\/#breadcrumb\"},\"inLanguage\":\"es\",\"potentialAction\":[{\"@type\":\"ReadAction\",\"target\":[\"https:\\\/\\\/www.dt-smart.com\\\/product\\\/samsung-galaxy-a536-lcd-display-replacement-enhanced-resolution-stable-touch-response-long-lasting-quality-durable-build-quality-guaranteed-fast-shipping\\\/\"]}]},{\"@type\":\"ImageObject\",\"inLanguage\":\"es\",\"@id\":\"https:\\\/\\\/www.dt-smart.com\\\/product\\\/samsung-galaxy-a536-lcd-display-replacement-enhanced-resolution-stable-touch-response-long-lasting-quality-durable-build-quality-guaranteed-fast-shipping\\\/#primaryimage\",\"url\":\"https:\\\/\\\/www.dt-smart.com\\\/wp-content\\\/uploads\\\/2025\\\/08\\\/A536\u5e26\u6846.webp\",\"contentUrl\":\"https:\\\/\\\/www.dt-smart.com\\\/wp-content\\\/uploads\\\/2025\\\/08\\\/A536\u5e26\u6846.webp\",\"width\":800,\"height\":800},{\"@type\":\"BreadcrumbList\",\"@id\":\"https:\\\/\\\/www.dt-smart.com\\\/product\\\/samsung-galaxy-a536-lcd-display-replacement-enhanced-resolution-stable-touch-response-long-lasting-quality-durable-build-quality-guaranteed-fast-shipping\\\/#breadcrumb\",\"itemListElement\":[{\"@type\":\"ListItem\",\"position\":1,\"name\":\"Home\",\"item\":\"https:\\\/\\\/www.dt-smart.com\\\/\"},{\"@type\":\"ListItem\",\"position\":2,\"name\":\"Product\",\"item\":\"https:\\\/\\\/www.dt-smart.com\\\/ru\\\/product\\\/\"},{\"@type\":\"ListItem\",\"position\":3,\"name\":\"Samsung Galaxy A536 LCD Display Replacement &#8211; Enhanced Resolution &#038; Stable Touch Response &#8211; Long-Lasting Quality &#8211; Durable Build &#8211; Quality Guaranteed &#8211; Fast Shipping\"}]},{\"@type\":\"WebSite\",\"@id\":\"https:\\\/\\\/www.dt-smart.com\\\/#website\",\"url\":\"https:\\\/\\\/www.dt-smart.com\\\/\",\"name\":\"InsurePart\",\"description\":\"Cell Phone Repair Parts; iPhone Parts Wholesale;Samsung Parts Supplier\",\"potentialAction\":[{\"@type\":\"SearchAction\",\"target\":{\"@type\":\"EntryPoint\",\"urlTemplate\":\"https:\\\/\\\/www.dt-smart.com\\\/?s={search_term_string}\"},\"query-input\":{\"@type\":\"PropertyValueSpecification\",\"valueRequired\":true,\"valueName\":\"search_term_string\"}}],\"inLanguage\":\"es\"}]}<\/script>\n<!-- \/ Yoast SEO plugin. -->","yoast_head_json":{"title":"Samsung Galaxy A536 LCD Display Replacement - Enhanced Resolution & Stable Touch Response - Long-Lasting Quality - Durable Build - Quality Guaranteed - Fast Shipping - InsurePart","description":"Samsung Galaxy A536 LCD Display Replacement - Enhanced Resolution & Stable Touch Response - Long-Lasting Quality - Durable Build - Quality Guaranteed - Fast Shipping","robots":{"index":"index","follow":"follow","max-snippet":"max-snippet:-1","max-image-preview":"max-image-preview:large","max-video-preview":"max-video-preview:-1"},"canonical":"https:\/\/www.dt-smart.com\/es\/producto\/samsung-galaxy-a536-lcd-display-replacement-enhanced-resolution-stable-touch-response-long-lasting-quality-durable-build-quality-guaranteed-fast-shipping\/","og_locale":"es_ES","og_type":"article","og_title":"Samsung Galaxy A536 LCD Display Replacement - Enhanced Resolution & Stable Touch Response - Long-Lasting Quality - Durable Build - Quality Guaranteed - Fast Shipping - InsurePart","og_description":"Samsung Galaxy A536 LCD Display Replacement - Enhanced Resolution & Stable Touch Response - Long-Lasting Quality - Durable Build - Quality Guaranteed - Fast Shipping","og_url":"https:\/\/www.dt-smart.com\/es\/producto\/samsung-galaxy-a536-lcd-display-replacement-enhanced-resolution-stable-touch-response-long-lasting-quality-durable-build-quality-guaranteed-fast-shipping\/","og_site_name":"InsurePart","article_publisher":"https:\/\/www.facebook.com\/anjinleeEva","article_modified_time":"2026-03-04T06:29:07+00:00","og_image":[{"width":800,"height":800,"url":"https:\/\/www.dt-smart.com\/wp-content\/uploads\/2025\/08\/A536\u5e26\u6846.webp","type":"image\/webp"}],"twitter_card":"summary_large_image","twitter_misc":{"Tiempo de lectura":"1 minuto"},"schema":{"@context":"https:\/\/schema.org","@graph":[{"@type":"WebPage","@id":"https:\/\/www.dt-smart.com\/product\/samsung-galaxy-a536-lcd-display-replacement-enhanced-resolution-stable-touch-response-long-lasting-quality-durable-build-quality-guaranteed-fast-shipping\/","url":"https:\/\/www.dt-smart.com\/product\/samsung-galaxy-a536-lcd-display-replacement-enhanced-resolution-stable-touch-response-long-lasting-quality-durable-build-quality-guaranteed-fast-shipping\/","name":"Samsung Galaxy A536 LCD Display Replacement - Enhanced Resolution & Stable Touch Response - Long-Lasting Quality - Durable Build - Quality Guaranteed - Fast Shipping - InsurePart","isPartOf":{"@id":"https:\/\/www.dt-smart.com\/#website"},"primaryImageOfPage":{"@id":"https:\/\/www.dt-smart.com\/product\/samsung-galaxy-a536-lcd-display-replacement-enhanced-resolution-stable-touch-response-long-lasting-quality-durable-build-quality-guaranteed-fast-shipping\/#primaryimage"},"image":{"@id":"https:\/\/www.dt-smart.com\/product\/samsung-galaxy-a536-lcd-display-replacement-enhanced-resolution-stable-touch-response-long-lasting-quality-durable-build-quality-guaranteed-fast-shipping\/#primaryimage"},"thumbnailUrl":"https:\/\/www.dt-smart.com\/wp-content\/uploads\/2025\/08\/A536\u5e26\u6846.webp","datePublished":"2025-08-30T08:18:19+00:00","dateModified":"2026-03-04T06:29:07+00:00","description":"Samsung Galaxy A536 LCD Display Replacement - Enhanced Resolution & Stable Touch Response - Long-Lasting Quality - Durable Build - Quality Guaranteed - Fast Shipping","breadcrumb":{"@id":"https:\/\/www.dt-smart.com\/product\/samsung-galaxy-a536-lcd-display-replacement-enhanced-resolution-stable-touch-response-long-lasting-quality-durable-build-quality-guaranteed-fast-shipping\/#breadcrumb"},"inLanguage":"es","potentialAction":[{"@type":"ReadAction","target":["https:\/\/www.dt-smart.com\/product\/samsung-galaxy-a536-lcd-display-replacement-enhanced-resolution-stable-touch-response-long-lasting-quality-durable-build-quality-guaranteed-fast-shipping\/"]}]},{"@type":"ImageObject","inLanguage":"es","@id":"https:\/\/www.dt-smart.com\/product\/samsung-galaxy-a536-lcd-display-replacement-enhanced-resolution-stable-touch-response-long-lasting-quality-durable-build-quality-guaranteed-fast-shipping\/#primaryimage","url":"https:\/\/www.dt-smart.com\/wp-content\/uploads\/2025\/08\/A536\u5e26\u6846.webp","contentUrl":"https:\/\/www.dt-smart.com\/wp-content\/uploads\/2025\/08\/A536\u5e26\u6846.webp","width":800,"height":800},{"@type":"BreadcrumbList","@id":"https:\/\/www.dt-smart.com\/product\/samsung-galaxy-a536-lcd-display-replacement-enhanced-resolution-stable-touch-response-long-lasting-quality-durable-build-quality-guaranteed-fast-shipping\/#breadcrumb","itemListElement":[{"@type":"ListItem","position":1,"name":"Home","item":"https:\/\/www.dt-smart.com\/"},{"@type":"ListItem","position":2,"name":"Product","item":"https:\/\/www.dt-smart.com\/ru\/product\/"},{"@type":"ListItem","position":3,"name":"Samsung Galaxy A536 LCD Display Replacement &#8211; Enhanced Resolution &#038; Stable Touch Response &#8211; Long-Lasting Quality &#8211; Durable Build &#8211; Quality Guaranteed &#8211; Fast Shipping"}]},{"@type":"WebSite","@id":"https:\/\/www.dt-smart.com\/#website","url":"https:\/\/www.dt-smart.com\/","name":"Asegurar parte","description":"Repuestos para celulares; Venta al por mayor de repuestos para iPhone; Proveedor de repuestos para Samsung","potentialAction":[{"@type":"SearchAction","target":{"@type":"EntryPoint","urlTemplate":"https:\/\/www.dt-smart.com\/?s={search_term_string}"},"query-input":{"@type":"PropertyValueSpecification","valueRequired":true,"valueName":"search_term_string"}}],"inLanguage":"es"}]}},"_links":{"self":[{"href":"https:\/\/www.dt-smart.com\/es\/wp-json\/wp\/v2\/product\/22703","targetHints":{"allow":["GET"]}}],"collection":[{"href":"https:\/\/www.dt-smart.com\/es\/wp-json\/wp\/v2\/product"}],"about":[{"href":"https:\/\/www.dt-smart.com\/es\/wp-json\/wp\/v2\/types\/product"}],"replies":[{"embeddable":true,"href":"https:\/\/www.dt-smart.com\/es\/wp-json\/wp\/v2\/comments?post=22703"}],"version-history":[{"count":3,"href":"https:\/\/www.dt-smart.com\/es\/wp-json\/wp\/v2\/product\/22703\/revisions"}],"predecessor-version":[{"id":24355,"href":"https:\/\/www.dt-smart.com\/es\/wp-json\/wp\/v2\/product\/22703\/revisions\/24355"}],"wp:featuredmedia":[{"embeddable":true,"href":"https:\/\/www.dt-smart.com\/es\/wp-json\/wp\/v2\/media\/22545"}],"wp:attachment":[{"href":"https:\/\/www.dt-smart.com\/es\/wp-json\/wp\/v2\/media?parent=22703"}],"wp:term":[{"taxonomy":"product_brand","embeddable":true,"href":"https:\/\/www.dt-smart.com\/es\/wp-json\/wp\/v2\/product_brand?post=22703"},{"taxonomy":"product_cat","embeddable":true,"href":"https:\/\/www.dt-smart.com\/es\/wp-json\/wp\/v2\/product_cat?post=22703"},{"taxonomy":"product_tag","embeddable":true,"href":"https:\/\/www.dt-smart.com\/es\/wp-json\/wp\/v2\/product_tag?post=22703"}],"curies":[{"name":"wp","href":"https:\/\/api.w.org\/{rel}","templated":true}]}}