{"id":23029,"date":"2025-12-11T11:28:16","date_gmt":"2025-12-11T03:28:16","guid":{"rendered":"https:\/\/www.insurepart.com\/?post_type=product&#038;p=23029"},"modified":"2025-12-16T15:19:12","modified_gmt":"2025-12-16T07:19:12","slug":"iphone-17-advanced-super-retina-display-featuring-a-6-7-inch-enhanced-oled-with-promotion-120hz-intelligent-always-on-hdr10-dolby-vision-2800-nit-brightness-and-ceramic-shield-for-a-superior","status":"publish","type":"product","link":"https:\/\/www.dt-smart.com\/es\/producto\/iphone-17-advanced-super-retina-display-featuring-a-6-7-inch-enhanced-oled-with-promotion-120hz-intelligent-always-on-hdr10-dolby-vision-2800-nit-brightness-and-ceramic-shield-for-a-superior\/","title":{"rendered":"Pantalla Super Retina avanzada del iPhone 17: cuenta con una pantalla OLED mejorada de 6,7 pulgadas con ProMotion (120 Hz), Intelligent Always-On, HDR10+, Dolby Vision, brillo de 2800 nits y Ceramic Shield para una experiencia de visualizaci\u00f3n superior, duradera y completa."},"content":{"rendered":"<p style=\"text-align: center;\"><img fetchpriority=\"high\" decoding=\"async\" class=\"alignnone size-full wp-image-15567\" src=\"https:\/\/www.insurepart.com\/wp-content\/uploads\/2024\/08\/\u4e3a\u4ec0\u4e48\u9009\u62e9\u6211\u4eec22.webp\" alt=\"\" width=\"1000\" height=\"786\" srcset=\"https:\/\/www.dt-smart.com\/wp-content\/uploads\/2024\/08\/\u4e3a\u4ec0\u4e48\u9009\u62e9\u6211\u4eec22.webp 1000w, https:\/\/www.dt-smart.com\/wp-content\/uploads\/2024\/08\/\u4e3a\u4ec0\u4e48\u9009\u62e9\u6211\u4eec22-300x236.webp 300w, https:\/\/www.dt-smart.com\/wp-content\/uploads\/2024\/08\/\u4e3a\u4ec0\u4e48\u9009\u62e9\u6211\u4eec22-150x118.webp 150w, https:\/\/www.dt-smart.com\/wp-content\/uploads\/2024\/08\/\u4e3a\u4ec0\u4e48\u9009\u62e9\u6211\u4eec22-800x629.webp 800w, https:\/\/www.dt-smart.com\/wp-content\/uploads\/2024\/08\/\u4e3a\u4ec0\u4e48\u9009\u62e9\u6211\u4eec22-768x604.webp 768w, https:\/\/www.dt-smart.com\/wp-content\/uploads\/2024\/08\/\u4e3a\u4ec0\u4e48\u9009\u62e9\u6211\u4eec22-15x12.webp 15w\" sizes=\"(max-width: 1000px) 100vw, 1000px\" \/><\/p>","protected":false},"excerpt":{"rendered":"<p>La pantalla del iPhone 17 ofrece una experiencia visual completa de gama alta. Su panel OLED mejorado de 6,7 pulgadas ofrece colores vibrantes y una nitidez excepcional. La tecnolog\u00eda ProMotion proporciona una frecuencia de actualizaci\u00f3n adaptativa fluida de 120 Hz para interacciones sin interrupciones, mientras que la pantalla siempre activa inteligente muestra la informaci\u00f3n clave de forma eficiente. Para disfrutar de contenido de alto rango din\u00e1mico (HDR) impresionante, es compatible con HDR10+ y Dolby Vision, alcanzando un brillo m\u00e1ximo de 2800 nits para obtener reflejos y contraste brillantes. La \u00faltima cubierta frontal Ceramic Shield garantiza su durabilidad, mejorando su resistencia a las ca\u00eddas. La gesti\u00f3n de color mejorada y la tecnolog\u00eda True Tone trabajan juntas para ofrecer colores precisos y de aspecto natural que se adaptan a la iluminaci\u00f3n ambiental. Esta vers\u00e1til pantalla destaca en todos los usos, desde la reproducci\u00f3n de v\u00eddeo en streaming y los juegos hasta la productividad y la navegaci\u00f3n, convirti\u00e9ndose en el elemento central fiable y de alto rendimiento de la experiencia principal del iPhone 17, dise\u00f1ado para durar.<\/p>","protected":false},"featured_media":23024,"comment_status":"open","ping_status":"closed","template":"","meta":[],"product_brand":[],"product_cat":[466,42,1423],"product_tag":[],"class_list":{"0":"post-23029","1":"product","2":"type-product","3":"status-publish","4":"has-post-thumbnail","6":"product_cat-all-iphone-lcds","7":"product_cat-iphone","8":"product_cat-iphone-17","10":"first","11":"instock","12":"taxable","13":"shipping-taxable","14":"purchasable","15":"product-type-simple"},"yoast_head":"<!-- This site is optimized with the Yoast SEO plugin v27.4 - https:\/\/yoast.com\/product\/yoast-seo-wordpress\/ -->\n<title>iPhone 17 Advanced Super Retina Display: Featuring a 6.7-inch Enhanced OLED with ProMotion (120Hz), Intelligent Always-On, HDR10+, Dolby Vision, 2800-nit Brightness, and Ceramic Shield for a Superior, Durable All-Round Viewing Experience. - InsurePart<\/title>\n<meta name=\"description\" content=\"iPhone 17 Advanced Super Retina Display: Featuring a 6.7-inch Enhanced OLED with ProMotion (120Hz), Intelligent Always-On, HDR10+, Dolby Vision, 2800-nit Brightness, and Ceramic Shield for a Superior, Durable All-Round Viewing Experience.\" \/>\n<meta name=\"robots\" content=\"index, follow, max-snippet:-1, max-image-preview:large, max-video-preview:-1\" \/>\n<link rel=\"canonical\" href=\"https:\/\/www.dt-smart.com\/es\/producto\/iphone-17-advanced-super-retina-display-featuring-a-6-7-inch-enhanced-oled-with-promotion-120hz-intelligent-always-on-hdr10-dolby-vision-2800-nit-brightness-and-ceramic-shield-for-a-superior\/\" \/>\n<meta property=\"og:locale\" content=\"es_ES\" \/>\n<meta property=\"og:type\" content=\"article\" \/>\n<meta property=\"og:title\" content=\"iPhone 17 Advanced Super Retina Display: Featuring a 6.7-inch Enhanced OLED with ProMotion (120Hz), Intelligent Always-On, HDR10+, Dolby Vision, 2800-nit Brightness, and Ceramic Shield for a Superior, Durable All-Round Viewing Experience. - InsurePart\" \/>\n<meta property=\"og:description\" content=\"iPhone 17 Advanced Super Retina Display: Featuring a 6.7-inch Enhanced OLED with ProMotion (120Hz), Intelligent Always-On, HDR10+, Dolby Vision, 2800-nit Brightness, and Ceramic Shield for a Superior, Durable All-Round Viewing Experience.\" \/>\n<meta property=\"og:url\" content=\"https:\/\/www.dt-smart.com\/es\/producto\/iphone-17-advanced-super-retina-display-featuring-a-6-7-inch-enhanced-oled-with-promotion-120hz-intelligent-always-on-hdr10-dolby-vision-2800-nit-brightness-and-ceramic-shield-for-a-superior\/\" \/>\n<meta property=\"og:site_name\" content=\"InsurePart\" \/>\n<meta property=\"article:publisher\" content=\"https:\/\/www.facebook.com\/anjinleeEva\" \/>\n<meta property=\"article:modified_time\" content=\"2025-12-16T07:19:12+00:00\" \/>\n<meta property=\"og:image\" content=\"https:\/\/www.dt-smart.com\/wp-content\/uploads\/2025\/12\/17.webp\" \/>\n\t<meta property=\"og:image:width\" content=\"800\" \/>\n\t<meta property=\"og:image:height\" content=\"800\" \/>\n\t<meta property=\"og:image:type\" content=\"image\/webp\" \/>\n<meta name=\"twitter:card\" content=\"summary_large_image\" \/>\n<meta name=\"twitter:label1\" content=\"Tiempo de lectura\" \/>\n\t<meta name=\"twitter:data1\" content=\"1 minuto\" \/>\n<script type=\"application\/ld+json\" class=\"yoast-schema-graph\">{\"@context\":\"https:\\\/\\\/schema.org\",\"@graph\":[{\"@type\":\"WebPage\",\"@id\":\"https:\\\/\\\/www.dt-smart.com\\\/ja\\\/product\\\/iphone-17-advanced-super-retina-display-featuring-a-6-7-inch-enhanced-oled-with-promotion-120hz-intelligent-always-on-hdr10-dolby-vision-2800-nit-brightness-and-ceramic-shield-for-a-superior\\\/\",\"url\":\"https:\\\/\\\/www.dt-smart.com\\\/ja\\\/product\\\/iphone-17-advanced-super-retina-display-featuring-a-6-7-inch-enhanced-oled-with-promotion-120hz-intelligent-always-on-hdr10-dolby-vision-2800-nit-brightness-and-ceramic-shield-for-a-superior\\\/\",\"name\":\"iPhone 17 Advanced Super Retina Display: Featuring a 6.7-inch Enhanced OLED with ProMotion (120Hz), Intelligent Always-On, HDR10+, Dolby Vision, 2800-nit Brightness, and Ceramic Shield for a Superior, Durable All-Round Viewing Experience. - InsurePart\",\"isPartOf\":{\"@id\":\"https:\\\/\\\/www.dt-smart.com\\\/#website\"},\"primaryImageOfPage\":{\"@id\":\"https:\\\/\\\/www.dt-smart.com\\\/ja\\\/product\\\/iphone-17-advanced-super-retina-display-featuring-a-6-7-inch-enhanced-oled-with-promotion-120hz-intelligent-always-on-hdr10-dolby-vision-2800-nit-brightness-and-ceramic-shield-for-a-superior\\\/#primaryimage\"},\"image\":{\"@id\":\"https:\\\/\\\/www.dt-smart.com\\\/ja\\\/product\\\/iphone-17-advanced-super-retina-display-featuring-a-6-7-inch-enhanced-oled-with-promotion-120hz-intelligent-always-on-hdr10-dolby-vision-2800-nit-brightness-and-ceramic-shield-for-a-superior\\\/#primaryimage\"},\"thumbnailUrl\":\"https:\\\/\\\/www.dt-smart.com\\\/wp-content\\\/uploads\\\/2025\\\/12\\\/17.webp\",\"datePublished\":\"2025-12-11T03:28:16+00:00\",\"dateModified\":\"2025-12-16T07:19:12+00:00\",\"description\":\"iPhone 17 Advanced Super Retina Display: Featuring a 6.7-inch Enhanced OLED with ProMotion (120Hz), Intelligent Always-On, HDR10+, Dolby Vision, 2800-nit Brightness, and Ceramic Shield for a Superior, Durable All-Round Viewing Experience.\",\"breadcrumb\":{\"@id\":\"https:\\\/\\\/www.dt-smart.com\\\/ja\\\/product\\\/iphone-17-advanced-super-retina-display-featuring-a-6-7-inch-enhanced-oled-with-promotion-120hz-intelligent-always-on-hdr10-dolby-vision-2800-nit-brightness-and-ceramic-shield-for-a-superior\\\/#breadcrumb\"},\"inLanguage\":\"es\",\"potentialAction\":[{\"@type\":\"ReadAction\",\"target\":[\"https:\\\/\\\/www.dt-smart.com\\\/ja\\\/product\\\/iphone-17-advanced-super-retina-display-featuring-a-6-7-inch-enhanced-oled-with-promotion-120hz-intelligent-always-on-hdr10-dolby-vision-2800-nit-brightness-and-ceramic-shield-for-a-superior\\\/\"]}]},{\"@type\":\"ImageObject\",\"inLanguage\":\"es\",\"@id\":\"https:\\\/\\\/www.dt-smart.com\\\/ja\\\/product\\\/iphone-17-advanced-super-retina-display-featuring-a-6-7-inch-enhanced-oled-with-promotion-120hz-intelligent-always-on-hdr10-dolby-vision-2800-nit-brightness-and-ceramic-shield-for-a-superior\\\/#primaryimage\",\"url\":\"https:\\\/\\\/www.dt-smart.com\\\/wp-content\\\/uploads\\\/2025\\\/12\\\/17.webp\",\"contentUrl\":\"https:\\\/\\\/www.dt-smart.com\\\/wp-content\\\/uploads\\\/2025\\\/12\\\/17.webp\",\"width\":800,\"height\":800},{\"@type\":\"BreadcrumbList\",\"@id\":\"https:\\\/\\\/www.dt-smart.com\\\/ja\\\/product\\\/iphone-17-advanced-super-retina-display-featuring-a-6-7-inch-enhanced-oled-with-promotion-120hz-intelligent-always-on-hdr10-dolby-vision-2800-nit-brightness-and-ceramic-shield-for-a-superior\\\/#breadcrumb\",\"itemListElement\":[{\"@type\":\"ListItem\",\"position\":1,\"name\":\"Home\",\"item\":\"https:\\\/\\\/www.dt-smart.com\\\/\"},{\"@type\":\"ListItem\",\"position\":2,\"name\":\"Product\",\"item\":\"https:\\\/\\\/www.dt-smart.com\\\/ru\\\/product\\\/\"},{\"@type\":\"ListItem\",\"position\":3,\"name\":\"iPhone 17 Advanced Super Retina Display: Featuring a 6.7-inch Enhanced OLED with ProMotion (120Hz), Intelligent Always-On, HDR10+, Dolby Vision, 2800-nit Brightness, and Ceramic Shield for a Superior, Durable All-Round Viewing Experience.\"}]},{\"@type\":\"WebSite\",\"@id\":\"https:\\\/\\\/www.dt-smart.com\\\/#website\",\"url\":\"https:\\\/\\\/www.dt-smart.com\\\/\",\"name\":\"InsurePart\",\"description\":\"Cell Phone Repair Parts; iPhone Parts Wholesale;Samsung Parts Supplier\",\"potentialAction\":[{\"@type\":\"SearchAction\",\"target\":{\"@type\":\"EntryPoint\",\"urlTemplate\":\"https:\\\/\\\/www.dt-smart.com\\\/?s={search_term_string}\"},\"query-input\":{\"@type\":\"PropertyValueSpecification\",\"valueRequired\":true,\"valueName\":\"search_term_string\"}}],\"inLanguage\":\"es\"}]}<\/script>\n<!-- \/ Yoast SEO plugin. -->","yoast_head_json":{"title":"iPhone 17 Advanced Super Retina Display: Featuring a 6.7-inch Enhanced OLED with ProMotion (120Hz), Intelligent Always-On, HDR10+, Dolby Vision, 2800-nit Brightness, and Ceramic Shield for a Superior, Durable All-Round Viewing Experience. - InsurePart","description":"Pantalla Super Retina avanzada del iPhone 17: cuenta con una pantalla OLED mejorada de 6,7 pulgadas con ProMotion (120 Hz), Intelligent Always-On, HDR10+, Dolby Vision, brillo de 2800 nits y Ceramic Shield para una experiencia de visualizaci\u00f3n superior, duradera y completa.","robots":{"index":"index","follow":"follow","max-snippet":"max-snippet:-1","max-image-preview":"max-image-preview:large","max-video-preview":"max-video-preview:-1"},"canonical":"https:\/\/www.dt-smart.com\/es\/producto\/iphone-17-advanced-super-retina-display-featuring-a-6-7-inch-enhanced-oled-with-promotion-120hz-intelligent-always-on-hdr10-dolby-vision-2800-nit-brightness-and-ceramic-shield-for-a-superior\/","og_locale":"es_ES","og_type":"article","og_title":"iPhone 17 Advanced Super Retina Display: Featuring a 6.7-inch Enhanced OLED with ProMotion (120Hz), Intelligent Always-On, HDR10+, Dolby Vision, 2800-nit Brightness, and Ceramic Shield for a Superior, Durable All-Round Viewing Experience. - InsurePart","og_description":"iPhone 17 Advanced Super Retina Display: Featuring a 6.7-inch Enhanced OLED with ProMotion (120Hz), Intelligent Always-On, HDR10+, Dolby Vision, 2800-nit Brightness, and Ceramic Shield for a Superior, Durable All-Round Viewing Experience.","og_url":"https:\/\/www.dt-smart.com\/es\/producto\/iphone-17-advanced-super-retina-display-featuring-a-6-7-inch-enhanced-oled-with-promotion-120hz-intelligent-always-on-hdr10-dolby-vision-2800-nit-brightness-and-ceramic-shield-for-a-superior\/","og_site_name":"InsurePart","article_publisher":"https:\/\/www.facebook.com\/anjinleeEva","article_modified_time":"2025-12-16T07:19:12+00:00","og_image":[{"width":800,"height":800,"url":"https:\/\/www.dt-smart.com\/wp-content\/uploads\/2025\/12\/17.webp","type":"image\/webp"}],"twitter_card":"summary_large_image","twitter_misc":{"Tiempo de lectura":"1 minuto"},"schema":{"@context":"https:\/\/schema.org","@graph":[{"@type":"WebPage","@id":"https:\/\/www.dt-smart.com\/ja\/product\/iphone-17-advanced-super-retina-display-featuring-a-6-7-inch-enhanced-oled-with-promotion-120hz-intelligent-always-on-hdr10-dolby-vision-2800-nit-brightness-and-ceramic-shield-for-a-superior\/","url":"https:\/\/www.dt-smart.com\/ja\/product\/iphone-17-advanced-super-retina-display-featuring-a-6-7-inch-enhanced-oled-with-promotion-120hz-intelligent-always-on-hdr10-dolby-vision-2800-nit-brightness-and-ceramic-shield-for-a-superior\/","name":"iPhone 17 Advanced Super Retina Display: Featuring a 6.7-inch Enhanced OLED with ProMotion (120Hz), Intelligent Always-On, HDR10+, Dolby Vision, 2800-nit Brightness, and Ceramic Shield for a Superior, Durable All-Round Viewing Experience. - InsurePart","isPartOf":{"@id":"https:\/\/www.dt-smart.com\/#website"},"primaryImageOfPage":{"@id":"https:\/\/www.dt-smart.com\/ja\/product\/iphone-17-advanced-super-retina-display-featuring-a-6-7-inch-enhanced-oled-with-promotion-120hz-intelligent-always-on-hdr10-dolby-vision-2800-nit-brightness-and-ceramic-shield-for-a-superior\/#primaryimage"},"image":{"@id":"https:\/\/www.dt-smart.com\/ja\/product\/iphone-17-advanced-super-retina-display-featuring-a-6-7-inch-enhanced-oled-with-promotion-120hz-intelligent-always-on-hdr10-dolby-vision-2800-nit-brightness-and-ceramic-shield-for-a-superior\/#primaryimage"},"thumbnailUrl":"https:\/\/www.dt-smart.com\/wp-content\/uploads\/2025\/12\/17.webp","datePublished":"2025-12-11T03:28:16+00:00","dateModified":"2025-12-16T07:19:12+00:00","description":"Pantalla Super Retina avanzada del iPhone 17: cuenta con una pantalla OLED mejorada de 6,7 pulgadas con ProMotion (120 Hz), Intelligent Always-On, HDR10+, Dolby Vision, brillo de 2800 nits y Ceramic Shield para una experiencia de visualizaci\u00f3n superior, duradera y completa.","breadcrumb":{"@id":"https:\/\/www.dt-smart.com\/ja\/product\/iphone-17-advanced-super-retina-display-featuring-a-6-7-inch-enhanced-oled-with-promotion-120hz-intelligent-always-on-hdr10-dolby-vision-2800-nit-brightness-and-ceramic-shield-for-a-superior\/#breadcrumb"},"inLanguage":"es","potentialAction":[{"@type":"ReadAction","target":["https:\/\/www.dt-smart.com\/ja\/product\/iphone-17-advanced-super-retina-display-featuring-a-6-7-inch-enhanced-oled-with-promotion-120hz-intelligent-always-on-hdr10-dolby-vision-2800-nit-brightness-and-ceramic-shield-for-a-superior\/"]}]},{"@type":"ImageObject","inLanguage":"es","@id":"https:\/\/www.dt-smart.com\/ja\/product\/iphone-17-advanced-super-retina-display-featuring-a-6-7-inch-enhanced-oled-with-promotion-120hz-intelligent-always-on-hdr10-dolby-vision-2800-nit-brightness-and-ceramic-shield-for-a-superior\/#primaryimage","url":"https:\/\/www.dt-smart.com\/wp-content\/uploads\/2025\/12\/17.webp","contentUrl":"https:\/\/www.dt-smart.com\/wp-content\/uploads\/2025\/12\/17.webp","width":800,"height":800},{"@type":"BreadcrumbList","@id":"https:\/\/www.dt-smart.com\/ja\/product\/iphone-17-advanced-super-retina-display-featuring-a-6-7-inch-enhanced-oled-with-promotion-120hz-intelligent-always-on-hdr10-dolby-vision-2800-nit-brightness-and-ceramic-shield-for-a-superior\/#breadcrumb","itemListElement":[{"@type":"ListItem","position":1,"name":"Home","item":"https:\/\/www.dt-smart.com\/"},{"@type":"ListItem","position":2,"name":"Product","item":"https:\/\/www.dt-smart.com\/ru\/product\/"},{"@type":"ListItem","position":3,"name":"iPhone 17 Advanced Super Retina Display: Featuring a 6.7-inch Enhanced OLED with ProMotion (120Hz), Intelligent Always-On, HDR10+, Dolby Vision, 2800-nit Brightness, and Ceramic Shield for a Superior, Durable All-Round Viewing Experience."}]},{"@type":"WebSite","@id":"https:\/\/www.dt-smart.com\/#website","url":"https:\/\/www.dt-smart.com\/","name":"Asegurar parte","description":"Repuestos para celulares; Venta al por mayor de repuestos para iPhone; Proveedor de repuestos para Samsung","potentialAction":[{"@type":"SearchAction","target":{"@type":"EntryPoint","urlTemplate":"https:\/\/www.dt-smart.com\/?s={search_term_string}"},"query-input":{"@type":"PropertyValueSpecification","valueRequired":true,"valueName":"search_term_string"}}],"inLanguage":"es"}]}},"_links":{"self":[{"href":"https:\/\/www.dt-smart.com\/es\/wp-json\/wp\/v2\/product\/23029","targetHints":{"allow":["GET"]}}],"collection":[{"href":"https:\/\/www.dt-smart.com\/es\/wp-json\/wp\/v2\/product"}],"about":[{"href":"https:\/\/www.dt-smart.com\/es\/wp-json\/wp\/v2\/types\/product"}],"replies":[{"embeddable":true,"href":"https:\/\/www.dt-smart.com\/es\/wp-json\/wp\/v2\/comments?post=23029"}],"version-history":[{"count":1,"href":"https:\/\/www.dt-smart.com\/es\/wp-json\/wp\/v2\/product\/23029\/revisions"}],"predecessor-version":[{"id":23032,"href":"https:\/\/www.dt-smart.com\/es\/wp-json\/wp\/v2\/product\/23029\/revisions\/23032"}],"wp:featuredmedia":[{"embeddable":true,"href":"https:\/\/www.dt-smart.com\/es\/wp-json\/wp\/v2\/media\/23024"}],"wp:attachment":[{"href":"https:\/\/www.dt-smart.com\/es\/wp-json\/wp\/v2\/media?parent=23029"}],"wp:term":[{"taxonomy":"product_brand","embeddable":true,"href":"https:\/\/www.dt-smart.com\/es\/wp-json\/wp\/v2\/product_brand?post=23029"},{"taxonomy":"product_cat","embeddable":true,"href":"https:\/\/www.dt-smart.com\/es\/wp-json\/wp\/v2\/product_cat?post=23029"},{"taxonomy":"product_tag","embeddable":true,"href":"https:\/\/www.dt-smart.com\/es\/wp-json\/wp\/v2\/product_tag?post=23029"}],"curies":[{"name":"wp","href":"https:\/\/api.w.org\/{rel}","templated":true}]}}