{"id":2627,"date":"2023-10-28T16:50:50","date_gmt":"2023-10-28T08:50:50","guid":{"rendered":"https:\/\/dt-smart.com\/?post_type=product&#038;p=2627"},"modified":"2026-03-06T14:44:17","modified_gmt":"2026-03-06T06:44:17","slug":"for-iphone-14-pro-battery","status":"publish","type":"product","link":"https:\/\/www.dt-smart.com\/es\/producto\/for-iphone-14-pro-battery\/","title":{"rendered":"Bater\u00eda para iPhone 14: Rendimiento confiable (RC A+ y grado de diagn\u00f3stico), alta capacidad y larga duraci\u00f3n, calidad OEM, env\u00edo r\u00e1pido."},"content":{"rendered":"<p><img fetchpriority=\"high\" decoding=\"async\" class=\"aligncenter size-full wp-image-4153\" src=\"https:\/\/dt-smart.com\/wp-content\/uploads\/2023\/11\/\u672a\u6807\u9898-2_01.jpg\" alt=\"\" width=\"1000\" height=\"1015\" srcset=\"https:\/\/www.dt-smart.com\/wp-content\/uploads\/2023\/11\/\u672a\u6807\u9898-2_01.jpg 1000w, https:\/\/www.dt-smart.com\/wp-content\/uploads\/2023\/11\/\u672a\u6807\u9898-2_01-300x305.jpg 300w, https:\/\/www.dt-smart.com\/wp-content\/uploads\/2023\/11\/\u672a\u6807\u9898-2_01-150x152.jpg 150w, https:\/\/www.dt-smart.com\/wp-content\/uploads\/2023\/11\/\u672a\u6807\u9898-2_01-800x812.jpg 800w, https:\/\/www.dt-smart.com\/wp-content\/uploads\/2023\/11\/\u672a\u6807\u9898-2_01-296x300.jpg 296w, https:\/\/www.dt-smart.com\/wp-content\/uploads\/2023\/11\/\u672a\u6807\u9898-2_01-768x780.jpg 768w, https:\/\/www.dt-smart.com\/wp-content\/uploads\/2023\/11\/\u672a\u6807\u9898-2_01-12x12.jpg 12w\" sizes=\"(max-width: 1000px) 100vw, 1000px\" \/> <img decoding=\"async\" class=\"aligncenter size-full wp-image-4147\" src=\"https:\/\/dt-smart.com\/wp-content\/uploads\/2023\/11\/\u672a\u6807\u9898-2_02.jpg\" alt=\"\" width=\"1000\" height=\"998\" srcset=\"https:\/\/www.dt-smart.com\/wp-content\/uploads\/2023\/11\/\u672a\u6807\u9898-2_02.jpg 1000w, https:\/\/www.dt-smart.com\/wp-content\/uploads\/2023\/11\/\u672a\u6807\u9898-2_02-300x300.jpg 300w, https:\/\/www.dt-smart.com\/wp-content\/uploads\/2023\/11\/\u672a\u6807\u9898-2_02-150x150.jpg 150w, https:\/\/www.dt-smart.com\/wp-content\/uploads\/2023\/11\/\u672a\u6807\u9898-2_02-800x798.jpg 800w, https:\/\/www.dt-smart.com\/wp-content\/uploads\/2023\/11\/\u672a\u6807\u9898-2_02-768x766.jpg 768w, https:\/\/www.dt-smart.com\/wp-content\/uploads\/2023\/11\/\u672a\u6807\u9898-2_02-12x12.jpg 12w, https:\/\/www.dt-smart.com\/wp-content\/uploads\/2023\/11\/\u672a\u6807\u9898-2_02-600x600.jpg 600w\" sizes=\"(max-width: 1000px) 100vw, 1000px\" \/> <img decoding=\"async\" class=\"aligncenter size-full wp-image-4148\" src=\"https:\/\/dt-smart.com\/wp-content\/uploads\/2023\/11\/\u672a\u6807\u9898-2_03.jpg\" alt=\"\" width=\"1000\" height=\"1052\" srcset=\"https:\/\/www.dt-smart.com\/wp-content\/uploads\/2023\/11\/\u672a\u6807\u9898-2_03.jpg 1000w, https:\/\/www.dt-smart.com\/wp-content\/uploads\/2023\/11\/\u672a\u6807\u9898-2_03-300x316.jpg 300w, https:\/\/www.dt-smart.com\/wp-content\/uploads\/2023\/11\/\u672a\u6807\u9898-2_03-150x158.jpg 150w, https:\/\/www.dt-smart.com\/wp-content\/uploads\/2023\/11\/\u672a\u6807\u9898-2_03-800x842.jpg 800w, https:\/\/www.dt-smart.com\/wp-content\/uploads\/2023\/11\/\u672a\u6807\u9898-2_03-285x300.jpg 285w, https:\/\/www.dt-smart.com\/wp-content\/uploads\/2023\/11\/\u672a\u6807\u9898-2_03-973x1024.jpg 973w, https:\/\/www.dt-smart.com\/wp-content\/uploads\/2023\/11\/\u672a\u6807\u9898-2_03-768x808.jpg 768w, https:\/\/www.dt-smart.com\/wp-content\/uploads\/2023\/11\/\u672a\u6807\u9898-2_03-11x12.jpg 11w\" sizes=\"(max-width: 1000px) 100vw, 1000px\" \/> <img loading=\"lazy\" decoding=\"async\" class=\"aligncenter size-full wp-image-4149\" src=\"https:\/\/dt-smart.com\/wp-content\/uploads\/2023\/11\/\u672a\u6807\u9898-2_04.jpg\" alt=\"\" width=\"1000\" height=\"887\" srcset=\"https:\/\/www.dt-smart.com\/wp-content\/uploads\/2023\/11\/\u672a\u6807\u9898-2_04.jpg 1000w, https:\/\/www.dt-smart.com\/wp-content\/uploads\/2023\/11\/\u672a\u6807\u9898-2_04-300x266.jpg 300w, https:\/\/www.dt-smart.com\/wp-content\/uploads\/2023\/11\/\u672a\u6807\u9898-2_04-150x133.jpg 150w, https:\/\/www.dt-smart.com\/wp-content\/uploads\/2023\/11\/\u672a\u6807\u9898-2_04-800x710.jpg 800w, https:\/\/www.dt-smart.com\/wp-content\/uploads\/2023\/11\/\u672a\u6807\u9898-2_04-768x681.jpg 768w, https:\/\/www.dt-smart.com\/wp-content\/uploads\/2023\/11\/\u672a\u6807\u9898-2_04-14x12.jpg 14w\" sizes=\"(max-width: 1000px) 100vw, 1000px\" \/> <img loading=\"lazy\" decoding=\"async\" class=\"aligncenter size-full wp-image-4150\" src=\"https:\/\/dt-smart.com\/wp-content\/uploads\/2023\/11\/\u672a\u6807\u9898-2_05.jpg\" alt=\"\" width=\"1000\" height=\"973\" srcset=\"https:\/\/www.dt-smart.com\/wp-content\/uploads\/2023\/11\/\u672a\u6807\u9898-2_05.jpg 1000w, https:\/\/www.dt-smart.com\/wp-content\/uploads\/2023\/11\/\u672a\u6807\u9898-2_05-300x292.jpg 300w, https:\/\/www.dt-smart.com\/wp-content\/uploads\/2023\/11\/\u672a\u6807\u9898-2_05-150x146.jpg 150w, https:\/\/www.dt-smart.com\/wp-content\/uploads\/2023\/11\/\u672a\u6807\u9898-2_05-800x778.jpg 800w, https:\/\/www.dt-smart.com\/wp-content\/uploads\/2023\/11\/\u672a\u6807\u9898-2_05-768x747.jpg 768w, https:\/\/www.dt-smart.com\/wp-content\/uploads\/2023\/11\/\u672a\u6807\u9898-2_05-12x12.jpg 12w\" sizes=\"(max-width: 1000px) 100vw, 1000px\" \/> <img loading=\"lazy\" decoding=\"async\" class=\"aligncenter size-full wp-image-4151\" src=\"https:\/\/dt-smart.com\/wp-content\/uploads\/2023\/11\/\u672a\u6807\u9898-2_06.jpg\" alt=\"\" width=\"1000\" height=\"906\" srcset=\"https:\/\/www.dt-smart.com\/wp-content\/uploads\/2023\/11\/\u672a\u6807\u9898-2_06.jpg 1000w, https:\/\/www.dt-smart.com\/wp-content\/uploads\/2023\/11\/\u672a\u6807\u9898-2_06-300x272.jpg 300w, https:\/\/www.dt-smart.com\/wp-content\/uploads\/2023\/11\/\u672a\u6807\u9898-2_06-150x136.jpg 150w, https:\/\/www.dt-smart.com\/wp-content\/uploads\/2023\/11\/\u672a\u6807\u9898-2_06-800x725.jpg 800w, https:\/\/www.dt-smart.com\/wp-content\/uploads\/2023\/11\/\u672a\u6807\u9898-2_06-768x696.jpg 768w, https:\/\/www.dt-smart.com\/wp-content\/uploads\/2023\/11\/\u672a\u6807\u9898-2_06-13x12.jpg 13w\" sizes=\"(max-width: 1000px) 100vw, 1000px\" \/> <img loading=\"lazy\" decoding=\"async\" class=\"aligncenter size-full wp-image-4152\" src=\"https:\/\/dt-smart.com\/wp-content\/uploads\/2023\/11\/\u672a\u6807\u9898-2_07.jpg\" alt=\"\" width=\"1000\" height=\"1009\" srcset=\"https:\/\/www.dt-smart.com\/wp-content\/uploads\/2023\/11\/\u672a\u6807\u9898-2_07.jpg 1000w, https:\/\/www.dt-smart.com\/wp-content\/uploads\/2023\/11\/\u672a\u6807\u9898-2_07-300x303.jpg 300w, https:\/\/www.dt-smart.com\/wp-content\/uploads\/2023\/11\/\u672a\u6807\u9898-2_07-150x150.jpg 150w, https:\/\/www.dt-smart.com\/wp-content\/uploads\/2023\/11\/\u672a\u6807\u9898-2_07-800x807.jpg 800w, https:\/\/www.dt-smart.com\/wp-content\/uploads\/2023\/11\/\u672a\u6807\u9898-2_07-297x300.jpg 297w, https:\/\/www.dt-smart.com\/wp-content\/uploads\/2023\/11\/\u672a\u6807\u9898-2_07-768x775.jpg 768w, https:\/\/www.dt-smart.com\/wp-content\/uploads\/2023\/11\/\u672a\u6807\u9898-2_07-12x12.jpg 12w\" sizes=\"(max-width: 1000px) 100vw, 1000px\" \/><\/p>","protected":false},"excerpt":{"rendered":"<p><span style=\"font-family: arial, helvetica, sans-serif; font-size: 8pt;\">Unmatched Safety: Your safety is our top priority. DT-Smart batteries are meticulously engineered for <\/span><span style=\"font-family: arial, helvetica, sans-serif; font-size: 8pt;\">confiabilidad y son resistentes a la hinchaz\u00f3n y los riesgos de incendio, lo que garantiza una carga sin preocupaciones en todo momento.<\/span><br \/>\n<span style=\"font-family: arial, helvetica, sans-serif; font-size: 8pt;\">Excelencia Ecol\u00f3gica: \u00danase al movimiento de sostenibilidad con nuestras bater\u00edas respetuosas con el medio ambiente. Reduzca los residuos y contribuya a un mundo m\u00e1s verde con nuestras soluciones energ\u00e9ticas ecol\u00f3gicas.<\/span><br \/>\n<span style=\"font-family: arial, helvetica, sans-serif; font-size: 8pt;\">Durabilidad excepcional: Dise\u00f1adas para una larga vida \u00fatil, las bater\u00edas DT-Smart est\u00e1n dise\u00f1adas para resistir el paso del tiempo. Olv\u00eddese de los reemplazos frecuentes y disfrute de un rendimiento y una resistencia duraderos.<\/span><br \/>\n<span style=\"font-family: arial, helvetica, sans-serif; font-size: 8pt;\">Degradaci\u00f3n m\u00ednima de la bater\u00eda: experimente un desgaste m\u00ednimo de la bater\u00eda a lo largo del tiempo, lo que garantiza una energ\u00eda constante y confiable, incluso despu\u00e9s de innumerables ciclos de carga.<\/span><br \/>\n<span style=\"font-family: arial, helvetica, sans-serif; font-size: 8pt;\">Baja emisi\u00f3n de calor: nuestra tecnolog\u00eda de vanguardia reduce la producci\u00f3n de calor durante la carga, lo que evita el sobrecalentamiento y mejora la seguridad general de su dispositivo.<\/span><br \/>\n<span style=\"font-family: arial, helvetica, sans-serif; font-size: 8pt;\">Rendimiento inigualable: disfrute de un rendimiento superior con las bater\u00edas DT-Smart, que brindan energ\u00eda confiable y eficiente d\u00eda tras d\u00eda, lo que le permite aprovechar al m\u00e1ximo su iPhone.<\/span><br \/>\n<span style=\"font-family: arial, helvetica, sans-serif; font-size: 8pt;\">Instalaci\u00f3n sencilla: Reemplazar la bater\u00eda de tu iPhone ahora es facil\u00edsimo. Con nuestras gu\u00edas intuitivas, puedes cambiar f\u00e1cilmente tu bater\u00eda vieja por una DT-Smart, ahorrando tiempo y esfuerzo.<\/span><\/p>","protected":false},"featured_media":2130,"comment_status":"open","ping_status":"closed","template":"","meta":[],"product_brand":[],"product_cat":[25,521,57],"product_tag":[],"class_list":{"0":"post-2627","1":"product","2":"type-product","3":"status-publish","4":"has-post-thumbnail","6":"product_cat-battery","7":"product_cat-iphone-apple-battery","8":"product_cat-iphone-14-pro","10":"first","11":"instock","12":"taxable","13":"shipping-taxable","14":"purchasable","15":"product-type-variable"},"yoast_head":"<!-- This site is optimized with the Yoast SEO plugin v27.5 - https:\/\/yoast.com\/product\/yoast-seo-wordpress\/ -->\n<title>iPhone 14 Battery - Reliable Performance (RC A+ &amp; Diagnore Grade) - High Capacity &amp; Long-Lasting - OEM Quality - Fast Shipping - InsurePart<\/title>\n<meta name=\"description\" content=\"iPhone 14 Battery - Reliable Performance (RC A+ &amp; Diagnore Grade) - High Capacity &amp; Long-Lasting - OEM Quality - Fast Shipping\" \/>\n<meta name=\"robots\" content=\"index, follow, max-snippet:-1, max-image-preview:large, max-video-preview:-1\" \/>\n<link rel=\"canonical\" href=\"https:\/\/www.dt-smart.com\/es\/producto\/for-iphone-14-pro-battery\/\" \/>\n<meta property=\"og:locale\" content=\"es_ES\" \/>\n<meta property=\"og:type\" content=\"article\" \/>\n<meta property=\"og:title\" content=\"iPhone 14 Battery - Reliable Performance (RC A+ &amp; Diagnore Grade) - High Capacity &amp; Long-Lasting - OEM Quality - Fast Shipping - InsurePart\" \/>\n<meta property=\"og:description\" content=\"iPhone 14 Battery - Reliable Performance (RC A+ &amp; Diagnore Grade) - High Capacity &amp; Long-Lasting - OEM Quality - Fast Shipping\" \/>\n<meta property=\"og:url\" content=\"https:\/\/www.dt-smart.com\/es\/producto\/for-iphone-14-pro-battery\/\" \/>\n<meta property=\"og:site_name\" content=\"InsurePart\" \/>\n<meta property=\"article:publisher\" content=\"https:\/\/www.facebook.com\/anjinleeEva\" \/>\n<meta property=\"article:modified_time\" content=\"2026-03-06T06:44:17+00:00\" \/>\n<meta property=\"og:image\" content=\"https:\/\/www.dt-smart.com\/wp-content\/uploads\/2023\/10\/2-1.jpg\" \/>\n\t<meta property=\"og:image:width\" content=\"2000\" \/>\n\t<meta property=\"og:image:height\" content=\"2000\" \/>\n\t<meta property=\"og:image:type\" content=\"image\/jpeg\" \/>\n<meta name=\"twitter:card\" content=\"summary_large_image\" \/>\n<meta name=\"twitter:label1\" content=\"Tiempo de lectura\" \/>\n\t<meta name=\"twitter:data1\" content=\"2 minutos\" \/>\n<script type=\"application\/ld+json\" class=\"yoast-schema-graph\">{\"@context\":\"https:\\\/\\\/schema.org\",\"@graph\":[{\"@type\":\"WebPage\",\"@id\":\"https:\\\/\\\/www.dt-smart.com\\\/product\\\/for-iphone-14-pro-battery\\\/\",\"url\":\"https:\\\/\\\/www.dt-smart.com\\\/product\\\/for-iphone-14-pro-battery\\\/\",\"name\":\"iPhone 14 Battery - Reliable Performance (RC A+ & Diagnore Grade) - High Capacity & Long-Lasting - OEM Quality - Fast Shipping - InsurePart\",\"isPartOf\":{\"@id\":\"https:\\\/\\\/www.dt-smart.com\\\/#website\"},\"primaryImageOfPage\":{\"@id\":\"https:\\\/\\\/www.dt-smart.com\\\/product\\\/for-iphone-14-pro-battery\\\/#primaryimage\"},\"image\":{\"@id\":\"https:\\\/\\\/www.dt-smart.com\\\/product\\\/for-iphone-14-pro-battery\\\/#primaryimage\"},\"thumbnailUrl\":\"https:\\\/\\\/www.dt-smart.com\\\/wp-content\\\/uploads\\\/2023\\\/10\\\/2-1.jpg\",\"datePublished\":\"2023-10-28T08:50:50+00:00\",\"dateModified\":\"2026-03-06T06:44:17+00:00\",\"description\":\"iPhone 14 Battery - Reliable Performance (RC A+ & Diagnore Grade) - High Capacity & Long-Lasting - OEM Quality - Fast Shipping\",\"breadcrumb\":{\"@id\":\"https:\\\/\\\/www.dt-smart.com\\\/product\\\/for-iphone-14-pro-battery\\\/#breadcrumb\"},\"inLanguage\":\"es\",\"potentialAction\":[{\"@type\":\"ReadAction\",\"target\":[\"https:\\\/\\\/www.dt-smart.com\\\/product\\\/for-iphone-14-pro-battery\\\/\"]}]},{\"@type\":\"ImageObject\",\"inLanguage\":\"es\",\"@id\":\"https:\\\/\\\/www.dt-smart.com\\\/product\\\/for-iphone-14-pro-battery\\\/#primaryimage\",\"url\":\"https:\\\/\\\/www.dt-smart.com\\\/wp-content\\\/uploads\\\/2023\\\/10\\\/2-1.jpg\",\"contentUrl\":\"https:\\\/\\\/www.dt-smart.com\\\/wp-content\\\/uploads\\\/2023\\\/10\\\/2-1.jpg\",\"width\":2000,\"height\":2000},{\"@type\":\"BreadcrumbList\",\"@id\":\"https:\\\/\\\/www.dt-smart.com\\\/product\\\/for-iphone-14-pro-battery\\\/#breadcrumb\",\"itemListElement\":[{\"@type\":\"ListItem\",\"position\":1,\"name\":\"Home\",\"item\":\"https:\\\/\\\/www.dt-smart.com\\\/\"},{\"@type\":\"ListItem\",\"position\":2,\"name\":\"Product\",\"item\":\"https:\\\/\\\/www.dt-smart.com\\\/ru\\\/product\\\/\"},{\"@type\":\"ListItem\",\"position\":3,\"name\":\"iPhone 14 Battery &#8211; Reliable Performance (RC A+ &#038; Diagnore Grade) &#8211; High Capacity &#038; Long-Lasting &#8211; OEM Quality &#8211; Fast Shipping\"}]},{\"@type\":\"WebSite\",\"@id\":\"https:\\\/\\\/www.dt-smart.com\\\/#website\",\"url\":\"https:\\\/\\\/www.dt-smart.com\\\/\",\"name\":\"InsurePart\",\"description\":\"Cell Phone Repair Parts; iPhone Parts Wholesale;Samsung Parts Supplier\",\"potentialAction\":[{\"@type\":\"SearchAction\",\"target\":{\"@type\":\"EntryPoint\",\"urlTemplate\":\"https:\\\/\\\/www.dt-smart.com\\\/?s={search_term_string}\"},\"query-input\":{\"@type\":\"PropertyValueSpecification\",\"valueRequired\":true,\"valueName\":\"search_term_string\"}}],\"inLanguage\":\"es\"}]}<\/script>\n<!-- \/ Yoast SEO plugin. -->","yoast_head_json":{"title":"iPhone 14 Battery - Reliable Performance (RC A+ & Diagnore Grade) - High Capacity & Long-Lasting - OEM Quality - Fast Shipping - InsurePart","description":"Bater\u00eda para iPhone 14 - Rendimiento confiable (RC A+ y grado de diagn\u00f3stico) - Alta capacidad y larga duraci\u00f3n - Calidad OEM - Env\u00edo r\u00e1pido","robots":{"index":"index","follow":"follow","max-snippet":"max-snippet:-1","max-image-preview":"max-image-preview:large","max-video-preview":"max-video-preview:-1"},"canonical":"https:\/\/www.dt-smart.com\/es\/producto\/for-iphone-14-pro-battery\/","og_locale":"es_ES","og_type":"article","og_title":"iPhone 14 Battery - Reliable Performance (RC A+ & Diagnore Grade) - High Capacity & Long-Lasting - OEM Quality - Fast Shipping - InsurePart","og_description":"iPhone 14 Battery - Reliable Performance (RC A+ & Diagnore Grade) - High Capacity & Long-Lasting - OEM Quality - Fast Shipping","og_url":"https:\/\/www.dt-smart.com\/es\/producto\/for-iphone-14-pro-battery\/","og_site_name":"InsurePart","article_publisher":"https:\/\/www.facebook.com\/anjinleeEva","article_modified_time":"2026-03-06T06:44:17+00:00","og_image":[{"width":2000,"height":2000,"url":"https:\/\/www.dt-smart.com\/wp-content\/uploads\/2023\/10\/2-1.jpg","type":"image\/jpeg"}],"twitter_card":"summary_large_image","twitter_misc":{"Tiempo de lectura":"2 minutos"},"schema":{"@context":"https:\/\/schema.org","@graph":[{"@type":"WebPage","@id":"https:\/\/www.dt-smart.com\/product\/for-iphone-14-pro-battery\/","url":"https:\/\/www.dt-smart.com\/product\/for-iphone-14-pro-battery\/","name":"iPhone 14 Battery - Reliable Performance (RC A+ & Diagnore Grade) - High Capacity & Long-Lasting - OEM Quality - Fast Shipping - InsurePart","isPartOf":{"@id":"https:\/\/www.dt-smart.com\/#website"},"primaryImageOfPage":{"@id":"https:\/\/www.dt-smart.com\/product\/for-iphone-14-pro-battery\/#primaryimage"},"image":{"@id":"https:\/\/www.dt-smart.com\/product\/for-iphone-14-pro-battery\/#primaryimage"},"thumbnailUrl":"https:\/\/www.dt-smart.com\/wp-content\/uploads\/2023\/10\/2-1.jpg","datePublished":"2023-10-28T08:50:50+00:00","dateModified":"2026-03-06T06:44:17+00:00","description":"Bater\u00eda para iPhone 14 - Rendimiento confiable (RC A+ y grado de diagn\u00f3stico) - Alta capacidad y larga duraci\u00f3n - Calidad OEM - Env\u00edo r\u00e1pido","breadcrumb":{"@id":"https:\/\/www.dt-smart.com\/product\/for-iphone-14-pro-battery\/#breadcrumb"},"inLanguage":"es","potentialAction":[{"@type":"ReadAction","target":["https:\/\/www.dt-smart.com\/product\/for-iphone-14-pro-battery\/"]}]},{"@type":"ImageObject","inLanguage":"es","@id":"https:\/\/www.dt-smart.com\/product\/for-iphone-14-pro-battery\/#primaryimage","url":"https:\/\/www.dt-smart.com\/wp-content\/uploads\/2023\/10\/2-1.jpg","contentUrl":"https:\/\/www.dt-smart.com\/wp-content\/uploads\/2023\/10\/2-1.jpg","width":2000,"height":2000},{"@type":"BreadcrumbList","@id":"https:\/\/www.dt-smart.com\/product\/for-iphone-14-pro-battery\/#breadcrumb","itemListElement":[{"@type":"ListItem","position":1,"name":"Home","item":"https:\/\/www.dt-smart.com\/"},{"@type":"ListItem","position":2,"name":"Product","item":"https:\/\/www.dt-smart.com\/ru\/product\/"},{"@type":"ListItem","position":3,"name":"iPhone 14 Battery &#8211; Reliable Performance (RC A+ &#038; Diagnore Grade) &#8211; High Capacity &#038; Long-Lasting &#8211; OEM Quality &#8211; Fast Shipping"}]},{"@type":"WebSite","@id":"https:\/\/www.dt-smart.com\/#website","url":"https:\/\/www.dt-smart.com\/","name":"Asegurar parte","description":"Repuestos para celulares; Venta al por mayor de repuestos para iPhone; Proveedor de repuestos para Samsung","potentialAction":[{"@type":"SearchAction","target":{"@type":"EntryPoint","urlTemplate":"https:\/\/www.dt-smart.com\/?s={search_term_string}"},"query-input":{"@type":"PropertyValueSpecification","valueRequired":true,"valueName":"search_term_string"}}],"inLanguage":"es"}]}},"_links":{"self":[{"href":"https:\/\/www.dt-smart.com\/es\/wp-json\/wp\/v2\/product\/2627","targetHints":{"allow":["GET"]}}],"collection":[{"href":"https:\/\/www.dt-smart.com\/es\/wp-json\/wp\/v2\/product"}],"about":[{"href":"https:\/\/www.dt-smart.com\/es\/wp-json\/wp\/v2\/types\/product"}],"replies":[{"embeddable":true,"href":"https:\/\/www.dt-smart.com\/es\/wp-json\/wp\/v2\/comments?post=2627"}],"version-history":[{"count":6,"href":"https:\/\/www.dt-smart.com\/es\/wp-json\/wp\/v2\/product\/2627\/revisions"}],"predecessor-version":[{"id":23887,"href":"https:\/\/www.dt-smart.com\/es\/wp-json\/wp\/v2\/product\/2627\/revisions\/23887"}],"wp:featuredmedia":[{"embeddable":true,"href":"https:\/\/www.dt-smart.com\/es\/wp-json\/wp\/v2\/media\/2130"}],"wp:attachment":[{"href":"https:\/\/www.dt-smart.com\/es\/wp-json\/wp\/v2\/media?parent=2627"}],"wp:term":[{"taxonomy":"product_brand","embeddable":true,"href":"https:\/\/www.dt-smart.com\/es\/wp-json\/wp\/v2\/product_brand?post=2627"},{"taxonomy":"product_cat","embeddable":true,"href":"https:\/\/www.dt-smart.com\/es\/wp-json\/wp\/v2\/product_cat?post=2627"},{"taxonomy":"product_tag","embeddable":true,"href":"https:\/\/www.dt-smart.com\/es\/wp-json\/wp\/v2\/product_tag?post=2627"}],"curies":[{"name":"wp","href":"https:\/\/api.w.org\/{rel}","templated":true}]}}