{"id":344,"date":"2023-11-01T08:55:34","date_gmt":"2023-11-01T00:55:34","guid":{"rendered":"https:\/\/dt-smart.com\/?post_type=product&#038;p=344"},"modified":"2026-01-16T10:38:47","modified_gmt":"2026-01-16T02:38:47","slug":"lcd-assembly-compatible-for-iphone-xs","status":"publish","type":"product","link":"https:\/\/www.dt-smart.com\/es\/producto\/lcd-assembly-compatible-for-iphone-xs\/","title":{"rendered":"Reemplazo de pantalla LCD para iPhone XS: alto brillo, amplia gama de colores t\u00e1ctil, calidad profesional, env\u00edo r\u00e1pido."},"content":{"rendered":"<p style=\"text-align: center;\"><img fetchpriority=\"high\" decoding=\"async\" class=\"alignnone wp-image-15799\" src=\"https:\/\/insurepart.com\/wp-content\/uploads\/2024\/09\/XS-scaled.webp\" alt=\"\" width=\"1000\" height=\"1120\" srcset=\"https:\/\/www.dt-smart.com\/wp-content\/uploads\/2024\/09\/XS-scaled.webp 2286w, https:\/\/www.dt-smart.com\/wp-content\/uploads\/2024\/09\/XS-scaled-300x336.webp 300w, https:\/\/www.dt-smart.com\/wp-content\/uploads\/2024\/09\/XS-scaled-150x168.webp 150w, https:\/\/www.dt-smart.com\/wp-content\/uploads\/2024\/09\/XS-scaled-800x896.webp 800w, https:\/\/www.dt-smart.com\/wp-content\/uploads\/2024\/09\/XS-268x300.webp 268w, https:\/\/www.dt-smart.com\/wp-content\/uploads\/2024\/09\/XS-914x1024.webp 914w, https:\/\/www.dt-smart.com\/wp-content\/uploads\/2024\/09\/XS-768x860.webp 768w, https:\/\/www.dt-smart.com\/wp-content\/uploads\/2024\/09\/XS-1371x1536.webp 1371w, https:\/\/www.dt-smart.com\/wp-content\/uploads\/2024\/09\/XS-1829x2048.webp 1829w, https:\/\/www.dt-smart.com\/wp-content\/uploads\/2024\/09\/XS-11x12.webp 11w, https:\/\/www.dt-smart.com\/wp-content\/uploads\/2024\/09\/XS-1320x1478.webp 1320w\" sizes=\"(max-width: 1000px) 100vw, 1000px\" \/><\/p>\n<p><img decoding=\"async\" class=\"size-full wp-image-15567 aligncenter\" src=\"https:\/\/insurepart.com\/wp-content\/uploads\/2024\/08\/\u4e3a\u4ec0\u4e48\u9009\u62e9\u6211\u4eec22.webp\" alt=\"\" width=\"1000\" height=\"786\" srcset=\"https:\/\/www.dt-smart.com\/wp-content\/uploads\/2024\/08\/\u4e3a\u4ec0\u4e48\u9009\u62e9\u6211\u4eec22.webp 1000w, https:\/\/www.dt-smart.com\/wp-content\/uploads\/2024\/08\/\u4e3a\u4ec0\u4e48\u9009\u62e9\u6211\u4eec22-300x236.webp 300w, https:\/\/www.dt-smart.com\/wp-content\/uploads\/2024\/08\/\u4e3a\u4ec0\u4e48\u9009\u62e9\u6211\u4eec22-150x118.webp 150w, https:\/\/www.dt-smart.com\/wp-content\/uploads\/2024\/08\/\u4e3a\u4ec0\u4e48\u9009\u62e9\u6211\u4eec22-800x629.webp 800w, https:\/\/www.dt-smart.com\/wp-content\/uploads\/2024\/08\/\u4e3a\u4ec0\u4e48\u9009\u62e9\u6211\u4eec22-768x604.webp 768w, https:\/\/www.dt-smart.com\/wp-content\/uploads\/2024\/08\/\u4e3a\u4ec0\u4e48\u9009\u62e9\u6211\u4eec22-15x12.webp 15w\" sizes=\"(max-width: 1000px) 100vw, 1000px\" \/><\/p>","protected":false},"excerpt":{"rendered":"<p><span style=\"font-family: arial, helvetica, sans-serif;\"><span style=\"font-size: 8pt;\">ACTUALIZACI\u00d3N DE RENDIMIENTO: Experimente un rendimiento de tel\u00e9fono inteligente sin precedentes con los componentes de pantalla premium de DT-Smart. Hemos elevado el list\u00f3n de las pantallas de alta calidad, mejorado la experiencia de la pantalla y establecido el est\u00e1ndar para la perfecci\u00f3n de la pantalla.<\/span><\/span><br \/>\n<span style=\"font-family: arial, helvetica, sans-serif; font-size: 8pt;\">Alta resoluci\u00f3n n\u00edtida: Experimente el mundo con detalles vibrantes con nuestra pantalla n\u00edtida de alta resoluci\u00f3n. Las pantallas DT-Smart dan vida a su contenido con precisi\u00f3n y brillo.<\/span><br \/>\n<span style=\"font-family: arial, helvetica, sans-serif; font-size: 8pt;\">Fabricadas en vidrio s\u00f3lido y duradero: olv\u00eddate de ara\u00f1azos y roturas. Nuestras pantallas est\u00e1n reforzadas con vidrio resistente para una mayor durabilidad.<\/span><br \/>\n<span style=\"font-family: arial, helvetica, sans-serif; font-size: 8pt;\">Sensibilidad inigualable: Descubre la magia de la respuesta t\u00e1ctil instant\u00e1nea. La pantalla DT-Smart est\u00e1 dise\u00f1ada para una interacci\u00f3n fluida, garantizando que cada toque y deslizamiento se sienta natural y fluido.<\/span><br \/>\n<span style=\"font-family: arial, helvetica, sans-serif; font-size: 8pt;\">Resistente al aceite y a las huellas dactilares: Mant\u00e9n la pantalla impecable con nuestra pantalla resistente al aceite y a las huellas dactilares. Olv\u00eddate de las manchas y mant\u00e9n tu pantalla limpia y n\u00edtida.<\/span><br \/>\n<span style=\"font-family: arial, helvetica, sans-serif; font-size: 8pt;\">F\u00e1cil instalaci\u00f3n: Simplifica el reemplazo de pantalla con DT-Smart. Nuestros componentes est\u00e1n dise\u00f1ados para una instalaci\u00f3n sencilla, para que puedas volver a usar tu iPhone r\u00e1pidamente.<\/span><br \/>\n<span style=\"font-family: arial, helvetica, sans-serif; font-size: 8pt;\">Protecci\u00f3n del medio ambiente y ahorro energ\u00e9tico: Nos comprometemos con la responsabilidad ambiental. Las pantallas DT-Smart son respetuosas con el medio ambiente y ahorran energ\u00eda, contribuyendo as\u00ed a un futuro sostenible.<\/span><\/p>","protected":false},"featured_media":3290,"comment_status":"open","ping_status":"closed","template":"","meta":[],"product_brand":[],"product_cat":[466,105],"product_tag":[],"class_list":{"0":"post-344","1":"product","2":"type-product","3":"status-publish","4":"has-post-thumbnail","6":"product_cat-all-iphone-lcds","7":"product_cat-iphone-xs","9":"first","10":"instock","11":"taxable","12":"shipping-taxable","13":"purchasable","14":"product-type-variable"},"yoast_head":"<!-- This site is optimized with the Yoast SEO plugin v27.4 - https:\/\/yoast.com\/product\/yoast-seo-wordpress\/ -->\n<title>iPhone XS LCD Screen Display Assembly Replacement - High Brightness, Wide Color Gamut with Touch - Professional Grade - Fast Shipping - InsurePart<\/title>\n<meta name=\"description\" content=\"iPhone XS LCD Screen Display Assembly Replacement - High Brightness, Wide Color Gamut with Touch - Professional Grade - Fast Shipping\" \/>\n<meta name=\"robots\" content=\"index, follow, max-snippet:-1, max-image-preview:large, max-video-preview:-1\" \/>\n<link rel=\"canonical\" href=\"https:\/\/www.dt-smart.com\/es\/producto\/lcd-assembly-compatible-for-iphone-xs\/\" \/>\n<meta property=\"og:locale\" content=\"es_ES\" \/>\n<meta property=\"og:type\" content=\"article\" \/>\n<meta property=\"og:title\" content=\"iPhone XS LCD Screen Display Assembly Replacement - High Brightness, Wide Color Gamut with Touch - Professional Grade - Fast Shipping - InsurePart\" \/>\n<meta property=\"og:description\" content=\"iPhone XS LCD Screen Display Assembly Replacement - High Brightness, Wide Color Gamut with Touch - Professional Grade - Fast Shipping\" \/>\n<meta property=\"og:url\" content=\"https:\/\/www.dt-smart.com\/es\/producto\/lcd-assembly-compatible-for-iphone-xs\/\" \/>\n<meta property=\"og:site_name\" content=\"InsurePart\" \/>\n<meta property=\"article:publisher\" content=\"https:\/\/www.facebook.com\/anjinleeEva\" \/>\n<meta property=\"article:modified_time\" content=\"2026-01-16T02:38:47+00:00\" \/>\n<meta property=\"og:image\" content=\"https:\/\/www.dt-smart.com\/wp-content\/uploads\/2023\/10\/1-36.png\" \/>\n\t<meta property=\"og:image:width\" content=\"1000\" \/>\n\t<meta property=\"og:image:height\" content=\"1000\" \/>\n\t<meta property=\"og:image:type\" content=\"image\/png\" \/>\n<meta name=\"twitter:card\" content=\"summary_large_image\" \/>\n<meta name=\"twitter:label1\" content=\"Tiempo de lectura\" \/>\n\t<meta name=\"twitter:data1\" content=\"1 minuto\" \/>\n<script type=\"application\/ld+json\" class=\"yoast-schema-graph\">{\"@context\":\"https:\\\/\\\/schema.org\",\"@graph\":[{\"@type\":\"WebPage\",\"@id\":\"https:\\\/\\\/www.dt-smart.com\\\/es\\\/producto\\\/lcd-assembly-compatible-for-iphone-xs\\\/\",\"url\":\"https:\\\/\\\/www.dt-smart.com\\\/es\\\/producto\\\/lcd-assembly-compatible-for-iphone-xs\\\/\",\"name\":\"iPhone XS LCD Screen Display Assembly Replacement - High Brightness, Wide Color Gamut with Touch - Professional Grade - Fast Shipping - InsurePart\",\"isPartOf\":{\"@id\":\"https:\\\/\\\/www.dt-smart.com\\\/#website\"},\"primaryImageOfPage\":{\"@id\":\"https:\\\/\\\/www.dt-smart.com\\\/es\\\/producto\\\/lcd-assembly-compatible-for-iphone-xs\\\/#primaryimage\"},\"image\":{\"@id\":\"https:\\\/\\\/www.dt-smart.com\\\/es\\\/producto\\\/lcd-assembly-compatible-for-iphone-xs\\\/#primaryimage\"},\"thumbnailUrl\":\"https:\\\/\\\/www.dt-smart.com\\\/wp-content\\\/uploads\\\/2023\\\/10\\\/1-36.png\",\"datePublished\":\"2023-11-01T00:55:34+00:00\",\"dateModified\":\"2026-01-16T02:38:47+00:00\",\"description\":\"iPhone XS LCD Screen Display Assembly Replacement - High Brightness, Wide Color Gamut with Touch - Professional Grade - Fast Shipping\",\"breadcrumb\":{\"@id\":\"https:\\\/\\\/www.dt-smart.com\\\/es\\\/producto\\\/lcd-assembly-compatible-for-iphone-xs\\\/#breadcrumb\"},\"inLanguage\":\"es\",\"potentialAction\":[{\"@type\":\"ReadAction\",\"target\":[\"https:\\\/\\\/www.dt-smart.com\\\/es\\\/producto\\\/lcd-assembly-compatible-for-iphone-xs\\\/\"]}]},{\"@type\":\"ImageObject\",\"inLanguage\":\"es\",\"@id\":\"https:\\\/\\\/www.dt-smart.com\\\/es\\\/producto\\\/lcd-assembly-compatible-for-iphone-xs\\\/#primaryimage\",\"url\":\"https:\\\/\\\/www.dt-smart.com\\\/wp-content\\\/uploads\\\/2023\\\/10\\\/1-36.png\",\"contentUrl\":\"https:\\\/\\\/www.dt-smart.com\\\/wp-content\\\/uploads\\\/2023\\\/10\\\/1-36.png\",\"width\":1000,\"height\":1000},{\"@type\":\"BreadcrumbList\",\"@id\":\"https:\\\/\\\/www.dt-smart.com\\\/es\\\/producto\\\/lcd-assembly-compatible-for-iphone-xs\\\/#breadcrumb\",\"itemListElement\":[{\"@type\":\"ListItem\",\"position\":1,\"name\":\"Home\",\"item\":\"https:\\\/\\\/www.dt-smart.com\\\/\"},{\"@type\":\"ListItem\",\"position\":2,\"name\":\"Product\",\"item\":\"https:\\\/\\\/www.dt-smart.com\\\/ru\\\/product\\\/\"},{\"@type\":\"ListItem\",\"position\":3,\"name\":\"iPhone XS LCD Screen Display Assembly Replacement &#8211; High Brightness, Wide Color Gamut with Touch &#8211; Professional Grade &#8211; Fast Shipping\"}]},{\"@type\":\"WebSite\",\"@id\":\"https:\\\/\\\/www.dt-smart.com\\\/#website\",\"url\":\"https:\\\/\\\/www.dt-smart.com\\\/\",\"name\":\"InsurePart\",\"description\":\"Cell Phone Repair Parts; iPhone Parts Wholesale;Samsung Parts Supplier\",\"potentialAction\":[{\"@type\":\"SearchAction\",\"target\":{\"@type\":\"EntryPoint\",\"urlTemplate\":\"https:\\\/\\\/www.dt-smart.com\\\/?s={search_term_string}\"},\"query-input\":{\"@type\":\"PropertyValueSpecification\",\"valueRequired\":true,\"valueName\":\"search_term_string\"}}],\"inLanguage\":\"es\"}]}<\/script>\n<!-- \/ Yoast SEO plugin. -->","yoast_head_json":{"title":"iPhone XS LCD Screen Display Assembly Replacement - High Brightness, Wide Color Gamut with Touch - Professional Grade - Fast Shipping - InsurePart","description":"iPhone XS LCD Screen Display Assembly Replacement - High Brightness, Wide Color Gamut with Touch - Professional Grade - Fast Shipping","robots":{"index":"index","follow":"follow","max-snippet":"max-snippet:-1","max-image-preview":"max-image-preview:large","max-video-preview":"max-video-preview:-1"},"canonical":"https:\/\/www.dt-smart.com\/es\/producto\/lcd-assembly-compatible-for-iphone-xs\/","og_locale":"es_ES","og_type":"article","og_title":"iPhone XS LCD Screen Display Assembly Replacement - High Brightness, Wide Color Gamut with Touch - Professional Grade - Fast Shipping - InsurePart","og_description":"iPhone XS LCD Screen Display Assembly Replacement - High Brightness, Wide Color Gamut with Touch - Professional Grade - Fast Shipping","og_url":"https:\/\/www.dt-smart.com\/es\/producto\/lcd-assembly-compatible-for-iphone-xs\/","og_site_name":"InsurePart","article_publisher":"https:\/\/www.facebook.com\/anjinleeEva","article_modified_time":"2026-01-16T02:38:47+00:00","og_image":[{"width":1000,"height":1000,"url":"https:\/\/www.dt-smart.com\/wp-content\/uploads\/2023\/10\/1-36.png","type":"image\/png"}],"twitter_card":"summary_large_image","twitter_misc":{"Tiempo de lectura":"1 minuto"},"schema":{"@context":"https:\/\/schema.org","@graph":[{"@type":"WebPage","@id":"https:\/\/www.dt-smart.com\/es\/producto\/lcd-assembly-compatible-for-iphone-xs\/","url":"https:\/\/www.dt-smart.com\/es\/producto\/lcd-assembly-compatible-for-iphone-xs\/","name":"iPhone XS LCD Screen Display Assembly Replacement - High Brightness, Wide Color Gamut with Touch - Professional Grade - Fast Shipping - InsurePart","isPartOf":{"@id":"https:\/\/www.dt-smart.com\/#website"},"primaryImageOfPage":{"@id":"https:\/\/www.dt-smart.com\/es\/producto\/lcd-assembly-compatible-for-iphone-xs\/#primaryimage"},"image":{"@id":"https:\/\/www.dt-smart.com\/es\/producto\/lcd-assembly-compatible-for-iphone-xs\/#primaryimage"},"thumbnailUrl":"https:\/\/www.dt-smart.com\/wp-content\/uploads\/2023\/10\/1-36.png","datePublished":"2023-11-01T00:55:34+00:00","dateModified":"2026-01-16T02:38:47+00:00","description":"iPhone XS LCD Screen Display Assembly Replacement - High Brightness, Wide Color Gamut with Touch - Professional Grade - Fast Shipping","breadcrumb":{"@id":"https:\/\/www.dt-smart.com\/es\/producto\/lcd-assembly-compatible-for-iphone-xs\/#breadcrumb"},"inLanguage":"es","potentialAction":[{"@type":"ReadAction","target":["https:\/\/www.dt-smart.com\/es\/producto\/lcd-assembly-compatible-for-iphone-xs\/"]}]},{"@type":"ImageObject","inLanguage":"es","@id":"https:\/\/www.dt-smart.com\/es\/producto\/lcd-assembly-compatible-for-iphone-xs\/#primaryimage","url":"https:\/\/www.dt-smart.com\/wp-content\/uploads\/2023\/10\/1-36.png","contentUrl":"https:\/\/www.dt-smart.com\/wp-content\/uploads\/2023\/10\/1-36.png","width":1000,"height":1000},{"@type":"BreadcrumbList","@id":"https:\/\/www.dt-smart.com\/es\/producto\/lcd-assembly-compatible-for-iphone-xs\/#breadcrumb","itemListElement":[{"@type":"ListItem","position":1,"name":"Home","item":"https:\/\/www.dt-smart.com\/"},{"@type":"ListItem","position":2,"name":"Product","item":"https:\/\/www.dt-smart.com\/ru\/product\/"},{"@type":"ListItem","position":3,"name":"iPhone XS LCD Screen Display Assembly Replacement &#8211; High Brightness, Wide Color Gamut with Touch &#8211; Professional Grade &#8211; Fast Shipping"}]},{"@type":"WebSite","@id":"https:\/\/www.dt-smart.com\/#website","url":"https:\/\/www.dt-smart.com\/","name":"Asegurar parte","description":"Repuestos para celulares; Venta al por mayor de repuestos para iPhone; Proveedor de repuestos para Samsung","potentialAction":[{"@type":"SearchAction","target":{"@type":"EntryPoint","urlTemplate":"https:\/\/www.dt-smart.com\/?s={search_term_string}"},"query-input":{"@type":"PropertyValueSpecification","valueRequired":true,"valueName":"search_term_string"}}],"inLanguage":"es"}]}},"_links":{"self":[{"href":"https:\/\/www.dt-smart.com\/es\/wp-json\/wp\/v2\/product\/344","targetHints":{"allow":["GET"]}}],"collection":[{"href":"https:\/\/www.dt-smart.com\/es\/wp-json\/wp\/v2\/product"}],"about":[{"href":"https:\/\/www.dt-smart.com\/es\/wp-json\/wp\/v2\/types\/product"}],"replies":[{"embeddable":true,"href":"https:\/\/www.dt-smart.com\/es\/wp-json\/wp\/v2\/comments?post=344"}],"version-history":[{"count":10,"href":"https:\/\/www.dt-smart.com\/es\/wp-json\/wp\/v2\/product\/344\/revisions"}],"predecessor-version":[{"id":23871,"href":"https:\/\/www.dt-smart.com\/es\/wp-json\/wp\/v2\/product\/344\/revisions\/23871"}],"wp:featuredmedia":[{"embeddable":true,"href":"https:\/\/www.dt-smart.com\/es\/wp-json\/wp\/v2\/media\/3290"}],"wp:attachment":[{"href":"https:\/\/www.dt-smart.com\/es\/wp-json\/wp\/v2\/media?parent=344"}],"wp:term":[{"taxonomy":"product_brand","embeddable":true,"href":"https:\/\/www.dt-smart.com\/es\/wp-json\/wp\/v2\/product_brand?post=344"},{"taxonomy":"product_cat","embeddable":true,"href":"https:\/\/www.dt-smart.com\/es\/wp-json\/wp\/v2\/product_cat?post=344"},{"taxonomy":"product_tag","embeddable":true,"href":"https:\/\/www.dt-smart.com\/es\/wp-json\/wp\/v2\/product_tag?post=344"}],"curies":[{"name":"wp","href":"https:\/\/api.w.org\/{rel}","templated":true}]}}