{"id":347,"date":"2023-11-01T08:59:57","date_gmt":"2023-11-01T00:59:57","guid":{"rendered":"https:\/\/dt-smart.com\/?post_type=product&#038;p=347"},"modified":"2026-01-16T10:38:19","modified_gmt":"2026-01-16T02:38:19","slug":"lcd-assembly-compatible-for-iphone-xs-max","status":"publish","type":"product","link":"https:\/\/www.dt-smart.com\/es\/producto\/lcd-assembly-compatible-for-iphone-xs-max\/","title":{"rendered":"Reemplazo de pantalla LCD para iPhone XS Max: alto brillo y amplia gama de colores, calidad profesional, env\u00edo r\u00e1pido."},"content":{"rendered":"<p style=\"text-align: center;\"><img fetchpriority=\"high\" decoding=\"async\" class=\"alignnone wp-image-15800\" src=\"https:\/\/insurepart.com\/wp-content\/uploads\/2024\/09\/XSMAX-scaled.webp\" alt=\"\" width=\"1000\" height=\"1120\" srcset=\"https:\/\/www.dt-smart.com\/wp-content\/uploads\/2024\/09\/XSMAX-scaled.webp 2286w, https:\/\/www.dt-smart.com\/wp-content\/uploads\/2024\/09\/XSMAX-scaled-300x336.webp 300w, https:\/\/www.dt-smart.com\/wp-content\/uploads\/2024\/09\/XSMAX-scaled-150x168.webp 150w, https:\/\/www.dt-smart.com\/wp-content\/uploads\/2024\/09\/XSMAX-scaled-800x896.webp 800w, https:\/\/www.dt-smart.com\/wp-content\/uploads\/2024\/09\/XSMAX-268x300.webp 268w, https:\/\/www.dt-smart.com\/wp-content\/uploads\/2024\/09\/XSMAX-914x1024.webp 914w, https:\/\/www.dt-smart.com\/wp-content\/uploads\/2024\/09\/XSMAX-768x860.webp 768w, https:\/\/www.dt-smart.com\/wp-content\/uploads\/2024\/09\/XSMAX-1371x1536.webp 1371w, https:\/\/www.dt-smart.com\/wp-content\/uploads\/2024\/09\/XSMAX-1829x2048.webp 1829w, https:\/\/www.dt-smart.com\/wp-content\/uploads\/2024\/09\/XSMAX-11x12.webp 11w, https:\/\/www.dt-smart.com\/wp-content\/uploads\/2024\/09\/XSMAX-1320x1478.webp 1320w\" sizes=\"(max-width: 1000px) 100vw, 1000px\" \/><\/p>\n<p style=\"text-align: center;\"><img decoding=\"async\" class=\"alignnone size-full wp-image-15567\" src=\"https:\/\/insurepart.com\/wp-content\/uploads\/2024\/08\/\u4e3a\u4ec0\u4e48\u9009\u62e9\u6211\u4eec22.webp\" alt=\"\" width=\"1000\" height=\"786\" srcset=\"https:\/\/www.dt-smart.com\/wp-content\/uploads\/2024\/08\/\u4e3a\u4ec0\u4e48\u9009\u62e9\u6211\u4eec22.webp 1000w, https:\/\/www.dt-smart.com\/wp-content\/uploads\/2024\/08\/\u4e3a\u4ec0\u4e48\u9009\u62e9\u6211\u4eec22-300x236.webp 300w, https:\/\/www.dt-smart.com\/wp-content\/uploads\/2024\/08\/\u4e3a\u4ec0\u4e48\u9009\u62e9\u6211\u4eec22-150x118.webp 150w, https:\/\/www.dt-smart.com\/wp-content\/uploads\/2024\/08\/\u4e3a\u4ec0\u4e48\u9009\u62e9\u6211\u4eec22-800x629.webp 800w, https:\/\/www.dt-smart.com\/wp-content\/uploads\/2024\/08\/\u4e3a\u4ec0\u4e48\u9009\u62e9\u6211\u4eec22-768x604.webp 768w, https:\/\/www.dt-smart.com\/wp-content\/uploads\/2024\/08\/\u4e3a\u4ec0\u4e48\u9009\u62e9\u6211\u4eec22-15x12.webp 15w\" sizes=\"(max-width: 1000px) 100vw, 1000px\" \/><\/p>\n<p>&nbsp;<\/p>","protected":false},"excerpt":{"rendered":"<p><span style=\"font-family: arial, helvetica, sans-serif;\"><span style=\"font-size: 8pt;\">ACTUALIZACI\u00d3N DE RENDIMIENTO: Experimente un rendimiento de tel\u00e9fono inteligente sin precedentes con los componentes de pantalla premium de DT-Smart. Hemos elevado el list\u00f3n de las pantallas de alta calidad, mejorado la experiencia de la pantalla y establecido el est\u00e1ndar para la perfecci\u00f3n de la pantalla.<\/span><\/span><br \/>\n<span style=\"font-family: arial, helvetica, sans-serif; font-size: 8pt;\">Alta resoluci\u00f3n n\u00edtida: Experimente el mundo con detalles vibrantes con nuestra pantalla n\u00edtida de alta resoluci\u00f3n. Las pantallas DT-Smart dan vida a su contenido con precisi\u00f3n y brillo.<\/span><br \/>\n<span style=\"font-family: arial, helvetica, sans-serif; font-size: 8pt;\">Fabricadas en vidrio s\u00f3lido y duradero: olv\u00eddate de ara\u00f1azos y roturas. Nuestras pantallas est\u00e1n reforzadas con vidrio resistente para una mayor durabilidad.<\/span><br \/>\n<span style=\"font-family: arial, helvetica, sans-serif; font-size: 8pt;\">Sensibilidad inigualable: Descubre la magia de la respuesta t\u00e1ctil instant\u00e1nea. La pantalla DT-Smart est\u00e1 dise\u00f1ada para una interacci\u00f3n fluida, garantizando que cada toque y deslizamiento se sienta natural y fluido.<\/span><br \/>\n<span style=\"font-family: arial, helvetica, sans-serif; font-size: 8pt;\">Resistente al aceite y a las huellas dactilares: Mant\u00e9n la pantalla impecable con nuestra pantalla resistente al aceite y a las huellas dactilares. Olv\u00eddate de las manchas y mant\u00e9n tu pantalla limpia y n\u00edtida.<\/span><br \/>\n<span style=\"font-family: arial, helvetica, sans-serif; font-size: 8pt;\">F\u00e1cil instalaci\u00f3n: Simplifica el reemplazo de pantalla con DT-Smart. Nuestros componentes est\u00e1n dise\u00f1ados para una instalaci\u00f3n sencilla, para que puedas volver a usar tu iPhone r\u00e1pidamente.<\/span><br \/>\n<span style=\"font-family: arial, helvetica, sans-serif; font-size: 8pt;\">Protecci\u00f3n del medio ambiente y ahorro energ\u00e9tico: Nos comprometemos con la responsabilidad ambiental. Las pantallas DT-Smart son respetuosas con el medio ambiente y ahorran energ\u00eda, contribuyendo as\u00ed a un futuro sostenible.<\/span><\/p>","protected":false},"featured_media":3289,"comment_status":"open","ping_status":"closed","template":"","meta":[],"product_brand":[],"product_cat":[466,42,104],"product_tag":[],"class_list":{"0":"post-347","1":"product","2":"type-product","3":"status-publish","4":"has-post-thumbnail","6":"product_cat-all-iphone-lcds","7":"product_cat-iphone","8":"product_cat-iphone-xs-max","10":"first","11":"instock","12":"taxable","13":"shipping-taxable","14":"purchasable","15":"product-type-variable"},"yoast_head":"<!-- This site is optimized with the Yoast SEO plugin v27.4 - https:\/\/yoast.com\/product\/yoast-seo-wordpress\/ -->\n<title>iPhone XS Max LCD Screen Replacement - High Brightness &amp; Wide Color Gamut Display Assembly - Professional Grade - Fast Shipping - InsurePart<\/title>\n<meta name=\"description\" content=\"iPhone XS Max LCD Screen Replacement - High Brightness &amp; Wide Color Gamut Display Assembly - Professional Grade - Fast Shipping\" \/>\n<meta name=\"robots\" content=\"index, follow, max-snippet:-1, max-image-preview:large, max-video-preview:-1\" \/>\n<link rel=\"canonical\" href=\"https:\/\/www.dt-smart.com\/es\/producto\/lcd-assembly-compatible-for-iphone-xs-max\/\" \/>\n<meta property=\"og:locale\" content=\"es_ES\" \/>\n<meta property=\"og:type\" content=\"article\" \/>\n<meta property=\"og:title\" content=\"iPhone XS Max LCD Screen Replacement - High Brightness &amp; Wide Color Gamut Display Assembly - Professional Grade - Fast Shipping - InsurePart\" \/>\n<meta property=\"og:description\" content=\"iPhone XS Max LCD Screen Replacement - High Brightness &amp; Wide Color Gamut Display Assembly - Professional Grade - Fast Shipping\" \/>\n<meta property=\"og:url\" content=\"https:\/\/www.dt-smart.com\/es\/producto\/lcd-assembly-compatible-for-iphone-xs-max\/\" \/>\n<meta property=\"og:site_name\" content=\"InsurePart\" \/>\n<meta property=\"article:publisher\" content=\"https:\/\/www.facebook.com\/anjinleeEva\" \/>\n<meta property=\"article:modified_time\" content=\"2026-01-16T02:38:19+00:00\" \/>\n<meta property=\"og:image\" content=\"https:\/\/www.dt-smart.com\/wp-content\/uploads\/2023\/10\/1-35.png\" \/>\n\t<meta property=\"og:image:width\" content=\"1000\" \/>\n\t<meta property=\"og:image:height\" content=\"1000\" \/>\n\t<meta property=\"og:image:type\" content=\"image\/png\" \/>\n<meta name=\"twitter:card\" content=\"summary_large_image\" \/>\n<meta name=\"twitter:label1\" content=\"Tiempo de lectura\" \/>\n\t<meta name=\"twitter:data1\" content=\"1 minuto\" \/>\n<script type=\"application\/ld+json\" class=\"yoast-schema-graph\">{\"@context\":\"https:\\\/\\\/schema.org\",\"@graph\":[{\"@type\":\"WebPage\",\"@id\":\"https:\\\/\\\/www.dt-smart.com\\\/product\\\/lcd-assembly-compatible-for-iphone-xs-max\\\/\",\"url\":\"https:\\\/\\\/www.dt-smart.com\\\/product\\\/lcd-assembly-compatible-for-iphone-xs-max\\\/\",\"name\":\"iPhone XS Max LCD Screen Replacement - High Brightness & Wide Color Gamut Display Assembly - Professional Grade - Fast Shipping - InsurePart\",\"isPartOf\":{\"@id\":\"https:\\\/\\\/www.dt-smart.com\\\/#website\"},\"primaryImageOfPage\":{\"@id\":\"https:\\\/\\\/www.dt-smart.com\\\/product\\\/lcd-assembly-compatible-for-iphone-xs-max\\\/#primaryimage\"},\"image\":{\"@id\":\"https:\\\/\\\/www.dt-smart.com\\\/product\\\/lcd-assembly-compatible-for-iphone-xs-max\\\/#primaryimage\"},\"thumbnailUrl\":\"https:\\\/\\\/www.dt-smart.com\\\/wp-content\\\/uploads\\\/2023\\\/10\\\/1-35.png\",\"datePublished\":\"2023-11-01T00:59:57+00:00\",\"dateModified\":\"2026-01-16T02:38:19+00:00\",\"description\":\"iPhone XS Max LCD Screen Replacement - High Brightness & Wide Color Gamut Display Assembly - Professional Grade - Fast Shipping\",\"breadcrumb\":{\"@id\":\"https:\\\/\\\/www.dt-smart.com\\\/product\\\/lcd-assembly-compatible-for-iphone-xs-max\\\/#breadcrumb\"},\"inLanguage\":\"es\",\"potentialAction\":[{\"@type\":\"ReadAction\",\"target\":[\"https:\\\/\\\/www.dt-smart.com\\\/product\\\/lcd-assembly-compatible-for-iphone-xs-max\\\/\"]}]},{\"@type\":\"ImageObject\",\"inLanguage\":\"es\",\"@id\":\"https:\\\/\\\/www.dt-smart.com\\\/product\\\/lcd-assembly-compatible-for-iphone-xs-max\\\/#primaryimage\",\"url\":\"https:\\\/\\\/www.dt-smart.com\\\/wp-content\\\/uploads\\\/2023\\\/10\\\/1-35.png\",\"contentUrl\":\"https:\\\/\\\/www.dt-smart.com\\\/wp-content\\\/uploads\\\/2023\\\/10\\\/1-35.png\",\"width\":1000,\"height\":1000},{\"@type\":\"BreadcrumbList\",\"@id\":\"https:\\\/\\\/www.dt-smart.com\\\/product\\\/lcd-assembly-compatible-for-iphone-xs-max\\\/#breadcrumb\",\"itemListElement\":[{\"@type\":\"ListItem\",\"position\":1,\"name\":\"Home\",\"item\":\"https:\\\/\\\/www.dt-smart.com\\\/\"},{\"@type\":\"ListItem\",\"position\":2,\"name\":\"Product\",\"item\":\"https:\\\/\\\/www.dt-smart.com\\\/ru\\\/product\\\/\"},{\"@type\":\"ListItem\",\"position\":3,\"name\":\"iPhone XS Max LCD Screen Replacement &#8211; High Brightness &#038; Wide Color Gamut Display Assembly &#8211; Professional Grade &#8211; Fast Shipping\"}]},{\"@type\":\"WebSite\",\"@id\":\"https:\\\/\\\/www.dt-smart.com\\\/#website\",\"url\":\"https:\\\/\\\/www.dt-smart.com\\\/\",\"name\":\"InsurePart\",\"description\":\"Cell Phone Repair Parts; iPhone Parts Wholesale;Samsung Parts Supplier\",\"potentialAction\":[{\"@type\":\"SearchAction\",\"target\":{\"@type\":\"EntryPoint\",\"urlTemplate\":\"https:\\\/\\\/www.dt-smart.com\\\/?s={search_term_string}\"},\"query-input\":{\"@type\":\"PropertyValueSpecification\",\"valueRequired\":true,\"valueName\":\"search_term_string\"}}],\"inLanguage\":\"es\"}]}<\/script>\n<!-- \/ Yoast SEO plugin. -->","yoast_head_json":{"title":"iPhone XS Max LCD Screen Replacement - High Brightness & Wide Color Gamut Display Assembly - Professional Grade - Fast Shipping - InsurePart","description":"Pantalla LCD de repuesto para iPhone XS Max - Pantalla de alto brillo y amplia gama de colores - Calidad profesional - Env\u00edo r\u00e1pido","robots":{"index":"index","follow":"follow","max-snippet":"max-snippet:-1","max-image-preview":"max-image-preview:large","max-video-preview":"max-video-preview:-1"},"canonical":"https:\/\/www.dt-smart.com\/es\/producto\/lcd-assembly-compatible-for-iphone-xs-max\/","og_locale":"es_ES","og_type":"article","og_title":"iPhone XS Max LCD Screen Replacement - High Brightness & Wide Color Gamut Display Assembly - Professional Grade - Fast Shipping - InsurePart","og_description":"iPhone XS Max LCD Screen Replacement - High Brightness & Wide Color Gamut Display Assembly - Professional Grade - Fast Shipping","og_url":"https:\/\/www.dt-smart.com\/es\/producto\/lcd-assembly-compatible-for-iphone-xs-max\/","og_site_name":"InsurePart","article_publisher":"https:\/\/www.facebook.com\/anjinleeEva","article_modified_time":"2026-01-16T02:38:19+00:00","og_image":[{"width":1000,"height":1000,"url":"https:\/\/www.dt-smart.com\/wp-content\/uploads\/2023\/10\/1-35.png","type":"image\/png"}],"twitter_card":"summary_large_image","twitter_misc":{"Tiempo de lectura":"1 minuto"},"schema":{"@context":"https:\/\/schema.org","@graph":[{"@type":"WebPage","@id":"https:\/\/www.dt-smart.com\/product\/lcd-assembly-compatible-for-iphone-xs-max\/","url":"https:\/\/www.dt-smart.com\/product\/lcd-assembly-compatible-for-iphone-xs-max\/","name":"iPhone XS Max LCD Screen Replacement - High Brightness & Wide Color Gamut Display Assembly - Professional Grade - Fast Shipping - InsurePart","isPartOf":{"@id":"https:\/\/www.dt-smart.com\/#website"},"primaryImageOfPage":{"@id":"https:\/\/www.dt-smart.com\/product\/lcd-assembly-compatible-for-iphone-xs-max\/#primaryimage"},"image":{"@id":"https:\/\/www.dt-smart.com\/product\/lcd-assembly-compatible-for-iphone-xs-max\/#primaryimage"},"thumbnailUrl":"https:\/\/www.dt-smart.com\/wp-content\/uploads\/2023\/10\/1-35.png","datePublished":"2023-11-01T00:59:57+00:00","dateModified":"2026-01-16T02:38:19+00:00","description":"Pantalla LCD de repuesto para iPhone XS Max - Pantalla de alto brillo y amplia gama de colores - Calidad profesional - Env\u00edo r\u00e1pido","breadcrumb":{"@id":"https:\/\/www.dt-smart.com\/product\/lcd-assembly-compatible-for-iphone-xs-max\/#breadcrumb"},"inLanguage":"es","potentialAction":[{"@type":"ReadAction","target":["https:\/\/www.dt-smart.com\/product\/lcd-assembly-compatible-for-iphone-xs-max\/"]}]},{"@type":"ImageObject","inLanguage":"es","@id":"https:\/\/www.dt-smart.com\/product\/lcd-assembly-compatible-for-iphone-xs-max\/#primaryimage","url":"https:\/\/www.dt-smart.com\/wp-content\/uploads\/2023\/10\/1-35.png","contentUrl":"https:\/\/www.dt-smart.com\/wp-content\/uploads\/2023\/10\/1-35.png","width":1000,"height":1000},{"@type":"BreadcrumbList","@id":"https:\/\/www.dt-smart.com\/product\/lcd-assembly-compatible-for-iphone-xs-max\/#breadcrumb","itemListElement":[{"@type":"ListItem","position":1,"name":"Home","item":"https:\/\/www.dt-smart.com\/"},{"@type":"ListItem","position":2,"name":"Product","item":"https:\/\/www.dt-smart.com\/ru\/product\/"},{"@type":"ListItem","position":3,"name":"iPhone XS Max LCD Screen Replacement &#8211; High Brightness &#038; Wide Color Gamut Display Assembly &#8211; Professional Grade &#8211; Fast Shipping"}]},{"@type":"WebSite","@id":"https:\/\/www.dt-smart.com\/#website","url":"https:\/\/www.dt-smart.com\/","name":"Asegurar parte","description":"Repuestos para celulares; Venta al por mayor de repuestos para iPhone; Proveedor de repuestos para Samsung","potentialAction":[{"@type":"SearchAction","target":{"@type":"EntryPoint","urlTemplate":"https:\/\/www.dt-smart.com\/?s={search_term_string}"},"query-input":{"@type":"PropertyValueSpecification","valueRequired":true,"valueName":"search_term_string"}}],"inLanguage":"es"}]}},"_links":{"self":[{"href":"https:\/\/www.dt-smart.com\/es\/wp-json\/wp\/v2\/product\/347","targetHints":{"allow":["GET"]}}],"collection":[{"href":"https:\/\/www.dt-smart.com\/es\/wp-json\/wp\/v2\/product"}],"about":[{"href":"https:\/\/www.dt-smart.com\/es\/wp-json\/wp\/v2\/types\/product"}],"replies":[{"embeddable":true,"href":"https:\/\/www.dt-smart.com\/es\/wp-json\/wp\/v2\/comments?post=347"}],"version-history":[{"count":9,"href":"https:\/\/www.dt-smart.com\/es\/wp-json\/wp\/v2\/product\/347\/revisions"}],"predecessor-version":[{"id":23870,"href":"https:\/\/www.dt-smart.com\/es\/wp-json\/wp\/v2\/product\/347\/revisions\/23870"}],"wp:featuredmedia":[{"embeddable":true,"href":"https:\/\/www.dt-smart.com\/es\/wp-json\/wp\/v2\/media\/3289"}],"wp:attachment":[{"href":"https:\/\/www.dt-smart.com\/es\/wp-json\/wp\/v2\/media?parent=347"}],"wp:term":[{"taxonomy":"product_brand","embeddable":true,"href":"https:\/\/www.dt-smart.com\/es\/wp-json\/wp\/v2\/product_brand?post=347"},{"taxonomy":"product_cat","embeddable":true,"href":"https:\/\/www.dt-smart.com\/es\/wp-json\/wp\/v2\/product_cat?post=347"},{"taxonomy":"product_tag","embeddable":true,"href":"https:\/\/www.dt-smart.com\/es\/wp-json\/wp\/v2\/product_tag?post=347"}],"curies":[{"name":"wp","href":"https:\/\/api.w.org\/{rel}","templated":true}]}}