{"id":3792,"date":"2023-11-02T14:18:24","date_gmt":"2023-11-02T06:18:24","guid":{"rendered":"https:\/\/dt-smart.com\/?post_type=product&#038;p=3792"},"modified":"2026-01-14T10:47:12","modified_gmt":"2026-01-14T02:47:12","slug":"for-ipad-air-3-lcd","status":"publish","type":"product","link":"https:\/\/www.dt-smart.com\/es\/producto\/for-ipad-air-3-lcd\/","title":{"rendered":"Ensamblaje de pantalla Retina de 10,5 pulgadas para iPad Air 3 con True Tone \u2013 Calidad original de pantalla t\u00e1ctil y LCD, kit de reparaci\u00f3n profesional. Env\u00edo r\u00e1pido."},"content":{"rendered":"<p><img fetchpriority=\"high\" decoding=\"async\" class=\"aligncenter size-full wp-image-4221\" src=\"https:\/\/dt-smart.com\/wp-content\/uploads\/2023\/11\/\u53c2\u6570-43.jpg\" alt=\"\" width=\"1000\" height=\"1143\" srcset=\"https:\/\/www.dt-smart.com\/wp-content\/uploads\/2023\/11\/\u53c2\u6570-43.jpg 1000w, https:\/\/www.dt-smart.com\/wp-content\/uploads\/2023\/11\/\u53c2\u6570-43-300x343.jpg 300w, https:\/\/www.dt-smart.com\/wp-content\/uploads\/2023\/11\/\u53c2\u6570-43-150x171.jpg 150w, https:\/\/www.dt-smart.com\/wp-content\/uploads\/2023\/11\/\u53c2\u6570-43-800x914.jpg 800w, https:\/\/www.dt-smart.com\/wp-content\/uploads\/2023\/11\/\u53c2\u6570-43-262x300.jpg 262w, https:\/\/www.dt-smart.com\/wp-content\/uploads\/2023\/11\/\u53c2\u6570-43-896x1024.jpg 896w, https:\/\/www.dt-smart.com\/wp-content\/uploads\/2023\/11\/\u53c2\u6570-43-768x878.jpg 768w, https:\/\/www.dt-smart.com\/wp-content\/uploads\/2023\/11\/\u53c2\u6570-43-10x12.jpg 10w\" sizes=\"(max-width: 1000px) 100vw, 1000px\" \/> <img decoding=\"async\" class=\"aligncenter size-full wp-image-4230\" src=\"https:\/\/dt-smart.com\/wp-content\/uploads\/2023\/11\/\u8be6\u60c5\u56fe2.jpg\" alt=\"\" width=\"1000\" height=\"1848\" srcset=\"https:\/\/www.dt-smart.com\/wp-content\/uploads\/2023\/11\/\u8be6\u60c5\u56fe2.jpg 1000w, https:\/\/www.dt-smart.com\/wp-content\/uploads\/2023\/11\/\u8be6\u60c5\u56fe2-300x554.jpg 300w, https:\/\/www.dt-smart.com\/wp-content\/uploads\/2023\/11\/\u8be6\u60c5\u56fe2-150x277.jpg 150w, https:\/\/www.dt-smart.com\/wp-content\/uploads\/2023\/11\/\u8be6\u60c5\u56fe2-800x1478.jpg 800w, https:\/\/www.dt-smart.com\/wp-content\/uploads\/2023\/11\/\u8be6\u60c5\u56fe2-162x300.jpg 162w, https:\/\/www.dt-smart.com\/wp-content\/uploads\/2023\/11\/\u8be6\u60c5\u56fe2-554x1024.jpg 554w, https:\/\/www.dt-smart.com\/wp-content\/uploads\/2023\/11\/\u8be6\u60c5\u56fe2-768x1419.jpg 768w, https:\/\/www.dt-smart.com\/wp-content\/uploads\/2023\/11\/\u8be6\u60c5\u56fe2-831x1536.jpg 831w, https:\/\/www.dt-smart.com\/wp-content\/uploads\/2023\/11\/\u8be6\u60c5\u56fe2-6x12.jpg 6w\" sizes=\"(max-width: 1000px) 100vw, 1000px\" \/> <img decoding=\"async\" class=\"aligncenter size-full wp-image-4231\" src=\"https:\/\/dt-smart.com\/wp-content\/uploads\/2023\/11\/\u8be6\u60c5\u56fe.jpg\" alt=\"\" width=\"1000\" height=\"1994\" srcset=\"https:\/\/www.dt-smart.com\/wp-content\/uploads\/2023\/11\/\u8be6\u60c5\u56fe.jpg 1000w, https:\/\/www.dt-smart.com\/wp-content\/uploads\/2023\/11\/\u8be6\u60c5\u56fe-300x598.jpg 300w, https:\/\/www.dt-smart.com\/wp-content\/uploads\/2023\/11\/\u8be6\u60c5\u56fe-150x300.jpg 150w, https:\/\/www.dt-smart.com\/wp-content\/uploads\/2023\/11\/\u8be6\u60c5\u56fe-800x1595.jpg 800w, https:\/\/www.dt-smart.com\/wp-content\/uploads\/2023\/11\/\u8be6\u60c5\u56fe-514x1024.jpg 514w, https:\/\/www.dt-smart.com\/wp-content\/uploads\/2023\/11\/\u8be6\u60c5\u56fe-768x1531.jpg 768w, https:\/\/www.dt-smart.com\/wp-content\/uploads\/2023\/11\/\u8be6\u60c5\u56fe-770x1536.jpg 770w, https:\/\/www.dt-smart.com\/wp-content\/uploads\/2023\/11\/\u8be6\u60c5\u56fe-6x12.jpg 6w\" sizes=\"(max-width: 1000px) 100vw, 1000px\" \/><\/p>","protected":false},"excerpt":{"rendered":"<p><span style=\"font-family: arial, helvetica, sans-serif; font-size: 8pt;\">Calidad incomparable: los accesorios de pantalla para iPad de DT-Smart est\u00e1n elaborados meticulosamente para lograr la m\u00e1s alta calidad y confiabilidad, lo que garantiza una experiencia visual excepcional.<\/span><br \/>\n<span style=\"font-family: arial, helvetica, sans-serif; font-size: 8pt;\">Respuesta t\u00e1ctil ultrarr\u00e1pida: experimente una respuesta de pantalla t\u00e1ctil ultrarr\u00e1pida, que hace que cada interacci\u00f3n con su iPad sea fluida y precisa.<\/span><br \/>\n<span style=\"font-family: arial, helvetica, sans-serif; font-size: 8pt;\">Dureza y durabilidad inigualables: nuestros accesorios est\u00e1n dise\u00f1ados para soportar los rigores del uso diario, ofreciendo una dureza y protecci\u00f3n impresionantes para la pantalla de su iPad.<\/span><br \/>\n<span style=\"font-family: arial, helvetica, sans-serif; font-size: 8pt;\">Resistencia a huellas dactilares y manchas: los recubrimientos avanzados en nuestras pantallas resisten las huellas dactilares y repelen las manchas, manteniendo la pantalla de su iPad limpia y sin manchas.<\/span><br \/>\n<span style=\"font-family: arial, helvetica, sans-serif; font-size: 8pt;\">Multit\u00e1ctil: la pantalla t\u00e1ctil del iPad admite la funci\u00f3n multit\u00e1ctil, lo que permite a los usuarios usar varios dedos para realizar diversas operaciones gestuales, como acercar, alejar, rotar y deslizar, para interactuar con aplicaciones y contenido de forma m\u00e1s intuitiva.<\/span><br \/>\n<span style=\"font-family: arial, helvetica, sans-serif; font-size: 8pt;\">Recubrimiento antirreflejo: las pantallas t\u00e1ctiles del iPad tambi\u00e9n pueden incluir recubrimientos antirreflejos para reducir los reflejos y el resplandor y mejorar la visibilidad cuando se usan en exteriores.<\/span><br \/>\n<span style=\"font-family: arial, helvetica, sans-serif; font-size: 8pt;\">Modo de protecci\u00f3n ocular: reduzca la fatiga visual y mejore la comodidad con nuestro modo de protecci\u00f3n ocular integrado, que proporciona una experiencia de visualizaci\u00f3n m\u00e1s segura y c\u00f3moda.<\/span><br \/>\n<span style=\"font-family: arial, helvetica, sans-serif; font-size: 8pt;\">Instalaci\u00f3n sencilla: Olv\u00eddate de las instalaciones complejas. Nuestras gu\u00edas intuitivas garantizan un proceso sin complicaciones, lo que facilita enormemente la actualizaci\u00f3n de la pantalla de tu iPad.<\/span><br \/>\n<span style=\"font-family: arial, helvetica, sans-serif; font-size: 8pt;\">Respetuoso con el medio ambiente: Estamos comprometidos con la sostenibilidad y nuestros productos est\u00e1n dise\u00f1ados con materiales y procesos ecol\u00f3gicos, reduciendo el impacto ambiental.<\/span><\/p>","protected":false},"featured_media":6222,"comment_status":"open","ping_status":"closed","template":"","meta":[],"product_brand":[],"product_cat":[596,401],"product_tag":[],"class_list":{"0":"post-3792","1":"product","2":"type-product","3":"status-publish","4":"has-post-thumbnail","6":"product_cat-all-ipad-tplcd","7":"product_cat-ipad-air-3-2019","9":"first","10":"instock","11":"taxable","12":"shipping-taxable","13":"purchasable","14":"product-type-variable","15":"has-default-attributes"},"yoast_head":"<!-- This site is optimized with the Yoast SEO plugin v27.4 - https:\/\/yoast.com\/product\/yoast-seo-wordpress\/ -->\n<title>iPad Air 3 10.5-Inch Retina Display Assembly with True Tone - Original Quality Touch &amp; LCD, Professional Repair Kit. Fast Shipping - InsurePart<\/title>\n<meta name=\"description\" content=\"iPad Air 3 10.5-Inch Retina Display Assembly with True Tone - Original Quality Touch &amp; LCD, Professional Repair Kit. Fast Shipping\" \/>\n<meta name=\"robots\" content=\"index, follow, max-snippet:-1, max-image-preview:large, max-video-preview:-1\" \/>\n<link rel=\"canonical\" href=\"https:\/\/www.dt-smart.com\/es\/producto\/for-ipad-air-3-lcd\/\" \/>\n<meta property=\"og:locale\" content=\"es_ES\" \/>\n<meta property=\"og:type\" content=\"article\" \/>\n<meta property=\"og:title\" content=\"iPad Air 3 10.5-Inch Retina Display Assembly with True Tone - Original Quality Touch &amp; LCD, Professional Repair Kit. Fast Shipping - InsurePart\" \/>\n<meta property=\"og:description\" content=\"iPad Air 3 10.5-Inch Retina Display Assembly with True Tone - Original Quality Touch &amp; LCD, Professional Repair Kit. Fast Shipping\" \/>\n<meta property=\"og:url\" content=\"https:\/\/www.dt-smart.com\/es\/producto\/for-ipad-air-3-lcd\/\" \/>\n<meta property=\"og:site_name\" content=\"InsurePart\" \/>\n<meta property=\"article:publisher\" content=\"https:\/\/www.facebook.com\/anjinleeEva\" \/>\n<meta property=\"article:modified_time\" content=\"2026-01-14T02:47:12+00:00\" \/>\n<meta property=\"og:image\" content=\"https:\/\/www.dt-smart.com\/wp-content\/uploads\/2023\/11\/2-74.png\" \/>\n\t<meta property=\"og:image:width\" content=\"1000\" \/>\n\t<meta property=\"og:image:height\" content=\"1000\" \/>\n\t<meta property=\"og:image:type\" content=\"image\/png\" \/>\n<meta name=\"twitter:card\" content=\"summary_large_image\" \/>\n<meta name=\"twitter:label1\" content=\"Tiempo de lectura\" \/>\n\t<meta name=\"twitter:data1\" content=\"1 minuto\" \/>\n<script type=\"application\/ld+json\" class=\"yoast-schema-graph\">{\"@context\":\"https:\\\/\\\/schema.org\",\"@graph\":[{\"@type\":\"WebPage\",\"@id\":\"https:\\\/\\\/www.dt-smart.com\\\/ja\\\/product\\\/for-ipad-air-3-lcd\\\/\",\"url\":\"https:\\\/\\\/www.dt-smart.com\\\/ja\\\/product\\\/for-ipad-air-3-lcd\\\/\",\"name\":\"iPad Air 3 10.5-Inch Retina Display Assembly with True Tone - Original Quality Touch & LCD, Professional Repair Kit. Fast Shipping - InsurePart\",\"isPartOf\":{\"@id\":\"https:\\\/\\\/www.dt-smart.com\\\/#website\"},\"primaryImageOfPage\":{\"@id\":\"https:\\\/\\\/www.dt-smart.com\\\/ja\\\/product\\\/for-ipad-air-3-lcd\\\/#primaryimage\"},\"image\":{\"@id\":\"https:\\\/\\\/www.dt-smart.com\\\/ja\\\/product\\\/for-ipad-air-3-lcd\\\/#primaryimage\"},\"thumbnailUrl\":\"https:\\\/\\\/www.dt-smart.com\\\/wp-content\\\/uploads\\\/2023\\\/11\\\/2-74.png\",\"datePublished\":\"2023-11-02T06:18:24+00:00\",\"dateModified\":\"2026-01-14T02:47:12+00:00\",\"description\":\"iPad Air 3 10.5-Inch Retina Display Assembly with True Tone - Original Quality Touch & LCD, Professional Repair Kit. Fast Shipping\",\"breadcrumb\":{\"@id\":\"https:\\\/\\\/www.dt-smart.com\\\/ja\\\/product\\\/for-ipad-air-3-lcd\\\/#breadcrumb\"},\"inLanguage\":\"es\",\"potentialAction\":[{\"@type\":\"ReadAction\",\"target\":[\"https:\\\/\\\/www.dt-smart.com\\\/ja\\\/product\\\/for-ipad-air-3-lcd\\\/\"]}]},{\"@type\":\"ImageObject\",\"inLanguage\":\"es\",\"@id\":\"https:\\\/\\\/www.dt-smart.com\\\/ja\\\/product\\\/for-ipad-air-3-lcd\\\/#primaryimage\",\"url\":\"https:\\\/\\\/www.dt-smart.com\\\/wp-content\\\/uploads\\\/2023\\\/11\\\/2-74.png\",\"contentUrl\":\"https:\\\/\\\/www.dt-smart.com\\\/wp-content\\\/uploads\\\/2023\\\/11\\\/2-74.png\",\"width\":1000,\"height\":1000},{\"@type\":\"BreadcrumbList\",\"@id\":\"https:\\\/\\\/www.dt-smart.com\\\/ja\\\/product\\\/for-ipad-air-3-lcd\\\/#breadcrumb\",\"itemListElement\":[{\"@type\":\"ListItem\",\"position\":1,\"name\":\"Home\",\"item\":\"https:\\\/\\\/www.dt-smart.com\\\/\"},{\"@type\":\"ListItem\",\"position\":2,\"name\":\"Product\",\"item\":\"https:\\\/\\\/www.dt-smart.com\\\/ru\\\/product\\\/\"},{\"@type\":\"ListItem\",\"position\":3,\"name\":\"iPad Air 3 10.5-Inch Retina Display Assembly with True Tone &#8211; Original Quality Touch &#038; LCD, Professional Repair Kit. Fast Shipping\"}]},{\"@type\":\"WebSite\",\"@id\":\"https:\\\/\\\/www.dt-smart.com\\\/#website\",\"url\":\"https:\\\/\\\/www.dt-smart.com\\\/\",\"name\":\"InsurePart\",\"description\":\"Cell Phone Repair Parts; iPhone Parts Wholesale;Samsung Parts Supplier\",\"potentialAction\":[{\"@type\":\"SearchAction\",\"target\":{\"@type\":\"EntryPoint\",\"urlTemplate\":\"https:\\\/\\\/www.dt-smart.com\\\/?s={search_term_string}\"},\"query-input\":{\"@type\":\"PropertyValueSpecification\",\"valueRequired\":true,\"valueName\":\"search_term_string\"}}],\"inLanguage\":\"es\"}]}<\/script>\n<!-- \/ Yoast SEO plugin. -->","yoast_head_json":{"title":"iPad Air 3 10.5-Inch Retina Display Assembly with True Tone - Original Quality Touch & LCD, Professional Repair Kit. Fast Shipping - InsurePart","description":"Ensamblaje de pantalla Retina de 10,5 pulgadas para iPad Air 3 con True Tone - Calidad original, t\u00e1ctil y LCD, kit de reparaci\u00f3n profesional. Env\u00edo r\u00e1pido.","robots":{"index":"index","follow":"follow","max-snippet":"max-snippet:-1","max-image-preview":"max-image-preview:large","max-video-preview":"max-video-preview:-1"},"canonical":"https:\/\/www.dt-smart.com\/es\/producto\/for-ipad-air-3-lcd\/","og_locale":"es_ES","og_type":"article","og_title":"iPad Air 3 10.5-Inch Retina Display Assembly with True Tone - Original Quality Touch & LCD, Professional Repair Kit. Fast Shipping - InsurePart","og_description":"iPad Air 3 10.5-Inch Retina Display Assembly with True Tone - Original Quality Touch & LCD, Professional Repair Kit. Fast Shipping","og_url":"https:\/\/www.dt-smart.com\/es\/producto\/for-ipad-air-3-lcd\/","og_site_name":"InsurePart","article_publisher":"https:\/\/www.facebook.com\/anjinleeEva","article_modified_time":"2026-01-14T02:47:12+00:00","og_image":[{"width":1000,"height":1000,"url":"https:\/\/www.dt-smart.com\/wp-content\/uploads\/2023\/11\/2-74.png","type":"image\/png"}],"twitter_card":"summary_large_image","twitter_misc":{"Tiempo de lectura":"1 minuto"},"schema":{"@context":"https:\/\/schema.org","@graph":[{"@type":"WebPage","@id":"https:\/\/www.dt-smart.com\/ja\/product\/for-ipad-air-3-lcd\/","url":"https:\/\/www.dt-smart.com\/ja\/product\/for-ipad-air-3-lcd\/","name":"iPad Air 3 10.5-Inch Retina Display Assembly with True Tone - Original Quality Touch & LCD, Professional Repair Kit. Fast Shipping - InsurePart","isPartOf":{"@id":"https:\/\/www.dt-smart.com\/#website"},"primaryImageOfPage":{"@id":"https:\/\/www.dt-smart.com\/ja\/product\/for-ipad-air-3-lcd\/#primaryimage"},"image":{"@id":"https:\/\/www.dt-smart.com\/ja\/product\/for-ipad-air-3-lcd\/#primaryimage"},"thumbnailUrl":"https:\/\/www.dt-smart.com\/wp-content\/uploads\/2023\/11\/2-74.png","datePublished":"2023-11-02T06:18:24+00:00","dateModified":"2026-01-14T02:47:12+00:00","description":"Ensamblaje de pantalla Retina de 10,5 pulgadas para iPad Air 3 con True Tone - Calidad original, t\u00e1ctil y LCD, kit de reparaci\u00f3n profesional. Env\u00edo r\u00e1pido.","breadcrumb":{"@id":"https:\/\/www.dt-smart.com\/ja\/product\/for-ipad-air-3-lcd\/#breadcrumb"},"inLanguage":"es","potentialAction":[{"@type":"ReadAction","target":["https:\/\/www.dt-smart.com\/ja\/product\/for-ipad-air-3-lcd\/"]}]},{"@type":"ImageObject","inLanguage":"es","@id":"https:\/\/www.dt-smart.com\/ja\/product\/for-ipad-air-3-lcd\/#primaryimage","url":"https:\/\/www.dt-smart.com\/wp-content\/uploads\/2023\/11\/2-74.png","contentUrl":"https:\/\/www.dt-smart.com\/wp-content\/uploads\/2023\/11\/2-74.png","width":1000,"height":1000},{"@type":"BreadcrumbList","@id":"https:\/\/www.dt-smart.com\/ja\/product\/for-ipad-air-3-lcd\/#breadcrumb","itemListElement":[{"@type":"ListItem","position":1,"name":"Home","item":"https:\/\/www.dt-smart.com\/"},{"@type":"ListItem","position":2,"name":"Product","item":"https:\/\/www.dt-smart.com\/ru\/product\/"},{"@type":"ListItem","position":3,"name":"iPad Air 3 10.5-Inch Retina Display Assembly with True Tone &#8211; Original Quality Touch &#038; LCD, Professional Repair Kit. Fast Shipping"}]},{"@type":"WebSite","@id":"https:\/\/www.dt-smart.com\/#website","url":"https:\/\/www.dt-smart.com\/","name":"Asegurar parte","description":"Repuestos para celulares; Venta al por mayor de repuestos para iPhone; Proveedor de repuestos para Samsung","potentialAction":[{"@type":"SearchAction","target":{"@type":"EntryPoint","urlTemplate":"https:\/\/www.dt-smart.com\/?s={search_term_string}"},"query-input":{"@type":"PropertyValueSpecification","valueRequired":true,"valueName":"search_term_string"}}],"inLanguage":"es"}]}},"_links":{"self":[{"href":"https:\/\/www.dt-smart.com\/es\/wp-json\/wp\/v2\/product\/3792","targetHints":{"allow":["GET"]}}],"collection":[{"href":"https:\/\/www.dt-smart.com\/es\/wp-json\/wp\/v2\/product"}],"about":[{"href":"https:\/\/www.dt-smart.com\/es\/wp-json\/wp\/v2\/types\/product"}],"replies":[{"embeddable":true,"href":"https:\/\/www.dt-smart.com\/es\/wp-json\/wp\/v2\/comments?post=3792"}],"version-history":[{"count":4,"href":"https:\/\/www.dt-smart.com\/es\/wp-json\/wp\/v2\/product\/3792\/revisions"}],"predecessor-version":[{"id":24864,"href":"https:\/\/www.dt-smart.com\/es\/wp-json\/wp\/v2\/product\/3792\/revisions\/24864"}],"wp:featuredmedia":[{"embeddable":true,"href":"https:\/\/www.dt-smart.com\/es\/wp-json\/wp\/v2\/media\/6222"}],"wp:attachment":[{"href":"https:\/\/www.dt-smart.com\/es\/wp-json\/wp\/v2\/media?parent=3792"}],"wp:term":[{"taxonomy":"product_brand","embeddable":true,"href":"https:\/\/www.dt-smart.com\/es\/wp-json\/wp\/v2\/product_brand?post=3792"},{"taxonomy":"product_cat","embeddable":true,"href":"https:\/\/www.dt-smart.com\/es\/wp-json\/wp\/v2\/product_cat?post=3792"},{"taxonomy":"product_tag","embeddable":true,"href":"https:\/\/www.dt-smart.com\/es\/wp-json\/wp\/v2\/product_tag?post=3792"}],"curies":[{"name":"wp","href":"https:\/\/api.w.org\/{rel}","templated":true}]}}