{"id":3909,"date":"2023-11-02T15:08:53","date_gmt":"2023-11-02T07:08:53","guid":{"rendered":"https:\/\/dt-smart.com\/?post_type=product&#038;p=3909"},"modified":"2026-01-14T14:21:39","modified_gmt":"2026-01-14T06:21:39","slug":"for-ipad-pro-12-9-1st-gen-lcd","status":"publish","type":"product","link":"https:\/\/www.dt-smart.com\/es\/producto\/for-ipad-pro-12-9-1st-gen-lcd\/","title":{"rendered":"Reemplazo de digitalizador de pantalla t\u00e1ctil y pantalla Retina para iPad Pro de 12,9\u2033 (1.\u00aa generaci\u00f3n) \u2013 Pantalla grande de alta resoluci\u00f3n \u2013 Compatible con chip A9X \u2013 Revestimiento antirreflectante \u2013 Calidad OEM \u2013 Garant\u00eda de calidad \u2013 Env\u00edo r\u00e1pido"},"content":{"rendered":"<p><img fetchpriority=\"high\" decoding=\"async\" class=\"aligncenter size-full wp-image-4203\" src=\"https:\/\/dt-smart.com\/wp-content\/uploads\/2023\/11\/\u53c2\u6570-27.jpg\" alt=\"\" width=\"1000\" height=\"1143\" srcset=\"https:\/\/www.dt-smart.com\/wp-content\/uploads\/2023\/11\/\u53c2\u6570-27.jpg 1000w, https:\/\/www.dt-smart.com\/wp-content\/uploads\/2023\/11\/\u53c2\u6570-27-300x343.jpg 300w, https:\/\/www.dt-smart.com\/wp-content\/uploads\/2023\/11\/\u53c2\u6570-27-150x171.jpg 150w, https:\/\/www.dt-smart.com\/wp-content\/uploads\/2023\/11\/\u53c2\u6570-27-800x914.jpg 800w, https:\/\/www.dt-smart.com\/wp-content\/uploads\/2023\/11\/\u53c2\u6570-27-262x300.jpg 262w, https:\/\/www.dt-smart.com\/wp-content\/uploads\/2023\/11\/\u53c2\u6570-27-896x1024.jpg 896w, https:\/\/www.dt-smart.com\/wp-content\/uploads\/2023\/11\/\u53c2\u6570-27-768x878.jpg 768w, https:\/\/www.dt-smart.com\/wp-content\/uploads\/2023\/11\/\u53c2\u6570-27-10x12.jpg 10w\" sizes=\"(max-width: 1000px) 100vw, 1000px\" \/><img decoding=\"async\" class=\"aligncenter size-full wp-image-4230\" src=\"https:\/\/dt-smart.com\/wp-content\/uploads\/2023\/11\/\u8be6\u60c5\u56fe2.jpg\" alt=\"\" width=\"1000\" height=\"1848\" srcset=\"https:\/\/www.dt-smart.com\/wp-content\/uploads\/2023\/11\/\u8be6\u60c5\u56fe2.jpg 1000w, https:\/\/www.dt-smart.com\/wp-content\/uploads\/2023\/11\/\u8be6\u60c5\u56fe2-300x554.jpg 300w, https:\/\/www.dt-smart.com\/wp-content\/uploads\/2023\/11\/\u8be6\u60c5\u56fe2-150x277.jpg 150w, https:\/\/www.dt-smart.com\/wp-content\/uploads\/2023\/11\/\u8be6\u60c5\u56fe2-800x1478.jpg 800w, https:\/\/www.dt-smart.com\/wp-content\/uploads\/2023\/11\/\u8be6\u60c5\u56fe2-162x300.jpg 162w, https:\/\/www.dt-smart.com\/wp-content\/uploads\/2023\/11\/\u8be6\u60c5\u56fe2-554x1024.jpg 554w, https:\/\/www.dt-smart.com\/wp-content\/uploads\/2023\/11\/\u8be6\u60c5\u56fe2-768x1419.jpg 768w, https:\/\/www.dt-smart.com\/wp-content\/uploads\/2023\/11\/\u8be6\u60c5\u56fe2-831x1536.jpg 831w, https:\/\/www.dt-smart.com\/wp-content\/uploads\/2023\/11\/\u8be6\u60c5\u56fe2-6x12.jpg 6w\" sizes=\"(max-width: 1000px) 100vw, 1000px\" \/> <img decoding=\"async\" class=\"aligncenter size-full wp-image-4231\" src=\"https:\/\/dt-smart.com\/wp-content\/uploads\/2023\/11\/\u8be6\u60c5\u56fe.jpg\" alt=\"\" width=\"1000\" height=\"1994\" srcset=\"https:\/\/www.dt-smart.com\/wp-content\/uploads\/2023\/11\/\u8be6\u60c5\u56fe.jpg 1000w, https:\/\/www.dt-smart.com\/wp-content\/uploads\/2023\/11\/\u8be6\u60c5\u56fe-300x598.jpg 300w, https:\/\/www.dt-smart.com\/wp-content\/uploads\/2023\/11\/\u8be6\u60c5\u56fe-150x300.jpg 150w, https:\/\/www.dt-smart.com\/wp-content\/uploads\/2023\/11\/\u8be6\u60c5\u56fe-800x1595.jpg 800w, https:\/\/www.dt-smart.com\/wp-content\/uploads\/2023\/11\/\u8be6\u60c5\u56fe-514x1024.jpg 514w, https:\/\/www.dt-smart.com\/wp-content\/uploads\/2023\/11\/\u8be6\u60c5\u56fe-768x1531.jpg 768w, https:\/\/www.dt-smart.com\/wp-content\/uploads\/2023\/11\/\u8be6\u60c5\u56fe-770x1536.jpg 770w, https:\/\/www.dt-smart.com\/wp-content\/uploads\/2023\/11\/\u8be6\u60c5\u56fe-6x12.jpg 6w\" sizes=\"(max-width: 1000px) 100vw, 1000px\" \/><\/p>","protected":false},"excerpt":{"rendered":"<p><span style=\"font-family: arial, helvetica, sans-serif; font-size: 8pt;\">Calidad incomparable: los accesorios de pantalla para iPad de DT-Smart est\u00e1n elaborados meticulosamente para lograr la m\u00e1s alta calidad y confiabilidad, lo que garantiza una experiencia visual excepcional.<\/span><br \/>\n<span style=\"font-family: arial, helvetica, sans-serif; font-size: 8pt;\">Respuesta t\u00e1ctil ultrarr\u00e1pida: experimente una respuesta de pantalla t\u00e1ctil ultrarr\u00e1pida, que hace que cada interacci\u00f3n con su iPad sea fluida y precisa.<\/span><br \/>\n<span style=\"font-family: arial, helvetica, sans-serif; font-size: 8pt;\">Dureza y durabilidad inigualables: nuestros accesorios est\u00e1n dise\u00f1ados para soportar los rigores del uso diario, ofreciendo una dureza y protecci\u00f3n impresionantes para la pantalla de su iPad.<\/span><br \/>\n<span style=\"font-family: arial, helvetica, sans-serif; font-size: 8pt;\">Resistencia a huellas dactilares y manchas: los recubrimientos avanzados en nuestras pantallas resisten las huellas dactilares y repelen las manchas, manteniendo la pantalla de su iPad limpia y sin manchas.<\/span><br \/>\n<span style=\"font-family: arial, helvetica, sans-serif; font-size: 8pt;\">Multit\u00e1ctil: la pantalla t\u00e1ctil del iPad admite la funci\u00f3n multit\u00e1ctil, lo que permite a los usuarios usar varios dedos para realizar diversas operaciones gestuales, como acercar, alejar, rotar y deslizar, para interactuar con aplicaciones y contenido de forma m\u00e1s intuitiva.<\/span><br \/>\n<span style=\"font-family: arial, helvetica, sans-serif; font-size: 8pt;\">Recubrimiento antirreflejo: las pantallas t\u00e1ctiles del iPad tambi\u00e9n pueden incluir recubrimientos antirreflejos para reducir los reflejos y el resplandor y mejorar la visibilidad cuando se usan en exteriores.<\/span><br \/>\n<span style=\"font-family: arial, helvetica, sans-serif; font-size: 8pt;\">Modo de protecci\u00f3n ocular: reduzca la fatiga visual y mejore la comodidad con nuestro modo de protecci\u00f3n ocular integrado, que proporciona una experiencia de visualizaci\u00f3n m\u00e1s segura y c\u00f3moda.<\/span><br \/>\n<span style=\"font-family: arial, helvetica, sans-serif; font-size: 8pt;\">Instalaci\u00f3n sencilla: Olv\u00eddate de las instalaciones complejas. Nuestras gu\u00edas intuitivas garantizan un proceso sin complicaciones, lo que facilita enormemente la actualizaci\u00f3n de la pantalla de tu iPad.<\/span><br \/>\n<span style=\"font-family: arial, helvetica, sans-serif; font-size: 8pt;\">Respetuoso con el medio ambiente: Estamos comprometidos con la sostenibilidad y nuestros productos est\u00e1n dise\u00f1ados con materiales y procesos ecol\u00f3gicos, reduciendo el impacto ambiental.<\/span><\/p>","protected":false},"featured_media":5818,"comment_status":"open","ping_status":"closed","template":"","meta":[],"product_brand":[],"product_cat":[596,65],"product_tag":[],"class_list":{"0":"post-3909","1":"product","2":"type-product","3":"status-publish","4":"has-post-thumbnail","6":"product_cat-all-ipad-tplcd","7":"product_cat-ipad-pro-12-9-1st-gen-2015","9":"first","10":"instock","11":"taxable","12":"shipping-taxable","13":"purchasable","14":"product-type-variable","15":"has-default-attributes"},"yoast_head":"<!-- This site is optimized with the Yoast SEO plugin v27.4 - https:\/\/yoast.com\/product\/yoast-seo-wordpress\/ -->\n<title>iPad Pro 12.9\u2033 1st Gen Touch Screen Digitizer &amp; Retina Display Assembly Replacement - Large Screen High Resolution - A9X Chip Compatible - Anti-Reflective Coating - OEM Grade - Quality Guaranteed - Fast Shipping - InsurePart<\/title>\n<meta name=\"description\" content=\"iPad Pro 12.9\u2033 1st Gen Touch Screen Digitizer &amp; Retina Display Assembly Replacement - Large Screen High Resolution - A9X Chip Compatible - Anti-Reflective Coating - OEM Grade - Quality Guaranteed - Fast Shipping\" \/>\n<meta name=\"robots\" content=\"index, follow, max-snippet:-1, max-image-preview:large, max-video-preview:-1\" \/>\n<link rel=\"canonical\" href=\"https:\/\/www.dt-smart.com\/es\/producto\/for-ipad-pro-12-9-1st-gen-lcd\/\" \/>\n<meta property=\"og:locale\" content=\"es_ES\" \/>\n<meta property=\"og:type\" content=\"article\" \/>\n<meta property=\"og:title\" content=\"iPad Pro 12.9\u2033 1st Gen Touch Screen Digitizer &amp; Retina Display Assembly Replacement - Large Screen High Resolution - A9X Chip Compatible - Anti-Reflective Coating - OEM Grade - Quality Guaranteed - Fast Shipping - InsurePart\" \/>\n<meta property=\"og:description\" content=\"iPad Pro 12.9\u2033 1st Gen Touch Screen Digitizer &amp; Retina Display Assembly Replacement - Large Screen High Resolution - A9X Chip Compatible - Anti-Reflective Coating - OEM Grade - Quality Guaranteed - Fast Shipping\" \/>\n<meta property=\"og:url\" content=\"https:\/\/www.dt-smart.com\/es\/producto\/for-ipad-pro-12-9-1st-gen-lcd\/\" \/>\n<meta property=\"og:site_name\" content=\"InsurePart\" \/>\n<meta property=\"article:publisher\" content=\"https:\/\/www.facebook.com\/anjinleeEva\" \/>\n<meta property=\"article:modified_time\" content=\"2026-01-14T06:21:39+00:00\" \/>\n<meta property=\"og:image\" content=\"https:\/\/www.dt-smart.com\/wp-content\/uploads\/2023\/11\/10-14.jpg\" \/>\n\t<meta property=\"og:image:width\" content=\"1000\" \/>\n\t<meta property=\"og:image:height\" content=\"1000\" \/>\n\t<meta property=\"og:image:type\" content=\"image\/jpeg\" \/>\n<meta name=\"twitter:card\" content=\"summary_large_image\" \/>\n<meta name=\"twitter:label1\" content=\"Tiempo de lectura\" \/>\n\t<meta name=\"twitter:data1\" content=\"1 minuto\" \/>\n<script type=\"application\/ld+json\" class=\"yoast-schema-graph\">{\"@context\":\"https:\\\/\\\/schema.org\",\"@graph\":[{\"@type\":\"WebPage\",\"@id\":\"https:\\\/\\\/www.dt-smart.com\\\/ja\\\/product\\\/for-ipad-pro-12-9-1st-gen-lcd\\\/\",\"url\":\"https:\\\/\\\/www.dt-smart.com\\\/ja\\\/product\\\/for-ipad-pro-12-9-1st-gen-lcd\\\/\",\"name\":\"iPad Pro 12.9\u2033 1st Gen Touch Screen Digitizer & Retina Display Assembly Replacement - Large Screen High Resolution - A9X Chip Compatible - Anti-Reflective Coating - OEM Grade - Quality Guaranteed - Fast Shipping - InsurePart\",\"isPartOf\":{\"@id\":\"https:\\\/\\\/www.dt-smart.com\\\/#website\"},\"primaryImageOfPage\":{\"@id\":\"https:\\\/\\\/www.dt-smart.com\\\/ja\\\/product\\\/for-ipad-pro-12-9-1st-gen-lcd\\\/#primaryimage\"},\"image\":{\"@id\":\"https:\\\/\\\/www.dt-smart.com\\\/ja\\\/product\\\/for-ipad-pro-12-9-1st-gen-lcd\\\/#primaryimage\"},\"thumbnailUrl\":\"https:\\\/\\\/www.dt-smart.com\\\/wp-content\\\/uploads\\\/2023\\\/11\\\/10-14.jpg\",\"datePublished\":\"2023-11-02T07:08:53+00:00\",\"dateModified\":\"2026-01-14T06:21:39+00:00\",\"description\":\"iPad Pro 12.9\u2033 1st Gen Touch Screen Digitizer & Retina Display Assembly Replacement - Large Screen High Resolution - A9X Chip Compatible - Anti-Reflective Coating - OEM Grade - Quality Guaranteed - Fast Shipping\",\"breadcrumb\":{\"@id\":\"https:\\\/\\\/www.dt-smart.com\\\/ja\\\/product\\\/for-ipad-pro-12-9-1st-gen-lcd\\\/#breadcrumb\"},\"inLanguage\":\"es\",\"potentialAction\":[{\"@type\":\"ReadAction\",\"target\":[\"https:\\\/\\\/www.dt-smart.com\\\/ja\\\/product\\\/for-ipad-pro-12-9-1st-gen-lcd\\\/\"]}]},{\"@type\":\"ImageObject\",\"inLanguage\":\"es\",\"@id\":\"https:\\\/\\\/www.dt-smart.com\\\/ja\\\/product\\\/for-ipad-pro-12-9-1st-gen-lcd\\\/#primaryimage\",\"url\":\"https:\\\/\\\/www.dt-smart.com\\\/wp-content\\\/uploads\\\/2023\\\/11\\\/10-14.jpg\",\"contentUrl\":\"https:\\\/\\\/www.dt-smart.com\\\/wp-content\\\/uploads\\\/2023\\\/11\\\/10-14.jpg\",\"width\":1000,\"height\":1000},{\"@type\":\"BreadcrumbList\",\"@id\":\"https:\\\/\\\/www.dt-smart.com\\\/ja\\\/product\\\/for-ipad-pro-12-9-1st-gen-lcd\\\/#breadcrumb\",\"itemListElement\":[{\"@type\":\"ListItem\",\"position\":1,\"name\":\"Home\",\"item\":\"https:\\\/\\\/www.dt-smart.com\\\/\"},{\"@type\":\"ListItem\",\"position\":2,\"name\":\"Product\",\"item\":\"https:\\\/\\\/www.dt-smart.com\\\/ru\\\/product\\\/\"},{\"@type\":\"ListItem\",\"position\":3,\"name\":\"iPad Pro 12.9\u2033 1st Gen Touch Screen Digitizer &#038; Retina Display Assembly Replacement &#8211; Large Screen High Resolution &#8211; A9X Chip Compatible &#8211; Anti-Reflective Coating &#8211; OEM Grade &#8211; Quality Guaranteed &#8211; Fast Shipping\"}]},{\"@type\":\"WebSite\",\"@id\":\"https:\\\/\\\/www.dt-smart.com\\\/#website\",\"url\":\"https:\\\/\\\/www.dt-smart.com\\\/\",\"name\":\"InsurePart\",\"description\":\"Cell Phone Repair Parts; iPhone Parts Wholesale;Samsung Parts Supplier\",\"potentialAction\":[{\"@type\":\"SearchAction\",\"target\":{\"@type\":\"EntryPoint\",\"urlTemplate\":\"https:\\\/\\\/www.dt-smart.com\\\/?s={search_term_string}\"},\"query-input\":{\"@type\":\"PropertyValueSpecification\",\"valueRequired\":true,\"valueName\":\"search_term_string\"}}],\"inLanguage\":\"es\"}]}<\/script>\n<!-- \/ Yoast SEO plugin. -->","yoast_head_json":{"title":"iPad Pro 12.9\u2033 1st Gen Touch Screen Digitizer & Retina Display Assembly Replacement - Large Screen High Resolution - A9X Chip Compatible - Anti-Reflective Coating - OEM Grade - Quality Guaranteed - Fast Shipping - InsurePart","description":"iPad Pro 12.9\u2033 1st Gen Touch Screen Digitizer & Retina Display Assembly Replacement - Large Screen High Resolution - A9X Chip Compatible - Anti-Reflective Coating - OEM Grade - Quality Guaranteed - Fast Shipping","robots":{"index":"index","follow":"follow","max-snippet":"max-snippet:-1","max-image-preview":"max-image-preview:large","max-video-preview":"max-video-preview:-1"},"canonical":"https:\/\/www.dt-smart.com\/es\/producto\/for-ipad-pro-12-9-1st-gen-lcd\/","og_locale":"es_ES","og_type":"article","og_title":"iPad Pro 12.9\u2033 1st Gen Touch Screen Digitizer & Retina Display Assembly Replacement - Large Screen High Resolution - A9X Chip Compatible - Anti-Reflective Coating - OEM Grade - Quality Guaranteed - Fast Shipping - InsurePart","og_description":"iPad Pro 12.9\u2033 1st Gen Touch Screen Digitizer & Retina Display Assembly Replacement - Large Screen High Resolution - A9X Chip Compatible - Anti-Reflective Coating - OEM Grade - Quality Guaranteed - Fast Shipping","og_url":"https:\/\/www.dt-smart.com\/es\/producto\/for-ipad-pro-12-9-1st-gen-lcd\/","og_site_name":"InsurePart","article_publisher":"https:\/\/www.facebook.com\/anjinleeEva","article_modified_time":"2026-01-14T06:21:39+00:00","og_image":[{"width":1000,"height":1000,"url":"https:\/\/www.dt-smart.com\/wp-content\/uploads\/2023\/11\/10-14.jpg","type":"image\/jpeg"}],"twitter_card":"summary_large_image","twitter_misc":{"Tiempo de lectura":"1 minuto"},"schema":{"@context":"https:\/\/schema.org","@graph":[{"@type":"WebPage","@id":"https:\/\/www.dt-smart.com\/ja\/product\/for-ipad-pro-12-9-1st-gen-lcd\/","url":"https:\/\/www.dt-smart.com\/ja\/product\/for-ipad-pro-12-9-1st-gen-lcd\/","name":"iPad Pro 12.9\u2033 1st Gen Touch Screen Digitizer & Retina Display Assembly Replacement - Large Screen High Resolution - A9X Chip Compatible - Anti-Reflective Coating - OEM Grade - Quality Guaranteed - Fast Shipping - InsurePart","isPartOf":{"@id":"https:\/\/www.dt-smart.com\/#website"},"primaryImageOfPage":{"@id":"https:\/\/www.dt-smart.com\/ja\/product\/for-ipad-pro-12-9-1st-gen-lcd\/#primaryimage"},"image":{"@id":"https:\/\/www.dt-smart.com\/ja\/product\/for-ipad-pro-12-9-1st-gen-lcd\/#primaryimage"},"thumbnailUrl":"https:\/\/www.dt-smart.com\/wp-content\/uploads\/2023\/11\/10-14.jpg","datePublished":"2023-11-02T07:08:53+00:00","dateModified":"2026-01-14T06:21:39+00:00","description":"iPad Pro 12.9\u2033 1st Gen Touch Screen Digitizer & Retina Display Assembly Replacement - Large Screen High Resolution - A9X Chip Compatible - Anti-Reflective Coating - OEM Grade - Quality Guaranteed - Fast Shipping","breadcrumb":{"@id":"https:\/\/www.dt-smart.com\/ja\/product\/for-ipad-pro-12-9-1st-gen-lcd\/#breadcrumb"},"inLanguage":"es","potentialAction":[{"@type":"ReadAction","target":["https:\/\/www.dt-smart.com\/ja\/product\/for-ipad-pro-12-9-1st-gen-lcd\/"]}]},{"@type":"ImageObject","inLanguage":"es","@id":"https:\/\/www.dt-smart.com\/ja\/product\/for-ipad-pro-12-9-1st-gen-lcd\/#primaryimage","url":"https:\/\/www.dt-smart.com\/wp-content\/uploads\/2023\/11\/10-14.jpg","contentUrl":"https:\/\/www.dt-smart.com\/wp-content\/uploads\/2023\/11\/10-14.jpg","width":1000,"height":1000},{"@type":"BreadcrumbList","@id":"https:\/\/www.dt-smart.com\/ja\/product\/for-ipad-pro-12-9-1st-gen-lcd\/#breadcrumb","itemListElement":[{"@type":"ListItem","position":1,"name":"Home","item":"https:\/\/www.dt-smart.com\/"},{"@type":"ListItem","position":2,"name":"Product","item":"https:\/\/www.dt-smart.com\/ru\/product\/"},{"@type":"ListItem","position":3,"name":"iPad Pro 12.9\u2033 1st Gen Touch Screen Digitizer &#038; Retina Display Assembly Replacement &#8211; Large Screen High Resolution &#8211; A9X Chip Compatible &#8211; Anti-Reflective Coating &#8211; OEM Grade &#8211; Quality Guaranteed &#8211; Fast Shipping"}]},{"@type":"WebSite","@id":"https:\/\/www.dt-smart.com\/#website","url":"https:\/\/www.dt-smart.com\/","name":"Asegurar parte","description":"Repuestos para celulares; Venta al por mayor de repuestos para iPhone; Proveedor de repuestos para Samsung","potentialAction":[{"@type":"SearchAction","target":{"@type":"EntryPoint","urlTemplate":"https:\/\/www.dt-smart.com\/?s={search_term_string}"},"query-input":{"@type":"PropertyValueSpecification","valueRequired":true,"valueName":"search_term_string"}}],"inLanguage":"es"}]}},"_links":{"self":[{"href":"https:\/\/www.dt-smart.com\/es\/wp-json\/wp\/v2\/product\/3909","targetHints":{"allow":["GET"]}}],"collection":[{"href":"https:\/\/www.dt-smart.com\/es\/wp-json\/wp\/v2\/product"}],"about":[{"href":"https:\/\/www.dt-smart.com\/es\/wp-json\/wp\/v2\/types\/product"}],"replies":[{"embeddable":true,"href":"https:\/\/www.dt-smart.com\/es\/wp-json\/wp\/v2\/comments?post=3909"}],"version-history":[{"count":3,"href":"https:\/\/www.dt-smart.com\/es\/wp-json\/wp\/v2\/product\/3909\/revisions"}],"predecessor-version":[{"id":24879,"href":"https:\/\/www.dt-smart.com\/es\/wp-json\/wp\/v2\/product\/3909\/revisions\/24879"}],"wp:featuredmedia":[{"embeddable":true,"href":"https:\/\/www.dt-smart.com\/es\/wp-json\/wp\/v2\/media\/5818"}],"wp:attachment":[{"href":"https:\/\/www.dt-smart.com\/es\/wp-json\/wp\/v2\/media?parent=3909"}],"wp:term":[{"taxonomy":"product_brand","embeddable":true,"href":"https:\/\/www.dt-smart.com\/es\/wp-json\/wp\/v2\/product_brand?post=3909"},{"taxonomy":"product_cat","embeddable":true,"href":"https:\/\/www.dt-smart.com\/es\/wp-json\/wp\/v2\/product_cat?post=3909"},{"taxonomy":"product_tag","embeddable":true,"href":"https:\/\/www.dt-smart.com\/es\/wp-json\/wp\/v2\/product_tag?post=3909"}],"curies":[{"name":"wp","href":"https:\/\/api.w.org\/{rel}","templated":true}]}}