{"id":4020,"date":"2023-11-03T10:39:43","date_gmt":"2023-11-03T02:39:43","guid":{"rendered":"https:\/\/dt-smart.com\/?post_type=product&#038;p=4020"},"modified":"2025-12-29T16:53:05","modified_gmt":"2025-12-29T08:53:05","slug":"tpk-r2201-laser-welding-machine","status":"publish","type":"product","link":"https:\/\/www.dt-smart.com\/es\/producto\/tpk-r2201-laser-welding-machine\/","title":{"rendered":"M\u00e1quina de soldadura l\u00e1ser TBK R2201 \u2013 Soldadora l\u00e1ser de fibra port\u00e1til de 1500 W \u2013 Alimentaci\u00f3n autom\u00e1tica de hilo de soldadura \u2013 Para acero inoxidable, aluminio y cobre \u2013 Grado industrial \u2013 Env\u00edo r\u00e1pido"},"content":{"rendered":"<p><img fetchpriority=\"high\" decoding=\"async\" class=\"aligncenter size-full wp-image-4010\" src=\"https:\/\/dt-smart.com\/wp-content\/uploads\/2023\/11\/2-64.png\" alt=\"\" width=\"800\" height=\"800\" srcset=\"https:\/\/www.dt-smart.com\/wp-content\/uploads\/2023\/11\/2-64.png 800w, https:\/\/www.dt-smart.com\/wp-content\/uploads\/2023\/11\/2-64-300x300.png 300w, https:\/\/www.dt-smart.com\/wp-content\/uploads\/2023\/11\/2-64-150x150.png 150w, https:\/\/www.dt-smart.com\/wp-content\/uploads\/2023\/11\/2-64-600x600.png 600w, https:\/\/www.dt-smart.com\/wp-content\/uploads\/2023\/11\/2-64-768x768.png 768w, https:\/\/www.dt-smart.com\/wp-content\/uploads\/2023\/11\/2-64-12x12.png 12w\" sizes=\"(max-width: 800px) 100vw, 800px\" \/> <img decoding=\"async\" class=\"aligncenter size-full wp-image-4012\" src=\"https:\/\/dt-smart.com\/wp-content\/uploads\/2023\/11\/ABUIABAEGAAg4q2FkgYo_PmG1QEwoAY4oAY.png\" alt=\"\" width=\"800\" height=\"800\" srcset=\"https:\/\/www.dt-smart.com\/wp-content\/uploads\/2023\/11\/ABUIABAEGAAg4q2FkgYo_PmG1QEwoAY4oAY.png 800w, https:\/\/www.dt-smart.com\/wp-content\/uploads\/2023\/11\/ABUIABAEGAAg4q2FkgYo_PmG1QEwoAY4oAY-300x300.png 300w, https:\/\/www.dt-smart.com\/wp-content\/uploads\/2023\/11\/ABUIABAEGAAg4q2FkgYo_PmG1QEwoAY4oAY-150x150.png 150w, https:\/\/www.dt-smart.com\/wp-content\/uploads\/2023\/11\/ABUIABAEGAAg4q2FkgYo_PmG1QEwoAY4oAY-600x600.png 600w, https:\/\/www.dt-smart.com\/wp-content\/uploads\/2023\/11\/ABUIABAEGAAg4q2FkgYo_PmG1QEwoAY4oAY-768x768.png 768w, https:\/\/www.dt-smart.com\/wp-content\/uploads\/2023\/11\/ABUIABAEGAAg4q2FkgYo_PmG1QEwoAY4oAY-12x12.png 12w\" sizes=\"(max-width: 800px) 100vw, 800px\" \/> <img decoding=\"async\" class=\"aligncenter size-full wp-image-4013\" src=\"https:\/\/dt-smart.com\/wp-content\/uploads\/2023\/11\/ABUIABAEGAAg4rCFkgYo2MzlywMwoAY4oAY.png\" alt=\"\" width=\"800\" height=\"800\" srcset=\"https:\/\/www.dt-smart.com\/wp-content\/uploads\/2023\/11\/ABUIABAEGAAg4rCFkgYo2MzlywMwoAY4oAY.png 800w, https:\/\/www.dt-smart.com\/wp-content\/uploads\/2023\/11\/ABUIABAEGAAg4rCFkgYo2MzlywMwoAY4oAY-300x300.png 300w, https:\/\/www.dt-smart.com\/wp-content\/uploads\/2023\/11\/ABUIABAEGAAg4rCFkgYo2MzlywMwoAY4oAY-150x150.png 150w, https:\/\/www.dt-smart.com\/wp-content\/uploads\/2023\/11\/ABUIABAEGAAg4rCFkgYo2MzlywMwoAY4oAY-600x600.png 600w, https:\/\/www.dt-smart.com\/wp-content\/uploads\/2023\/11\/ABUIABAEGAAg4rCFkgYo2MzlywMwoAY4oAY-768x768.png 768w, https:\/\/www.dt-smart.com\/wp-content\/uploads\/2023\/11\/ABUIABAEGAAg4rCFkgYo2MzlywMwoAY4oAY-12x12.png 12w\" sizes=\"(max-width: 800px) 100vw, 800px\" \/> <img loading=\"lazy\" decoding=\"async\" class=\"aligncenter size-full wp-image-4014\" src=\"https:\/\/dt-smart.com\/wp-content\/uploads\/2023\/11\/ABUIABAEGAAg4rCFkgYo8JXKwgIwoAY4oAY.png\" alt=\"\" width=\"800\" height=\"800\" srcset=\"https:\/\/www.dt-smart.com\/wp-content\/uploads\/2023\/11\/ABUIABAEGAAg4rCFkgYo8JXKwgIwoAY4oAY.png 800w, https:\/\/www.dt-smart.com\/wp-content\/uploads\/2023\/11\/ABUIABAEGAAg4rCFkgYo8JXKwgIwoAY4oAY-300x300.png 300w, https:\/\/www.dt-smart.com\/wp-content\/uploads\/2023\/11\/ABUIABAEGAAg4rCFkgYo8JXKwgIwoAY4oAY-150x150.png 150w, https:\/\/www.dt-smart.com\/wp-content\/uploads\/2023\/11\/ABUIABAEGAAg4rCFkgYo8JXKwgIwoAY4oAY-600x600.png 600w, https:\/\/www.dt-smart.com\/wp-content\/uploads\/2023\/11\/ABUIABAEGAAg4rCFkgYo8JXKwgIwoAY4oAY-768x768.png 768w, https:\/\/www.dt-smart.com\/wp-content\/uploads\/2023\/11\/ABUIABAEGAAg4rCFkgYo8JXKwgIwoAY4oAY-12x12.png 12w\" sizes=\"(max-width: 800px) 100vw, 800px\" \/> <img loading=\"lazy\" decoding=\"async\" class=\"aligncenter size-full wp-image-4015\" src=\"https:\/\/dt-smart.com\/wp-content\/uploads\/2023\/11\/ABUIABAEGAAg4rCFkgYonuac7AUwoAY4oAY.png\" alt=\"\" width=\"800\" height=\"800\" srcset=\"https:\/\/www.dt-smart.com\/wp-content\/uploads\/2023\/11\/ABUIABAEGAAg4rCFkgYonuac7AUwoAY4oAY.png 800w, https:\/\/www.dt-smart.com\/wp-content\/uploads\/2023\/11\/ABUIABAEGAAg4rCFkgYonuac7AUwoAY4oAY-300x300.png 300w, https:\/\/www.dt-smart.com\/wp-content\/uploads\/2023\/11\/ABUIABAEGAAg4rCFkgYonuac7AUwoAY4oAY-150x150.png 150w, https:\/\/www.dt-smart.com\/wp-content\/uploads\/2023\/11\/ABUIABAEGAAg4rCFkgYonuac7AUwoAY4oAY-600x600.png 600w, https:\/\/www.dt-smart.com\/wp-content\/uploads\/2023\/11\/ABUIABAEGAAg4rCFkgYonuac7AUwoAY4oAY-768x768.png 768w, https:\/\/www.dt-smart.com\/wp-content\/uploads\/2023\/11\/ABUIABAEGAAg4rCFkgYonuac7AUwoAY4oAY-12x12.png 12w\" sizes=\"(max-width: 800px) 100vw, 800px\" \/> <img loading=\"lazy\" decoding=\"async\" class=\"aligncenter size-full wp-image-4016\" src=\"https:\/\/dt-smart.com\/wp-content\/uploads\/2023\/11\/ABUIABAEGAAg5q2FkgYouNbn_wQwoAY4oAY.png\" alt=\"\" width=\"800\" height=\"800\" srcset=\"https:\/\/www.dt-smart.com\/wp-content\/uploads\/2023\/11\/ABUIABAEGAAg5q2FkgYouNbn_wQwoAY4oAY.png 800w, https:\/\/www.dt-smart.com\/wp-content\/uploads\/2023\/11\/ABUIABAEGAAg5q2FkgYouNbn_wQwoAY4oAY-300x300.png 300w, https:\/\/www.dt-smart.com\/wp-content\/uploads\/2023\/11\/ABUIABAEGAAg5q2FkgYouNbn_wQwoAY4oAY-150x150.png 150w, https:\/\/www.dt-smart.com\/wp-content\/uploads\/2023\/11\/ABUIABAEGAAg5q2FkgYouNbn_wQwoAY4oAY-600x600.png 600w, https:\/\/www.dt-smart.com\/wp-content\/uploads\/2023\/11\/ABUIABAEGAAg5q2FkgYouNbn_wQwoAY4oAY-768x768.png 768w, https:\/\/www.dt-smart.com\/wp-content\/uploads\/2023\/11\/ABUIABAEGAAg5q2FkgYouNbn_wQwoAY4oAY-12x12.png 12w\" sizes=\"(max-width: 800px) 100vw, 800px\" \/> <img loading=\"lazy\" decoding=\"async\" class=\"aligncenter size-full wp-image-4017\" src=\"https:\/\/dt-smart.com\/wp-content\/uploads\/2023\/11\/ABUIABAEGAAg47CFkgYo0LbqpAYwoAY4oAY.png\" alt=\"\" width=\"800\" height=\"800\" srcset=\"https:\/\/www.dt-smart.com\/wp-content\/uploads\/2023\/11\/ABUIABAEGAAg47CFkgYo0LbqpAYwoAY4oAY.png 800w, https:\/\/www.dt-smart.com\/wp-content\/uploads\/2023\/11\/ABUIABAEGAAg47CFkgYo0LbqpAYwoAY4oAY-300x300.png 300w, https:\/\/www.dt-smart.com\/wp-content\/uploads\/2023\/11\/ABUIABAEGAAg47CFkgYo0LbqpAYwoAY4oAY-150x150.png 150w, https:\/\/www.dt-smart.com\/wp-content\/uploads\/2023\/11\/ABUIABAEGAAg47CFkgYo0LbqpAYwoAY4oAY-600x600.png 600w, https:\/\/www.dt-smart.com\/wp-content\/uploads\/2023\/11\/ABUIABAEGAAg47CFkgYo0LbqpAYwoAY4oAY-768x768.png 768w, https:\/\/www.dt-smart.com\/wp-content\/uploads\/2023\/11\/ABUIABAEGAAg47CFkgYo0LbqpAYwoAY4oAY-12x12.png 12w\" sizes=\"(max-width: 800px) 100vw, 800px\" \/><\/p>","protected":false},"excerpt":{"rendered":"<p><span style=\"font-family: arial, helvetica, sans-serif; font-size: 8pt;\">Precisi\u00f3n sin precedentes: Nuestra tecnolog\u00eda l\u00e1ser de vanguardia garantiza una precisi\u00f3n milim\u00e9trica en el desmontaje y marcado de pantallas. Dile adi\u00f3s a las imprecisiones y hola a la perfecci\u00f3n.<\/span><br \/>\n<span style=\"font-family: arial, helvetica, sans-serif; font-size: 8pt;\">Eficiencia redefinida: El sistema totalmente autom\u00e1tico de TPK acelera su l\u00ednea de producci\u00f3n, ahorr\u00e1ndole tiempo y dinero. Logre un mayor rendimiento sin sacrificar la calidad.<\/span><br \/>\n<span style=\"font-family: arial, helvetica, sans-serif; font-size: 8pt;\">Versatilidad en su m\u00e1xima expresi\u00f3n: nuestra m\u00e1quina se adapta a varios tama\u00f1os y tipos de pantalla, lo que la hace adecuada para una amplia gama de aplicaciones, desde tel\u00e9fonos inteligentes hasta pantallas m\u00e1s grandes.<\/span><br \/>\n<span style=\"font-family: arial, helvetica, sans-serif; font-size: 8pt;\">Garant\u00eda de calidad: La tecnolog\u00eda avanzada de TPK garantiza un acabado de alta calidad con cada marca, mejorando el valor y la durabilidad de sus productos.<\/span><br \/>\n<span style=\"font-family: arial, helvetica, sans-serif; font-size: 8pt;\">La sostenibilidad es importante: la tecnolog\u00eda l\u00e1ser que empleamos es respetuosa con el medio ambiente y reduce los residuos, lo que la convierte en una opci\u00f3n responsable para su negocio.<\/span><br \/>\n<span style=\"font-family: arial, helvetica, sans-serif; font-size: 8pt;\">Operaci\u00f3n intuitiva: Nuestra interfaz f\u00e1cil de usar garantiza que su equipo pueda ponerse al d\u00eda r\u00e1pidamente, minimizando el tiempo de capacitaci\u00f3n y los errores operativos.<\/span><br \/>\n<span style=\"font-family: arial, helvetica, sans-serif; font-size: 8pt;\">Adel\u00e1ntese a la competencia: Innove y mant\u00e9ngase a la vanguardia en el mercado competitivo. La m\u00e1quina de marcado y desmontaje de pantallas l\u00e1ser totalmente autom\u00e1tica de TPK es la clave del \u00e9xito.<\/span><\/p>","protected":false},"featured_media":4010,"comment_status":"open","ping_status":"closed","template":"","meta":[],"product_brand":[],"product_cat":[1184],"product_tag":[],"class_list":{"0":"post-4020","1":"product","2":"type-product","3":"status-publish","4":"has-post-thumbnail","6":"product_cat-tbk-r2201","8":"first","9":"instock","10":"taxable","11":"shipping-taxable","12":"purchasable","13":"product-type-simple"},"yoast_head":"<!-- This site is optimized with the Yoast SEO plugin v27.4 - https:\/\/yoast.com\/product\/yoast-seo-wordpress\/ -->\n<title>TBK R2201 Laser Welding Machine - 1500W Handheld Fiber Laser Welder - Automatic Solder Wire Feeding - For Stainless Steel, Aluminum, Copper - Industrial Grade - Fast Shipping - InsurePart<\/title>\n<meta name=\"description\" content=\"TBK R2201 Laser Welding Machine - 1500W Handheld Fiber Laser Welder - Automatic Solder Wire Feeding - For Stainless Steel, Aluminum, Copper - Industrial Grade - Fast Shipping\" \/>\n<meta name=\"robots\" content=\"index, follow, max-snippet:-1, max-image-preview:large, max-video-preview:-1\" \/>\n<link rel=\"canonical\" href=\"https:\/\/www.dt-smart.com\/es\/producto\/tpk-r2201-laser-welding-machine\/\" \/>\n<meta property=\"og:locale\" content=\"es_ES\" \/>\n<meta property=\"og:type\" content=\"article\" \/>\n<meta property=\"og:title\" content=\"TBK R2201 Laser Welding Machine - 1500W Handheld Fiber Laser Welder - Automatic Solder Wire Feeding - For Stainless Steel, Aluminum, Copper - Industrial Grade - Fast Shipping - InsurePart\" \/>\n<meta property=\"og:description\" content=\"TBK R2201 Laser Welding Machine - 1500W Handheld Fiber Laser Welder - Automatic Solder Wire Feeding - For Stainless Steel, Aluminum, Copper - Industrial Grade - Fast Shipping\" \/>\n<meta property=\"og:url\" content=\"https:\/\/www.dt-smart.com\/es\/producto\/tpk-r2201-laser-welding-machine\/\" \/>\n<meta property=\"og:site_name\" content=\"InsurePart\" \/>\n<meta property=\"article:publisher\" content=\"https:\/\/www.facebook.com\/anjinleeEva\" \/>\n<meta property=\"article:modified_time\" content=\"2025-12-29T08:53:05+00:00\" \/>\n<meta property=\"og:image\" content=\"https:\/\/www.dt-smart.com\/wp-content\/uploads\/2023\/11\/2-64.png\" \/>\n\t<meta property=\"og:image:width\" content=\"800\" \/>\n\t<meta property=\"og:image:height\" content=\"800\" \/>\n\t<meta property=\"og:image:type\" content=\"image\/png\" \/>\n<meta name=\"twitter:card\" content=\"summary_large_image\" \/>\n<meta name=\"twitter:label1\" content=\"Tiempo de lectura\" \/>\n\t<meta name=\"twitter:data1\" content=\"2 minutos\" \/>\n<script type=\"application\/ld+json\" class=\"yoast-schema-graph\">{\"@context\":\"https:\\\/\\\/schema.org\",\"@graph\":[{\"@type\":\"WebPage\",\"@id\":\"https:\\\/\\\/www.dt-smart.com\\\/ru\\\/product\\\/tpk-r2201-laser-welding-machine\\\/\",\"url\":\"https:\\\/\\\/www.dt-smart.com\\\/ru\\\/product\\\/tpk-r2201-laser-welding-machine\\\/\",\"name\":\"TBK R2201 Laser Welding Machine - 1500W Handheld Fiber Laser Welder - Automatic Solder Wire Feeding - For Stainless Steel, Aluminum, Copper - Industrial Grade - Fast Shipping - InsurePart\",\"isPartOf\":{\"@id\":\"https:\\\/\\\/www.dt-smart.com\\\/#website\"},\"primaryImageOfPage\":{\"@id\":\"https:\\\/\\\/www.dt-smart.com\\\/ru\\\/product\\\/tpk-r2201-laser-welding-machine\\\/#primaryimage\"},\"image\":{\"@id\":\"https:\\\/\\\/www.dt-smart.com\\\/ru\\\/product\\\/tpk-r2201-laser-welding-machine\\\/#primaryimage\"},\"thumbnailUrl\":\"https:\\\/\\\/www.dt-smart.com\\\/wp-content\\\/uploads\\\/2023\\\/11\\\/2-64.png\",\"datePublished\":\"2023-11-03T02:39:43+00:00\",\"dateModified\":\"2025-12-29T08:53:05+00:00\",\"description\":\"TBK R2201 Laser Welding Machine - 1500W Handheld Fiber Laser Welder - Automatic Solder Wire Feeding - For Stainless Steel, Aluminum, Copper - Industrial Grade - Fast Shipping\",\"breadcrumb\":{\"@id\":\"https:\\\/\\\/www.dt-smart.com\\\/ru\\\/product\\\/tpk-r2201-laser-welding-machine\\\/#breadcrumb\"},\"inLanguage\":\"es\",\"potentialAction\":[{\"@type\":\"ReadAction\",\"target\":[\"https:\\\/\\\/www.dt-smart.com\\\/ru\\\/product\\\/tpk-r2201-laser-welding-machine\\\/\"]}]},{\"@type\":\"ImageObject\",\"inLanguage\":\"es\",\"@id\":\"https:\\\/\\\/www.dt-smart.com\\\/ru\\\/product\\\/tpk-r2201-laser-welding-machine\\\/#primaryimage\",\"url\":\"https:\\\/\\\/www.dt-smart.com\\\/wp-content\\\/uploads\\\/2023\\\/11\\\/2-64.png\",\"contentUrl\":\"https:\\\/\\\/www.dt-smart.com\\\/wp-content\\\/uploads\\\/2023\\\/11\\\/2-64.png\",\"width\":800,\"height\":800},{\"@type\":\"BreadcrumbList\",\"@id\":\"https:\\\/\\\/www.dt-smart.com\\\/ru\\\/product\\\/tpk-r2201-laser-welding-machine\\\/#breadcrumb\",\"itemListElement\":[{\"@type\":\"ListItem\",\"position\":1,\"name\":\"Home\",\"item\":\"https:\\\/\\\/www.dt-smart.com\\\/\"},{\"@type\":\"ListItem\",\"position\":2,\"name\":\"Product\",\"item\":\"https:\\\/\\\/www.dt-smart.com\\\/ru\\\/product\\\/\"},{\"@type\":\"ListItem\",\"position\":3,\"name\":\"TBK R2201 Laser Welding Machine &#8211; 1500W Handheld Fiber Laser Welder &#8211; Automatic Solder Wire Feeding &#8211; For Stainless Steel, Aluminum, Copper &#8211; Industrial Grade &#8211; Fast Shipping\"}]},{\"@type\":\"WebSite\",\"@id\":\"https:\\\/\\\/www.dt-smart.com\\\/#website\",\"url\":\"https:\\\/\\\/www.dt-smart.com\\\/\",\"name\":\"InsurePart\",\"description\":\"Cell Phone Repair Parts; iPhone Parts Wholesale;Samsung Parts Supplier\",\"potentialAction\":[{\"@type\":\"SearchAction\",\"target\":{\"@type\":\"EntryPoint\",\"urlTemplate\":\"https:\\\/\\\/www.dt-smart.com\\\/?s={search_term_string}\"},\"query-input\":{\"@type\":\"PropertyValueSpecification\",\"valueRequired\":true,\"valueName\":\"search_term_string\"}}],\"inLanguage\":\"es\"}]}<\/script>\n<!-- \/ Yoast SEO plugin. -->","yoast_head_json":{"title":"TBK R2201 Laser Welding Machine - 1500W Handheld Fiber Laser Welder - Automatic Solder Wire Feeding - For Stainless Steel, Aluminum, Copper - Industrial Grade - Fast Shipping - InsurePart","description":"M\u00e1quina de soldadura l\u00e1ser TBK R2201 - Soldadora l\u00e1ser de fibra port\u00e1til de 1500 W - Alimentaci\u00f3n autom\u00e1tica de hilo de soldadura - Para acero inoxidable, aluminio y cobre - Grado industrial - Env\u00edo r\u00e1pido","robots":{"index":"index","follow":"follow","max-snippet":"max-snippet:-1","max-image-preview":"max-image-preview:large","max-video-preview":"max-video-preview:-1"},"canonical":"https:\/\/www.dt-smart.com\/es\/producto\/tpk-r2201-laser-welding-machine\/","og_locale":"es_ES","og_type":"article","og_title":"TBK R2201 Laser Welding Machine - 1500W Handheld Fiber Laser Welder - Automatic Solder Wire Feeding - For Stainless Steel, Aluminum, Copper - Industrial Grade - Fast Shipping - InsurePart","og_description":"TBK R2201 Laser Welding Machine - 1500W Handheld Fiber Laser Welder - Automatic Solder Wire Feeding - For Stainless Steel, Aluminum, Copper - Industrial Grade - Fast Shipping","og_url":"https:\/\/www.dt-smart.com\/es\/producto\/tpk-r2201-laser-welding-machine\/","og_site_name":"InsurePart","article_publisher":"https:\/\/www.facebook.com\/anjinleeEva","article_modified_time":"2025-12-29T08:53:05+00:00","og_image":[{"width":800,"height":800,"url":"https:\/\/www.dt-smart.com\/wp-content\/uploads\/2023\/11\/2-64.png","type":"image\/png"}],"twitter_card":"summary_large_image","twitter_misc":{"Tiempo de lectura":"2 minutos"},"schema":{"@context":"https:\/\/schema.org","@graph":[{"@type":"WebPage","@id":"https:\/\/www.dt-smart.com\/ru\/product\/tpk-r2201-laser-welding-machine\/","url":"https:\/\/www.dt-smart.com\/ru\/product\/tpk-r2201-laser-welding-machine\/","name":"TBK R2201 Laser Welding Machine - 1500W Handheld Fiber Laser Welder - Automatic Solder Wire Feeding - For Stainless Steel, Aluminum, Copper - Industrial Grade - Fast Shipping - InsurePart","isPartOf":{"@id":"https:\/\/www.dt-smart.com\/#website"},"primaryImageOfPage":{"@id":"https:\/\/www.dt-smart.com\/ru\/product\/tpk-r2201-laser-welding-machine\/#primaryimage"},"image":{"@id":"https:\/\/www.dt-smart.com\/ru\/product\/tpk-r2201-laser-welding-machine\/#primaryimage"},"thumbnailUrl":"https:\/\/www.dt-smart.com\/wp-content\/uploads\/2023\/11\/2-64.png","datePublished":"2023-11-03T02:39:43+00:00","dateModified":"2025-12-29T08:53:05+00:00","description":"M\u00e1quina de soldadura l\u00e1ser TBK R2201 - Soldadora l\u00e1ser de fibra port\u00e1til de 1500 W - Alimentaci\u00f3n autom\u00e1tica de hilo de soldadura - Para acero inoxidable, aluminio y cobre - Grado industrial - Env\u00edo r\u00e1pido","breadcrumb":{"@id":"https:\/\/www.dt-smart.com\/ru\/product\/tpk-r2201-laser-welding-machine\/#breadcrumb"},"inLanguage":"es","potentialAction":[{"@type":"ReadAction","target":["https:\/\/www.dt-smart.com\/ru\/product\/tpk-r2201-laser-welding-machine\/"]}]},{"@type":"ImageObject","inLanguage":"es","@id":"https:\/\/www.dt-smart.com\/ru\/product\/tpk-r2201-laser-welding-machine\/#primaryimage","url":"https:\/\/www.dt-smart.com\/wp-content\/uploads\/2023\/11\/2-64.png","contentUrl":"https:\/\/www.dt-smart.com\/wp-content\/uploads\/2023\/11\/2-64.png","width":800,"height":800},{"@type":"BreadcrumbList","@id":"https:\/\/www.dt-smart.com\/ru\/product\/tpk-r2201-laser-welding-machine\/#breadcrumb","itemListElement":[{"@type":"ListItem","position":1,"name":"Home","item":"https:\/\/www.dt-smart.com\/"},{"@type":"ListItem","position":2,"name":"Product","item":"https:\/\/www.dt-smart.com\/ru\/product\/"},{"@type":"ListItem","position":3,"name":"TBK R2201 Laser Welding Machine &#8211; 1500W Handheld Fiber Laser Welder &#8211; Automatic Solder Wire Feeding &#8211; For Stainless Steel, Aluminum, Copper &#8211; Industrial Grade &#8211; Fast Shipping"}]},{"@type":"WebSite","@id":"https:\/\/www.dt-smart.com\/#website","url":"https:\/\/www.dt-smart.com\/","name":"Asegurar parte","description":"Repuestos para celulares; Venta al por mayor de repuestos para iPhone; Proveedor de repuestos para Samsung","potentialAction":[{"@type":"SearchAction","target":{"@type":"EntryPoint","urlTemplate":"https:\/\/www.dt-smart.com\/?s={search_term_string}"},"query-input":{"@type":"PropertyValueSpecification","valueRequired":true,"valueName":"search_term_string"}}],"inLanguage":"es"}]}},"_links":{"self":[{"href":"https:\/\/www.dt-smart.com\/es\/wp-json\/wp\/v2\/product\/4020","targetHints":{"allow":["GET"]}}],"collection":[{"href":"https:\/\/www.dt-smart.com\/es\/wp-json\/wp\/v2\/product"}],"about":[{"href":"https:\/\/www.dt-smart.com\/es\/wp-json\/wp\/v2\/types\/product"}],"replies":[{"embeddable":true,"href":"https:\/\/www.dt-smart.com\/es\/wp-json\/wp\/v2\/comments?post=4020"}],"version-history":[{"count":3,"href":"https:\/\/www.dt-smart.com\/es\/wp-json\/wp\/v2\/product\/4020\/revisions"}],"predecessor-version":[{"id":23905,"href":"https:\/\/www.dt-smart.com\/es\/wp-json\/wp\/v2\/product\/4020\/revisions\/23905"}],"wp:featuredmedia":[{"embeddable":true,"href":"https:\/\/www.dt-smart.com\/es\/wp-json\/wp\/v2\/media\/4010"}],"wp:attachment":[{"href":"https:\/\/www.dt-smart.com\/es\/wp-json\/wp\/v2\/media?parent=4020"}],"wp:term":[{"taxonomy":"product_brand","embeddable":true,"href":"https:\/\/www.dt-smart.com\/es\/wp-json\/wp\/v2\/product_brand?post=4020"},{"taxonomy":"product_cat","embeddable":true,"href":"https:\/\/www.dt-smart.com\/es\/wp-json\/wp\/v2\/product_cat?post=4020"},{"taxonomy":"product_tag","embeddable":true,"href":"https:\/\/www.dt-smart.com\/es\/wp-json\/wp\/v2\/product_tag?post=4020"}],"curies":[{"name":"wp","href":"https:\/\/api.w.org\/{rel}","templated":true}]}}