{"id":4031,"date":"2023-11-03T12:07:12","date_gmt":"2023-11-03T04:07:12","guid":{"rendered":"https:\/\/dt-smart.com\/?post_type=product&#038;p=4031"},"modified":"2025-12-29T16:36:54","modified_gmt":"2025-12-29T08:36:54","slug":"tpk-958b-automatic-dismantling-screen-machine","status":"publish","type":"product","link":"https:\/\/www.dt-smart.com\/es\/producto\/tpk-958b-automatic-dismantling-screen-machine\/","title":{"rendered":"M\u00e1quina desmontadora autom\u00e1tica de pantallas TBK 958B: separador profesional de pantallas t\u00e1ctiles para reparaci\u00f3n de tel\u00e9fonos y tabletas. Calentamiento r\u00e1pido y control inteligente. Grado industrial. Env\u00edo r\u00e1pido."},"content":{"rendered":"<p><img fetchpriority=\"high\" decoding=\"async\" class=\"aligncenter wp-image-4248 size-full\" src=\"https:\/\/dt-smart.com\/wp-content\/uploads\/2023\/11\/1-79.png\" alt=\"\" width=\"750\" height=\"998\" srcset=\"https:\/\/www.dt-smart.com\/wp-content\/uploads\/2023\/11\/1-79.png 750w, https:\/\/www.dt-smart.com\/wp-content\/uploads\/2023\/11\/1-79-300x399.png 300w, https:\/\/www.dt-smart.com\/wp-content\/uploads\/2023\/11\/1-79-150x200.png 150w, https:\/\/www.dt-smart.com\/wp-content\/uploads\/2023\/11\/1-79-600x798.png 600w, https:\/\/www.dt-smart.com\/wp-content\/uploads\/2023\/11\/1-79-225x300.png 225w, https:\/\/www.dt-smart.com\/wp-content\/uploads\/2023\/11\/1-79-9x12.png 9w\" sizes=\"(max-width: 750px) 100vw, 750px\" \/> <img decoding=\"async\" class=\"aligncenter size-full wp-image-4249\" src=\"https:\/\/dt-smart.com\/wp-content\/uploads\/2023\/11\/2-66.png\" alt=\"\" width=\"750\" height=\"1130\" srcset=\"https:\/\/www.dt-smart.com\/wp-content\/uploads\/2023\/11\/2-66.png 750w, https:\/\/www.dt-smart.com\/wp-content\/uploads\/2023\/11\/2-66-300x452.png 300w, https:\/\/www.dt-smart.com\/wp-content\/uploads\/2023\/11\/2-66-150x226.png 150w, https:\/\/www.dt-smart.com\/wp-content\/uploads\/2023\/11\/2-66-600x904.png 600w, https:\/\/www.dt-smart.com\/wp-content\/uploads\/2023\/11\/2-66-199x300.png 199w, https:\/\/www.dt-smart.com\/wp-content\/uploads\/2023\/11\/2-66-680x1024.png 680w, https:\/\/www.dt-smart.com\/wp-content\/uploads\/2023\/11\/2-66-8x12.png 8w\" sizes=\"(max-width: 750px) 100vw, 750px\" \/> <img decoding=\"async\" class=\"aligncenter size-full wp-image-4250\" src=\"https:\/\/dt-smart.com\/wp-content\/uploads\/2023\/11\/3-11.png\" alt=\"\" width=\"750\" height=\"843\" srcset=\"https:\/\/www.dt-smart.com\/wp-content\/uploads\/2023\/11\/3-11.png 750w, https:\/\/www.dt-smart.com\/wp-content\/uploads\/2023\/11\/3-11-300x337.png 300w, https:\/\/www.dt-smart.com\/wp-content\/uploads\/2023\/11\/3-11-150x169.png 150w, https:\/\/www.dt-smart.com\/wp-content\/uploads\/2023\/11\/3-11-600x674.png 600w, https:\/\/www.dt-smart.com\/wp-content\/uploads\/2023\/11\/3-11-267x300.png 267w, https:\/\/www.dt-smart.com\/wp-content\/uploads\/2023\/11\/3-11-11x12.png 11w\" sizes=\"(max-width: 750px) 100vw, 750px\" \/> <img loading=\"lazy\" decoding=\"async\" class=\"aligncenter size-full wp-image-4251\" src=\"https:\/\/dt-smart.com\/wp-content\/uploads\/2023\/11\/4-11.png\" alt=\"\" width=\"750\" height=\"1017\" srcset=\"https:\/\/www.dt-smart.com\/wp-content\/uploads\/2023\/11\/4-11.png 750w, https:\/\/www.dt-smart.com\/wp-content\/uploads\/2023\/11\/4-11-300x407.png 300w, https:\/\/www.dt-smart.com\/wp-content\/uploads\/2023\/11\/4-11-150x203.png 150w, https:\/\/www.dt-smart.com\/wp-content\/uploads\/2023\/11\/4-11-600x814.png 600w, https:\/\/www.dt-smart.com\/wp-content\/uploads\/2023\/11\/4-11-221x300.png 221w, https:\/\/www.dt-smart.com\/wp-content\/uploads\/2023\/11\/4-11-9x12.png 9w\" sizes=\"(max-width: 750px) 100vw, 750px\" \/> <img loading=\"lazy\" decoding=\"async\" class=\"aligncenter size-full wp-image-4252\" src=\"https:\/\/dt-smart.com\/wp-content\/uploads\/2023\/11\/5-9.png\" alt=\"\" width=\"750\" height=\"1015\" srcset=\"https:\/\/www.dt-smart.com\/wp-content\/uploads\/2023\/11\/5-9.png 750w, https:\/\/www.dt-smart.com\/wp-content\/uploads\/2023\/11\/5-9-300x406.png 300w, https:\/\/www.dt-smart.com\/wp-content\/uploads\/2023\/11\/5-9-150x203.png 150w, https:\/\/www.dt-smart.com\/wp-content\/uploads\/2023\/11\/5-9-600x812.png 600w, https:\/\/www.dt-smart.com\/wp-content\/uploads\/2023\/11\/5-9-222x300.png 222w, https:\/\/www.dt-smart.com\/wp-content\/uploads\/2023\/11\/5-9-9x12.png 9w\" sizes=\"(max-width: 750px) 100vw, 750px\" \/> <img loading=\"lazy\" decoding=\"async\" class=\"aligncenter size-full wp-image-4253\" src=\"https:\/\/dt-smart.com\/wp-content\/uploads\/2023\/11\/6-4.png\" alt=\"\" width=\"750\" height=\"1041\" srcset=\"https:\/\/www.dt-smart.com\/wp-content\/uploads\/2023\/11\/6-4.png 750w, https:\/\/www.dt-smart.com\/wp-content\/uploads\/2023\/11\/6-4-300x416.png 300w, https:\/\/www.dt-smart.com\/wp-content\/uploads\/2023\/11\/6-4-150x208.png 150w, https:\/\/www.dt-smart.com\/wp-content\/uploads\/2023\/11\/6-4-600x833.png 600w, https:\/\/www.dt-smart.com\/wp-content\/uploads\/2023\/11\/6-4-216x300.png 216w, https:\/\/www.dt-smart.com\/wp-content\/uploads\/2023\/11\/6-4-738x1024.png 738w, https:\/\/www.dt-smart.com\/wp-content\/uploads\/2023\/11\/6-4-9x12.png 9w\" sizes=\"(max-width: 750px) 100vw, 750px\" \/> <img loading=\"lazy\" decoding=\"async\" class=\"aligncenter size-full wp-image-4254\" src=\"https:\/\/dt-smart.com\/wp-content\/uploads\/2023\/11\/7-4.png\" alt=\"\" width=\"750\" height=\"1265\" srcset=\"https:\/\/www.dt-smart.com\/wp-content\/uploads\/2023\/11\/7-4.png 750w, https:\/\/www.dt-smart.com\/wp-content\/uploads\/2023\/11\/7-4-300x506.png 300w, https:\/\/www.dt-smart.com\/wp-content\/uploads\/2023\/11\/7-4-150x253.png 150w, https:\/\/www.dt-smart.com\/wp-content\/uploads\/2023\/11\/7-4-600x1012.png 600w, https:\/\/www.dt-smart.com\/wp-content\/uploads\/2023\/11\/7-4-178x300.png 178w, https:\/\/www.dt-smart.com\/wp-content\/uploads\/2023\/11\/7-4-607x1024.png 607w, https:\/\/www.dt-smart.com\/wp-content\/uploads\/2023\/11\/7-4-7x12.png 7w\" sizes=\"(max-width: 750px) 100vw, 750px\" \/> <img loading=\"lazy\" decoding=\"async\" class=\"aligncenter size-full wp-image-4255\" src=\"https:\/\/dt-smart.com\/wp-content\/uploads\/2023\/11\/8-2.png\" alt=\"\" width=\"750\" height=\"1602\" srcset=\"https:\/\/www.dt-smart.com\/wp-content\/uploads\/2023\/11\/8-2.png 750w, https:\/\/www.dt-smart.com\/wp-content\/uploads\/2023\/11\/8-2-300x641.png 300w, https:\/\/www.dt-smart.com\/wp-content\/uploads\/2023\/11\/8-2-150x320.png 150w, https:\/\/www.dt-smart.com\/wp-content\/uploads\/2023\/11\/8-2-600x1282.png 600w, https:\/\/www.dt-smart.com\/wp-content\/uploads\/2023\/11\/8-2-140x300.png 140w, https:\/\/www.dt-smart.com\/wp-content\/uploads\/2023\/11\/8-2-479x1024.png 479w, https:\/\/www.dt-smart.com\/wp-content\/uploads\/2023\/11\/8-2-719x1536.png 719w, https:\/\/www.dt-smart.com\/wp-content\/uploads\/2023\/11\/8-2-6x12.png 6w\" sizes=\"(max-width: 750px) 100vw, 750px\" \/> <img loading=\"lazy\" decoding=\"async\" class=\"aligncenter size-full wp-image-4256\" src=\"https:\/\/dt-smart.com\/wp-content\/uploads\/2023\/11\/11.png\" alt=\"\" width=\"750\" height=\"1184\" srcset=\"https:\/\/www.dt-smart.com\/wp-content\/uploads\/2023\/11\/11.png 750w, https:\/\/www.dt-smart.com\/wp-content\/uploads\/2023\/11\/11-300x474.png 300w, https:\/\/www.dt-smart.com\/wp-content\/uploads\/2023\/11\/11-150x237.png 150w, https:\/\/www.dt-smart.com\/wp-content\/uploads\/2023\/11\/11-600x947.png 600w, https:\/\/www.dt-smart.com\/wp-content\/uploads\/2023\/11\/11-190x300.png 190w, https:\/\/www.dt-smart.com\/wp-content\/uploads\/2023\/11\/11-649x1024.png 649w, https:\/\/www.dt-smart.com\/wp-content\/uploads\/2023\/11\/11-8x12.png 8w\" sizes=\"(max-width: 750px) 100vw, 750px\" \/> <img loading=\"lazy\" decoding=\"async\" class=\"aligncenter size-full wp-image-4257\" src=\"https:\/\/dt-smart.com\/wp-content\/uploads\/2023\/11\/12-1.png\" alt=\"\" width=\"750\" height=\"1372\" srcset=\"https:\/\/www.dt-smart.com\/wp-content\/uploads\/2023\/11\/12-1.png 750w, https:\/\/www.dt-smart.com\/wp-content\/uploads\/2023\/11\/12-1-300x549.png 300w, https:\/\/www.dt-smart.com\/wp-content\/uploads\/2023\/11\/12-1-150x274.png 150w, https:\/\/www.dt-smart.com\/wp-content\/uploads\/2023\/11\/12-1-600x1098.png 600w, https:\/\/www.dt-smart.com\/wp-content\/uploads\/2023\/11\/12-1-164x300.png 164w, https:\/\/www.dt-smart.com\/wp-content\/uploads\/2023\/11\/12-1-560x1024.png 560w, https:\/\/www.dt-smart.com\/wp-content\/uploads\/2023\/11\/12-1-7x12.png 7w\" sizes=\"(max-width: 750px) 100vw, 750px\" \/> <img loading=\"lazy\" decoding=\"async\" class=\"aligncenter size-full wp-image-4258\" src=\"https:\/\/dt-smart.com\/wp-content\/uploads\/2023\/11\/13-1.png\" alt=\"\" width=\"750\" height=\"1261\" srcset=\"https:\/\/www.dt-smart.com\/wp-content\/uploads\/2023\/11\/13-1.png 750w, https:\/\/www.dt-smart.com\/wp-content\/uploads\/2023\/11\/13-1-300x504.png 300w, https:\/\/www.dt-smart.com\/wp-content\/uploads\/2023\/11\/13-1-150x252.png 150w, https:\/\/www.dt-smart.com\/wp-content\/uploads\/2023\/11\/13-1-600x1009.png 600w, https:\/\/www.dt-smart.com\/wp-content\/uploads\/2023\/11\/13-1-178x300.png 178w, https:\/\/www.dt-smart.com\/wp-content\/uploads\/2023\/11\/13-1-609x1024.png 609w, https:\/\/www.dt-smart.com\/wp-content\/uploads\/2023\/11\/13-1-7x12.png 7w\" sizes=\"(max-width: 750px) 100vw, 750px\" \/> <img loading=\"lazy\" decoding=\"async\" class=\"aligncenter size-full wp-image-4259\" src=\"https:\/\/dt-smart.com\/wp-content\/uploads\/2023\/11\/14-1.png\" alt=\"\" width=\"750\" height=\"1060\" srcset=\"https:\/\/www.dt-smart.com\/wp-content\/uploads\/2023\/11\/14-1.png 750w, https:\/\/www.dt-smart.com\/wp-content\/uploads\/2023\/11\/14-1-300x424.png 300w, https:\/\/www.dt-smart.com\/wp-content\/uploads\/2023\/11\/14-1-150x212.png 150w, https:\/\/www.dt-smart.com\/wp-content\/uploads\/2023\/11\/14-1-600x848.png 600w, https:\/\/www.dt-smart.com\/wp-content\/uploads\/2023\/11\/14-1-212x300.png 212w, https:\/\/www.dt-smart.com\/wp-content\/uploads\/2023\/11\/14-1-725x1024.png 725w, https:\/\/www.dt-smart.com\/wp-content\/uploads\/2023\/11\/14-1-8x12.png 8w\" sizes=\"(max-width: 750px) 100vw, 750px\" \/><\/p>","protected":false},"excerpt":{"rendered":"<p><span style=\"font-family: arial, helvetica, sans-serif; font-size: 8pt;\">Precisi\u00f3n sin precedentes: Nuestra tecnolog\u00eda l\u00e1ser de vanguardia garantiza una precisi\u00f3n milim\u00e9trica en el desmontaje y marcado de pantallas. Dile adi\u00f3s a las imprecisiones y hola a la perfecci\u00f3n.<\/span><br \/>\n<span style=\"font-family: arial, helvetica, sans-serif; font-size: 8pt;\">Eficiencia redefinida: El sistema totalmente autom\u00e1tico de TPK acelera su l\u00ednea de producci\u00f3n, ahorr\u00e1ndole tiempo y dinero. Logre un mayor rendimiento sin sacrificar la calidad.<\/span><br \/>\n<span style=\"font-family: arial, helvetica, sans-serif; font-size: 8pt;\">Versatilidad en su m\u00e1xima expresi\u00f3n: nuestra m\u00e1quina se adapta a varios tama\u00f1os y tipos de pantalla, lo que la hace adecuada para una amplia gama de aplicaciones, desde tel\u00e9fonos inteligentes hasta pantallas m\u00e1s grandes.<\/span><br \/>\n<span style=\"font-family: arial, helvetica, sans-serif; font-size: 8pt;\">Garant\u00eda de calidad: La tecnolog\u00eda avanzada de TPK garantiza un acabado de alta calidad con cada marca, mejorando el valor y la durabilidad de sus productos.<\/span><br \/>\n<span style=\"font-family: arial, helvetica, sans-serif; font-size: 8pt;\">La sostenibilidad es importante: la tecnolog\u00eda l\u00e1ser que empleamos es respetuosa con el medio ambiente y reduce los residuos, lo que la convierte en una opci\u00f3n responsable para su negocio.<\/span><br \/>\n<span style=\"font-family: arial, helvetica, sans-serif; font-size: 8pt;\">Operaci\u00f3n intuitiva: Nuestra interfaz f\u00e1cil de usar garantiza que su equipo pueda ponerse al d\u00eda r\u00e1pidamente, minimizando el tiempo de capacitaci\u00f3n y los errores operativos.<\/span><br \/>\n<span style=\"font-family: arial, helvetica, sans-serif; font-size: 8pt;\">Adel\u00e1ntese a la competencia: Innove y mant\u00e9ngase a la vanguardia en el mercado competitivo. La m\u00e1quina de marcado y desmontaje de pantallas l\u00e1ser totalmente autom\u00e1tica de TPK es la clave del \u00e9xito.<\/span><\/p>","protected":false},"featured_media":10408,"comment_status":"open","ping_status":"closed","template":"","meta":[],"product_brand":[],"product_cat":[1182],"product_tag":[],"class_list":{"0":"post-4031","1":"product","2":"type-product","3":"status-publish","4":"has-post-thumbnail","6":"product_cat-tbk-958b","8":"first","9":"instock","10":"taxable","11":"shipping-taxable","12":"purchasable","13":"product-type-simple"},"yoast_head":"<!-- This site is optimized with the Yoast SEO plugin v27.4 - https:\/\/yoast.com\/product\/yoast-seo-wordpress\/ -->\n<title>TBK 958B Automatic Dismantling Screen Machine - Professional Touch Screen Separator for Phone &amp; Tablet Repair - Fast Heating &amp; Smart Control - Industrial Grade - Fast Shipping - InsurePart<\/title>\n<meta name=\"description\" content=\"TBK 958B Automatic Dismantling Screen Machine - Professional Touch Screen Separator for Phone &amp; Tablet Repair - Fast Heating &amp; Smart Control - Industrial Grade - Fast Shipping\" \/>\n<meta name=\"robots\" content=\"index, follow, max-snippet:-1, max-image-preview:large, max-video-preview:-1\" \/>\n<link rel=\"canonical\" href=\"https:\/\/www.dt-smart.com\/es\/producto\/tpk-958b-automatic-dismantling-screen-machine\/\" \/>\n<meta property=\"og:locale\" content=\"es_ES\" \/>\n<meta property=\"og:type\" content=\"article\" \/>\n<meta property=\"og:title\" content=\"TBK 958B Automatic Dismantling Screen Machine - Professional Touch Screen Separator for Phone &amp; Tablet Repair - Fast Heating &amp; Smart Control - Industrial Grade - Fast Shipping - InsurePart\" \/>\n<meta property=\"og:description\" content=\"TBK 958B Automatic Dismantling Screen Machine - Professional Touch Screen Separator for Phone &amp; Tablet Repair - Fast Heating &amp; Smart Control - Industrial Grade - Fast Shipping\" \/>\n<meta property=\"og:url\" content=\"https:\/\/www.dt-smart.com\/es\/producto\/tpk-958b-automatic-dismantling-screen-machine\/\" \/>\n<meta property=\"og:site_name\" content=\"InsurePart\" \/>\n<meta property=\"article:publisher\" content=\"https:\/\/www.facebook.com\/anjinleeEva\" \/>\n<meta property=\"article:modified_time\" content=\"2025-12-29T08:36:54+00:00\" \/>\n<meta property=\"og:image\" content=\"https:\/\/www.dt-smart.com\/wp-content\/uploads\/2023\/12\/1-58.jpg\" \/>\n\t<meta property=\"og:image:width\" content=\"800\" \/>\n\t<meta property=\"og:image:height\" content=\"800\" \/>\n\t<meta property=\"og:image:type\" content=\"image\/jpeg\" \/>\n<meta name=\"twitter:card\" content=\"summary_large_image\" \/>\n<meta name=\"twitter:label1\" content=\"Tiempo de lectura\" \/>\n\t<meta name=\"twitter:data1\" content=\"3 minutos\" \/>\n<script type=\"application\/ld+json\" class=\"yoast-schema-graph\">{\"@context\":\"https:\\\/\\\/schema.org\",\"@graph\":[{\"@type\":\"WebPage\",\"@id\":\"https:\\\/\\\/www.dt-smart.com\\\/product\\\/tpk-958b-automatic-dismantling-screen-machine\\\/\",\"url\":\"https:\\\/\\\/www.dt-smart.com\\\/product\\\/tpk-958b-automatic-dismantling-screen-machine\\\/\",\"name\":\"TBK 958B Automatic Dismantling Screen Machine - Professional Touch Screen Separator for Phone & Tablet Repair - Fast Heating & Smart Control - Industrial Grade - Fast Shipping - InsurePart\",\"isPartOf\":{\"@id\":\"https:\\\/\\\/www.dt-smart.com\\\/#website\"},\"primaryImageOfPage\":{\"@id\":\"https:\\\/\\\/www.dt-smart.com\\\/product\\\/tpk-958b-automatic-dismantling-screen-machine\\\/#primaryimage\"},\"image\":{\"@id\":\"https:\\\/\\\/www.dt-smart.com\\\/product\\\/tpk-958b-automatic-dismantling-screen-machine\\\/#primaryimage\"},\"thumbnailUrl\":\"https:\\\/\\\/www.dt-smart.com\\\/wp-content\\\/uploads\\\/2023\\\/12\\\/1-58.jpg\",\"datePublished\":\"2023-11-03T04:07:12+00:00\",\"dateModified\":\"2025-12-29T08:36:54+00:00\",\"description\":\"TBK 958B Automatic Dismantling Screen Machine - Professional Touch Screen Separator for Phone & Tablet Repair - Fast Heating & Smart Control - Industrial Grade - Fast Shipping\",\"breadcrumb\":{\"@id\":\"https:\\\/\\\/www.dt-smart.com\\\/product\\\/tpk-958b-automatic-dismantling-screen-machine\\\/#breadcrumb\"},\"inLanguage\":\"es\",\"potentialAction\":[{\"@type\":\"ReadAction\",\"target\":[\"https:\\\/\\\/www.dt-smart.com\\\/product\\\/tpk-958b-automatic-dismantling-screen-machine\\\/\"]}]},{\"@type\":\"ImageObject\",\"inLanguage\":\"es\",\"@id\":\"https:\\\/\\\/www.dt-smart.com\\\/product\\\/tpk-958b-automatic-dismantling-screen-machine\\\/#primaryimage\",\"url\":\"https:\\\/\\\/www.dt-smart.com\\\/wp-content\\\/uploads\\\/2023\\\/12\\\/1-58.jpg\",\"contentUrl\":\"https:\\\/\\\/www.dt-smart.com\\\/wp-content\\\/uploads\\\/2023\\\/12\\\/1-58.jpg\",\"width\":800,\"height\":800},{\"@type\":\"BreadcrumbList\",\"@id\":\"https:\\\/\\\/www.dt-smart.com\\\/product\\\/tpk-958b-automatic-dismantling-screen-machine\\\/#breadcrumb\",\"itemListElement\":[{\"@type\":\"ListItem\",\"position\":1,\"name\":\"Home\",\"item\":\"https:\\\/\\\/www.dt-smart.com\\\/\"},{\"@type\":\"ListItem\",\"position\":2,\"name\":\"Product\",\"item\":\"https:\\\/\\\/www.dt-smart.com\\\/ru\\\/product\\\/\"},{\"@type\":\"ListItem\",\"position\":3,\"name\":\"TBK 958B Automatic Dismantling Screen Machine &#8211; Professional Touch Screen Separator for Phone &#038; Tablet Repair &#8211; Fast Heating &#038; Smart Control &#8211; Industrial Grade &#8211; Fast Shipping\"}]},{\"@type\":\"WebSite\",\"@id\":\"https:\\\/\\\/www.dt-smart.com\\\/#website\",\"url\":\"https:\\\/\\\/www.dt-smart.com\\\/\",\"name\":\"InsurePart\",\"description\":\"Cell Phone Repair Parts; iPhone Parts Wholesale;Samsung Parts Supplier\",\"potentialAction\":[{\"@type\":\"SearchAction\",\"target\":{\"@type\":\"EntryPoint\",\"urlTemplate\":\"https:\\\/\\\/www.dt-smart.com\\\/?s={search_term_string}\"},\"query-input\":{\"@type\":\"PropertyValueSpecification\",\"valueRequired\":true,\"valueName\":\"search_term_string\"}}],\"inLanguage\":\"es\"}]}<\/script>\n<!-- \/ Yoast SEO plugin. -->","yoast_head_json":{"title":"TBK 958B Automatic Dismantling Screen Machine - Professional Touch Screen Separator for Phone & Tablet Repair - Fast Heating & Smart Control - Industrial Grade - Fast Shipping - InsurePart","description":"M\u00e1quina desmontadora autom\u00e1tica de pantallas TBK 958B - Separador de pantalla t\u00e1ctil profesional para reparaci\u00f3n de tel\u00e9fonos y tabletas - Calentamiento r\u00e1pido y control inteligente - Grado industrial - Env\u00edo r\u00e1pido","robots":{"index":"index","follow":"follow","max-snippet":"max-snippet:-1","max-image-preview":"max-image-preview:large","max-video-preview":"max-video-preview:-1"},"canonical":"https:\/\/www.dt-smart.com\/es\/producto\/tpk-958b-automatic-dismantling-screen-machine\/","og_locale":"es_ES","og_type":"article","og_title":"TBK 958B Automatic Dismantling Screen Machine - Professional Touch Screen Separator for Phone & Tablet Repair - Fast Heating & Smart Control - Industrial Grade - Fast Shipping - InsurePart","og_description":"TBK 958B Automatic Dismantling Screen Machine - Professional Touch Screen Separator for Phone & Tablet Repair - Fast Heating & Smart Control - Industrial Grade - Fast Shipping","og_url":"https:\/\/www.dt-smart.com\/es\/producto\/tpk-958b-automatic-dismantling-screen-machine\/","og_site_name":"InsurePart","article_publisher":"https:\/\/www.facebook.com\/anjinleeEva","article_modified_time":"2025-12-29T08:36:54+00:00","og_image":[{"width":800,"height":800,"url":"https:\/\/www.dt-smart.com\/wp-content\/uploads\/2023\/12\/1-58.jpg","type":"image\/jpeg"}],"twitter_card":"summary_large_image","twitter_misc":{"Tiempo de lectura":"3 minutos"},"schema":{"@context":"https:\/\/schema.org","@graph":[{"@type":"WebPage","@id":"https:\/\/www.dt-smart.com\/product\/tpk-958b-automatic-dismantling-screen-machine\/","url":"https:\/\/www.dt-smart.com\/product\/tpk-958b-automatic-dismantling-screen-machine\/","name":"TBK 958B Automatic Dismantling Screen Machine - Professional Touch Screen Separator for Phone & Tablet Repair - Fast Heating & Smart Control - Industrial Grade - Fast Shipping - InsurePart","isPartOf":{"@id":"https:\/\/www.dt-smart.com\/#website"},"primaryImageOfPage":{"@id":"https:\/\/www.dt-smart.com\/product\/tpk-958b-automatic-dismantling-screen-machine\/#primaryimage"},"image":{"@id":"https:\/\/www.dt-smart.com\/product\/tpk-958b-automatic-dismantling-screen-machine\/#primaryimage"},"thumbnailUrl":"https:\/\/www.dt-smart.com\/wp-content\/uploads\/2023\/12\/1-58.jpg","datePublished":"2023-11-03T04:07:12+00:00","dateModified":"2025-12-29T08:36:54+00:00","description":"M\u00e1quina desmontadora autom\u00e1tica de pantallas TBK 958B - Separador de pantalla t\u00e1ctil profesional para reparaci\u00f3n de tel\u00e9fonos y tabletas - Calentamiento r\u00e1pido y control inteligente - Grado industrial - Env\u00edo r\u00e1pido","breadcrumb":{"@id":"https:\/\/www.dt-smart.com\/product\/tpk-958b-automatic-dismantling-screen-machine\/#breadcrumb"},"inLanguage":"es","potentialAction":[{"@type":"ReadAction","target":["https:\/\/www.dt-smart.com\/product\/tpk-958b-automatic-dismantling-screen-machine\/"]}]},{"@type":"ImageObject","inLanguage":"es","@id":"https:\/\/www.dt-smart.com\/product\/tpk-958b-automatic-dismantling-screen-machine\/#primaryimage","url":"https:\/\/www.dt-smart.com\/wp-content\/uploads\/2023\/12\/1-58.jpg","contentUrl":"https:\/\/www.dt-smart.com\/wp-content\/uploads\/2023\/12\/1-58.jpg","width":800,"height":800},{"@type":"BreadcrumbList","@id":"https:\/\/www.dt-smart.com\/product\/tpk-958b-automatic-dismantling-screen-machine\/#breadcrumb","itemListElement":[{"@type":"ListItem","position":1,"name":"Home","item":"https:\/\/www.dt-smart.com\/"},{"@type":"ListItem","position":2,"name":"Product","item":"https:\/\/www.dt-smart.com\/ru\/product\/"},{"@type":"ListItem","position":3,"name":"TBK 958B Automatic Dismantling Screen Machine &#8211; Professional Touch Screen Separator for Phone &#038; Tablet Repair &#8211; Fast Heating &#038; Smart Control &#8211; Industrial Grade &#8211; Fast Shipping"}]},{"@type":"WebSite","@id":"https:\/\/www.dt-smart.com\/#website","url":"https:\/\/www.dt-smart.com\/","name":"Asegurar parte","description":"Repuestos para celulares; Venta al por mayor de repuestos para iPhone; Proveedor de repuestos para Samsung","potentialAction":[{"@type":"SearchAction","target":{"@type":"EntryPoint","urlTemplate":"https:\/\/www.dt-smart.com\/?s={search_term_string}"},"query-input":{"@type":"PropertyValueSpecification","valueRequired":true,"valueName":"search_term_string"}}],"inLanguage":"es"}]}},"_links":{"self":[{"href":"https:\/\/www.dt-smart.com\/es\/wp-json\/wp\/v2\/product\/4031","targetHints":{"allow":["GET"]}}],"collection":[{"href":"https:\/\/www.dt-smart.com\/es\/wp-json\/wp\/v2\/product"}],"about":[{"href":"https:\/\/www.dt-smart.com\/es\/wp-json\/wp\/v2\/types\/product"}],"replies":[{"embeddable":true,"href":"https:\/\/www.dt-smart.com\/es\/wp-json\/wp\/v2\/comments?post=4031"}],"version-history":[{"count":3,"href":"https:\/\/www.dt-smart.com\/es\/wp-json\/wp\/v2\/product\/4031\/revisions"}],"predecessor-version":[{"id":23903,"href":"https:\/\/www.dt-smart.com\/es\/wp-json\/wp\/v2\/product\/4031\/revisions\/23903"}],"wp:featuredmedia":[{"embeddable":true,"href":"https:\/\/www.dt-smart.com\/es\/wp-json\/wp\/v2\/media\/10408"}],"wp:attachment":[{"href":"https:\/\/www.dt-smart.com\/es\/wp-json\/wp\/v2\/media?parent=4031"}],"wp:term":[{"taxonomy":"product_brand","embeddable":true,"href":"https:\/\/www.dt-smart.com\/es\/wp-json\/wp\/v2\/product_brand?post=4031"},{"taxonomy":"product_cat","embeddable":true,"href":"https:\/\/www.dt-smart.com\/es\/wp-json\/wp\/v2\/product_cat?post=4031"},{"taxonomy":"product_tag","embeddable":true,"href":"https:\/\/www.dt-smart.com\/es\/wp-json\/wp\/v2\/product_tag?post=4031"}],"curies":[{"name":"wp","href":"https:\/\/api.w.org\/{rel}","templated":true}]}}