{"id":4049,"date":"2023-11-03T12:30:31","date_gmt":"2023-11-03T04:30:31","guid":{"rendered":"https:\/\/dt-smart.com\/?post_type=product&#038;p=4049"},"modified":"2026-01-09T10:54:24","modified_gmt":"2026-01-09T02:54:24","slug":"tbk-958z-automatic-dismantling-screen-machine","status":"publish","type":"product","link":"https:\/\/www.dt-smart.com\/es\/producto\/tbk-958z-automatic-dismantling-screen-machine\/","title":{"rendered":"M\u00e1quina desmontadora autom\u00e1tica de pantallas TBK 958Z: separador profesional de pantallas t\u00e1ctiles para reparaci\u00f3n de tel\u00e9fonos y tabletas. M\u00e1ximo control de calentamiento y precisi\u00f3n. Grado industrial. Env\u00edo r\u00e1pido."},"content":{"rendered":"<p><img fetchpriority=\"high\" decoding=\"async\" class=\"aligncenter size-full wp-image-4378\" src=\"https:\/\/dt-smart.com\/wp-content\/uploads\/2023\/11\/1-82.png\" alt=\"\" width=\"751\" height=\"1107\" srcset=\"https:\/\/www.dt-smart.com\/wp-content\/uploads\/2023\/11\/1-82.png 751w, https:\/\/www.dt-smart.com\/wp-content\/uploads\/2023\/11\/1-82-300x442.png 300w, https:\/\/www.dt-smart.com\/wp-content\/uploads\/2023\/11\/1-82-150x221.png 150w, https:\/\/www.dt-smart.com\/wp-content\/uploads\/2023\/11\/1-82-600x884.png 600w, https:\/\/www.dt-smart.com\/wp-content\/uploads\/2023\/11\/1-82-204x300.png 204w, https:\/\/www.dt-smart.com\/wp-content\/uploads\/2023\/11\/1-82-695x1024.png 695w, https:\/\/www.dt-smart.com\/wp-content\/uploads\/2023\/11\/1-82-8x12.png 8w\" sizes=\"(max-width: 751px) 100vw, 751px\" \/> <img decoding=\"async\" class=\"aligncenter size-full wp-image-4379\" src=\"https:\/\/dt-smart.com\/wp-content\/uploads\/2023\/11\/2-69.png\" alt=\"\" width=\"751\" height=\"1014\" srcset=\"https:\/\/www.dt-smart.com\/wp-content\/uploads\/2023\/11\/2-69.png 751w, https:\/\/www.dt-smart.com\/wp-content\/uploads\/2023\/11\/2-69-300x405.png 300w, https:\/\/www.dt-smart.com\/wp-content\/uploads\/2023\/11\/2-69-150x203.png 150w, https:\/\/www.dt-smart.com\/wp-content\/uploads\/2023\/11\/2-69-600x810.png 600w, https:\/\/www.dt-smart.com\/wp-content\/uploads\/2023\/11\/2-69-222x300.png 222w, https:\/\/www.dt-smart.com\/wp-content\/uploads\/2023\/11\/2-69-9x12.png 9w\" sizes=\"(max-width: 751px) 100vw, 751px\" \/> <img decoding=\"async\" class=\"aligncenter size-full wp-image-4380\" src=\"https:\/\/dt-smart.com\/wp-content\/uploads\/2023\/11\/3-14.png\" alt=\"\" width=\"751\" height=\"1029\" srcset=\"https:\/\/www.dt-smart.com\/wp-content\/uploads\/2023\/11\/3-14.png 751w, https:\/\/www.dt-smart.com\/wp-content\/uploads\/2023\/11\/3-14-300x411.png 300w, https:\/\/www.dt-smart.com\/wp-content\/uploads\/2023\/11\/3-14-150x206.png 150w, https:\/\/www.dt-smart.com\/wp-content\/uploads\/2023\/11\/3-14-600x822.png 600w, https:\/\/www.dt-smart.com\/wp-content\/uploads\/2023\/11\/3-14-219x300.png 219w, https:\/\/www.dt-smart.com\/wp-content\/uploads\/2023\/11\/3-14-747x1024.png 747w, https:\/\/www.dt-smart.com\/wp-content\/uploads\/2023\/11\/3-14-9x12.png 9w\" sizes=\"(max-width: 751px) 100vw, 751px\" \/> <img loading=\"lazy\" decoding=\"async\" class=\"aligncenter size-full wp-image-4381\" src=\"https:\/\/dt-smart.com\/wp-content\/uploads\/2023\/11\/4-14.png\" alt=\"\" width=\"751\" height=\"1205\" srcset=\"https:\/\/www.dt-smart.com\/wp-content\/uploads\/2023\/11\/4-14.png 751w, https:\/\/www.dt-smart.com\/wp-content\/uploads\/2023\/11\/4-14-300x481.png 300w, https:\/\/www.dt-smart.com\/wp-content\/uploads\/2023\/11\/4-14-150x241.png 150w, https:\/\/www.dt-smart.com\/wp-content\/uploads\/2023\/11\/4-14-600x963.png 600w, https:\/\/www.dt-smart.com\/wp-content\/uploads\/2023\/11\/4-14-187x300.png 187w, https:\/\/www.dt-smart.com\/wp-content\/uploads\/2023\/11\/4-14-638x1024.png 638w, https:\/\/www.dt-smart.com\/wp-content\/uploads\/2023\/11\/4-14-7x12.png 7w\" sizes=\"(max-width: 751px) 100vw, 751px\" \/> <img loading=\"lazy\" decoding=\"async\" class=\"aligncenter size-full wp-image-4382\" src=\"https:\/\/dt-smart.com\/wp-content\/uploads\/2023\/11\/5-12.png\" alt=\"\" width=\"751\" height=\"1049\" srcset=\"https:\/\/www.dt-smart.com\/wp-content\/uploads\/2023\/11\/5-12.png 751w, https:\/\/www.dt-smart.com\/wp-content\/uploads\/2023\/11\/5-12-300x419.png 300w, https:\/\/www.dt-smart.com\/wp-content\/uploads\/2023\/11\/5-12-150x210.png 150w, https:\/\/www.dt-smart.com\/wp-content\/uploads\/2023\/11\/5-12-600x838.png 600w, https:\/\/www.dt-smart.com\/wp-content\/uploads\/2023\/11\/5-12-215x300.png 215w, https:\/\/www.dt-smart.com\/wp-content\/uploads\/2023\/11\/5-12-733x1024.png 733w, https:\/\/www.dt-smart.com\/wp-content\/uploads\/2023\/11\/5-12-9x12.png 9w\" sizes=\"(max-width: 751px) 100vw, 751px\" \/> <img loading=\"lazy\" decoding=\"async\" class=\"aligncenter size-full wp-image-4383\" src=\"https:\/\/dt-smart.com\/wp-content\/uploads\/2023\/11\/6-6.png\" alt=\"\" width=\"751\" height=\"1248\" srcset=\"https:\/\/www.dt-smart.com\/wp-content\/uploads\/2023\/11\/6-6.png 751w, https:\/\/www.dt-smart.com\/wp-content\/uploads\/2023\/11\/6-6-300x499.png 300w, https:\/\/www.dt-smart.com\/wp-content\/uploads\/2023\/11\/6-6-150x249.png 150w, https:\/\/www.dt-smart.com\/wp-content\/uploads\/2023\/11\/6-6-600x997.png 600w, https:\/\/www.dt-smart.com\/wp-content\/uploads\/2023\/11\/6-6-181x300.png 181w, https:\/\/www.dt-smart.com\/wp-content\/uploads\/2023\/11\/6-6-616x1024.png 616w, https:\/\/www.dt-smart.com\/wp-content\/uploads\/2023\/11\/6-6-7x12.png 7w\" sizes=\"(max-width: 751px) 100vw, 751px\" \/> <img loading=\"lazy\" decoding=\"async\" class=\"aligncenter size-full wp-image-4384\" src=\"https:\/\/dt-smart.com\/wp-content\/uploads\/2023\/11\/7-5.png\" alt=\"\" width=\"751\" height=\"596\" srcset=\"https:\/\/www.dt-smart.com\/wp-content\/uploads\/2023\/11\/7-5.png 751w, https:\/\/www.dt-smart.com\/wp-content\/uploads\/2023\/11\/7-5-300x238.png 300w, https:\/\/www.dt-smart.com\/wp-content\/uploads\/2023\/11\/7-5-150x119.png 150w, https:\/\/www.dt-smart.com\/wp-content\/uploads\/2023\/11\/7-5-600x476.png 600w, https:\/\/www.dt-smart.com\/wp-content\/uploads\/2023\/11\/7-5-15x12.png 15w\" sizes=\"(max-width: 751px) 100vw, 751px\" \/> <img loading=\"lazy\" decoding=\"async\" class=\"aligncenter size-full wp-image-4385\" src=\"https:\/\/dt-smart.com\/wp-content\/uploads\/2023\/11\/8-4.png\" alt=\"\" width=\"751\" height=\"802\" srcset=\"https:\/\/www.dt-smart.com\/wp-content\/uploads\/2023\/11\/8-4.png 751w, https:\/\/www.dt-smart.com\/wp-content\/uploads\/2023\/11\/8-4-300x320.png 300w, https:\/\/www.dt-smart.com\/wp-content\/uploads\/2023\/11\/8-4-150x160.png 150w, https:\/\/www.dt-smart.com\/wp-content\/uploads\/2023\/11\/8-4-600x641.png 600w, https:\/\/www.dt-smart.com\/wp-content\/uploads\/2023\/11\/8-4-281x300.png 281w, https:\/\/www.dt-smart.com\/wp-content\/uploads\/2023\/11\/8-4-11x12.png 11w\" sizes=\"(max-width: 751px) 100vw, 751px\" \/> <img loading=\"lazy\" decoding=\"async\" class=\"aligncenter size-full wp-image-4386\" src=\"https:\/\/dt-smart.com\/wp-content\/uploads\/2023\/11\/ABUIABAEGAAgy6z0oAYo5L6hzgMw7wU4sQs.png\" alt=\"\" width=\"751\" height=\"1457\" srcset=\"https:\/\/www.dt-smart.com\/wp-content\/uploads\/2023\/11\/ABUIABAEGAAgy6z0oAYo5L6hzgMw7wU4sQs.png 751w, https:\/\/www.dt-smart.com\/wp-content\/uploads\/2023\/11\/ABUIABAEGAAgy6z0oAYo5L6hzgMw7wU4sQs-300x582.png 300w, https:\/\/www.dt-smart.com\/wp-content\/uploads\/2023\/11\/ABUIABAEGAAgy6z0oAYo5L6hzgMw7wU4sQs-150x291.png 150w, https:\/\/www.dt-smart.com\/wp-content\/uploads\/2023\/11\/ABUIABAEGAAgy6z0oAYo5L6hzgMw7wU4sQs-600x1164.png 600w, https:\/\/www.dt-smart.com\/wp-content\/uploads\/2023\/11\/ABUIABAEGAAgy6z0oAYo5L6hzgMw7wU4sQs-155x300.png 155w, https:\/\/www.dt-smart.com\/wp-content\/uploads\/2023\/11\/ABUIABAEGAAgy6z0oAYo5L6hzgMw7wU4sQs-528x1024.png 528w, https:\/\/www.dt-smart.com\/wp-content\/uploads\/2023\/11\/ABUIABAEGAAgy6z0oAYo5L6hzgMw7wU4sQs-6x12.png 6w\" sizes=\"(max-width: 751px) 100vw, 751px\" \/> <img loading=\"lazy\" decoding=\"async\" class=\"aligncenter size-full wp-image-4387\" src=\"https:\/\/dt-smart.com\/wp-content\/uploads\/2023\/11\/ABUIABAEGAAgy6z0oAYo8NrBuAMw7wU4owk.png\" alt=\"\" width=\"751\" height=\"1187\" srcset=\"https:\/\/www.dt-smart.com\/wp-content\/uploads\/2023\/11\/ABUIABAEGAAgy6z0oAYo8NrBuAMw7wU4owk.png 751w, https:\/\/www.dt-smart.com\/wp-content\/uploads\/2023\/11\/ABUIABAEGAAgy6z0oAYo8NrBuAMw7wU4owk-300x474.png 300w, https:\/\/www.dt-smart.com\/wp-content\/uploads\/2023\/11\/ABUIABAEGAAgy6z0oAYo8NrBuAMw7wU4owk-150x237.png 150w, https:\/\/www.dt-smart.com\/wp-content\/uploads\/2023\/11\/ABUIABAEGAAgy6z0oAYo8NrBuAMw7wU4owk-600x948.png 600w, https:\/\/www.dt-smart.com\/wp-content\/uploads\/2023\/11\/ABUIABAEGAAgy6z0oAYo8NrBuAMw7wU4owk-190x300.png 190w, https:\/\/www.dt-smart.com\/wp-content\/uploads\/2023\/11\/ABUIABAEGAAgy6z0oAYo8NrBuAMw7wU4owk-648x1024.png 648w, https:\/\/www.dt-smart.com\/wp-content\/uploads\/2023\/11\/ABUIABAEGAAgy6z0oAYo8NrBuAMw7wU4owk-8x12.png 8w\" sizes=\"(max-width: 751px) 100vw, 751px\" \/> <img loading=\"lazy\" decoding=\"async\" class=\"aligncenter size-full wp-image-4388\" src=\"https:\/\/dt-smart.com\/wp-content\/uploads\/2023\/11\/ABUIABAEGAAgy6z0oAYojpLI_wIw7wU4wAs.png\" alt=\"\" width=\"751\" height=\"1472\" srcset=\"https:\/\/www.dt-smart.com\/wp-content\/uploads\/2023\/11\/ABUIABAEGAAgy6z0oAYojpLI_wIw7wU4wAs.png 751w, https:\/\/www.dt-smart.com\/wp-content\/uploads\/2023\/11\/ABUIABAEGAAgy6z0oAYojpLI_wIw7wU4wAs-300x588.png 300w, https:\/\/www.dt-smart.com\/wp-content\/uploads\/2023\/11\/ABUIABAEGAAgy6z0oAYojpLI_wIw7wU4wAs-150x294.png 150w, https:\/\/www.dt-smart.com\/wp-content\/uploads\/2023\/11\/ABUIABAEGAAgy6z0oAYojpLI_wIw7wU4wAs-600x1176.png 600w, https:\/\/www.dt-smart.com\/wp-content\/uploads\/2023\/11\/ABUIABAEGAAgy6z0oAYojpLI_wIw7wU4wAs-153x300.png 153w, https:\/\/www.dt-smart.com\/wp-content\/uploads\/2023\/11\/ABUIABAEGAAgy6z0oAYojpLI_wIw7wU4wAs-522x1024.png 522w, https:\/\/www.dt-smart.com\/wp-content\/uploads\/2023\/11\/ABUIABAEGAAgy6z0oAYojpLI_wIw7wU4wAs-6x12.png 6w\" sizes=\"(max-width: 751px) 100vw, 751px\" \/> <img loading=\"lazy\" decoding=\"async\" class=\"aligncenter size-full wp-image-4389\" src=\"https:\/\/dt-smart.com\/wp-content\/uploads\/2023\/11\/ABUIABAEGAAgy6z0oAYortSs3Qcw7wU4yAs.png\" alt=\"\" width=\"751\" height=\"1480\" srcset=\"https:\/\/www.dt-smart.com\/wp-content\/uploads\/2023\/11\/ABUIABAEGAAgy6z0oAYortSs3Qcw7wU4yAs.png 751w, https:\/\/www.dt-smart.com\/wp-content\/uploads\/2023\/11\/ABUIABAEGAAgy6z0oAYortSs3Qcw7wU4yAs-300x591.png 300w, https:\/\/www.dt-smart.com\/wp-content\/uploads\/2023\/11\/ABUIABAEGAAgy6z0oAYortSs3Qcw7wU4yAs-150x296.png 150w, https:\/\/www.dt-smart.com\/wp-content\/uploads\/2023\/11\/ABUIABAEGAAgy6z0oAYortSs3Qcw7wU4yAs-600x1182.png 600w, https:\/\/www.dt-smart.com\/wp-content\/uploads\/2023\/11\/ABUIABAEGAAgy6z0oAYortSs3Qcw7wU4yAs-152x300.png 152w, https:\/\/www.dt-smart.com\/wp-content\/uploads\/2023\/11\/ABUIABAEGAAgy6z0oAYortSs3Qcw7wU4yAs-520x1024.png 520w, https:\/\/www.dt-smart.com\/wp-content\/uploads\/2023\/11\/ABUIABAEGAAgy6z0oAYortSs3Qcw7wU4yAs-6x12.png 6w\" sizes=\"(max-width: 751px) 100vw, 751px\" \/><\/p>","protected":false},"excerpt":{"rendered":"<p><span style=\"font-family: arial, helvetica, sans-serif; font-size: 8pt;\">Precisi\u00f3n sin precedentes: Nuestra tecnolog\u00eda l\u00e1ser de vanguardia garantiza una precisi\u00f3n milim\u00e9trica en el desmontaje y marcado de pantallas. Dile adi\u00f3s a las imprecisiones y hola a la perfecci\u00f3n.<\/span><br \/>\n<span style=\"font-family: arial, helvetica, sans-serif; font-size: 8pt;\">Eficiencia redefinida: El sistema totalmente autom\u00e1tico de TPK acelera su l\u00ednea de producci\u00f3n, ahorr\u00e1ndole tiempo y dinero. Logre un mayor rendimiento sin sacrificar la calidad.<\/span><br \/>\n<span style=\"font-family: arial, helvetica, sans-serif; font-size: 8pt;\">Versatilidad en su m\u00e1xima expresi\u00f3n: nuestra m\u00e1quina se adapta a varios tama\u00f1os y tipos de pantalla, lo que la hace adecuada para una amplia gama de aplicaciones, desde tel\u00e9fonos inteligentes hasta pantallas m\u00e1s grandes.<\/span><br \/>\n<span style=\"font-family: arial, helvetica, sans-serif; font-size: 8pt;\">Garant\u00eda de calidad: La tecnolog\u00eda avanzada de TPK garantiza un acabado de alta calidad con cada marca, mejorando el valor y la durabilidad de sus productos.<\/span><br \/>\n<span style=\"font-family: arial, helvetica, sans-serif; font-size: 8pt;\">La sostenibilidad es importante: la tecnolog\u00eda l\u00e1ser que empleamos es respetuosa con el medio ambiente y reduce los residuos, lo que la convierte en una opci\u00f3n responsable para su negocio.<\/span><br \/>\n<span style=\"font-family: arial, helvetica, sans-serif; font-size: 8pt;\">Operaci\u00f3n intuitiva: Nuestra interfaz f\u00e1cil de usar garantiza que su equipo pueda ponerse al d\u00eda r\u00e1pidamente, minimizando el tiempo de capacitaci\u00f3n y los errores operativos.<\/span><br \/>\n<span style=\"font-family: arial, helvetica, sans-serif; font-size: 8pt;\">Adel\u00e1ntese a la competencia: Innove y mant\u00e9ngase a la vanguardia en el mercado competitivo. La m\u00e1quina de marcado y desmontaje de pantallas l\u00e1ser totalmente autom\u00e1tica de TPK es la clave del \u00e9xito.<\/span><\/p>","protected":false},"featured_media":10450,"comment_status":"open","ping_status":"closed","template":"","meta":[],"product_brand":[],"product_cat":[1174],"product_tag":[],"class_list":{"0":"post-4049","1":"product","2":"type-product","3":"status-publish","4":"has-post-thumbnail","6":"product_cat-tbk-958z","8":"first","9":"instock","10":"taxable","11":"shipping-taxable","12":"purchasable","13":"product-type-simple"},"yoast_head":"<!-- This site is optimized with the Yoast SEO plugin v27.4 - https:\/\/yoast.com\/product\/yoast-seo-wordpress\/ -->\n<title>TBK 958Z Automatic Dismantling Screen Machine - Professional Touch Screen Separator for Phone &amp; Tablet Repair - Ultimate Heating &amp; Precision Control - Industrial Grade - Fast Shipping - InsurePart<\/title>\n<meta name=\"description\" content=\"TBK 958Z Automatic Dismantling Screen Machine - Professional Touch Screen Separator for Phone &amp; Tablet Repair - Ultimate Heating &amp; Precision Control - Industrial Grade - Fast Shipping\" \/>\n<meta name=\"robots\" content=\"index, follow, max-snippet:-1, max-image-preview:large, max-video-preview:-1\" \/>\n<link rel=\"canonical\" href=\"https:\/\/www.dt-smart.com\/es\/producto\/tbk-958z-automatic-dismantling-screen-machine\/\" \/>\n<meta property=\"og:locale\" content=\"es_ES\" \/>\n<meta property=\"og:type\" content=\"article\" \/>\n<meta property=\"og:title\" content=\"TBK 958Z Automatic Dismantling Screen Machine - Professional Touch Screen Separator for Phone &amp; Tablet Repair - Ultimate Heating &amp; Precision Control - Industrial Grade - Fast Shipping - InsurePart\" \/>\n<meta property=\"og:description\" content=\"TBK 958Z Automatic Dismantling Screen Machine - Professional Touch Screen Separator for Phone &amp; Tablet Repair - Ultimate Heating &amp; Precision Control - Industrial Grade - Fast Shipping\" \/>\n<meta property=\"og:url\" content=\"https:\/\/www.dt-smart.com\/es\/producto\/tbk-958z-automatic-dismantling-screen-machine\/\" \/>\n<meta property=\"og:site_name\" content=\"InsurePart\" \/>\n<meta property=\"article:publisher\" content=\"https:\/\/www.facebook.com\/anjinleeEva\" \/>\n<meta property=\"article:modified_time\" content=\"2026-01-09T02:54:24+00:00\" \/>\n<meta property=\"og:image\" content=\"https:\/\/www.dt-smart.com\/wp-content\/uploads\/2023\/12\/1-66.jpg\" \/>\n\t<meta property=\"og:image:width\" content=\"1000\" \/>\n\t<meta property=\"og:image:height\" content=\"1000\" \/>\n\t<meta property=\"og:image:type\" content=\"image\/jpeg\" \/>\n<meta name=\"twitter:card\" content=\"summary_large_image\" \/>\n<meta name=\"twitter:label1\" content=\"Tiempo de lectura\" \/>\n\t<meta name=\"twitter:data1\" content=\"3 minutos\" \/>\n<script type=\"application\/ld+json\" class=\"yoast-schema-graph\">{\"@context\":\"https:\\\/\\\/schema.org\",\"@graph\":[{\"@type\":\"WebPage\",\"@id\":\"https:\\\/\\\/www.dt-smart.com\\\/product\\\/tbk-958z-automatic-dismantling-screen-machine\\\/\",\"url\":\"https:\\\/\\\/www.dt-smart.com\\\/product\\\/tbk-958z-automatic-dismantling-screen-machine\\\/\",\"name\":\"TBK 958Z Automatic Dismantling Screen Machine - Professional Touch Screen Separator for Phone & Tablet Repair - Ultimate Heating & Precision Control - Industrial Grade - Fast Shipping - InsurePart\",\"isPartOf\":{\"@id\":\"https:\\\/\\\/www.dt-smart.com\\\/#website\"},\"primaryImageOfPage\":{\"@id\":\"https:\\\/\\\/www.dt-smart.com\\\/product\\\/tbk-958z-automatic-dismantling-screen-machine\\\/#primaryimage\"},\"image\":{\"@id\":\"https:\\\/\\\/www.dt-smart.com\\\/product\\\/tbk-958z-automatic-dismantling-screen-machine\\\/#primaryimage\"},\"thumbnailUrl\":\"https:\\\/\\\/www.dt-smart.com\\\/wp-content\\\/uploads\\\/2023\\\/12\\\/1-66.jpg\",\"datePublished\":\"2023-11-03T04:30:31+00:00\",\"dateModified\":\"2026-01-09T02:54:24+00:00\",\"description\":\"TBK 958Z Automatic Dismantling Screen Machine - Professional Touch Screen Separator for Phone & Tablet Repair - Ultimate Heating & Precision Control - Industrial Grade - Fast Shipping\",\"breadcrumb\":{\"@id\":\"https:\\\/\\\/www.dt-smart.com\\\/product\\\/tbk-958z-automatic-dismantling-screen-machine\\\/#breadcrumb\"},\"inLanguage\":\"es\",\"potentialAction\":[{\"@type\":\"ReadAction\",\"target\":[\"https:\\\/\\\/www.dt-smart.com\\\/product\\\/tbk-958z-automatic-dismantling-screen-machine\\\/\"]}]},{\"@type\":\"ImageObject\",\"inLanguage\":\"es\",\"@id\":\"https:\\\/\\\/www.dt-smart.com\\\/product\\\/tbk-958z-automatic-dismantling-screen-machine\\\/#primaryimage\",\"url\":\"https:\\\/\\\/www.dt-smart.com\\\/wp-content\\\/uploads\\\/2023\\\/12\\\/1-66.jpg\",\"contentUrl\":\"https:\\\/\\\/www.dt-smart.com\\\/wp-content\\\/uploads\\\/2023\\\/12\\\/1-66.jpg\",\"width\":1000,\"height\":1000},{\"@type\":\"BreadcrumbList\",\"@id\":\"https:\\\/\\\/www.dt-smart.com\\\/product\\\/tbk-958z-automatic-dismantling-screen-machine\\\/#breadcrumb\",\"itemListElement\":[{\"@type\":\"ListItem\",\"position\":1,\"name\":\"Home\",\"item\":\"https:\\\/\\\/www.dt-smart.com\\\/\"},{\"@type\":\"ListItem\",\"position\":2,\"name\":\"Product\",\"item\":\"https:\\\/\\\/www.dt-smart.com\\\/ru\\\/product\\\/\"},{\"@type\":\"ListItem\",\"position\":3,\"name\":\"TBK 958Z Automatic Dismantling Screen Machine &#8211; Professional Touch Screen Separator for Phone &#038; Tablet Repair &#8211; Ultimate Heating &#038; Precision Control &#8211; Industrial Grade &#8211; Fast Shipping\"}]},{\"@type\":\"WebSite\",\"@id\":\"https:\\\/\\\/www.dt-smart.com\\\/#website\",\"url\":\"https:\\\/\\\/www.dt-smart.com\\\/\",\"name\":\"InsurePart\",\"description\":\"Cell Phone Repair Parts; iPhone Parts Wholesale;Samsung Parts Supplier\",\"potentialAction\":[{\"@type\":\"SearchAction\",\"target\":{\"@type\":\"EntryPoint\",\"urlTemplate\":\"https:\\\/\\\/www.dt-smart.com\\\/?s={search_term_string}\"},\"query-input\":{\"@type\":\"PropertyValueSpecification\",\"valueRequired\":true,\"valueName\":\"search_term_string\"}}],\"inLanguage\":\"es\"}]}<\/script>\n<!-- \/ Yoast SEO plugin. -->","yoast_head_json":{"title":"TBK 958Z Automatic Dismantling Screen Machine - Professional Touch Screen Separator for Phone & Tablet Repair - Ultimate Heating & Precision Control - Industrial Grade - Fast Shipping - InsurePart","description":"TBK 958Z Automatic Dismantling Screen Machine - Professional Touch Screen Separator for Phone & Tablet Repair - Ultimate Heating & Precision Control - Industrial Grade - Fast Shipping","robots":{"index":"index","follow":"follow","max-snippet":"max-snippet:-1","max-image-preview":"max-image-preview:large","max-video-preview":"max-video-preview:-1"},"canonical":"https:\/\/www.dt-smart.com\/es\/producto\/tbk-958z-automatic-dismantling-screen-machine\/","og_locale":"es_ES","og_type":"article","og_title":"TBK 958Z Automatic Dismantling Screen Machine - Professional Touch Screen Separator for Phone & Tablet Repair - Ultimate Heating & Precision Control - Industrial Grade - Fast Shipping - InsurePart","og_description":"TBK 958Z Automatic Dismantling Screen Machine - Professional Touch Screen Separator for Phone & Tablet Repair - Ultimate Heating & Precision Control - Industrial Grade - Fast Shipping","og_url":"https:\/\/www.dt-smart.com\/es\/producto\/tbk-958z-automatic-dismantling-screen-machine\/","og_site_name":"InsurePart","article_publisher":"https:\/\/www.facebook.com\/anjinleeEva","article_modified_time":"2026-01-09T02:54:24+00:00","og_image":[{"width":1000,"height":1000,"url":"https:\/\/www.dt-smart.com\/wp-content\/uploads\/2023\/12\/1-66.jpg","type":"image\/jpeg"}],"twitter_card":"summary_large_image","twitter_misc":{"Tiempo de lectura":"3 minutos"},"schema":{"@context":"https:\/\/schema.org","@graph":[{"@type":"WebPage","@id":"https:\/\/www.dt-smart.com\/product\/tbk-958z-automatic-dismantling-screen-machine\/","url":"https:\/\/www.dt-smart.com\/product\/tbk-958z-automatic-dismantling-screen-machine\/","name":"TBK 958Z Automatic Dismantling Screen Machine - Professional Touch Screen Separator for Phone & Tablet Repair - Ultimate Heating & Precision Control - Industrial Grade - Fast Shipping - InsurePart","isPartOf":{"@id":"https:\/\/www.dt-smart.com\/#website"},"primaryImageOfPage":{"@id":"https:\/\/www.dt-smart.com\/product\/tbk-958z-automatic-dismantling-screen-machine\/#primaryimage"},"image":{"@id":"https:\/\/www.dt-smart.com\/product\/tbk-958z-automatic-dismantling-screen-machine\/#primaryimage"},"thumbnailUrl":"https:\/\/www.dt-smart.com\/wp-content\/uploads\/2023\/12\/1-66.jpg","datePublished":"2023-11-03T04:30:31+00:00","dateModified":"2026-01-09T02:54:24+00:00","description":"TBK 958Z Automatic Dismantling Screen Machine - Professional Touch Screen Separator for Phone & Tablet Repair - Ultimate Heating & Precision Control - Industrial Grade - Fast Shipping","breadcrumb":{"@id":"https:\/\/www.dt-smart.com\/product\/tbk-958z-automatic-dismantling-screen-machine\/#breadcrumb"},"inLanguage":"es","potentialAction":[{"@type":"ReadAction","target":["https:\/\/www.dt-smart.com\/product\/tbk-958z-automatic-dismantling-screen-machine\/"]}]},{"@type":"ImageObject","inLanguage":"es","@id":"https:\/\/www.dt-smart.com\/product\/tbk-958z-automatic-dismantling-screen-machine\/#primaryimage","url":"https:\/\/www.dt-smart.com\/wp-content\/uploads\/2023\/12\/1-66.jpg","contentUrl":"https:\/\/www.dt-smart.com\/wp-content\/uploads\/2023\/12\/1-66.jpg","width":1000,"height":1000},{"@type":"BreadcrumbList","@id":"https:\/\/www.dt-smart.com\/product\/tbk-958z-automatic-dismantling-screen-machine\/#breadcrumb","itemListElement":[{"@type":"ListItem","position":1,"name":"Home","item":"https:\/\/www.dt-smart.com\/"},{"@type":"ListItem","position":2,"name":"Product","item":"https:\/\/www.dt-smart.com\/ru\/product\/"},{"@type":"ListItem","position":3,"name":"TBK 958Z Automatic Dismantling Screen Machine &#8211; Professional Touch Screen Separator for Phone &#038; Tablet Repair &#8211; Ultimate Heating &#038; Precision Control &#8211; Industrial Grade &#8211; Fast Shipping"}]},{"@type":"WebSite","@id":"https:\/\/www.dt-smart.com\/#website","url":"https:\/\/www.dt-smart.com\/","name":"Asegurar parte","description":"Repuestos para celulares; Venta al por mayor de repuestos para iPhone; Proveedor de repuestos para Samsung","potentialAction":[{"@type":"SearchAction","target":{"@type":"EntryPoint","urlTemplate":"https:\/\/www.dt-smart.com\/?s={search_term_string}"},"query-input":{"@type":"PropertyValueSpecification","valueRequired":true,"valueName":"search_term_string"}}],"inLanguage":"es"}]}},"_links":{"self":[{"href":"https:\/\/www.dt-smart.com\/es\/wp-json\/wp\/v2\/product\/4049","targetHints":{"allow":["GET"]}}],"collection":[{"href":"https:\/\/www.dt-smart.com\/es\/wp-json\/wp\/v2\/product"}],"about":[{"href":"https:\/\/www.dt-smart.com\/es\/wp-json\/wp\/v2\/types\/product"}],"replies":[{"embeddable":true,"href":"https:\/\/www.dt-smart.com\/es\/wp-json\/wp\/v2\/comments?post=4049"}],"version-history":[{"count":3,"href":"https:\/\/www.dt-smart.com\/es\/wp-json\/wp\/v2\/product\/4049\/revisions"}],"predecessor-version":[{"id":24488,"href":"https:\/\/www.dt-smart.com\/es\/wp-json\/wp\/v2\/product\/4049\/revisions\/24488"}],"wp:featuredmedia":[{"embeddable":true,"href":"https:\/\/www.dt-smart.com\/es\/wp-json\/wp\/v2\/media\/10450"}],"wp:attachment":[{"href":"https:\/\/www.dt-smart.com\/es\/wp-json\/wp\/v2\/media?parent=4049"}],"wp:term":[{"taxonomy":"product_brand","embeddable":true,"href":"https:\/\/www.dt-smart.com\/es\/wp-json\/wp\/v2\/product_brand?post=4049"},{"taxonomy":"product_cat","embeddable":true,"href":"https:\/\/www.dt-smart.com\/es\/wp-json\/wp\/v2\/product_cat?post=4049"},{"taxonomy":"product_tag","embeddable":true,"href":"https:\/\/www.dt-smart.com\/es\/wp-json\/wp\/v2\/product_tag?post=4049"}],"curies":[{"name":"wp","href":"https:\/\/api.w.org\/{rel}","templated":true}]}}