{"id":6532,"date":"2023-11-17T15:07:42","date_gmt":"2023-11-17T07:07:42","guid":{"rendered":"https:\/\/dt-smart.com\/?post_type=product&#038;p=6532"},"modified":"2026-01-09T15:10:05","modified_gmt":"2026-01-09T07:10:05","slug":"for-samsung-galaxy-a32-lcd","status":"publish","type":"product","link":"https:\/\/www.dt-smart.com\/es\/producto\/for-samsung-galaxy-a32-lcd\/","title":{"rendered":"Pantalla LCD para Samsung Galaxy A32: Pantalla n\u00edtida y t\u00e1ctil sensible, materiales originales, paquete de servicio y calidad OLED, garant\u00eda de calidad, env\u00edo r\u00e1pido."},"content":{"rendered":"<p>&nbsp;<\/p>\n<p style=\"text-align: center;\"><img fetchpriority=\"high\" decoding=\"async\" class=\"alignnone size-full wp-image-15567\" src=\"https:\/\/insurepart.com\/wp-content\/uploads\/2024\/08\/\u4e3a\u4ec0\u4e48\u9009\u62e9\u6211\u4eec22.webp\" alt=\"\" width=\"1000\" height=\"786\" srcset=\"https:\/\/www.dt-smart.com\/wp-content\/uploads\/2024\/08\/\u4e3a\u4ec0\u4e48\u9009\u62e9\u6211\u4eec22.webp 1000w, https:\/\/www.dt-smart.com\/wp-content\/uploads\/2024\/08\/\u4e3a\u4ec0\u4e48\u9009\u62e9\u6211\u4eec22-300x236.webp 300w, https:\/\/www.dt-smart.com\/wp-content\/uploads\/2024\/08\/\u4e3a\u4ec0\u4e48\u9009\u62e9\u6211\u4eec22-150x118.webp 150w, https:\/\/www.dt-smart.com\/wp-content\/uploads\/2024\/08\/\u4e3a\u4ec0\u4e48\u9009\u62e9\u6211\u4eec22-800x629.webp 800w, https:\/\/www.dt-smart.com\/wp-content\/uploads\/2024\/08\/\u4e3a\u4ec0\u4e48\u9009\u62e9\u6211\u4eec22-768x604.webp 768w, https:\/\/www.dt-smart.com\/wp-content\/uploads\/2024\/08\/\u4e3a\u4ec0\u4e48\u9009\u62e9\u6211\u4eec22-15x12.webp 15w\" sizes=\"(max-width: 1000px) 100vw, 1000px\" \/><\/p>","protected":false},"excerpt":{"rendered":"<p><span style=\"font-family: arial, helvetica, sans-serif;\"><span style=\"font-size: 8pt;\">HECHO DE VIDRIO S\u00d3LIDO, DURADERO: Nuestras pantallas est\u00e1n hechas de material de vidrio s\u00f3lido, lo que agrega durabilidad y resistencia a su dispositivo. No m\u00e1s preocupaciones por rayones y desgastes.<\/span><\/span><br \/>\n<span style=\"font-family: arial, helvetica, sans-serif; font-size: 8pt;\">Resoluci\u00f3n incomparable: sea testigo de cada p\u00edxel en todo su esplendor con la resoluci\u00f3n superior de nuestras pantallas, que establecen un nuevo est\u00e1ndar de claridad y precisi\u00f3n en la tecnolog\u00eda de visualizaci\u00f3n.<\/span><br \/>\n<span style=\"font-family: arial, helvetica, sans-serif; font-size: 8pt;\">Rendimiento de color vibrante: Experimente el espectro de colores como nunca antes. Nuestras pantallas ofrecen una reproducci\u00f3n de color excepcional, garantizando im\u00e1genes n\u00edtidas, v\u00edvidas y realistas.<\/span><br \/>\n<span style=\"font-family: arial, helvetica, sans-serif; font-size: 8pt;\">Excelente brillo: \u00a1Experimenta la luz y la pantalla brillar\u00e1 a\u00fan m\u00e1s! Nuestros altos niveles de brillo garantizan una visibilidad n\u00edtida incluso en d\u00edas soleados.<\/span><br \/>\n<span style=\"font-family: arial, helvetica, sans-serif; font-size: 8pt;\">Contraste Superior: Sum\u00e9rgete en la profundidad de cada escena. Nuestras pantallas ofrecen un contraste superior, dando vida a las im\u00e1genes con una claridad impresionante.<\/span><br \/>\n<span style=\"font-family: arial, helvetica, sans-serif; font-size: 8pt;\">Frecuencia de actualizaci\u00f3n fluida: \u00a1Te prometemos un movimiento fluido! Disfruta de transiciones y animaciones fluidas con una frecuencia de actualizaci\u00f3n que se adapta a tu din\u00e1mico estilo de vida.<\/span><br \/>\n<span style=\"font-family: arial, helvetica, sans-serif; font-size: 8pt;\">Sensibilidad inigualable: Descubre la magia de la respuesta t\u00e1ctil instant\u00e1nea. La pantalla DT-Smart est\u00e1 dise\u00f1ada para una interacci\u00f3n fluida, garantizando que cada toque y deslizamiento se sienta natural y fluido.<\/span><br \/>\n<span style=\"font-family: arial, helvetica, sans-serif; font-size: 8pt;\">Resistente al aceite y a las huellas dactilares: Mant\u00e9n la pantalla impecable con nuestra pantalla resistente al aceite y a las huellas dactilares. Olv\u00eddate de las manchas y mant\u00e9n tu pantalla limpia y n\u00edtida.<\/span><br \/>\n<span style=\"font-family: arial, helvetica, sans-serif; font-size: 8pt;\">F\u00e1cil instalaci\u00f3n: \u00a1Olv\u00eddate de las complicaciones! Nuestras pantallas est\u00e1n dise\u00f1adas para una instalaci\u00f3n sencilla, garantizando una experiencia sin preocupaciones tanto para profesionales como para aficionados.<\/span><br \/>\n<span style=\"font-family: arial, helvetica, sans-serif; font-size: 8pt;\">Ahorro de energ\u00eda y protecci\u00f3n del medio ambiente: contribuya a un ma\u00f1ana m\u00e1s verde dise\u00f1ando y produciendo pantallas que no s\u00f3lo ahorren energ\u00eda sino que tambi\u00e9n sean respetuosas con el medio ambiente.<\/span><\/p>","protected":false},"featured_media":6876,"comment_status":"open","ping_status":"closed","template":"","meta":[],"product_brand":[],"product_cat":[1020,1140],"product_tag":[],"class_list":{"0":"post-6532","1":"product","2":"type-product","3":"status-publish","4":"has-post-thumbnail","6":"product_cat-all-a-series-lcd","7":"product_cat-a32","9":"first","10":"instock","11":"taxable","12":"shipping-taxable","13":"purchasable","14":"product-type-variable"},"yoast_head":"<!-- This site is optimized with the Yoast SEO plugin v27.4 - https:\/\/yoast.com\/product\/yoast-seo-wordpress\/ -->\n<title>Samsung Galaxy A32 LCD Display Assembly - Vivid Display &amp; Responsive Touch - Original Materials &amp; Service Pack &amp; OLED Quality - Quality Guaranteed - Fast Shipping - InsurePart<\/title>\n<meta name=\"description\" content=\"Samsung Galaxy A32 LCD Display Assembly - Vivid Display &amp; Responsive Touch - Original Materials &amp; Service Pack &amp; OLED Quality - Quality Guaranteed - Fast Shipping\" \/>\n<meta name=\"robots\" content=\"index, follow, max-snippet:-1, max-image-preview:large, max-video-preview:-1\" \/>\n<link rel=\"canonical\" href=\"https:\/\/www.dt-smart.com\/es\/producto\/for-samsung-galaxy-a32-lcd\/\" \/>\n<meta property=\"og:locale\" content=\"es_ES\" \/>\n<meta property=\"og:type\" content=\"article\" \/>\n<meta property=\"og:title\" content=\"Samsung Galaxy A32 LCD Display Assembly - Vivid Display &amp; Responsive Touch - Original Materials &amp; Service Pack &amp; OLED Quality - Quality Guaranteed - Fast Shipping - InsurePart\" \/>\n<meta property=\"og:description\" content=\"Samsung Galaxy A32 LCD Display Assembly - Vivid Display &amp; Responsive Touch - Original Materials &amp; Service Pack &amp; OLED Quality - Quality Guaranteed - Fast Shipping\" \/>\n<meta property=\"og:url\" content=\"https:\/\/www.dt-smart.com\/es\/producto\/for-samsung-galaxy-a32-lcd\/\" \/>\n<meta property=\"og:site_name\" content=\"InsurePart\" \/>\n<meta property=\"article:publisher\" content=\"https:\/\/www.facebook.com\/anjinleeEva\" \/>\n<meta property=\"article:modified_time\" content=\"2026-01-09T07:10:05+00:00\" \/>\n<meta property=\"og:image\" content=\"https:\/\/www.dt-smart.com\/wp-content\/uploads\/2023\/11\/1-112-1024x1024.png\" \/>\n\t<meta property=\"og:image:width\" content=\"1024\" \/>\n\t<meta property=\"og:image:height\" content=\"1024\" \/>\n\t<meta property=\"og:image:type\" content=\"image\/png\" \/>\n<meta name=\"twitter:card\" content=\"summary_large_image\" \/>\n<meta name=\"twitter:label1\" content=\"Tiempo de lectura\" \/>\n\t<meta name=\"twitter:data1\" content=\"1 minuto\" \/>\n<script type=\"application\/ld+json\" class=\"yoast-schema-graph\">{\"@context\":\"https:\\\/\\\/schema.org\",\"@graph\":[{\"@type\":\"WebPage\",\"@id\":\"https:\\\/\\\/www.dt-smart.com\\\/ja\\\/product\\\/for-samsung-galaxy-a32-lcd\\\/\",\"url\":\"https:\\\/\\\/www.dt-smart.com\\\/ja\\\/product\\\/for-samsung-galaxy-a32-lcd\\\/\",\"name\":\"Samsung Galaxy A32 LCD Display Assembly - Vivid Display & Responsive Touch - Original Materials & Service Pack & OLED Quality - Quality Guaranteed - Fast Shipping - InsurePart\",\"isPartOf\":{\"@id\":\"https:\\\/\\\/www.dt-smart.com\\\/#website\"},\"primaryImageOfPage\":{\"@id\":\"https:\\\/\\\/www.dt-smart.com\\\/ja\\\/product\\\/for-samsung-galaxy-a32-lcd\\\/#primaryimage\"},\"image\":{\"@id\":\"https:\\\/\\\/www.dt-smart.com\\\/ja\\\/product\\\/for-samsung-galaxy-a32-lcd\\\/#primaryimage\"},\"thumbnailUrl\":\"https:\\\/\\\/www.dt-smart.com\\\/wp-content\\\/uploads\\\/2023\\\/11\\\/1-112.png\",\"datePublished\":\"2023-11-17T07:07:42+00:00\",\"dateModified\":\"2026-01-09T07:10:05+00:00\",\"description\":\"Samsung Galaxy A32 LCD Display Assembly - Vivid Display & Responsive Touch - Original Materials & Service Pack & OLED Quality - Quality Guaranteed - Fast Shipping\",\"breadcrumb\":{\"@id\":\"https:\\\/\\\/www.dt-smart.com\\\/ja\\\/product\\\/for-samsung-galaxy-a32-lcd\\\/#breadcrumb\"},\"inLanguage\":\"es\",\"potentialAction\":[{\"@type\":\"ReadAction\",\"target\":[\"https:\\\/\\\/www.dt-smart.com\\\/ja\\\/product\\\/for-samsung-galaxy-a32-lcd\\\/\"]}]},{\"@type\":\"ImageObject\",\"inLanguage\":\"es\",\"@id\":\"https:\\\/\\\/www.dt-smart.com\\\/ja\\\/product\\\/for-samsung-galaxy-a32-lcd\\\/#primaryimage\",\"url\":\"https:\\\/\\\/www.dt-smart.com\\\/wp-content\\\/uploads\\\/2023\\\/11\\\/1-112.png\",\"contentUrl\":\"https:\\\/\\\/www.dt-smart.com\\\/wp-content\\\/uploads\\\/2023\\\/11\\\/1-112.png\",\"width\":2000,\"height\":2000},{\"@type\":\"BreadcrumbList\",\"@id\":\"https:\\\/\\\/www.dt-smart.com\\\/ja\\\/product\\\/for-samsung-galaxy-a32-lcd\\\/#breadcrumb\",\"itemListElement\":[{\"@type\":\"ListItem\",\"position\":1,\"name\":\"Home\",\"item\":\"https:\\\/\\\/www.dt-smart.com\\\/\"},{\"@type\":\"ListItem\",\"position\":2,\"name\":\"Product\",\"item\":\"https:\\\/\\\/www.dt-smart.com\\\/ru\\\/product\\\/\"},{\"@type\":\"ListItem\",\"position\":3,\"name\":\"Samsung Galaxy A32 LCD Display Assembly &#8211; Vivid Display &#038; Responsive Touch &#8211; Original Materials &#038; Service Pack &#038; OLED Quality &#8211; Quality Guaranteed &#8211; Fast Shipping\"}]},{\"@type\":\"WebSite\",\"@id\":\"https:\\\/\\\/www.dt-smart.com\\\/#website\",\"url\":\"https:\\\/\\\/www.dt-smart.com\\\/\",\"name\":\"InsurePart\",\"description\":\"Cell Phone Repair Parts; iPhone Parts Wholesale;Samsung Parts Supplier\",\"potentialAction\":[{\"@type\":\"SearchAction\",\"target\":{\"@type\":\"EntryPoint\",\"urlTemplate\":\"https:\\\/\\\/www.dt-smart.com\\\/?s={search_term_string}\"},\"query-input\":{\"@type\":\"PropertyValueSpecification\",\"valueRequired\":true,\"valueName\":\"search_term_string\"}}],\"inLanguage\":\"es\"}]}<\/script>\n<!-- \/ Yoast SEO plugin. -->","yoast_head_json":{"title":"Samsung Galaxy A32 LCD Display Assembly - Vivid Display & Responsive Touch - Original Materials & Service Pack & OLED Quality - Quality Guaranteed - Fast Shipping - InsurePart","description":"Pantalla LCD para Samsung Galaxy A32 - Pantalla v\u00edvida y t\u00e1ctil sensible - Materiales originales, paquete de servicio y calidad OLED - Calidad garantizada - Env\u00edo r\u00e1pido","robots":{"index":"index","follow":"follow","max-snippet":"max-snippet:-1","max-image-preview":"max-image-preview:large","max-video-preview":"max-video-preview:-1"},"canonical":"https:\/\/www.dt-smart.com\/es\/producto\/for-samsung-galaxy-a32-lcd\/","og_locale":"es_ES","og_type":"article","og_title":"Samsung Galaxy A32 LCD Display Assembly - Vivid Display & Responsive Touch - Original Materials & Service Pack & OLED Quality - Quality Guaranteed - Fast Shipping - InsurePart","og_description":"Samsung Galaxy A32 LCD Display Assembly - Vivid Display & Responsive Touch - Original Materials & Service Pack & OLED Quality - Quality Guaranteed - Fast Shipping","og_url":"https:\/\/www.dt-smart.com\/es\/producto\/for-samsung-galaxy-a32-lcd\/","og_site_name":"InsurePart","article_publisher":"https:\/\/www.facebook.com\/anjinleeEva","article_modified_time":"2026-01-09T07:10:05+00:00","og_image":[{"width":1024,"height":1024,"url":"https:\/\/www.dt-smart.com\/wp-content\/uploads\/2023\/11\/1-112-1024x1024.png","type":"image\/png"}],"twitter_card":"summary_large_image","twitter_misc":{"Tiempo de lectura":"1 minuto"},"schema":{"@context":"https:\/\/schema.org","@graph":[{"@type":"WebPage","@id":"https:\/\/www.dt-smart.com\/ja\/product\/for-samsung-galaxy-a32-lcd\/","url":"https:\/\/www.dt-smart.com\/ja\/product\/for-samsung-galaxy-a32-lcd\/","name":"Samsung Galaxy A32 LCD Display Assembly - Vivid Display & Responsive Touch - Original Materials & Service Pack & OLED Quality - Quality Guaranteed - Fast Shipping - InsurePart","isPartOf":{"@id":"https:\/\/www.dt-smart.com\/#website"},"primaryImageOfPage":{"@id":"https:\/\/www.dt-smart.com\/ja\/product\/for-samsung-galaxy-a32-lcd\/#primaryimage"},"image":{"@id":"https:\/\/www.dt-smart.com\/ja\/product\/for-samsung-galaxy-a32-lcd\/#primaryimage"},"thumbnailUrl":"https:\/\/www.dt-smart.com\/wp-content\/uploads\/2023\/11\/1-112.png","datePublished":"2023-11-17T07:07:42+00:00","dateModified":"2026-01-09T07:10:05+00:00","description":"Pantalla LCD para Samsung Galaxy A32 - Pantalla v\u00edvida y t\u00e1ctil sensible - Materiales originales, paquete de servicio y calidad OLED - Calidad garantizada - Env\u00edo r\u00e1pido","breadcrumb":{"@id":"https:\/\/www.dt-smart.com\/ja\/product\/for-samsung-galaxy-a32-lcd\/#breadcrumb"},"inLanguage":"es","potentialAction":[{"@type":"ReadAction","target":["https:\/\/www.dt-smart.com\/ja\/product\/for-samsung-galaxy-a32-lcd\/"]}]},{"@type":"ImageObject","inLanguage":"es","@id":"https:\/\/www.dt-smart.com\/ja\/product\/for-samsung-galaxy-a32-lcd\/#primaryimage","url":"https:\/\/www.dt-smart.com\/wp-content\/uploads\/2023\/11\/1-112.png","contentUrl":"https:\/\/www.dt-smart.com\/wp-content\/uploads\/2023\/11\/1-112.png","width":2000,"height":2000},{"@type":"BreadcrumbList","@id":"https:\/\/www.dt-smart.com\/ja\/product\/for-samsung-galaxy-a32-lcd\/#breadcrumb","itemListElement":[{"@type":"ListItem","position":1,"name":"Home","item":"https:\/\/www.dt-smart.com\/"},{"@type":"ListItem","position":2,"name":"Product","item":"https:\/\/www.dt-smart.com\/ru\/product\/"},{"@type":"ListItem","position":3,"name":"Samsung Galaxy A32 LCD Display Assembly &#8211; Vivid Display &#038; Responsive Touch &#8211; Original Materials &#038; Service Pack &#038; OLED Quality &#8211; Quality Guaranteed &#8211; Fast Shipping"}]},{"@type":"WebSite","@id":"https:\/\/www.dt-smart.com\/#website","url":"https:\/\/www.dt-smart.com\/","name":"Asegurar parte","description":"Repuestos para celulares; Venta al por mayor de repuestos para iPhone; Proveedor de repuestos para Samsung","potentialAction":[{"@type":"SearchAction","target":{"@type":"EntryPoint","urlTemplate":"https:\/\/www.dt-smart.com\/?s={search_term_string}"},"query-input":{"@type":"PropertyValueSpecification","valueRequired":true,"valueName":"search_term_string"}}],"inLanguage":"es"}]}},"_links":{"self":[{"href":"https:\/\/www.dt-smart.com\/es\/wp-json\/wp\/v2\/product\/6532","targetHints":{"allow":["GET"]}}],"collection":[{"href":"https:\/\/www.dt-smart.com\/es\/wp-json\/wp\/v2\/product"}],"about":[{"href":"https:\/\/www.dt-smart.com\/es\/wp-json\/wp\/v2\/types\/product"}],"replies":[{"embeddable":true,"href":"https:\/\/www.dt-smart.com\/es\/wp-json\/wp\/v2\/comments?post=6532"}],"version-history":[{"count":11,"href":"https:\/\/www.dt-smart.com\/es\/wp-json\/wp\/v2\/product\/6532\/revisions"}],"predecessor-version":[{"id":23220,"href":"https:\/\/www.dt-smart.com\/es\/wp-json\/wp\/v2\/product\/6532\/revisions\/23220"}],"wp:featuredmedia":[{"embeddable":true,"href":"https:\/\/www.dt-smart.com\/es\/wp-json\/wp\/v2\/media\/6876"}],"wp:attachment":[{"href":"https:\/\/www.dt-smart.com\/es\/wp-json\/wp\/v2\/media?parent=6532"}],"wp:term":[{"taxonomy":"product_brand","embeddable":true,"href":"https:\/\/www.dt-smart.com\/es\/wp-json\/wp\/v2\/product_brand?post=6532"},{"taxonomy":"product_cat","embeddable":true,"href":"https:\/\/www.dt-smart.com\/es\/wp-json\/wp\/v2\/product_cat?post=6532"},{"taxonomy":"product_tag","embeddable":true,"href":"https:\/\/www.dt-smart.com\/es\/wp-json\/wp\/v2\/product_tag?post=6532"}],"curies":[{"name":"wp","href":"https:\/\/api.w.org\/{rel}","templated":true}]}}