{"id":9616,"date":"2023-12-22T16:37:29","date_gmt":"2023-12-22T08:37:29","guid":{"rendered":"https:\/\/dt-smart.com\/?post_type=product&#038;p=9616"},"modified":"2026-01-20T10:57:44","modified_gmt":"2026-01-20T02:57:44","slug":"for-iphone-12-pro-back-camera","status":"publish","type":"product","link":"https:\/\/www.dt-smart.com\/es\/producto\/for-iphone-12-pro-back-camera\/","title":{"rendered":"Kit de c\u00e1mara trasera de alta capacidad para iPhone 12 Pro Max: M\u00e1xima capacidad para fotograf\u00eda profesional, Calidad OEM, Compatibilidad garantizada, Env\u00edo r\u00e1pido"},"content":{"rendered":"","protected":false},"excerpt":{"rendered":"<p><span style=\"font-family: arial, helvetica, sans-serif; font-size: 8pt;\">? Rendimiento \u00f3ptico excepcional: nuestra maravilla de actualizaci\u00f3n de c\u00e1mara est\u00e1 equipada con lentes de alto rendimiento, que mejoran eficazmente la claridad de la imagen y la reproducci\u00f3n del color. Ya sea capturando momentos cotidianos o creando fotograf\u00edas de nivel profesional, se adapta sin esfuerzo, asegurando que cada fotograma se destaque.<\/span><br \/>\n<span style=\"font-family: arial, helvetica, sans-serif; font-size: 8pt;\">? Opciones de lentes vers\u00e1tiles: la maravilla de actualizaci\u00f3n de la c\u00e1mara viene con una variedad de lentes, que incluyen gran angular, teleobjetivo, macro y m\u00e1s. Capture f\u00e1cilmente im\u00e1genes impresionantes en diferentes escenarios, ya sean paisajes, retratos o el mundo microsc\u00f3pico. \u00a1Potencia tu visi\u00f3n creativa!<\/span><br \/>\n<span style=\"font-family: arial, helvetica, sans-serif; font-size: 8pt;\">? Tecnolog\u00eda inteligente de estabilizaci\u00f3n de imagen: \u00bfLas manos temblorosas arruinan tus tomas? Ya no. Nuestra maravilla de actualizaci\u00f3n cuenta con tecnolog\u00eda avanzada de estabilizaci\u00f3n de imagen, lo que reduce el movimiento durante la captura manual. Aseg\u00farese de que cada fotograf\u00eda sea n\u00edtida y estable, independientemente de las condiciones.<\/span><br \/>\n<span style=\"font-family: arial, helvetica, sans-serif; font-size: 8pt;\">? Dise\u00f1o f\u00e1cil de usar: Dise\u00f1ado pensando en la innovaci\u00f3n, la maravilla de actualizaci\u00f3n de la c\u00e1mara es liviana y port\u00e1til. Con\u00e9ctese f\u00e1cilmente a su tel\u00e9fono inteligente sin necesidad de habilidades especializadas, elevando r\u00e1pidamente su equipo de fotograf\u00eda.<\/span><\/p>","protected":false},"featured_media":9494,"comment_status":"open","ping_status":"closed","template":"","meta":[],"product_brand":[],"product_cat":[1186,98],"product_tag":[],"class_list":{"0":"post-9616","1":"product","2":"type-product","3":"status-publish","4":"has-post-thumbnail","6":"product_cat-camera","7":"product_cat-iphone-12-pro","9":"first","10":"instock","11":"taxable","12":"shipping-taxable","13":"purchasable","14":"product-type-simple"},"yoast_head":"<!-- This site is optimized with the Yoast SEO plugin v27.4 - https:\/\/yoast.com\/product\/yoast-seo-wordpress\/ -->\n<title>iPhone 12 Pro Max High-Capacity Rear Camera Kit - Maximum Capability for Pro-Level Photography - OEM Quality - Compatibility Guaranteed - Fast Shipping - InsurePart<\/title>\n<meta name=\"description\" content=\"iPhone 12 Pro Max High-Capacity Rear Camera Kit - Maximum Capability for Pro-Level Photography - OEM Quality - Compatibility Guaranteed - Fast Shipping\" \/>\n<meta name=\"robots\" content=\"index, follow, max-snippet:-1, max-image-preview:large, max-video-preview:-1\" \/>\n<link rel=\"canonical\" href=\"https:\/\/www.dt-smart.com\/es\/producto\/for-iphone-12-pro-back-camera\/\" \/>\n<meta property=\"og:locale\" content=\"es_ES\" \/>\n<meta property=\"og:type\" content=\"article\" \/>\n<meta property=\"og:title\" content=\"iPhone 12 Pro Max High-Capacity Rear Camera Kit - Maximum Capability for Pro-Level Photography - OEM Quality - Compatibility Guaranteed - Fast Shipping - InsurePart\" \/>\n<meta property=\"og:description\" content=\"iPhone 12 Pro Max High-Capacity Rear Camera Kit - Maximum Capability for Pro-Level Photography - OEM Quality - Compatibility Guaranteed - Fast Shipping\" \/>\n<meta property=\"og:url\" content=\"https:\/\/www.dt-smart.com\/es\/producto\/for-iphone-12-pro-back-camera\/\" \/>\n<meta property=\"og:site_name\" content=\"InsurePart\" \/>\n<meta property=\"article:publisher\" content=\"https:\/\/www.facebook.com\/anjinleeEva\" \/>\n<meta property=\"article:modified_time\" content=\"2026-01-20T02:57:44+00:00\" \/>\n<meta property=\"og:image\" content=\"https:\/\/www.dt-smart.com\/wp-content\/uploads\/2023\/12\/4-28.jpg\" \/>\n\t<meta property=\"og:image:width\" content=\"1000\" \/>\n\t<meta property=\"og:image:height\" content=\"1000\" \/>\n\t<meta property=\"og:image:type\" content=\"image\/jpeg\" \/>\n<meta name=\"twitter:card\" content=\"summary_large_image\" \/>\n<meta name=\"twitter:label1\" content=\"Tiempo de lectura\" \/>\n\t<meta name=\"twitter:data1\" content=\"1 minuto\" \/>\n<script type=\"application\/ld+json\" class=\"yoast-schema-graph\">{\"@context\":\"https:\\\/\\\/schema.org\",\"@graph\":[{\"@type\":\"WebPage\",\"@id\":\"https:\\\/\\\/www.dt-smart.com\\\/ru\\\/product\\\/for-iphone-12-pro-back-camera\\\/\",\"url\":\"https:\\\/\\\/www.dt-smart.com\\\/ru\\\/product\\\/for-iphone-12-pro-back-camera\\\/\",\"name\":\"iPhone 12 Pro Max High-Capacity Rear Camera Kit - Maximum Capability for Pro-Level Photography - OEM Quality - Compatibility Guaranteed - Fast Shipping - InsurePart\",\"isPartOf\":{\"@id\":\"https:\\\/\\\/www.dt-smart.com\\\/#website\"},\"primaryImageOfPage\":{\"@id\":\"https:\\\/\\\/www.dt-smart.com\\\/ru\\\/product\\\/for-iphone-12-pro-back-camera\\\/#primaryimage\"},\"image\":{\"@id\":\"https:\\\/\\\/www.dt-smart.com\\\/ru\\\/product\\\/for-iphone-12-pro-back-camera\\\/#primaryimage\"},\"thumbnailUrl\":\"https:\\\/\\\/www.dt-smart.com\\\/wp-content\\\/uploads\\\/2023\\\/12\\\/4-28.jpg\",\"datePublished\":\"2023-12-22T08:37:29+00:00\",\"dateModified\":\"2026-01-20T02:57:44+00:00\",\"description\":\"iPhone 12 Pro Max High-Capacity Rear Camera Kit - Maximum Capability for Pro-Level Photography - OEM Quality - Compatibility Guaranteed - Fast Shipping\",\"breadcrumb\":{\"@id\":\"https:\\\/\\\/www.dt-smart.com\\\/ru\\\/product\\\/for-iphone-12-pro-back-camera\\\/#breadcrumb\"},\"inLanguage\":\"es\",\"potentialAction\":[{\"@type\":\"ReadAction\",\"target\":[\"https:\\\/\\\/www.dt-smart.com\\\/ru\\\/product\\\/for-iphone-12-pro-back-camera\\\/\"]}]},{\"@type\":\"ImageObject\",\"inLanguage\":\"es\",\"@id\":\"https:\\\/\\\/www.dt-smart.com\\\/ru\\\/product\\\/for-iphone-12-pro-back-camera\\\/#primaryimage\",\"url\":\"https:\\\/\\\/www.dt-smart.com\\\/wp-content\\\/uploads\\\/2023\\\/12\\\/4-28.jpg\",\"contentUrl\":\"https:\\\/\\\/www.dt-smart.com\\\/wp-content\\\/uploads\\\/2023\\\/12\\\/4-28.jpg\",\"width\":1000,\"height\":1000},{\"@type\":\"BreadcrumbList\",\"@id\":\"https:\\\/\\\/www.dt-smart.com\\\/ru\\\/product\\\/for-iphone-12-pro-back-camera\\\/#breadcrumb\",\"itemListElement\":[{\"@type\":\"ListItem\",\"position\":1,\"name\":\"Home\",\"item\":\"https:\\\/\\\/www.dt-smart.com\\\/\"},{\"@type\":\"ListItem\",\"position\":2,\"name\":\"Product\",\"item\":\"https:\\\/\\\/www.dt-smart.com\\\/ru\\\/product\\\/\"},{\"@type\":\"ListItem\",\"position\":3,\"name\":\"iPhone 12 Pro Max High-Capacity Rear Camera Kit &#8211; Maximum Capability for Pro-Level Photography &#8211; OEM Quality &#8211; Compatibility Guaranteed &#8211; Fast Shipping\"}]},{\"@type\":\"WebSite\",\"@id\":\"https:\\\/\\\/www.dt-smart.com\\\/#website\",\"url\":\"https:\\\/\\\/www.dt-smart.com\\\/\",\"name\":\"InsurePart\",\"description\":\"Cell Phone Repair Parts; iPhone Parts Wholesale;Samsung Parts Supplier\",\"potentialAction\":[{\"@type\":\"SearchAction\",\"target\":{\"@type\":\"EntryPoint\",\"urlTemplate\":\"https:\\\/\\\/www.dt-smart.com\\\/?s={search_term_string}\"},\"query-input\":{\"@type\":\"PropertyValueSpecification\",\"valueRequired\":true,\"valueName\":\"search_term_string\"}}],\"inLanguage\":\"es\"}]}<\/script>\n<!-- \/ Yoast SEO plugin. -->","yoast_head_json":{"title":"iPhone 12 Pro Max High-Capacity Rear Camera Kit - Maximum Capability for Pro-Level Photography - OEM Quality - Compatibility Guaranteed - Fast Shipping - InsurePart","description":"Kit de c\u00e1mara trasera de alta capacidad para iPhone 12 Pro Max: M\u00e1xima capacidad para fotograf\u00eda profesional - Calidad OEM - Compatibilidad garantizada - Env\u00edo r\u00e1pido","robots":{"index":"index","follow":"follow","max-snippet":"max-snippet:-1","max-image-preview":"max-image-preview:large","max-video-preview":"max-video-preview:-1"},"canonical":"https:\/\/www.dt-smart.com\/es\/producto\/for-iphone-12-pro-back-camera\/","og_locale":"es_ES","og_type":"article","og_title":"iPhone 12 Pro Max High-Capacity Rear Camera Kit - Maximum Capability for Pro-Level Photography - OEM Quality - Compatibility Guaranteed - Fast Shipping - InsurePart","og_description":"iPhone 12 Pro Max High-Capacity Rear Camera Kit - Maximum Capability for Pro-Level Photography - OEM Quality - Compatibility Guaranteed - Fast Shipping","og_url":"https:\/\/www.dt-smart.com\/es\/producto\/for-iphone-12-pro-back-camera\/","og_site_name":"InsurePart","article_publisher":"https:\/\/www.facebook.com\/anjinleeEva","article_modified_time":"2026-01-20T02:57:44+00:00","og_image":[{"width":1000,"height":1000,"url":"https:\/\/www.dt-smart.com\/wp-content\/uploads\/2023\/12\/4-28.jpg","type":"image\/jpeg"}],"twitter_card":"summary_large_image","twitter_misc":{"Tiempo de lectura":"1 minuto"},"schema":{"@context":"https:\/\/schema.org","@graph":[{"@type":"WebPage","@id":"https:\/\/www.dt-smart.com\/ru\/product\/for-iphone-12-pro-back-camera\/","url":"https:\/\/www.dt-smart.com\/ru\/product\/for-iphone-12-pro-back-camera\/","name":"iPhone 12 Pro Max High-Capacity Rear Camera Kit - Maximum Capability for Pro-Level Photography - OEM Quality - Compatibility Guaranteed - Fast Shipping - InsurePart","isPartOf":{"@id":"https:\/\/www.dt-smart.com\/#website"},"primaryImageOfPage":{"@id":"https:\/\/www.dt-smart.com\/ru\/product\/for-iphone-12-pro-back-camera\/#primaryimage"},"image":{"@id":"https:\/\/www.dt-smart.com\/ru\/product\/for-iphone-12-pro-back-camera\/#primaryimage"},"thumbnailUrl":"https:\/\/www.dt-smart.com\/wp-content\/uploads\/2023\/12\/4-28.jpg","datePublished":"2023-12-22T08:37:29+00:00","dateModified":"2026-01-20T02:57:44+00:00","description":"Kit de c\u00e1mara trasera de alta capacidad para iPhone 12 Pro Max: M\u00e1xima capacidad para fotograf\u00eda profesional - Calidad OEM - Compatibilidad garantizada - Env\u00edo r\u00e1pido","breadcrumb":{"@id":"https:\/\/www.dt-smart.com\/ru\/product\/for-iphone-12-pro-back-camera\/#breadcrumb"},"inLanguage":"es","potentialAction":[{"@type":"ReadAction","target":["https:\/\/www.dt-smart.com\/ru\/product\/for-iphone-12-pro-back-camera\/"]}]},{"@type":"ImageObject","inLanguage":"es","@id":"https:\/\/www.dt-smart.com\/ru\/product\/for-iphone-12-pro-back-camera\/#primaryimage","url":"https:\/\/www.dt-smart.com\/wp-content\/uploads\/2023\/12\/4-28.jpg","contentUrl":"https:\/\/www.dt-smart.com\/wp-content\/uploads\/2023\/12\/4-28.jpg","width":1000,"height":1000},{"@type":"BreadcrumbList","@id":"https:\/\/www.dt-smart.com\/ru\/product\/for-iphone-12-pro-back-camera\/#breadcrumb","itemListElement":[{"@type":"ListItem","position":1,"name":"Home","item":"https:\/\/www.dt-smart.com\/"},{"@type":"ListItem","position":2,"name":"Product","item":"https:\/\/www.dt-smart.com\/ru\/product\/"},{"@type":"ListItem","position":3,"name":"iPhone 12 Pro Max High-Capacity Rear Camera Kit &#8211; Maximum Capability for Pro-Level Photography &#8211; OEM Quality &#8211; Compatibility Guaranteed &#8211; Fast Shipping"}]},{"@type":"WebSite","@id":"https:\/\/www.dt-smart.com\/#website","url":"https:\/\/www.dt-smart.com\/","name":"Asegurar parte","description":"Repuestos para celulares; Venta al por mayor de repuestos para iPhone; Proveedor de repuestos para Samsung","potentialAction":[{"@type":"SearchAction","target":{"@type":"EntryPoint","urlTemplate":"https:\/\/www.dt-smart.com\/?s={search_term_string}"},"query-input":{"@type":"PropertyValueSpecification","valueRequired":true,"valueName":"search_term_string"}}],"inLanguage":"es"}]}},"_links":{"self":[{"href":"https:\/\/www.dt-smart.com\/es\/wp-json\/wp\/v2\/product\/9616","targetHints":{"allow":["GET"]}}],"collection":[{"href":"https:\/\/www.dt-smart.com\/es\/wp-json\/wp\/v2\/product"}],"about":[{"href":"https:\/\/www.dt-smart.com\/es\/wp-json\/wp\/v2\/types\/product"}],"replies":[{"embeddable":true,"href":"https:\/\/www.dt-smart.com\/es\/wp-json\/wp\/v2\/comments?post=9616"}],"version-history":[{"count":3,"href":"https:\/\/www.dt-smart.com\/es\/wp-json\/wp\/v2\/product\/9616\/revisions"}],"predecessor-version":[{"id":23562,"href":"https:\/\/www.dt-smart.com\/es\/wp-json\/wp\/v2\/product\/9616\/revisions\/23562"}],"wp:featuredmedia":[{"embeddable":true,"href":"https:\/\/www.dt-smart.com\/es\/wp-json\/wp\/v2\/media\/9494"}],"wp:attachment":[{"href":"https:\/\/www.dt-smart.com\/es\/wp-json\/wp\/v2\/media?parent=9616"}],"wp:term":[{"taxonomy":"product_brand","embeddable":true,"href":"https:\/\/www.dt-smart.com\/es\/wp-json\/wp\/v2\/product_brand?post=9616"},{"taxonomy":"product_cat","embeddable":true,"href":"https:\/\/www.dt-smart.com\/es\/wp-json\/wp\/v2\/product_cat?post=9616"},{"taxonomy":"product_tag","embeddable":true,"href":"https:\/\/www.dt-smart.com\/es\/wp-json\/wp\/v2\/product_tag?post=9616"}],"curies":[{"name":"wp","href":"https:\/\/api.w.org\/{rel}","templated":true}]}}