{"id":9931,"date":"2023-12-25T14:56:19","date_gmt":"2023-12-25T06:56:19","guid":{"rendered":"https:\/\/dt-smart.com\/?post_type=product&#038;p=9931"},"modified":"2026-01-13T16:59:01","modified_gmt":"2026-01-13T08:59:01","slug":"for-iphone-12-mini-cable","status":"publish","type":"product","link":"https:\/\/www.dt-smart.com\/es\/producto\/for-iphone-12-mini-cable\/","title":{"rendered":"Cable flexible de carga para iPhone 12 Mini: dise\u00f1o compacto y port\u00e1til, calidad OEM, compatibilidad garantizada y env\u00edo r\u00e1pido."},"content":{"rendered":"<p style=\"text-align: center;\"><img fetchpriority=\"high\" decoding=\"async\" class=\"alignnone size-full wp-image-15567\" src=\"https:\/\/www.insurepart.com\/wp-content\/uploads\/2024\/08\/\u4e3a\u4ec0\u4e48\u9009\u62e9\u6211\u4eec22.webp\" alt=\"\" width=\"1000\" height=\"786\" srcset=\"https:\/\/www.dt-smart.com\/wp-content\/uploads\/2024\/08\/\u4e3a\u4ec0\u4e48\u9009\u62e9\u6211\u4eec22.webp 1000w, https:\/\/www.dt-smart.com\/wp-content\/uploads\/2024\/08\/\u4e3a\u4ec0\u4e48\u9009\u62e9\u6211\u4eec22-300x236.webp 300w, https:\/\/www.dt-smart.com\/wp-content\/uploads\/2024\/08\/\u4e3a\u4ec0\u4e48\u9009\u62e9\u6211\u4eec22-150x118.webp 150w, https:\/\/www.dt-smart.com\/wp-content\/uploads\/2024\/08\/\u4e3a\u4ec0\u4e48\u9009\u62e9\u6211\u4eec22-800x629.webp 800w, https:\/\/www.dt-smart.com\/wp-content\/uploads\/2024\/08\/\u4e3a\u4ec0\u4e48\u9009\u62e9\u6211\u4eec22-768x604.webp 768w, https:\/\/www.dt-smart.com\/wp-content\/uploads\/2024\/08\/\u4e3a\u4ec0\u4e48\u9009\u62e9\u6211\u4eec22-15x12.webp 15w\" sizes=\"(max-width: 1000px) 100vw, 1000px\" \/><\/p>","protected":false},"excerpt":{"rendered":"<p><span style=\"font-family: arial, helvetica, sans-serif; font-size: 8pt;\">Dise\u00f1o mejorado y duradero: Dise\u00f1o \u00fanico, con materiales de alta calidad para garantizar la durabilidad, lo que hace que el cable de su tel\u00e9fono m\u00f3vil sea m\u00e1s resistente y duradero.<\/span><br \/>\n<span style=\"font-family: arial, helvetica, sans-serif; font-size: 8pt;\">Transmisi\u00f3n de datos de alta velocidad: La tecnolog\u00eda de transmisi\u00f3n de alta velocidad garantiza que la transmisi\u00f3n de datos sea m\u00e1s r\u00e1pida y estable, lo que le brinda una mejor experiencia de transferencia de archivos y satisface f\u00e1cilmente sus necesidades de trabajo y entretenimiento.<\/span><br \/>\n<span style=\"font-family: arial, helvetica, sans-serif; font-size: 8pt;\">Dise\u00f1o suave y antitorsi\u00f3n: Cable flexible y duradero, que no se enreda f\u00e1cilmente, resiste bien la flexi\u00f3n y la torsi\u00f3n, tiene una vida \u00fatil m\u00e1s larga y proporciona una conexi\u00f3n duradera y fiable.<\/span><br \/>\n<span style=\"font-family: arial, helvetica, sans-serif; font-size: 8pt;\">Transmisi\u00f3n de energ\u00eda de alta eficiencia: La tecnolog\u00eda de transmisi\u00f3n de energ\u00eda de alta eficiencia minimiza la p\u00e9rdida de energ\u00eda, asegurando que cada carga sea completa y proporcionando un suministro de energ\u00eda m\u00e1s estable para su tel\u00e9fono m\u00f3vil.<\/span><br \/>\n<span style=\"font-family: arial, helvetica, sans-serif; font-size: 8pt;\">Dise\u00f1o de f\u00e1cil instalaci\u00f3n: Su dise\u00f1o de f\u00e1cil instalaci\u00f3n no requiere conocimientos profesionales y su interfaz de conexi\u00f3n intuitiva le permite completar f\u00e1cilmente las operaciones de carga y conexi\u00f3n en cualquier momento y lugar.<\/span><br \/>\n<span style=\"font-family: arial, helvetica, sans-serif; font-size: 8pt;\">Fabricado con materiales ecol\u00f3gicos: Fabricado con materiales respetuosos con el medio ambiente y en cumplimiento con las normas medioambientales, no solo satisface sus necesidades, sino que tambi\u00e9n contribuye a la protecci\u00f3n del medio ambiente.<\/span><\/p>","protected":false},"featured_media":9804,"comment_status":"open","ping_status":"closed","template":"","meta":[],"product_brand":[],"product_cat":[1159,100],"product_tag":[],"class_list":{"0":"post-9931","1":"product","2":"type-product","3":"status-publish","4":"has-post-thumbnail","6":"product_cat-cable","7":"product_cat-iphone-12-mini","9":"first","10":"outofstock","11":"taxable","12":"shipping-taxable","13":"product-type-variable"},"yoast_head":"<!-- This site is optimized with the Yoast SEO plugin v27.4 - https:\/\/yoast.com\/product\/yoast-seo-wordpress\/ -->\n<title>iPhone 12 Mini Charging Port Flex Cable - Compact &amp; Portable Design - OEM Quality - Compatibility Guaranteed - Fast Shipping - InsurePart<\/title>\n<meta name=\"description\" content=\"iPhone 12 Mini Charging Port Flex Cable - Compact &amp; Portable Design - OEM Quality - Compatibility Guaranteed - Fast Shipping\" \/>\n<meta name=\"robots\" content=\"index, follow, max-snippet:-1, max-image-preview:large, max-video-preview:-1\" \/>\n<link rel=\"canonical\" href=\"https:\/\/www.dt-smart.com\/es\/producto\/for-iphone-12-mini-cable\/\" \/>\n<meta property=\"og:locale\" content=\"es_ES\" \/>\n<meta property=\"og:type\" content=\"article\" \/>\n<meta property=\"og:title\" content=\"iPhone 12 Mini Charging Port Flex Cable - Compact &amp; Portable Design - OEM Quality - Compatibility Guaranteed - Fast Shipping - InsurePart\" \/>\n<meta property=\"og:description\" content=\"iPhone 12 Mini Charging Port Flex Cable - Compact &amp; Portable Design - OEM Quality - Compatibility Guaranteed - Fast Shipping\" \/>\n<meta property=\"og:url\" content=\"https:\/\/www.dt-smart.com\/es\/producto\/for-iphone-12-mini-cable\/\" \/>\n<meta property=\"og:site_name\" content=\"InsurePart\" \/>\n<meta property=\"article:publisher\" content=\"https:\/\/www.facebook.com\/anjinleeEva\" \/>\n<meta property=\"article:modified_time\" content=\"2026-01-13T08:59:01+00:00\" \/>\n<meta property=\"og:image\" content=\"https:\/\/www.dt-smart.com\/wp-content\/uploads\/2023\/12\/44-12.jpg\" \/>\n\t<meta property=\"og:image:width\" content=\"1000\" \/>\n\t<meta property=\"og:image:height\" content=\"1000\" \/>\n\t<meta property=\"og:image:type\" content=\"image\/jpeg\" \/>\n<meta name=\"twitter:card\" content=\"summary_large_image\" \/>\n<meta name=\"twitter:label1\" content=\"Tiempo de lectura\" \/>\n\t<meta name=\"twitter:data1\" content=\"1 minuto\" \/>\n<script type=\"application\/ld+json\" class=\"yoast-schema-graph\">{\"@context\":\"https:\\\/\\\/schema.org\",\"@graph\":[{\"@type\":\"WebPage\",\"@id\":\"https:\\\/\\\/www.dt-smart.com\\\/product\\\/for-iphone-12-mini-cable\\\/\",\"url\":\"https:\\\/\\\/www.dt-smart.com\\\/product\\\/for-iphone-12-mini-cable\\\/\",\"name\":\"iPhone 12 Mini Charging Port Flex Cable - Compact & Portable Design - OEM Quality - Compatibility Guaranteed - Fast Shipping - InsurePart\",\"isPartOf\":{\"@id\":\"https:\\\/\\\/www.dt-smart.com\\\/#website\"},\"primaryImageOfPage\":{\"@id\":\"https:\\\/\\\/www.dt-smart.com\\\/product\\\/for-iphone-12-mini-cable\\\/#primaryimage\"},\"image\":{\"@id\":\"https:\\\/\\\/www.dt-smart.com\\\/product\\\/for-iphone-12-mini-cable\\\/#primaryimage\"},\"thumbnailUrl\":\"https:\\\/\\\/www.dt-smart.com\\\/wp-content\\\/uploads\\\/2023\\\/12\\\/44-12.jpg\",\"datePublished\":\"2023-12-25T06:56:19+00:00\",\"dateModified\":\"2026-01-13T08:59:01+00:00\",\"description\":\"iPhone 12 Mini Charging Port Flex Cable - Compact & Portable Design - OEM Quality - Compatibility Guaranteed - Fast Shipping\",\"breadcrumb\":{\"@id\":\"https:\\\/\\\/www.dt-smart.com\\\/product\\\/for-iphone-12-mini-cable\\\/#breadcrumb\"},\"inLanguage\":\"es\",\"potentialAction\":[{\"@type\":\"ReadAction\",\"target\":[\"https:\\\/\\\/www.dt-smart.com\\\/product\\\/for-iphone-12-mini-cable\\\/\"]}]},{\"@type\":\"ImageObject\",\"inLanguage\":\"es\",\"@id\":\"https:\\\/\\\/www.dt-smart.com\\\/product\\\/for-iphone-12-mini-cable\\\/#primaryimage\",\"url\":\"https:\\\/\\\/www.dt-smart.com\\\/wp-content\\\/uploads\\\/2023\\\/12\\\/44-12.jpg\",\"contentUrl\":\"https:\\\/\\\/www.dt-smart.com\\\/wp-content\\\/uploads\\\/2023\\\/12\\\/44-12.jpg\",\"width\":1000,\"height\":1000},{\"@type\":\"BreadcrumbList\",\"@id\":\"https:\\\/\\\/www.dt-smart.com\\\/product\\\/for-iphone-12-mini-cable\\\/#breadcrumb\",\"itemListElement\":[{\"@type\":\"ListItem\",\"position\":1,\"name\":\"Home\",\"item\":\"https:\\\/\\\/www.dt-smart.com\\\/\"},{\"@type\":\"ListItem\",\"position\":2,\"name\":\"Product\",\"item\":\"https:\\\/\\\/www.dt-smart.com\\\/ru\\\/product\\\/\"},{\"@type\":\"ListItem\",\"position\":3,\"name\":\"iPhone 12 Mini Charging Port Flex Cable &#8211; Compact &#038; Portable Design &#8211; OEM Quality &#8211; Compatibility Guaranteed &#8211; Fast Shipping\"}]},{\"@type\":\"WebSite\",\"@id\":\"https:\\\/\\\/www.dt-smart.com\\\/#website\",\"url\":\"https:\\\/\\\/www.dt-smart.com\\\/\",\"name\":\"InsurePart\",\"description\":\"Cell Phone Repair Parts; iPhone Parts Wholesale;Samsung Parts Supplier\",\"potentialAction\":[{\"@type\":\"SearchAction\",\"target\":{\"@type\":\"EntryPoint\",\"urlTemplate\":\"https:\\\/\\\/www.dt-smart.com\\\/?s={search_term_string}\"},\"query-input\":{\"@type\":\"PropertyValueSpecification\",\"valueRequired\":true,\"valueName\":\"search_term_string\"}}],\"inLanguage\":\"es\"}]}<\/script>\n<!-- \/ Yoast SEO plugin. -->","yoast_head_json":{"title":"iPhone 12 Mini Charging Port Flex Cable - Compact & Portable Design - OEM Quality - Compatibility Guaranteed - Fast Shipping - InsurePart","description":"iPhone 12 Mini Charging Port Flex Cable - Compact & Portable Design - OEM Quality - Compatibility Guaranteed - Fast Shipping","robots":{"index":"index","follow":"follow","max-snippet":"max-snippet:-1","max-image-preview":"max-image-preview:large","max-video-preview":"max-video-preview:-1"},"canonical":"https:\/\/www.dt-smart.com\/es\/producto\/for-iphone-12-mini-cable\/","og_locale":"es_ES","og_type":"article","og_title":"iPhone 12 Mini Charging Port Flex Cable - Compact & Portable Design - OEM Quality - Compatibility Guaranteed - Fast Shipping - InsurePart","og_description":"iPhone 12 Mini Charging Port Flex Cable - Compact & Portable Design - OEM Quality - Compatibility Guaranteed - Fast Shipping","og_url":"https:\/\/www.dt-smart.com\/es\/producto\/for-iphone-12-mini-cable\/","og_site_name":"InsurePart","article_publisher":"https:\/\/www.facebook.com\/anjinleeEva","article_modified_time":"2026-01-13T08:59:01+00:00","og_image":[{"width":1000,"height":1000,"url":"https:\/\/www.dt-smart.com\/wp-content\/uploads\/2023\/12\/44-12.jpg","type":"image\/jpeg"}],"twitter_card":"summary_large_image","twitter_misc":{"Tiempo de lectura":"1 minuto"},"schema":{"@context":"https:\/\/schema.org","@graph":[{"@type":"WebPage","@id":"https:\/\/www.dt-smart.com\/product\/for-iphone-12-mini-cable\/","url":"https:\/\/www.dt-smart.com\/product\/for-iphone-12-mini-cable\/","name":"iPhone 12 Mini Charging Port Flex Cable - Compact & Portable Design - OEM Quality - Compatibility Guaranteed - Fast Shipping - InsurePart","isPartOf":{"@id":"https:\/\/www.dt-smart.com\/#website"},"primaryImageOfPage":{"@id":"https:\/\/www.dt-smart.com\/product\/for-iphone-12-mini-cable\/#primaryimage"},"image":{"@id":"https:\/\/www.dt-smart.com\/product\/for-iphone-12-mini-cable\/#primaryimage"},"thumbnailUrl":"https:\/\/www.dt-smart.com\/wp-content\/uploads\/2023\/12\/44-12.jpg","datePublished":"2023-12-25T06:56:19+00:00","dateModified":"2026-01-13T08:59:01+00:00","description":"iPhone 12 Mini Charging Port Flex Cable - Compact & Portable Design - OEM Quality - Compatibility Guaranteed - Fast Shipping","breadcrumb":{"@id":"https:\/\/www.dt-smart.com\/product\/for-iphone-12-mini-cable\/#breadcrumb"},"inLanguage":"es","potentialAction":[{"@type":"ReadAction","target":["https:\/\/www.dt-smart.com\/product\/for-iphone-12-mini-cable\/"]}]},{"@type":"ImageObject","inLanguage":"es","@id":"https:\/\/www.dt-smart.com\/product\/for-iphone-12-mini-cable\/#primaryimage","url":"https:\/\/www.dt-smart.com\/wp-content\/uploads\/2023\/12\/44-12.jpg","contentUrl":"https:\/\/www.dt-smart.com\/wp-content\/uploads\/2023\/12\/44-12.jpg","width":1000,"height":1000},{"@type":"BreadcrumbList","@id":"https:\/\/www.dt-smart.com\/product\/for-iphone-12-mini-cable\/#breadcrumb","itemListElement":[{"@type":"ListItem","position":1,"name":"Home","item":"https:\/\/www.dt-smart.com\/"},{"@type":"ListItem","position":2,"name":"Product","item":"https:\/\/www.dt-smart.com\/ru\/product\/"},{"@type":"ListItem","position":3,"name":"iPhone 12 Mini Charging Port Flex Cable &#8211; Compact &#038; Portable Design &#8211; OEM Quality &#8211; Compatibility Guaranteed &#8211; Fast Shipping"}]},{"@type":"WebSite","@id":"https:\/\/www.dt-smart.com\/#website","url":"https:\/\/www.dt-smart.com\/","name":"Asegurar parte","description":"Repuestos para celulares; Venta al por mayor de repuestos para iPhone; Proveedor de repuestos para Samsung","potentialAction":[{"@type":"SearchAction","target":{"@type":"EntryPoint","urlTemplate":"https:\/\/www.dt-smart.com\/?s={search_term_string}"},"query-input":{"@type":"PropertyValueSpecification","valueRequired":true,"valueName":"search_term_string"}}],"inLanguage":"es"}]}},"_links":{"self":[{"href":"https:\/\/www.dt-smart.com\/es\/wp-json\/wp\/v2\/product\/9931","targetHints":{"allow":["GET"]}}],"collection":[{"href":"https:\/\/www.dt-smart.com\/es\/wp-json\/wp\/v2\/product"}],"about":[{"href":"https:\/\/www.dt-smart.com\/es\/wp-json\/wp\/v2\/types\/product"}],"replies":[{"embeddable":true,"href":"https:\/\/www.dt-smart.com\/es\/wp-json\/wp\/v2\/comments?post=9931"}],"version-history":[{"count":5,"href":"https:\/\/www.dt-smart.com\/es\/wp-json\/wp\/v2\/product\/9931\/revisions"}],"predecessor-version":[{"id":23597,"href":"https:\/\/www.dt-smart.com\/es\/wp-json\/wp\/v2\/product\/9931\/revisions\/23597"}],"wp:featuredmedia":[{"embeddable":true,"href":"https:\/\/www.dt-smart.com\/es\/wp-json\/wp\/v2\/media\/9804"}],"wp:attachment":[{"href":"https:\/\/www.dt-smart.com\/es\/wp-json\/wp\/v2\/media?parent=9931"}],"wp:term":[{"taxonomy":"product_brand","embeddable":true,"href":"https:\/\/www.dt-smart.com\/es\/wp-json\/wp\/v2\/product_brand?post=9931"},{"taxonomy":"product_cat","embeddable":true,"href":"https:\/\/www.dt-smart.com\/es\/wp-json\/wp\/v2\/product_cat?post=9931"},{"taxonomy":"product_tag","embeddable":true,"href":"https:\/\/www.dt-smart.com\/es\/wp-json\/wp\/v2\/product_tag?post=9931"}],"curies":[{"name":"wp","href":"https:\/\/api.w.org\/{rel}","templated":true}]}}